{"id":8769,"date":"2022-10-13T16:38:16","date_gmt":"2022-10-13T16:38:16","guid":{"rendered":"https:\/\/velo.md\/product\/uncategorized\/ryukzak-cyclone\/"},"modified":"2025-07-13T14:52:57","modified_gmt":"2025-07-13T14:52:57","slug":"ryukzak-cyclone","status":"publish","type":"product","link":"https:\/\/velo.md\/ro\/products\/accessories\/backpacks\/ryukzak-cyclone\/","title":{"rendered":"Rucsac CYCLONE GSB X7"},"content":{"rendered":"<p>Rucsac Cyclone fabricat din material de \u00eenalt\u0103 calitate, proiectat anatomic pentru a se adapta perfect la contururile spatelui \u0219i ale umerilor. Foarte u\u0219or. Sistem excelent de ventila\u021bie a spatelui. Benzi reflectorizante pentru siguran\u021b\u0103 maxim\u0103. \u00cencuietori speciali pentru casc\u0103 \u0219i lantern\u0103. Dou\u0103 compartimente interioare principale, fiecare cu dou\u0103 buzunare cu fermoar, \u0219i un compartiment suplimentar. Compartimentul principal are un compartiment c\u0103ptu\u0219it pentru un rezervor de ap\u0103. Buzunare din plas\u0103 pe laterale. Un buzunar practic pentru telefonul mobil pe cureaua de um\u0103r. Con\u021bine 9 litri de spa\u021biu de depozitare.<br \/> <a href=\"https:\/\/youtu.be\/I_TX2aGXndc\" data-rel=\"lightbox-video-0\" data-magnific_type=\"video\">Prezentare video<\/a><\/p>","protected":false},"excerpt":{"rendered":"<p>\u0420\u044e\u043a\u0437\u0430\u043a Cyclone \u0438\u0437 \u0432\u044b\u0441\u043e\u043a\u043e\u043a\u0430\u0447\u0435\u0441\u0442\u0432\u0435\u043d\u043d\u043e\u0433\u043e \u043c\u0430\u0442\u0435\u0440\u0438\u0430\u043b\u0430 , \u0430\u043d\u0430\u0442\u043e\u043c\u0438\u0447\u0435\u0441\u043a\u0438\u0439 \u0434\u0438\u0437\u0430\u0439\u043d, \u0438\u0434\u0435\u0430\u043b\u044c\u043d\u043e \u043f\u043e\u0432\u0442\u043e\u0440\u044f\u044e\u0449\u0438\u0439 \u043a\u043e\u043d\u0442\u0443\u0440\u044b \u0441\u043f\u0438\u043d\u044b \u0438 \u043f\u043b\u0435\u0447\u0435\u0439. \u041e\u0447\u0435\u043d\u044c \u043b\u0435\u0433\u043a\u0438\u0439. \u041e\u0442\u043b\u0438\u0447\u043d\u0430\u044f \u0441\u0438\u0441\u0442\u0435\u043c\u0430 \u0432\u0435\u043d\u0442\u0438\u043b\u044f\u0446\u0438\u0438 \u0441\u043f\u0438\u043d\u044b. \u0414\u043e\u043f\u043e\u043b\u043d\u0438\u0442\u0435\u043b\u044c\u043d\u044b\u0435 \u0441\u0432\u0435\u0442\u043e\u043e\u0442\u0440\u0430\u0436\u0430\u0442\u0435\u043b\u044c\u043d\u044b\u0435 \u043f\u043e\u043b\u043e\u0441\u044b \u0434\u043b\u044f \u043c\u0430\u043a\u0441\u0438\u043c\u0430\u043b\u044c\u043d\u043e\u0439 \u0431\u0435\u0437\u043e\u043f\u0430\u0441\u043d\u043e\u0441\u0442\u0438. \u0421\u043f\u0435\u0446\u0438\u0430\u043b\u044c\u043d\u044b\u0435 \u0444\u0438\u043a\u0441\u0430\u0442\u043e\u0440\u044b \u0434\u043b\u044f \u0448\u043b\u0435\u043c\u0430, \u0441\u0438\u0433\u043d\u0430\u043b\u044c\u043d\u043e\u0433\u043e \u0444\u043e\u043d\u0430\u0440\u0438\u043a\u0430. \u0414\u0432\u0430 \u043e\u0441\u043d\u043e\u0432\u043d\u044b\u0445 \u0432\u043d\u0443\u0442\u0440\u0435\u043d\u043d\u0438\u0445 \u043e\u0442\u0434\u0435\u043b\u0435\u043d\u0438\u044f , \u0432 \u043a\u0430\u0436\u0434\u043e\u043c \u043f\u043e \u0434\u0432\u0430 \u043a\u0430\u0440\u043c\u0430\u0448\u043a\u0430 \u043d\u0430 \u043c\u043e\u043b\u043d\u0438\u0438, \u0438 \u043e\u0434\u043d\u043e \u0434\u043e\u043f\u043e\u043b\u043d\u0438\u0442\u0435\u043b\u044c\u043d\u043e\u0435. \u0412 \u0433\u043b\u0430\u0432\u043d\u043e\u043c \u043e\u0442\u0434\u0435\u043b\u0435\u043d\u0438\u0438 \u043c\u044f\u0433\u043a\u0430\u044f \u043f\u0435\u0440\u0435\u0433\u043e\u0440\u043e\u0434\u043a\u0430 \u0434\u043b\u044f \u0451\u043c\u043a\u043e\u0441\u0442\u0438 \u0434\u043b\u044f &hellip;<\/p>\n<p class=\"read-more\"> <a class=\"\" href=\"https:\/\/velo.md\/ro\/products\/accessories\/backpacks\/ryukzak-cyclone\/\"> <span class=\"screen-reader-text\">Rucsac CYCLONE GSB X7<\/span> Cite\u0219te mai mult \"<\/a><\/p>","protected":false},"featured_media":8771,"comment_status":"closed","ping_status":"closed","template":"","meta":{"_uag_custom_page_level_css":"","site-sidebar-layout":"no-sidebar","site-content-layout":"plain-container","ast-global-header-display":"","ast-main-header-display":"","ast-hfb-above-header-display":"","ast-hfb-below-header-display":"","ast-hfb-mobile-header-display":"","site-post-title":"","ast-breadcrumbs-content":"","ast-featured-img":"","footer-sml-layout":"","theme-transparent-header-meta":"default","adv-header-id-meta":"","stick-header-meta":"","header-above-stick-meta":"","header-main-stick-meta":"","header-below-stick-meta":""},"product_cat":[496,498],"product_tag":[],"class_list":["post-8769","product","type-product","status-publish","has-post-thumbnail","hentry","product_cat-accessories","product_cat-backpacks","top_cat_496"],"uagb_featured_image_src":{"full":["https:\/\/velo.md\/wp-content\/uploads\/2022\/10\/00088.jpg",1024,768,false],"thumbnail":["https:\/\/velo.md\/wp-content\/uploads\/2022\/10\/00088-150x150.jpg",150,150,true],"medium":["https:\/\/velo.md\/wp-content\/uploads\/2022\/10\/00088-300x225.jpg",300,225,true],"medium_large":["https:\/\/velo.md\/wp-content\/uploads\/2022\/10\/00088-768x576.jpg",768,576,true],"large":["https:\/\/velo.md\/wp-content\/uploads\/2022\/10\/00088.jpg",1024,768,false],"1536x1536":["https:\/\/velo.md\/wp-content\/uploads\/2022\/10\/00088.jpg",1024,768,false],"2048x2048":["https:\/\/velo.md\/wp-content\/uploads\/2022\/10\/00088.jpg",1024,768,false],"trp-custom-language-flag":["https:\/\/velo.md\/wp-content\/uploads\/2022\/10\/00088.jpg",16,12,false],"xl":["https:\/\/velo.md\/wp-content\/uploads\/2022\/10\/00088.jpg",1024,768,false],"xxl":["https:\/\/velo.md\/wp-content\/uploads\/2022\/10\/00088.jpg",1024,768,false],"xxxl":["https:\/\/velo.md\/wp-content\/uploads\/2022\/10\/00088.jpg",1024,768,false],"xxxxl":["https:\/\/velo.md\/wp-content\/uploads\/2022\/10\/00088.jpg",1024,768,false],"xxxxxl":["https:\/\/velo.md\/wp-content\/uploads\/2022\/10\/00088.jpg",1024,768,false],"woocommerce_thumbnail":["https:\/\/velo.md\/wp-content\/uploads\/2022\/10\/00088-300x222.jpg",300,222,true],"woocommerce_single":["https:\/\/velo.md\/wp-content\/uploads\/2022\/10\/00088-600x450.jpg",600,450,true],"woocommerce_gallery_thumbnail":["https:\/\/velo.md\/wp-content\/uploads\/2022\/10\/00088-100x100.jpg",100,100,true],"variation_swatches_image_size":["https:\/\/velo.md\/wp-content\/uploads\/2022\/10\/00088-50x50.jpg",50,50,true],"variation_swatches_tooltip_size":["https:\/\/velo.md\/wp-content\/uploads\/2022\/10\/00088-100x100.jpg",100,100,true]},"uagb_author_info":{"display_name":"admin","author_link":"https:\/\/velo.md\/ro\/author\/"},"uagb_comment_info":2,"uagb_excerpt":"\u0420\u044e\u043a\u0437\u0430\u043a Cyclone \u0438\u0437 \u0432\u044b\u0441\u043e\u043a\u043e\u043a\u0430\u0447\u0435\u0441\u0442\u0432\u0435\u043d\u043d\u043e\u0433\u043e \u043c\u0430\u0442\u0435\u0440\u0438\u0430\u043b\u0430 , \u0430\u043d\u0430\u0442\u043e\u043c\u0438\u0447\u0435\u0441\u043a\u0438\u0439 \u0434\u0438\u0437\u0430\u0439\u043d, \u0438\u0434\u0435\u0430\u043b\u044c\u043d\u043e \u043f\u043e\u0432\u0442\u043e\u0440\u044f\u044e\u0449\u0438\u0439 \u043a\u043e\u043d\u0442\u0443\u0440\u044b \u0441\u043f\u0438\u043d\u044b \u0438 \u043f\u043b\u0435\u0447\u0435\u0439. \u041e\u0447\u0435\u043d\u044c \u043b\u0435\u0433\u043a\u0438\u0439. \u041e\u0442\u043b\u0438\u0447\u043d\u0430\u044f \u0441\u0438\u0441\u0442\u0435\u043c\u0430 \u0432\u0435\u043d\u0442\u0438\u043b\u044f\u0446\u0438\u0438 \u0441\u043f\u0438\u043d\u044b. \u0414\u043e\u043f\u043e\u043b\u043d\u0438\u0442\u0435\u043b\u044c\u043d\u044b\u0435 \u0441\u0432\u0435\u0442\u043e\u043e\u0442\u0440\u0430\u0436\u0430\u0442\u0435\u043b\u044c\u043d\u044b\u0435 \u043f\u043e\u043b\u043e\u0441\u044b \u0434\u043b\u044f \u043c\u0430\u043a\u0441\u0438\u043c\u0430\u043b\u044c\u043d\u043e\u0439 \u0431\u0435\u0437\u043e\u043f\u0430\u0441\u043d\u043e\u0441\u0442\u0438. \u0421\u043f\u0435\u0446\u0438\u0430\u043b\u044c\u043d\u044b\u0435 \u0444\u0438\u043a\u0441\u0430\u0442\u043e\u0440\u044b \u0434\u043b\u044f \u0448\u043b\u0435\u043c\u0430, \u0441\u0438\u0433\u043d\u0430\u043b\u044c\u043d\u043e\u0433\u043e \u0444\u043e\u043d\u0430\u0440\u0438\u043a\u0430. \u0414\u0432\u0430 \u043e\u0441\u043d\u043e\u0432\u043d\u044b\u0445 \u0432\u043d\u0443\u0442\u0440\u0435\u043d\u043d\u0438\u0445 \u043e\u0442\u0434\u0435\u043b\u0435\u043d\u0438\u044f , \u0432 \u043a\u0430\u0436\u0434\u043e\u043c \u043f\u043e \u0434\u0432\u0430 \u043a\u0430\u0440\u043c\u0430\u0448\u043a\u0430 \u043d\u0430 \u043c\u043e\u043b\u043d\u0438\u0438, \u0438 \u043e\u0434\u043d\u043e \u0434\u043e\u043f\u043e\u043b\u043d\u0438\u0442\u0435\u043b\u044c\u043d\u043e\u0435. \u0412 \u0433\u043b\u0430\u0432\u043d\u043e\u043c \u043e\u0442\u0434\u0435\u043b\u0435\u043d\u0438\u0438 \u043c\u044f\u0433\u043a\u0430\u044f \u043f\u0435\u0440\u0435\u0433\u043e\u0440\u043e\u0434\u043a\u0430 \u0434\u043b\u044f \u0451\u043c\u043a\u043e\u0441\u0442\u0438 \u0434\u043b\u044f&hellip;","_links":{"self":[{"href":"https:\/\/velo.md\/ro\/wp-json\/wp\/v2\/product\/8769","targetHints":{"allow":["GET"]}}],"collection":[{"href":"https:\/\/velo.md\/ro\/wp-json\/wp\/v2\/product"}],"about":[{"href":"https:\/\/velo.md\/ro\/wp-json\/wp\/v2\/types\/product"}],"replies":[{"embeddable":true,"href":"https:\/\/velo.md\/ro\/wp-json\/wp\/v2\/comments?post=8769"}],"wp:featuredmedia":[{"embeddable":true,"href":"https:\/\/velo.md\/ro\/wp-json\/wp\/v2\/media\/8771"}],"wp:attachment":[{"href":"https:\/\/velo.md\/ro\/wp-json\/wp\/v2\/media?parent=8769"}],"wp:term":[{"taxonomy":"product_cat","embeddable":true,"href":"https:\/\/velo.md\/ro\/wp-json\/wp\/v2\/product_cat?post=8769"},{"taxonomy":"product_tag","embeddable":true,"href":"https:\/\/velo.md\/ro\/wp-json\/wp\/v2\/product_tag?post=8769"}],"curies":[{"name":"wp","href":"https:\/\/api.w.org\/{rel}","templated":true}]}}