{"id":8711,"date":"2022-10-13T13:06:29","date_gmt":"2022-10-13T13:06:29","guid":{"rendered":"https:\/\/velo.md\/product\/uncategorized\/sumka-na-vynos-a-h810-m\/"},"modified":"2025-07-13T14:53:01","modified_gmt":"2025-07-13T14:53:01","slug":"sumka-na-vynos-a-h810-m","status":"publish","type":"product","link":"https:\/\/velo.md\/ro\/products\/accessories\/bags\/sumka-na-vynos-a-h810-m\/","title":{"rendered":"Geant\u0103 pentru pachet A-H810 M"},"content":{"rendered":"<p>Geant\u0103 ata\u0219at\u0103 la tija ghidonului, conceput\u0103 pentru un telefon cu ecran de contact, fixare sub capacul coloanei de direc\u021bie, geanta are o ranforsare special\u0103, suportul universal permite \u00eendep\u0103rtarea\/fixarea u\u0219oar\u0103. Dimensiunea intern\u0103 125x75 mm. Dimensiunea ferestrei 100x50 mm.<\/p>","protected":false},"excerpt":{"rendered":"<p>Geant\u0103 ata\u0219at\u0103 la tija ghidonului, conceput\u0103 pentru un telefon cu ecran de contact, fixare sub capacul coloanei de direc\u021bie, geanta are o ranforsare special\u0103, suportul universal permite \u00eendep\u0103rtarea\/fixarea u\u0219oar\u0103. Dimensiunea intern\u0103 125x75 mm. Dimensiunea ferestrei 100x50 mm.<\/p>","protected":false},"featured_media":8713,"comment_status":"closed","ping_status":"closed","template":"","meta":{"_uag_custom_page_level_css":"","site-sidebar-layout":"no-sidebar","site-content-layout":"plain-container","ast-global-header-display":"","ast-main-header-display":"","ast-hfb-above-header-display":"","ast-hfb-below-header-display":"","ast-hfb-mobile-header-display":"","site-post-title":"","ast-breadcrumbs-content":"","ast-featured-img":"","footer-sml-layout":"","theme-transparent-header-meta":"default","adv-header-id-meta":"","stick-header-meta":"","header-above-stick-meta":"","header-main-stick-meta":"","header-below-stick-meta":""},"product_cat":[1559,496,641],"product_tag":[],"class_list":["post-8711","product","type-product","status-publish","has-post-thumbnail","hentry","product_cat-1559","product_cat-accessories","product_cat-bags","top_cat_496"],"uagb_featured_image_src":{"full":["https:\/\/velo.md\/wp-content\/uploads\/2022\/10\/en_15002610.jpg",1024,768,false],"thumbnail":["https:\/\/velo.md\/wp-content\/uploads\/2022\/10\/en_15002610-150x150.jpg",150,150,true],"medium":["https:\/\/velo.md\/wp-content\/uploads\/2022\/10\/en_15002610-300x225.jpg",300,225,true],"medium_large":["https:\/\/velo.md\/wp-content\/uploads\/2022\/10\/en_15002610-768x576.jpg",768,576,true],"large":["https:\/\/velo.md\/wp-content\/uploads\/2022\/10\/en_15002610.jpg",1024,768,false],"1536x1536":["https:\/\/velo.md\/wp-content\/uploads\/2022\/10\/en_15002610.jpg",1024,768,false],"2048x2048":["https:\/\/velo.md\/wp-content\/uploads\/2022\/10\/en_15002610.jpg",1024,768,false],"trp-custom-language-flag":["https:\/\/velo.md\/wp-content\/uploads\/2022\/10\/en_15002610.jpg",16,12,false],"xl":["https:\/\/velo.md\/wp-content\/uploads\/2022\/10\/en_15002610.jpg",1024,768,false],"xxl":["https:\/\/velo.md\/wp-content\/uploads\/2022\/10\/en_15002610.jpg",1024,768,false],"xxxl":["https:\/\/velo.md\/wp-content\/uploads\/2022\/10\/en_15002610.jpg",1024,768,false],"xxxxl":["https:\/\/velo.md\/wp-content\/uploads\/2022\/10\/en_15002610.jpg",1024,768,false],"xxxxxl":["https:\/\/velo.md\/wp-content\/uploads\/2022\/10\/en_15002610.jpg",1024,768,false],"woocommerce_thumbnail":["https:\/\/velo.md\/wp-content\/uploads\/2022\/10\/en_15002610-300x222.jpg",300,222,true],"woocommerce_single":["https:\/\/velo.md\/wp-content\/uploads\/2022\/10\/en_15002610-600x450.jpg",600,450,true],"woocommerce_gallery_thumbnail":["https:\/\/velo.md\/wp-content\/uploads\/2022\/10\/en_15002610-100x100.jpg",100,100,true],"variation_swatches_image_size":["https:\/\/velo.md\/wp-content\/uploads\/2022\/10\/en_15002610-50x50.jpg",50,50,true],"variation_swatches_tooltip_size":["https:\/\/velo.md\/wp-content\/uploads\/2022\/10\/en_15002610-100x100.jpg",100,100,true]},"uagb_author_info":{"display_name":"admin","author_link":"https:\/\/velo.md\/ro\/author\/"},"uagb_comment_info":4,"uagb_excerpt":"\u0421\u0443\u043c\u043a\u0430, \u043f\u0440\u0438\u043a\u0440\u0435\u043f\u043b\u044f\u044e\u0449\u0430\u044f\u0441\u044f \u043a \u0432\u044b\u043d\u043e\u0441\u0443 \u0440\u0443\u043b\u044f, \u043f\u0440\u0435\u0434\u043d\u0430\u0437\u043d\u0430\u0447\u0435\u043d\u0430 \u0434\u043b\u044f \u0442\u0435\u043b\u0435\u0444\u043e\u043d\u0430 \u0441 \u043a\u043e\u043d\u0442\u0430\u043a\u0442\u043d\u044b\u043c \u044d\u043a\u0440\u0430\u043d\u043e\u043c, \u043a\u0440\u0435\u043f\u043b\u0435\u043d\u0438\u0435 \u043f\u043e\u0434 \u043a\u0440\u044b\u0448\u043a\u043e\u0439 \u0440\u0443\u043b\u0435\u0432\u043e\u0439 \u043a\u043e\u043b\u043e\u043d\u043a\u0438, \u0441\u0443\u043c\u043a\u0430 \u0438\u043c\u0435\u0435\u0442 \u0441\u043f\u0435\u0446\u0438\u0430\u043b\u044c\u043d\u043e\u0435 \u0430\u0440\u043c\u0438\u0440\u043e\u0432\u0430\u043d\u0438\u0435, \u0443\u043d\u0438\u0432\u0435\u0440\u0441\u0430\u043b\u044c\u043d\u044b\u0439 \u0434\u0435\u0440\u0436\u0430\u0442\u0435\u043b\u044c \u043f\u043e\u0437\u0432\u043e\u043b\u044f\u0435\u0442 \u043b\u0435\u0433\u043a\u043e \u0441\u043d\u0438\u043c\u0430\u0442\u044c\/ \u043f\u0440\u0438\u043a\u0440\u0435\u043f\u043b\u044f\u0442\u044c. \u0412\u043d\u0443\u0442\u0440\u0435\u043d\u043d\u0438\u0439 \u0440\u0430\u0437\u043c\u0435\u0440 125\u044575 \u043c\u043c. \u0420\u0430\u0437\u043c\u0435\u0440 \u043e\u043a\u043d\u0430 100\u044550 \u043c\u043c.","_links":{"self":[{"href":"https:\/\/velo.md\/ro\/wp-json\/wp\/v2\/product\/8711","targetHints":{"allow":["GET"]}}],"collection":[{"href":"https:\/\/velo.md\/ro\/wp-json\/wp\/v2\/product"}],"about":[{"href":"https:\/\/velo.md\/ro\/wp-json\/wp\/v2\/types\/product"}],"replies":[{"embeddable":true,"href":"https:\/\/velo.md\/ro\/wp-json\/wp\/v2\/comments?post=8711"}],"wp:featuredmedia":[{"embeddable":true,"href":"https:\/\/velo.md\/ro\/wp-json\/wp\/v2\/media\/8713"}],"wp:attachment":[{"href":"https:\/\/velo.md\/ro\/wp-json\/wp\/v2\/media?parent=8711"}],"wp:term":[{"taxonomy":"product_cat","embeddable":true,"href":"https:\/\/velo.md\/ro\/wp-json\/wp\/v2\/product_cat?post=8711"},{"taxonomy":"product_tag","embeddable":true,"href":"https:\/\/velo.md\/ro\/wp-json\/wp\/v2\/product_tag?post=8711"}],"curies":[{"name":"wp","href":"https:\/\/api.w.org\/{rel}","templated":true}]}}