{"id":8695,"date":"2022-10-13T13:06:29","date_gmt":"2022-10-13T13:06:29","guid":{"rendered":"https:\/\/velo.md\/product\/uncategorized\/sumka-na-bagazhnik-a-n216-x7\/"},"modified":"2025-07-13T14:53:00","modified_gmt":"2025-07-13T14:53:00","slug":"sumka-na-bagazhnik-a-n216-x7","status":"publish","type":"product","link":"https:\/\/velo.md\/ro\/products\/accessories\/bags\/sumka-na-bagazhnik-a-n216-x7\/","title":{"rendered":"Geant\u0103 pentru cizme A-N216 X7"},"content":{"rendered":"<p>O geant\u0103 de c\u0103l\u0103torie \u00eenc\u0103p\u0103toare, realizat\u0103 din material hidrofug, de dimensiuni mici, cu pere\u021bi gro\u0219i \u0219i c\u0103ptu\u0219ite, ideal\u0103 pentru transportul camerelor video\/foto \u0219i al altor bagaje necesare \u00een c\u0103l\u0103toriile lungi. Curea de um\u0103r deta\u0219abil\u0103. Buzunare separate pentru h\u0103r\u021bi, ghiduri turistice, flacoane \u0219i alte piese utile pentru bagaje. Capacitate total\u0103 de 7 litri, extensibil\u0103 la 9 litri.<\/p>","protected":false},"excerpt":{"rendered":"<p>O geant\u0103 de c\u0103l\u0103torie \u00eenc\u0103p\u0103toare, realizat\u0103 din material hidrofug, de dimensiuni mici, cu pere\u021bi gro\u0219i \u0219i c\u0103ptu\u0219ite, ideal\u0103 pentru transportul camerelor video\/foto \u0219i al altor bagaje necesare \u00een c\u0103l\u0103toriile lungi. Curea de um\u0103r deta\u0219abil\u0103. Buzunare separate pentru h\u0103r\u021bi, ghiduri turistice, flacoane \u0219i alte piese utile pentru bagaje. Capacitate total\u0103 de 7 litri, extensibil\u0103 la 9 litri.<\/p>","protected":false},"featured_media":8697,"comment_status":"closed","ping_status":"open","template":"","meta":{"_uag_custom_page_level_css":"","site-sidebar-layout":"no-sidebar","site-content-layout":"plain-container","ast-global-header-display":"","ast-main-header-display":"","ast-hfb-above-header-display":"","ast-hfb-below-header-display":"","ast-hfb-mobile-header-display":"","site-post-title":"","ast-breadcrumbs-content":"","ast-featured-img":"","footer-sml-layout":"","theme-transparent-header-meta":"default","adv-header-id-meta":"","stick-header-meta":"","header-above-stick-meta":"","header-main-stick-meta":"","header-below-stick-meta":""},"product_cat":[496,641],"product_tag":[],"class_list":["post-8695","product","type-product","status-publish","has-post-thumbnail","hentry","product_cat-accessories","product_cat-bags","top_cat_496"],"uagb_featured_image_src":{"full":["https:\/\/velo.md\/wp-content\/uploads\/2022\/10\/15000000_foto_1_1024x768.jpg",1024,768,false],"thumbnail":["https:\/\/velo.md\/wp-content\/uploads\/2022\/10\/15000000_foto_1_1024x768-150x150.jpg",150,150,true],"medium":["https:\/\/velo.md\/wp-content\/uploads\/2022\/10\/15000000_foto_1_1024x768-300x225.jpg",300,225,true],"medium_large":["https:\/\/velo.md\/wp-content\/uploads\/2022\/10\/15000000_foto_1_1024x768-768x576.jpg",768,576,true],"large":["https:\/\/velo.md\/wp-content\/uploads\/2022\/10\/15000000_foto_1_1024x768.jpg",1024,768,false],"1536x1536":["https:\/\/velo.md\/wp-content\/uploads\/2022\/10\/15000000_foto_1_1024x768.jpg",1024,768,false],"2048x2048":["https:\/\/velo.md\/wp-content\/uploads\/2022\/10\/15000000_foto_1_1024x768.jpg",1024,768,false],"trp-custom-language-flag":["https:\/\/velo.md\/wp-content\/uploads\/2022\/10\/15000000_foto_1_1024x768.jpg",16,12,false],"xl":["https:\/\/velo.md\/wp-content\/uploads\/2022\/10\/15000000_foto_1_1024x768.jpg",1024,768,false],"xxl":["https:\/\/velo.md\/wp-content\/uploads\/2022\/10\/15000000_foto_1_1024x768.jpg",1024,768,false],"xxxl":["https:\/\/velo.md\/wp-content\/uploads\/2022\/10\/15000000_foto_1_1024x768.jpg",1024,768,false],"xxxxl":["https:\/\/velo.md\/wp-content\/uploads\/2022\/10\/15000000_foto_1_1024x768.jpg",1024,768,false],"xxxxxl":["https:\/\/velo.md\/wp-content\/uploads\/2022\/10\/15000000_foto_1_1024x768.jpg",1024,768,false],"woocommerce_thumbnail":["https:\/\/velo.md\/wp-content\/uploads\/2022\/10\/15000000_foto_1_1024x768-300x222.jpg",300,222,true],"woocommerce_single":["https:\/\/velo.md\/wp-content\/uploads\/2022\/10\/15000000_foto_1_1024x768-600x450.jpg",600,450,true],"woocommerce_gallery_thumbnail":["https:\/\/velo.md\/wp-content\/uploads\/2022\/10\/15000000_foto_1_1024x768-100x100.jpg",100,100,true],"variation_swatches_image_size":["https:\/\/velo.md\/wp-content\/uploads\/2022\/10\/15000000_foto_1_1024x768-50x50.jpg",50,50,true],"variation_swatches_tooltip_size":["https:\/\/velo.md\/wp-content\/uploads\/2022\/10\/15000000_foto_1_1024x768-100x100.jpg",100,100,true]},"uagb_author_info":{"display_name":"admin","author_link":"https:\/\/velo.md\/ro\/author\/"},"uagb_comment_info":8,"uagb_excerpt":"\u0412\u043c\u0435\u0441\u0442\u0438\u0442\u0435\u043b\u044c\u043d\u0430\u044f \u0434\u043e\u0440\u043e\u0436\u043d\u043e-\u043f\u043e\u0445\u043e\u0434\u043d\u0430\u044f \u0441\u0443\u043c\u043a\u0430 \u0432\u044b\u043f\u043e\u043b\u043d\u0435\u043d\u0430 \u0438\u0437 \u0432\u043e\u0434\u043e\u043e\u0442\u0442\u0430\u043b\u043a\u0438\u0432\u0430\u044e\u0449\u0435\u0433\u043e \u043c\u0430\u0442\u0435\u0440\u0438\u0430\u043b\u0430, \u043d\u0435\u0431\u043e\u043b\u044c\u0448\u043e\u0433\u043e \u0440\u0430\u0437\u043c\u0435\u0440\u0430 \u0441 \u043f\u043b\u043e\u0442\u043d\u044b\u043c\u0438 \u043c\u044f\u0433\u043a\u0438\u043c\u0438 \u0441\u0442\u0435\u043d\u043a\u0430\u043c\u0438, \u0443\u0434\u043e\u0431\u043d\u0430 \u0434\u043b\u044f \u043f\u0435\u0440\u0435\u0432\u043e\u0437\u043a\u0438 \u0432\u0438\u0434\u0435\u043e-\/\u0444\u043e\u0442\u043e-\u043a\u0430\u043c\u0435\u0440\u044b, \u0430 \u0442\u0430\u043a\u0436\u0435 \u0434\u0440\u0443\u0433\u043e\u0433\u043e \u0431\u0430\u0433\u0430\u0436\u0430, \u043d\u0435\u043e\u0431\u0445\u043e\u0434\u0438\u043c\u043e\u0433\u043e \u0432\u043e \u0432\u0440\u0435\u043c\u044f \u0434\u043b\u0438\u0442\u0435\u043b\u044c\u043d\u044b\u0445 \u043f\u043e\u0435\u0437\u0434\u043e\u043a. \u0421\u044a\u0435\u043c\u043d\u044b\u0439 \u043f\u043b\u0435\u0447\u0435\u0432\u043e\u0439 \u0440\u0435\u043c\u0435\u043d\u044c. \u041e\u0442\u0434\u0435\u043b\u044c\u043d\u044b\u0435 \u043a\u0430\u0440\u043c\u0430\u043d\u044b \u0434\u043b\u044f \u043a\u0430\u0440\u0442 \u0438 \u043f\u0443\u0442\u0435\u0432\u043e\u0434\u0438\u0442\u0435\u043b\u0435\u0439, \u0444\u043b\u044f\u0433\u0438 \u0438 \u0434\u0440\u0443\u0433\u0438\u0445 \u043f\u043e\u043b\u0435\u0437\u043d\u044b\u0445 \u043c\u0435\u043b\u043e\u0447\u0435\u0439, \u0440\u0435\u043c\u0435\u043d\u044c. \u041e\u0431\u0449\u0430\u044f \u0432\u043c\u0435\u0441\u0442\u0438\u043c\u043e\u0441\u0442\u044c 7\u043b, \u043c\u043e\u0436\u0435\u0442 \u0443\u0432\u0435\u043b\u0438\u0447\u0438\u0432\u0430\u0442\u044c\u0441\u044f \u0434\u043e 9 \u043b\u0438\u0442\u0440\u043e\u0432.","_links":{"self":[{"href":"https:\/\/velo.md\/ro\/wp-json\/wp\/v2\/product\/8695","targetHints":{"allow":["GET"]}}],"collection":[{"href":"https:\/\/velo.md\/ro\/wp-json\/wp\/v2\/product"}],"about":[{"href":"https:\/\/velo.md\/ro\/wp-json\/wp\/v2\/types\/product"}],"replies":[{"embeddable":true,"href":"https:\/\/velo.md\/ro\/wp-json\/wp\/v2\/comments?post=8695"}],"wp:featuredmedia":[{"embeddable":true,"href":"https:\/\/velo.md\/ro\/wp-json\/wp\/v2\/media\/8697"}],"wp:attachment":[{"href":"https:\/\/velo.md\/ro\/wp-json\/wp\/v2\/media?parent=8695"}],"wp:term":[{"taxonomy":"product_cat","embeddable":true,"href":"https:\/\/velo.md\/ro\/wp-json\/wp\/v2\/product_cat?post=8695"},{"taxonomy":"product_tag","embeddable":true,"href":"https:\/\/velo.md\/ro\/wp-json\/wp\/v2\/product_tag?post=8695"}],"curies":[{"name":"wp","href":"https:\/\/api.w.org\/{rel}","templated":true}]}}