{"id":8650,"date":"2022-10-13T13:04:44","date_gmt":"2022-10-13T13:04:44","guid":{"rendered":"https:\/\/velo.md\/product\/uncategorized\/sumka-na-ramu-a-r281-front\/"},"modified":"2025-07-13T14:53:04","modified_gmt":"2025-07-13T14:53:04","slug":"sumka-na-ramu-a-r281-front","status":"publish","type":"product","link":"https:\/\/velo.md\/ro\/products\/accessories\/bags\/sumka-na-ramu-a-r281-front\/","title":{"rendered":"Geant\u0103 pentru cadru A-R281 fa\u021b\u0103"},"content":{"rendered":"<p>Geant\u0103 dubl\u0103 pe partea din fa\u021b\u0103 a cadrului, fixare universal\u0103 pentru majoritatea tipurilor de cadre, 2 buzunare separate \u0219i \u00eent\u0103rite (2x0,6l). Benzi reflectorizante \u00een jurul perimetrului sacului. Greutate 200 gr.<\/p>","protected":false},"excerpt":{"rendered":"<p>Geant\u0103 dubl\u0103 pe partea din fa\u021b\u0103 a cadrului, fixare universal\u0103 pentru majoritatea tipurilor de cadre, 2 buzunare separate \u0219i \u00eent\u0103rite (2x0,6l). Benzi reflectorizante \u00een jurul perimetrului sacului. Greutate 200 gr.<\/p>","protected":false},"featured_media":8652,"comment_status":"closed","ping_status":"closed","template":"","meta":{"_uag_custom_page_level_css":"","site-sidebar-layout":"no-sidebar","site-content-layout":"plain-container","ast-global-header-display":"","ast-main-header-display":"","ast-hfb-above-header-display":"","ast-hfb-below-header-display":"","ast-hfb-mobile-header-display":"","site-post-title":"","ast-breadcrumbs-content":"","ast-featured-img":"","footer-sml-layout":"","theme-transparent-header-meta":"default","adv-header-id-meta":"","stick-header-meta":"","header-above-stick-meta":"","header-main-stick-meta":"","header-below-stick-meta":""},"product_cat":[496,641],"product_tag":[],"class_list":["post-8650","product","type-product","status-publish","has-post-thumbnail","hentry","product_cat-accessories","product_cat-bags","top_cat_496"],"uagb_featured_image_src":{"full":["https:\/\/velo.md\/wp-content\/uploads\/2022\/10\/00079.jpg",1025,769,false],"thumbnail":["https:\/\/velo.md\/wp-content\/uploads\/2022\/10\/00079-150x150.jpg",150,150,true],"medium":["https:\/\/velo.md\/wp-content\/uploads\/2022\/10\/00079-300x225.jpg",300,225,true],"medium_large":["https:\/\/velo.md\/wp-content\/uploads\/2022\/10\/00079-768x576.jpg",768,576,true],"large":["https:\/\/velo.md\/wp-content\/uploads\/2022\/10\/00079.jpg",1024,768,false],"1536x1536":["https:\/\/velo.md\/wp-content\/uploads\/2022\/10\/00079.jpg",1025,769,false],"2048x2048":["https:\/\/velo.md\/wp-content\/uploads\/2022\/10\/00079.jpg",1025,769,false],"trp-custom-language-flag":["https:\/\/velo.md\/wp-content\/uploads\/2022\/10\/00079.jpg",16,12,false],"xl":["https:\/\/velo.md\/wp-content\/uploads\/2022\/10\/00079.jpg",1025,769,false],"xxl":["https:\/\/velo.md\/wp-content\/uploads\/2022\/10\/00079.jpg",1025,769,false],"xxxl":["https:\/\/velo.md\/wp-content\/uploads\/2022\/10\/00079.jpg",1025,769,false],"xxxxl":["https:\/\/velo.md\/wp-content\/uploads\/2022\/10\/00079.jpg",1025,769,false],"xxxxxl":["https:\/\/velo.md\/wp-content\/uploads\/2022\/10\/00079.jpg",1025,769,false],"woocommerce_thumbnail":["https:\/\/velo.md\/wp-content\/uploads\/2022\/10\/00079-300x222.jpg",300,222,true],"woocommerce_single":["https:\/\/velo.md\/wp-content\/uploads\/2022\/10\/00079-600x450.jpg",600,450,true],"woocommerce_gallery_thumbnail":["https:\/\/velo.md\/wp-content\/uploads\/2022\/10\/00079-100x100.jpg",100,100,true],"variation_swatches_image_size":["https:\/\/velo.md\/wp-content\/uploads\/2022\/10\/00079-50x50.jpg",50,50,true],"variation_swatches_tooltip_size":["https:\/\/velo.md\/wp-content\/uploads\/2022\/10\/00079-100x100.jpg",100,100,true]},"uagb_author_info":{"display_name":"admin","author_link":"https:\/\/velo.md\/ro\/author\/"},"uagb_comment_info":10,"uagb_excerpt":"\u0414\u0432\u043e\u0439\u043d\u0430\u044f \u0441\u0443\u043c\u043a\u0430 \u043d\u0430 \u043f\u0435\u0440\u0435\u0434\u043d\u044e\u044e \u0447\u0430\u0441\u0442\u044c \u0440\u0430\u043c\u044b, \u0443\u043d\u0438\u0432\u0435\u0440\u0441\u0430\u043b\u044c\u043d\u043e\u0435 \u043a\u0440\u0435\u043f\u043b\u0435\u043d\u0438\u0435 \u0434\u043b\u044f \u0431\u043e\u043b\u044c\u0448\u0438\u043d\u0441\u0442\u0432\u0430 \u0442\u0438\u043f\u043e\u0432 \u0440\u0430\u043c, 2 \u043e\u0442\u0434\u0435\u043b\u044c\u043d\u044b\u0445 \u0443\u043a\u0440\u0435\u043f\u043b\u0435\u043d\u043d\u044b\u0445 \u043a\u0430\u0440\u043c\u0430\u043d\u0430(2\u04450,6\u043b). \u0421\u0432\u0435\u0442\u043e\u043e\u0442\u0440\u0430\u0436\u0430\u044e\u0449\u0438\u0435 \u043f\u043e\u043b\u043e\u0441\u044b \u043f\u043e \u043f\u0435\u0440\u0438\u043c\u0435\u0442\u0440\u0443 \u0441\u0443\u043c\u043a\u0438. \u0412\u0435\u0441 200 \u0433\u0440.","_links":{"self":[{"href":"https:\/\/velo.md\/ro\/wp-json\/wp\/v2\/product\/8650","targetHints":{"allow":["GET"]}}],"collection":[{"href":"https:\/\/velo.md\/ro\/wp-json\/wp\/v2\/product"}],"about":[{"href":"https:\/\/velo.md\/ro\/wp-json\/wp\/v2\/types\/product"}],"replies":[{"embeddable":true,"href":"https:\/\/velo.md\/ro\/wp-json\/wp\/v2\/comments?post=8650"}],"wp:featuredmedia":[{"embeddable":true,"href":"https:\/\/velo.md\/ro\/wp-json\/wp\/v2\/media\/8652"}],"wp:attachment":[{"href":"https:\/\/velo.md\/ro\/wp-json\/wp\/v2\/media?parent=8650"}],"wp:term":[{"taxonomy":"product_cat","embeddable":true,"href":"https:\/\/velo.md\/ro\/wp-json\/wp\/v2\/product_cat?post=8650"},{"taxonomy":"product_tag","embeddable":true,"href":"https:\/\/velo.md\/ro\/wp-json\/wp\/v2\/product_tag?post=8650"}],"curies":[{"name":"wp","href":"https:\/\/api.w.org\/{rel}","templated":true}]}}