{"id":8537,"date":"2022-10-13T13:03:06","date_gmt":"2022-10-13T13:03:06","guid":{"rendered":"https:\/\/velo.md\/product\/uncategorized\/korzina-ao-qrb\/"},"modified":"2025-07-13T14:53:07","modified_gmt":"2025-07-13T14:53:07","slug":"korzina-ao-qrb","status":"publish","type":"product","link":"https:\/\/velo.md\/ro\/products\/accessories\/baskets\/korzina-ao-qrb\/","title":{"rendered":"Co\u0219 AO-QRB"},"content":{"rendered":"<p>Suportul fa\u021b\u0103 - co\u0219 Author AO-QRB se caracterizeaz\u0103 prin montare u\u0219oar\u0103 \u0219i construc\u021bie u\u0219oar\u0103. Suportul universal va fixa \u00een siguran\u021b\u0103 co\u0219ul pe un ghidon de 25,4 mm sau 31,8 mm \u0219i, de asemenea, v\u0103 permite s\u0103 regla\u021bi unghiul suportului pentru a asigura confortul maxim al co\u0219ului pe biciclet\u0103.<\/p>","protected":false},"excerpt":{"rendered":"<p>Capacitate maxim\u0103 de \u00eenc\u0103rcare: 5 kg<\/p>\n<p>Rapid \u0219i foarte u\u0219or de instalat datorit\u0103 suportului QRB universal reglabil.<\/p>\n<p>Ideal\u0103 pentru plimb\u0103ri \u0219i excursii la magazin.<\/p>","protected":false},"featured_media":8539,"comment_status":"closed","ping_status":"closed","template":"","meta":{"_uag_custom_page_level_css":"","site-sidebar-layout":"no-sidebar","site-content-layout":"plain-container","ast-global-header-display":"","ast-main-header-display":"","ast-hfb-above-header-display":"","ast-hfb-below-header-display":"","ast-hfb-mobile-header-display":"","site-post-title":"","ast-breadcrumbs-content":"","ast-featured-img":"","footer-sml-layout":"","theme-transparent-header-meta":"default","adv-header-id-meta":"","stick-header-meta":"","header-above-stick-meta":"","header-main-stick-meta":"","header-below-stick-meta":""},"product_cat":[496,639],"product_tag":[],"class_list":["post-8537","product","type-product","status-publish","has-post-thumbnail","hentry","product_cat-accessories","product_cat-baskets","top_cat_496"],"uagb_featured_image_src":{"full":["https:\/\/velo.md\/wp-content\/uploads\/2022\/10\/00303.jpg",1024,768,false],"thumbnail":["https:\/\/velo.md\/wp-content\/uploads\/2022\/10\/00303-150x150.jpg",150,150,true],"medium":["https:\/\/velo.md\/wp-content\/uploads\/2022\/10\/00303-300x225.jpg",300,225,true],"medium_large":["https:\/\/velo.md\/wp-content\/uploads\/2022\/10\/00303-768x576.jpg",768,576,true],"large":["https:\/\/velo.md\/wp-content\/uploads\/2022\/10\/00303.jpg",1024,768,false],"1536x1536":["https:\/\/velo.md\/wp-content\/uploads\/2022\/10\/00303.jpg",1024,768,false],"2048x2048":["https:\/\/velo.md\/wp-content\/uploads\/2022\/10\/00303.jpg",1024,768,false],"trp-custom-language-flag":["https:\/\/velo.md\/wp-content\/uploads\/2022\/10\/00303.jpg",16,12,false],"xl":["https:\/\/velo.md\/wp-content\/uploads\/2022\/10\/00303.jpg",1024,768,false],"xxl":["https:\/\/velo.md\/wp-content\/uploads\/2022\/10\/00303.jpg",1024,768,false],"xxxl":["https:\/\/velo.md\/wp-content\/uploads\/2022\/10\/00303.jpg",1024,768,false],"xxxxl":["https:\/\/velo.md\/wp-content\/uploads\/2022\/10\/00303.jpg",1024,768,false],"xxxxxl":["https:\/\/velo.md\/wp-content\/uploads\/2022\/10\/00303.jpg",1024,768,false],"woocommerce_thumbnail":["https:\/\/velo.md\/wp-content\/uploads\/2022\/10\/00303-300x222.jpg",300,222,true],"woocommerce_single":["https:\/\/velo.md\/wp-content\/uploads\/2022\/10\/00303-600x450.jpg",600,450,true],"woocommerce_gallery_thumbnail":["https:\/\/velo.md\/wp-content\/uploads\/2022\/10\/00303-100x100.jpg",100,100,true],"variation_swatches_image_size":["https:\/\/velo.md\/wp-content\/uploads\/2022\/10\/00303-50x50.jpg",50,50,true],"variation_swatches_tooltip_size":["https:\/\/velo.md\/wp-content\/uploads\/2022\/10\/00303-100x100.jpg",100,100,true]},"uagb_author_info":{"display_name":"admin","author_link":"https:\/\/velo.md\/ro\/author\/"},"uagb_comment_info":6,"uagb_excerpt":"\u041c\u0430\u043a\u0441\u0438\u043c\u0430\u043b\u044c\u043d\u0430\u044f \u0433\u0440\u0443\u0437\u043e\u043f\u043e\u0434\u044a\u0435\u043c\u043d\u043e\u0441\u0442\u044c: 5 \u043a\u0433 \u0411\u044b\u0441\u0442\u0440\u043e \u0438 \u043e\u0447\u0435\u043d\u044c \u043f\u0440\u043e\u0441\u0442\u043e \u0443\u0441\u0442\u0430\u043d\u0430\u0432\u043b\u0438\u0432\u0430\u0435\u0442\u0441\u044f \u0431\u043b\u0430\u0433\u043e\u0434\u0430\u0440\u044f \u0443\u043d\u0438\u0432\u0435\u0440\u0441\u0430\u043b\u044c\u043d\u043e\u043c\u0443 \u0440\u0435\u0433\u0443\u043b\u0438\u0440\u0443\u0435\u043c\u043e\u043c\u0443 \u043a\u0440\u0435\u043f\u043b\u0435\u043d\u0438\u044e QRB. \u041f\u0440\u0435\u043a\u0440\u0430\u0441\u043d\u043e \u043f\u043e\u0434\u0445\u043e\u0434\u0438\u0442 \u0434\u043b\u044f \u043f\u0440\u043e\u0433\u0443\u043b\u043e\u043a \u0438 \u043f\u043e\u0435\u0437\u0434\u043e\u043a \u0432 \u043c\u0430\u0433\u0430\u0437\u0438\u043d.","_links":{"self":[{"href":"https:\/\/velo.md\/ro\/wp-json\/wp\/v2\/product\/8537","targetHints":{"allow":["GET"]}}],"collection":[{"href":"https:\/\/velo.md\/ro\/wp-json\/wp\/v2\/product"}],"about":[{"href":"https:\/\/velo.md\/ro\/wp-json\/wp\/v2\/types\/product"}],"replies":[{"embeddable":true,"href":"https:\/\/velo.md\/ro\/wp-json\/wp\/v2\/comments?post=8537"}],"wp:featuredmedia":[{"embeddable":true,"href":"https:\/\/velo.md\/ro\/wp-json\/wp\/v2\/media\/8539"}],"wp:attachment":[{"href":"https:\/\/velo.md\/ro\/wp-json\/wp\/v2\/media?parent=8537"}],"wp:term":[{"taxonomy":"product_cat","embeddable":true,"href":"https:\/\/velo.md\/ro\/wp-json\/wp\/v2\/product_cat?post=8537"},{"taxonomy":"product_tag","embeddable":true,"href":"https:\/\/velo.md\/ro\/wp-json\/wp\/v2\/product_tag?post=8537"}],"curies":[{"name":"wp","href":"https:\/\/api.w.org\/{rel}","templated":true}]}}