{"id":8489,"date":"2022-10-13T13:01:22","date_gmt":"2022-10-13T13:01:22","guid":{"rendered":"https:\/\/velo.md\/product\/uncategorized\/bagazhnik-acr-25-alu\/"},"modified":"2025-07-13T14:53:12","modified_gmt":"2025-07-13T14:53:12","slug":"bagazhnik-acr-25-alu","status":"publish","type":"product","link":"https:\/\/velo.md\/ro\/products\/accessories\/baskets\/bagazhnik-acr-25-alu\/","title":{"rendered":"Cizm\u0103 ACR-25-Alu"},"content":{"rendered":"<p>Suport de acoperi\u0219 din aluminiu dural cu montare universal\u0103 reglabil\u0103 din material AL6061 garanteaz\u0103 o rigiditate foarte mare cu o greutate redus\u0103 a suportului. Se pot monta gen\u021bi mari. Sarcina maxim\u0103 admis\u0103 max. 25 kg.<\/p>","protected":false},"excerpt":{"rendered":"<p>Suport de acoperi\u0219 din aluminiu dural cu montare universal\u0103 reglabil\u0103 din material AL6061 garanteaz\u0103 o rigiditate foarte mare cu o greutate redus\u0103 a suportului. Se pot monta gen\u021bi mari. Sarcina maxim\u0103 admis\u0103 max. 25 kg.<\/p>","protected":false},"featured_media":8491,"comment_status":"closed","ping_status":"open","template":"","meta":{"_uag_custom_page_level_css":"","site-sidebar-layout":"no-sidebar","site-content-layout":"plain-container","ast-global-header-display":"","ast-main-header-display":"","ast-hfb-above-header-display":"","ast-hfb-below-header-display":"","ast-hfb-mobile-header-display":"","site-post-title":"","ast-breadcrumbs-content":"","ast-featured-img":"","footer-sml-layout":"","theme-transparent-header-meta":"default","adv-header-id-meta":"","stick-header-meta":"","header-above-stick-meta":"","header-main-stick-meta":"","header-below-stick-meta":""},"product_cat":[496,639],"product_tag":[],"class_list":["post-8489","product","type-product","status-publish","has-post-thumbnail","hentry","product_cat-accessories","product_cat-baskets","top_cat_496"],"uagb_featured_image_src":{"full":["https:\/\/velo.md\/wp-content\/uploads\/2022\/10\/15200213.jpg",1024,768,false],"thumbnail":["https:\/\/velo.md\/wp-content\/uploads\/2022\/10\/15200213-150x150.jpg",150,150,true],"medium":["https:\/\/velo.md\/wp-content\/uploads\/2022\/10\/15200213-300x225.jpg",300,225,true],"medium_large":["https:\/\/velo.md\/wp-content\/uploads\/2022\/10\/15200213-768x576.jpg",768,576,true],"large":["https:\/\/velo.md\/wp-content\/uploads\/2022\/10\/15200213.jpg",1024,768,false],"1536x1536":["https:\/\/velo.md\/wp-content\/uploads\/2022\/10\/15200213.jpg",1024,768,false],"2048x2048":["https:\/\/velo.md\/wp-content\/uploads\/2022\/10\/15200213.jpg",1024,768,false],"trp-custom-language-flag":["https:\/\/velo.md\/wp-content\/uploads\/2022\/10\/15200213.jpg",16,12,false],"xl":["https:\/\/velo.md\/wp-content\/uploads\/2022\/10\/15200213.jpg",1024,768,false],"xxl":["https:\/\/velo.md\/wp-content\/uploads\/2022\/10\/15200213.jpg",1024,768,false],"xxxl":["https:\/\/velo.md\/wp-content\/uploads\/2022\/10\/15200213.jpg",1024,768,false],"xxxxl":["https:\/\/velo.md\/wp-content\/uploads\/2022\/10\/15200213.jpg",1024,768,false],"xxxxxl":["https:\/\/velo.md\/wp-content\/uploads\/2022\/10\/15200213.jpg",1024,768,false],"woocommerce_thumbnail":["https:\/\/velo.md\/wp-content\/uploads\/2022\/10\/15200213-300x222.jpg",300,222,true],"woocommerce_single":["https:\/\/velo.md\/wp-content\/uploads\/2022\/10\/15200213-600x450.jpg",600,450,true],"woocommerce_gallery_thumbnail":["https:\/\/velo.md\/wp-content\/uploads\/2022\/10\/15200213-100x100.jpg",100,100,true],"variation_swatches_image_size":["https:\/\/velo.md\/wp-content\/uploads\/2022\/10\/15200213-50x50.jpg",50,50,true],"variation_swatches_tooltip_size":["https:\/\/velo.md\/wp-content\/uploads\/2022\/10\/15200213-100x100.jpg",100,100,true]},"uagb_author_info":{"display_name":"admin","author_link":"https:\/\/velo.md\/ro\/author\/"},"uagb_comment_info":4,"uagb_excerpt":"\u0414\u044e\u0440\u0430\u043b\u044e\u043c\u0438\u043d\u0438\u0435\u0432\u044b\u0439 \u0431\u0430\u0433\u0430\u0436\u043d\u0438\u043a \u0441 \u0440\u0435\u0433\u0443\u043b\u0438\u0440\u0443\u0435\u043c\u044b\u043c \u0443\u043d\u0438\u0432\u0435\u0440\u0441\u0430\u043b\u044c\u043d\u044b\u043c \u043a\u0440\u0435\u043f\u043b\u0435\u043d\u0438\u0435\u043c \u0438\u0437 \u043c\u0430\u0442\u0435\u0440\u0438\u0430\u043b\u0430 AL6061 \u0433\u0430\u0440\u0430\u043d\u0442\u0438\u0440\u0443\u0435\u0442 \u043e\u0447\u0435\u043d\u044c \u0432\u044b\u0441\u043e\u043a\u0443\u044e \u0442\u0432\u0451\u0440\u0434\u043e\u0441\u0442\u044c \u043a\u043e\u043d\u0441\u0442\u0440\u0443\u043a\u0446\u0438\u0438 \u043f\u0440\u0438 \u043d\u0438\u0437\u043a\u043e\u043c \u0432\u0435\u0441\u0435 \u0431\u0430\u0433\u0430\u0436\u043d\u0438\u043a\u0430 .\u0412\u043e\u0437\u043c\u043e\u0436\u043d\u0430 \u0443\u0441\u0442\u0430\u043d\u043e\u0432\u043a\u0430 \u0441\u0443\u043c\u043e\u043a \u0441 \u0431\u043e\u043b\u044c\u0448\u0438\u043c \u043e\u0431\u044a\u0451\u043c\u043e\u043c. \u041c\u0430\u043a\u0441\u0438\u043c\u0430\u043b\u044c\u043d\u043e \u0434\u043e\u043f\u0443\u0441\u0442\u0438\u043c\u0430\u044f \u043d\u0430\u0433\u0440\u0443\u0437\u043a\u0430 \u043d\u0435 \u0431\u043e\u043b\u0435\u0435 25\u043a\u0433.","_links":{"self":[{"href":"https:\/\/velo.md\/ro\/wp-json\/wp\/v2\/product\/8489","targetHints":{"allow":["GET"]}}],"collection":[{"href":"https:\/\/velo.md\/ro\/wp-json\/wp\/v2\/product"}],"about":[{"href":"https:\/\/velo.md\/ro\/wp-json\/wp\/v2\/types\/product"}],"replies":[{"embeddable":true,"href":"https:\/\/velo.md\/ro\/wp-json\/wp\/v2\/comments?post=8489"}],"wp:featuredmedia":[{"embeddable":true,"href":"https:\/\/velo.md\/ro\/wp-json\/wp\/v2\/media\/8491"}],"wp:attachment":[{"href":"https:\/\/velo.md\/ro\/wp-json\/wp\/v2\/media?parent=8489"}],"wp:term":[{"taxonomy":"product_cat","embeddable":true,"href":"https:\/\/velo.md\/ro\/wp-json\/wp\/v2\/product_cat?post=8489"},{"taxonomy":"product_tag","embeddable":true,"href":"https:\/\/velo.md\/ro\/wp-json\/wp\/v2\/product_tag?post=8489"}],"curies":[{"name":"wp","href":"https:\/\/api.w.org\/{rel}","templated":true}]}}