{"id":8406,"date":"2022-10-13T12:59:40","date_gmt":"2022-10-13T12:59:40","guid":{"rendered":"https:\/\/velo.md\/product\/uncategorized\/zamok-asl-31-8x1500\/"},"modified":"2025-07-13T14:53:14","modified_gmt":"2025-07-13T14:53:14","slug":"zamok-asl-31-8x1500","status":"publish","type":"product","link":"https:\/\/velo.md\/ro\/products\/accessories\/locks\/zamok-asl-31-8x1500\/","title":{"rendered":"\u00cencuietoare ASL-31 8\u00d71500"},"content":{"rendered":"<p>Fr\u00e2nghie spiralat\u0103 cu lac\u0103t pentru blocarea uneia sau mai multor biciclete, cu suport universal pentru tija scaunului, patru chei, fr\u00e2nghie din o\u021bel cu diametrul de 8 mm x 1500 mm, greutate 320 g.<\/p>","protected":false},"excerpt":{"rendered":"<p>Fr\u00e2nghie spiralat\u0103 cu lac\u0103t pentru blocarea uneia sau mai multor biciclete, cu suport universal pentru tija scaunului, patru chei, fr\u00e2nghie din o\u021bel cu diametrul de 8 mm x 1500 mm, greutate 320 g.<\/p>","protected":false},"featured_media":8408,"comment_status":"closed","ping_status":"closed","template":"","meta":{"_uag_custom_page_level_css":"","site-sidebar-layout":"no-sidebar","site-content-layout":"plain-container","ast-global-header-display":"","ast-main-header-display":"","ast-hfb-above-header-display":"","ast-hfb-below-header-display":"","ast-hfb-mobile-header-display":"","site-post-title":"","ast-breadcrumbs-content":"","ast-featured-img":"","footer-sml-layout":"","theme-transparent-header-meta":"default","adv-header-id-meta":"","stick-header-meta":"","header-above-stick-meta":"","header-main-stick-meta":"","header-below-stick-meta":""},"product_cat":[496,637],"product_tag":[],"class_list":["post-8406","product","type-product","status-publish","has-post-thumbnail","hentry","product_cat-accessories","product_cat-locks","top_cat_496"],"uagb_featured_image_src":{"full":["https:\/\/velo.md\/wp-content\/uploads\/2022\/10\/00071.jpg",1024,768,false],"thumbnail":["https:\/\/velo.md\/wp-content\/uploads\/2022\/10\/00071-150x150.jpg",150,150,true],"medium":["https:\/\/velo.md\/wp-content\/uploads\/2022\/10\/00071-300x225.jpg",300,225,true],"medium_large":["https:\/\/velo.md\/wp-content\/uploads\/2022\/10\/00071-768x576.jpg",768,576,true],"large":["https:\/\/velo.md\/wp-content\/uploads\/2022\/10\/00071.jpg",1024,768,false],"1536x1536":["https:\/\/velo.md\/wp-content\/uploads\/2022\/10\/00071.jpg",1024,768,false],"2048x2048":["https:\/\/velo.md\/wp-content\/uploads\/2022\/10\/00071.jpg",1024,768,false],"trp-custom-language-flag":["https:\/\/velo.md\/wp-content\/uploads\/2022\/10\/00071.jpg",16,12,false],"xl":["https:\/\/velo.md\/wp-content\/uploads\/2022\/10\/00071.jpg",1024,768,false],"xxl":["https:\/\/velo.md\/wp-content\/uploads\/2022\/10\/00071.jpg",1024,768,false],"xxxl":["https:\/\/velo.md\/wp-content\/uploads\/2022\/10\/00071.jpg",1024,768,false],"xxxxl":["https:\/\/velo.md\/wp-content\/uploads\/2022\/10\/00071.jpg",1024,768,false],"xxxxxl":["https:\/\/velo.md\/wp-content\/uploads\/2022\/10\/00071.jpg",1024,768,false],"woocommerce_thumbnail":["https:\/\/velo.md\/wp-content\/uploads\/2022\/10\/00071-300x222.jpg",300,222,true],"woocommerce_single":["https:\/\/velo.md\/wp-content\/uploads\/2022\/10\/00071-600x450.jpg",600,450,true],"woocommerce_gallery_thumbnail":["https:\/\/velo.md\/wp-content\/uploads\/2022\/10\/00071-100x100.jpg",100,100,true],"variation_swatches_image_size":["https:\/\/velo.md\/wp-content\/uploads\/2022\/10\/00071-50x50.jpg",50,50,true],"variation_swatches_tooltip_size":["https:\/\/velo.md\/wp-content\/uploads\/2022\/10\/00071-100x100.jpg",100,100,true]},"uagb_author_info":{"display_name":"admin","author_link":"https:\/\/velo.md\/ro\/author\/"},"uagb_comment_info":5,"uagb_excerpt":"\u0421\u043f\u0438\u0440\u0430\u043b\u044c\u043d\u044b\u0439 \u0442\u0440\u043e\u0441 \u0441 \u0437\u0430\u043c\u043a\u043e\u043c \u0434\u043b\u044f \u0437\u0430\u043c\u044b\u043a\u0430\u043d\u0438\u044f \u043e\u0434\u043d\u043e\u0433\u043e \u0438\u043b\u0438 \u043d\u0435\u0441\u043a\u043e\u043b\u044c\u043a\u0438\u0445 \u0432\u0435\u043b\u043e\u0441\u0438\u043f\u0435\u0434\u043e\u0432, \u0441 \u0443\u043d\u0438\u0432\u0435\u0440\u0441\u0430\u043b\u044c\u043d\u044b\u043c \u0434\u0435\u0440\u0436\u0430\u0442\u0435\u043b\u0435\u043c \u043a \u043f\u043e\u0434\u0441\u0435\u0434\u0435\u043b\u044c\u043d\u043e\u043c\u0443 \u0448\u0442\u044b\u0440\u044e, \u0447\u0435\u0442\u044b\u0440\u0435 \u043a\u043b\u044e\u0447\u0430, \u0442\u0440\u043e\u0441 \u0441\u0442\u0430\u043b\u044c \u0434\u0438\u0430\u043c. 8\u043c\u043c \u0445 1500\u043c\u043c, \u0432\u0435\u0441 320\u0433.","_links":{"self":[{"href":"https:\/\/velo.md\/ro\/wp-json\/wp\/v2\/product\/8406","targetHints":{"allow":["GET"]}}],"collection":[{"href":"https:\/\/velo.md\/ro\/wp-json\/wp\/v2\/product"}],"about":[{"href":"https:\/\/velo.md\/ro\/wp-json\/wp\/v2\/types\/product"}],"replies":[{"embeddable":true,"href":"https:\/\/velo.md\/ro\/wp-json\/wp\/v2\/comments?post=8406"}],"wp:featuredmedia":[{"embeddable":true,"href":"https:\/\/velo.md\/ro\/wp-json\/wp\/v2\/media\/8408"}],"wp:attachment":[{"href":"https:\/\/velo.md\/ro\/wp-json\/wp\/v2\/media?parent=8406"}],"wp:term":[{"taxonomy":"product_cat","embeddable":true,"href":"https:\/\/velo.md\/ro\/wp-json\/wp\/v2\/product_cat?post=8406"},{"taxonomy":"product_tag","embeddable":true,"href":"https:\/\/velo.md\/ro\/wp-json\/wp\/v2\/product_tag?post=8406"}],"curies":[{"name":"wp","href":"https:\/\/api.w.org\/{rel}","templated":true}]}}