{"id":8397,"date":"2022-10-13T12:59:40","date_gmt":"2022-10-13T12:59:40","guid":{"rendered":"https:\/\/velo.md\/product\/uncategorized\/zamok-s-signalizacziej-m-wave\/"},"modified":"2025-05-23T12:55:16","modified_gmt":"2025-05-23T12:55:16","slug":"zamok-s-signalizacziej-m-wave","status":"publish","type":"product","link":"https:\/\/velo.md\/ro\/products\/accessories\/locks\/zamok-s-signalizacziej-m-wave\/","title":{"rendered":"\u00cencuietoare cu alarm\u0103 M-Wave"},"content":{"rendered":"<p>M-WAVE Lock N Roll este un lac\u0103t de biciclet\u0103 fiabil cu o func\u021bie de alarm\u0103 care se activeaz\u0103 atunci c\u00e2nd bicicleta dvs. se mi\u0219c\u0103 sau c\u00e2nd se \u00eencearc\u0103 t\u0103ierea cablului. Alarma are un volum de 90dB, asigur\u00e2ndu-v\u0103 c\u0103 nu rata\u021bi o poten\u021bial\u0103 amenin\u021bare la adresa bicicletei dvs.  \u00cencuietoarea ofer\u0103 o gam\u0103 de 10.000 de combina\u021bii \u0219i v\u0103 permite s\u0103 schimba\u021bi codul \u00een orice moment.<\/p>","protected":false},"excerpt":{"rendered":"<ul>\n<li>\u00cencuietoare cu cod din patru cifre care poate fi schimbat la discre\u021bie<\/li>\n<li>Dimensiune compact\u0103<\/li>\n<li>Semnal puternic<\/li>\n<li>Func\u021bioneaz\u0103 cu baterii<\/li>\n<\/ul>","protected":false},"featured_media":15568,"comment_status":"closed","ping_status":"closed","template":"","meta":{"_uag_custom_page_level_css":"","site-sidebar-layout":"no-sidebar","site-content-layout":"plain-container","ast-global-header-display":"","ast-main-header-display":"","ast-hfb-above-header-display":"","ast-hfb-below-header-display":"","ast-hfb-mobile-header-display":"","site-post-title":"","ast-breadcrumbs-content":"","ast-featured-img":"","footer-sml-layout":"","theme-transparent-header-meta":"default","adv-header-id-meta":"","stick-header-meta":"","header-above-stick-meta":"","header-main-stick-meta":"","header-below-stick-meta":""},"product_cat":[496,637],"product_tag":[],"class_list":["post-8397","product","type-product","status-publish","has-post-thumbnail","hentry","product_cat-accessories","product_cat-locks","top_cat_496"],"uagb_featured_image_src":{"full":["https:\/\/velo.md\/wp-content\/uploads\/2022\/10\/230054_180306f.jpg",1500,1500,false],"thumbnail":["https:\/\/velo.md\/wp-content\/uploads\/2022\/10\/230054_180306f-150x150.jpg",150,150,true],"medium":["https:\/\/velo.md\/wp-content\/uploads\/2022\/10\/230054_180306f-300x300.jpg",300,300,true],"medium_large":["https:\/\/velo.md\/wp-content\/uploads\/2022\/10\/230054_180306f-768x768.jpg",768,768,true],"large":["https:\/\/velo.md\/wp-content\/uploads\/2022\/10\/230054_180306f-1024x1024.jpg",1024,1024,true],"1536x1536":["https:\/\/velo.md\/wp-content\/uploads\/2022\/10\/230054_180306f.jpg",1500,1500,false],"2048x2048":["https:\/\/velo.md\/wp-content\/uploads\/2022\/10\/230054_180306f.jpg",1500,1500,false],"trp-custom-language-flag":["https:\/\/velo.md\/wp-content\/uploads\/2022\/10\/230054_180306f-12x12.jpg",12,12,true],"xl":["https:\/\/velo.md\/wp-content\/uploads\/2022\/10\/230054_180306f.jpg",1500,1500,false],"xxl":["https:\/\/velo.md\/wp-content\/uploads\/2022\/10\/230054_180306f.jpg",1500,1500,false],"xxxl":["https:\/\/velo.md\/wp-content\/uploads\/2022\/10\/230054_180306f.jpg",1500,1500,false],"xxxxl":["https:\/\/velo.md\/wp-content\/uploads\/2022\/10\/230054_180306f.jpg",1500,1500,false],"xxxxxl":["https:\/\/velo.md\/wp-content\/uploads\/2022\/10\/230054_180306f.jpg",1500,1500,false],"woocommerce_thumbnail":["https:\/\/velo.md\/wp-content\/uploads\/2022\/10\/230054_180306f-300x222.jpg",300,222,true],"woocommerce_single":["https:\/\/velo.md\/wp-content\/uploads\/2022\/10\/230054_180306f-600x600.jpg",600,600,true],"woocommerce_gallery_thumbnail":["https:\/\/velo.md\/wp-content\/uploads\/2022\/10\/230054_180306f-100x100.jpg",100,100,true],"variation_swatches_image_size":["https:\/\/velo.md\/wp-content\/uploads\/2022\/10\/230054_180306f-50x50.jpg",50,50,true],"variation_swatches_tooltip_size":["https:\/\/velo.md\/wp-content\/uploads\/2022\/10\/230054_180306f-100x100.jpg",100,100,true]},"uagb_author_info":{"display_name":"admin","author_link":"https:\/\/velo.md\/ro\/author\/"},"uagb_comment_info":4,"uagb_excerpt":"\u0427\u0435\u0442\u044b\u0440\u0435\u0445\u0437\u043d\u0430\u0447\u043d\u044b\u0439 \u043a\u043e\u0434\u043e\u0432\u044b\u0439 \u0437\u0430\u043c\u043e\u043a, \u043a\u043e\u0442\u043e\u0440\u044b\u0439 \u043c\u043e\u0436\u043d\u043e \u0438\u0437\u043c\u0435\u043d\u0438\u0442\u044c \u043f\u043e \u0436\u0435\u043b\u0430\u043d\u0438\u044e \u041a\u043e\u043c\u043f\u0430\u043a\u0442\u043d\u044b\u0439 \u0440\u0430\u0437\u043c\u0435\u0440 \u0413\u0440\u043e\u043c\u043a\u0438\u0439 \u0441\u0438\u0433\u043d\u0430\u043b \u0420\u0430\u0431\u043e\u0442\u0430\u0435\u0442 \u043d\u0430 \u0431\u0430\u0442\u0430\u0440\u0435\u0439\u043a\u0430\u0445","_links":{"self":[{"href":"https:\/\/velo.md\/ro\/wp-json\/wp\/v2\/product\/8397","targetHints":{"allow":["GET"]}}],"collection":[{"href":"https:\/\/velo.md\/ro\/wp-json\/wp\/v2\/product"}],"about":[{"href":"https:\/\/velo.md\/ro\/wp-json\/wp\/v2\/types\/product"}],"replies":[{"embeddable":true,"href":"https:\/\/velo.md\/ro\/wp-json\/wp\/v2\/comments?post=8397"}],"wp:featuredmedia":[{"embeddable":true,"href":"https:\/\/velo.md\/ro\/wp-json\/wp\/v2\/media\/15568"}],"wp:attachment":[{"href":"https:\/\/velo.md\/ro\/wp-json\/wp\/v2\/media?parent=8397"}],"wp:term":[{"taxonomy":"product_cat","embeddable":true,"href":"https:\/\/velo.md\/ro\/wp-json\/wp\/v2\/product_cat?post=8397"},{"taxonomy":"product_tag","embeddable":true,"href":"https:\/\/velo.md\/ro\/wp-json\/wp\/v2\/product_tag?post=8397"}],"curies":[{"name":"wp","href":"https:\/\/api.w.org\/{rel}","templated":true}]}}