{"id":8389,"date":"2022-10-13T12:59:40","date_gmt":"2022-10-13T12:59:40","guid":{"rendered":"https:\/\/velo.md\/product\/uncategorized\/smart-bike-lock-linka\/"},"modified":"2025-07-13T14:53:18","modified_gmt":"2025-07-13T14:53:18","slug":"smart-bike-lock-linka","status":"publish","type":"product","link":"https:\/\/velo.md\/ro\/products\/accessories\/locks\/smart-bike-lock-linka\/","title":{"rendered":"Smart Bike Lock LINKA"},"content":{"rendered":"","protected":false},"excerpt":{"rendered":"<p>LINKA este prima \u00eencuietoare inteligent\u0103 pentru biciclete din lume cu func\u021bie de deblocare automat\u0103. \u00cencuietoarea are, de asemenea, o func\u021bie de trimitere a notific\u0103rilor \u00een cazul unei tentative de furt, o siren\u0103 antifurt integrat\u0103, posibilitatea de a bloca \u0219i debloca \u00eencuietoarea f\u0103r\u0103 cheie \u0219i multe alte caracteristici interesante. \u00cencuietoarea pentru biciclete a devenit mai inteligent\u0103 \u0219i mai u\u0219or de utilizat.<\/p>","protected":false},"featured_media":8391,"comment_status":"closed","ping_status":"closed","template":"","meta":{"_uag_custom_page_level_css":"","site-sidebar-layout":"no-sidebar","site-content-layout":"plain-container","ast-global-header-display":"","ast-main-header-display":"","ast-hfb-above-header-display":"","ast-hfb-below-header-display":"","ast-hfb-mobile-header-display":"","site-post-title":"","ast-breadcrumbs-content":"","ast-featured-img":"","footer-sml-layout":"","theme-transparent-header-meta":"default","adv-header-id-meta":"","stick-header-meta":"","header-above-stick-meta":"","header-main-stick-meta":"","header-below-stick-meta":""},"product_cat":[1559,496,637],"product_tag":[],"class_list":["post-8389","product","type-product","status-publish","has-post-thumbnail","hentry","product_cat-1559","product_cat-accessories","product_cat-locks","top_cat_496"],"uagb_featured_image_src":{"full":["https:\/\/velo.md\/wp-content\/uploads\/2022\/10\/231501_1024x1024.jpg",1024,1024,false],"thumbnail":["https:\/\/velo.md\/wp-content\/uploads\/2022\/10\/231501_1024x1024-150x150.jpg",150,150,true],"medium":["https:\/\/velo.md\/wp-content\/uploads\/2022\/10\/231501_1024x1024-300x300.jpg",300,300,true],"medium_large":["https:\/\/velo.md\/wp-content\/uploads\/2022\/10\/231501_1024x1024-768x768.jpg",768,768,true],"large":["https:\/\/velo.md\/wp-content\/uploads\/2022\/10\/231501_1024x1024.jpg",1024,1024,false],"1536x1536":["https:\/\/velo.md\/wp-content\/uploads\/2022\/10\/231501_1024x1024.jpg",1024,1024,false],"2048x2048":["https:\/\/velo.md\/wp-content\/uploads\/2022\/10\/231501_1024x1024.jpg",1024,1024,false],"trp-custom-language-flag":["https:\/\/velo.md\/wp-content\/uploads\/2022\/10\/231501_1024x1024.jpg",12,12,false],"xl":["https:\/\/velo.md\/wp-content\/uploads\/2022\/10\/231501_1024x1024.jpg",1024,1024,false],"xxl":["https:\/\/velo.md\/wp-content\/uploads\/2022\/10\/231501_1024x1024.jpg",1024,1024,false],"xxxl":["https:\/\/velo.md\/wp-content\/uploads\/2022\/10\/231501_1024x1024.jpg",1024,1024,false],"xxxxl":["https:\/\/velo.md\/wp-content\/uploads\/2022\/10\/231501_1024x1024.jpg",1024,1024,false],"xxxxxl":["https:\/\/velo.md\/wp-content\/uploads\/2022\/10\/231501_1024x1024.jpg",1024,1024,false],"woocommerce_thumbnail":["https:\/\/velo.md\/wp-content\/uploads\/2022\/10\/231501_1024x1024-300x222.jpg",300,222,true],"woocommerce_single":["https:\/\/velo.md\/wp-content\/uploads\/2022\/10\/231501_1024x1024-600x600.jpg",600,600,true],"woocommerce_gallery_thumbnail":["https:\/\/velo.md\/wp-content\/uploads\/2022\/10\/231501_1024x1024-100x100.jpg",100,100,true],"variation_swatches_image_size":["https:\/\/velo.md\/wp-content\/uploads\/2022\/10\/231501_1024x1024-50x50.jpg",50,50,true],"variation_swatches_tooltip_size":["https:\/\/velo.md\/wp-content\/uploads\/2022\/10\/231501_1024x1024-100x100.jpg",100,100,true]},"uagb_author_info":{"display_name":"admin","author_link":"https:\/\/velo.md\/ro\/author\/"},"uagb_comment_info":6,"uagb_excerpt":"LINKA - \u043f\u0435\u0440\u0432\u044b\u0439 \u0432 \u043c\u0438\u0440\u0435 \u0443\u043c\u043d\u044b\u0439 \u0432\u0435\u043b\u043e\u0441\u0438\u043f\u0435\u0434\u043d\u044b\u0439 \u0437\u0430\u043c\u043e\u043a \u0441 \u0444\u0443\u043d\u043a\u0446\u0438\u0435\u0439 \u0430\u0432\u0442\u043e\u043c\u0430\u0442\u0438\u0447\u0435\u0441\u043a\u043e\u0439 \u0440\u0430\u0437\u0431\u043b\u043e\u043a\u0438\u0440\u043e\u0432\u043a\u0438. \u0417\u0430\u043c\u043e\u043a \u0438\u043c\u0435\u0435\u0442 \u0442\u0430\u043a\u0436\u0435 \u0444\u0443\u043d\u043a\u0446\u0438\u044e \u043e\u0442\u043f\u0440\u0430\u0432\u043a\u0438 \u0443\u0432\u0435\u0434\u043e\u043c\u043b\u0435\u043d\u0438\u0439 \u0432 \u0441\u043b\u0443\u0447\u0430\u0435 \u043f\u043e\u043f\u044b\u0442\u043a\u0438 \u0443\u0433\u043e\u043d\u0430, \u0432\u0441\u0442\u0440\u043e\u0435\u043d\u043d\u0443\u044e \u043f\u0440\u043e\u0442\u0438\u0432\u043e\u0443\u0433\u043e\u043d\u043d\u0443\u044e \u0441\u0438\u0440\u0435\u043d\u0443, \u0432\u043e\u0437\u043c\u043e\u0436\u043d\u043e\u0441\u0442\u044c \u0431\u043b\u043e\u043a\u0438\u0440\u043e\u0432\u043a\u0438 \u0438 \u0440\u0430\u0437\u0431\u043b\u043e\u043a\u0438\u0440\u043e\u0432\u043a\u0438 \u0437\u0430\u043c\u043a\u0430 \u0431\u0435\u0437 \u043a\u043b\u044e\u0447\u0430 \u0438 \u043c\u043d\u043e\u0433\u0438\u0435 \u0434\u0440\u0443\u0433\u0438\u0435 \u0438\u043d\u0442\u0435\u0440\u0435\u0441\u043d\u044b\u0435 \u0444\u0443\u043d\u043a\u0446\u0438\u0438. \u0412\u0435\u043b\u043e\u0441\u0438\u043f\u0435\u0434\u043d\u044b\u0439 \u0437\u0430\u043c\u043e\u043a \u0441\u0442\u0430\u043b \u0443\u043c\u043d\u0435\u0435, \u0430 \u0438\u0441\u043f\u043e\u043b\u044c\u0437\u043e\u0432\u0430\u0442\u044c \u0435\u0433\u043e \u0441\u0442\u0430\u043b\u043e \u043b\u0435\u0433\u0447\u0435.","_links":{"self":[{"href":"https:\/\/velo.md\/ro\/wp-json\/wp\/v2\/product\/8389","targetHints":{"allow":["GET"]}}],"collection":[{"href":"https:\/\/velo.md\/ro\/wp-json\/wp\/v2\/product"}],"about":[{"href":"https:\/\/velo.md\/ro\/wp-json\/wp\/v2\/types\/product"}],"replies":[{"embeddable":true,"href":"https:\/\/velo.md\/ro\/wp-json\/wp\/v2\/comments?post=8389"}],"wp:featuredmedia":[{"embeddable":true,"href":"https:\/\/velo.md\/ro\/wp-json\/wp\/v2\/media\/8391"}],"wp:attachment":[{"href":"https:\/\/velo.md\/ro\/wp-json\/wp\/v2\/media?parent=8389"}],"wp:term":[{"taxonomy":"product_cat","embeddable":true,"href":"https:\/\/velo.md\/ro\/wp-json\/wp\/v2\/product_cat?post=8389"},{"taxonomy":"product_tag","embeddable":true,"href":"https:\/\/velo.md\/ro\/wp-json\/wp\/v2\/product_tag?post=8389"}],"curies":[{"name":"wp","href":"https:\/\/api.w.org\/{rel}","templated":true}]}}