{"id":8327,"date":"2022-10-13T10:39:25","date_gmt":"2022-10-13T10:39:25","guid":{"rendered":"https:\/\/velo.md\/product\/uncategorized\/velopriczep-detskij-m-wave\/"},"modified":"2026-04-10T14:27:51","modified_gmt":"2026-04-10T14:27:51","slug":"velopriczep-detskij-m-wave","status":"publish","type":"product","link":"https:\/\/velo.md\/ro\/products\/accessories\/trailers\/velopriczep-detskij-m-wave\/","title":{"rendered":"Remorc\u0103 pentru biciclete pentru copii M-Wave"},"content":{"rendered":"<p>Remorc\u0103 de biciclet\u0103 M-Wave pentru transportul de m\u0103rfuri sau copii, cadru \u0219i jant\u0103 din aluminiu, ro\u021bi de 20\u2033, 2 scaune cu centuri de siguran\u021b\u0103, acoperi\u0219 deta\u0219abil, protec\u021bie \u00eempotriva ploii, 600x740x580 mm, capacitate de \u00eenc\u0103rcare maxim\u0103 40 kg.<\/p>","protected":false},"excerpt":{"rendered":"<p>Remorc\u0103 de biciclet\u0103 M-Wave pentru transportul de m\u0103rfuri sau copii, cadru \u0219i jant\u0103 din aluminiu, ro\u021bi de 20\u2033, 2 scaune cu centuri de siguran\u021b\u0103, acoperi\u0219 deta\u0219abil, protec\u021bie \u00eempotriva ploii, 600x740x580 mm, capacitate de \u00eenc\u0103rcare maxim\u0103 40 kg.<\/p>","protected":false},"featured_media":8114,"comment_status":"closed","ping_status":"closed","template":"","meta":{"_uag_custom_page_level_css":"","site-sidebar-layout":"no-sidebar","site-content-layout":"plain-container","ast-global-header-display":"","ast-main-header-display":"","ast-hfb-above-header-display":"","ast-hfb-below-header-display":"","ast-hfb-mobile-header-display":"","site-post-title":"","ast-breadcrumbs-content":"","ast-featured-img":"","footer-sml-layout":"","theme-transparent-header-meta":"default","adv-header-id-meta":"","stick-header-meta":"","header-above-stick-meta":"","header-main-stick-meta":"","header-below-stick-meta":""},"product_cat":[496,625],"product_tag":[],"class_list":["post-8327","product","type-product","status-publish","has-post-thumbnail","hentry","product_cat-accessories","product_cat-trailers","top_cat_496"],"uagb_featured_image_src":{"full":["https:\/\/velo.md\/wp-content\/uploads\/2022\/10\/640092.jpg",711,1024,false],"thumbnail":["https:\/\/velo.md\/wp-content\/uploads\/2022\/10\/640092-150x150.jpg",150,150,true],"medium":["https:\/\/velo.md\/wp-content\/uploads\/2022\/10\/640092-208x300.jpg",208,300,true],"medium_large":["https:\/\/velo.md\/wp-content\/uploads\/2022\/10\/640092.jpg",711,1024,false],"large":["https:\/\/velo.md\/wp-content\/uploads\/2022\/10\/640092.jpg",711,1024,false],"1536x1536":["https:\/\/velo.md\/wp-content\/uploads\/2022\/10\/640092.jpg",711,1024,false],"2048x2048":["https:\/\/velo.md\/wp-content\/uploads\/2022\/10\/640092.jpg",711,1024,false],"trp-custom-language-flag":["https:\/\/velo.md\/wp-content\/uploads\/2022\/10\/640092.jpg",8,12,false],"xl":["https:\/\/velo.md\/wp-content\/uploads\/2022\/10\/640092.jpg",711,1024,false],"xxl":["https:\/\/velo.md\/wp-content\/uploads\/2022\/10\/640092.jpg",711,1024,false],"xxxl":["https:\/\/velo.md\/wp-content\/uploads\/2022\/10\/640092.jpg",711,1024,false],"xxxxl":["https:\/\/velo.md\/wp-content\/uploads\/2022\/10\/640092.jpg",711,1024,false],"xxxxxl":["https:\/\/velo.md\/wp-content\/uploads\/2022\/10\/640092.jpg",711,1024,false],"woocommerce_thumbnail":["https:\/\/velo.md\/wp-content\/uploads\/2022\/10\/640092-300x222.jpg",300,222,true],"woocommerce_single":["https:\/\/velo.md\/wp-content\/uploads\/2022\/10\/640092-600x864.jpg",600,864,true],"woocommerce_gallery_thumbnail":["https:\/\/velo.md\/wp-content\/uploads\/2022\/10\/640092-100x100.jpg",100,100,true],"variation_swatches_image_size":["https:\/\/velo.md\/wp-content\/uploads\/2022\/10\/640092-50x50.jpg",50,50,true],"variation_swatches_tooltip_size":["https:\/\/velo.md\/wp-content\/uploads\/2022\/10\/640092-100x100.jpg",100,100,true]},"uagb_author_info":{"display_name":"admin","author_link":"https:\/\/velo.md\/ro\/author\/"},"uagb_comment_info":3,"uagb_excerpt":"\u0412\u0435\u043b\u043e\u0441\u0438\u043f\u0435\u0434\u043d\u044b\u0439 \u043f\u0440\u0438\u0446\u0435\u043f \u0434\u043b\u044f \u043f\u0435\u0440\u0435\u0432\u043e\u0437\u043a\u0438 \u0433\u0440\u0443\u0437\u043e\u0432 \u0438\u043b\u0438 \u0434\u0435\u0442\u0435\u0439 M-Wave, \u0430\u043b\u044e\u043c\u0438\u043d\u0438\u0435\u0432\u044b\u0435 \u0440\u0430\u043c\u0430 \u0438 \u043e\u0431\u043e\u0434, \u043a\u043e\u043b\u0435\u0441\u0430 20&#8243;, 2 \u0441\u0438\u0434\u0435\u043d\u044c\u044f \u0441 \u0440\u0435\u043c\u043d\u044f\u043c\u0438 \u0431\u0435\u0437\u043e\u043f\u0430\u0441\u043d\u043e\u0441\u0442\u0438, \u0441\u044a\u0435\u043c\u043d\u0430\u044f \u043a\u0440\u044b\u0448\u0430, \u0437\u0430\u0449\u0438\u0442\u0430 \u043e\u0442 \u0434\u043e\u0436\u0434\u044f, 600\u0445740\u0445580 \u043c\u043c, \u043c\u0430\u043a\u0441. \u0433\u0440\u0443\u0437\u043e\u043f\u043e\u0434\u044a\u0435\u043c\u043d\u043e\u0441\u0442\u044c 40 \u043a\u0433.","_links":{"self":[{"href":"https:\/\/velo.md\/ro\/wp-json\/wp\/v2\/product\/8327","targetHints":{"allow":["GET"]}}],"collection":[{"href":"https:\/\/velo.md\/ro\/wp-json\/wp\/v2\/product"}],"about":[{"href":"https:\/\/velo.md\/ro\/wp-json\/wp\/v2\/types\/product"}],"replies":[{"embeddable":true,"href":"https:\/\/velo.md\/ro\/wp-json\/wp\/v2\/comments?post=8327"}],"wp:featuredmedia":[{"embeddable":true,"href":"https:\/\/velo.md\/ro\/wp-json\/wp\/v2\/media\/8114"}],"wp:attachment":[{"href":"https:\/\/velo.md\/ro\/wp-json\/wp\/v2\/media?parent=8327"}],"wp:term":[{"taxonomy":"product_cat","embeddable":true,"href":"https:\/\/velo.md\/ro\/wp-json\/wp\/v2\/product_cat?post=8327"},{"taxonomy":"product_tag","embeddable":true,"href":"https:\/\/velo.md\/ro\/wp-json\/wp\/v2\/product_tag?post=8327"}],"curies":[{"name":"wp","href":"https:\/\/api.w.org\/{rel}","templated":true}]}}