{"id":8278,"date":"2022-10-13T10:37:33","date_gmt":"2022-10-13T10:37:33","guid":{"rendered":"https:\/\/velo.md\/product\/uncategorized\/otpugivatel-komarov\/"},"modified":"2025-07-13T14:53:22","modified_gmt":"2025-07-13T14:53:22","slug":"otpugivatel-komarov","status":"publish","type":"product","link":"https:\/\/velo.md\/ro\/products\/accessories\/electronics\/otpugivatel-komarov\/","title":{"rendered":"Repelent de \u021b\u00e2n\u021bari"},"content":{"rendered":"<p>Func\u021bioneaz\u0103 pe o raz\u0103 de 1,5 m, frecven\u021ba de operare 10-16 kHz, reglabil\u0103.Alimentarea 1xAA (nu este inclus\u0103).<br \/>                              Repelentul de \u021b\u00e2n\u021bari se bazeaz\u0103 pe efectul de a crea un sunet cu o frecven\u021b\u0103 care imit\u0103 zumzetul \u0219i sunetul de alarm\u0103 al \u021b\u00e2n\u021barilor masculi, care este insuportabil pentru \"jum\u0103t\u0103\u021bile\" de \u021b\u00e2n\u021bari femele \u00een perioada de reproducere. De ce anume \u00eempotriva \"femelelor\" de \u021b\u00e2n\u021bari este \u00eendreptat\u0103 aceast\u0103 inven\u021bie? Da, pentru c\u0103 tocmai ele, sug\u0103toarele de s\u00e2nge, sunt cele care se ocup\u0103 de comer\u021bul cu vampiri pe pielea noastr\u0103. Efectul sonor al repelentului de \u021b\u00e2n\u021bari este foarte slab - iar dup\u0103-amiaza \u0219i seara \"cacofonia\" de sunete este aproape invizibil\u0103 pentru oameni.<\/p>\n<p> Dimensiuni: 7 (L) x 3,6 (l) x 2,2 (p) cm.<\/p>\n<p> Fabricare Taiwan<\/p>","protected":false},"excerpt":{"rendered":"<p>\u0420\u0430\u0431\u043e\u0442\u0430\u0435\u0442 \u0432 \u0440\u0430\u0434\u0438\u0443\u0441\u0435 1,5 \u043c, \u0440\u0430\u0431\u043e\u0447\u0430\u044f \u0447\u0430\u0441\u0442\u043e\u0442\u0430 10-16 \u043a\u0413\u0446, \u0440\u0435\u0433\u0443\u043b\u0438\u0440\u0443\u0435\u043c\u0430\u044f.\u041f\u0438\u0442\u0430\u043d\u0438\u0435 1xAA(\u0432 \u043a\u043e\u043c\u043f\u043b\u0435\u043a\u0442 \u043d\u0435 \u0432\u0445\u043e\u0434\u0438\u0442). \u041e\u0442\u043f\u0443\u0433\u0438\u0432\u0430\u0442\u0435\u043b\u044c \u043a\u043e\u043c\u0430\u0440\u043e\u0432 \u043f\u043e\u0441\u0442\u0440\u043e\u0435\u043d \u043d\u0430 \u044d\u0444\u0444\u0435\u043a\u0442\u0435 \u0441\u043e\u0437\u0434\u0430\u043d\u0438\u044f \u0437\u0432\u0443\u043a\u0430 \u0441 \u0447\u0430\u0441\u0442\u043e\u0442\u043e\u0439, \u0438\u043c\u0438\u0442\u0438\u0440\u0443\u044e\u0449\u0435\u0439 \u0436\u0443\u0436\u0436\u0430\u043d\u0438\u0435 \u0438 \u0437\u0432\u0443\u043a \u0442\u0440\u0435\u0432\u043e\u0433\u0438 \u043a\u043e\u043c\u0430\u0440\u0430 \u043c\u0443\u0436\u0441\u043a\u043e\u0439 \u043e\u0441\u043e\u0431\u0438, \u043a\u043e\u0442\u043e\u0440\u044b\u0439 \u043d\u0435\u0432\u044b\u043d\u043e\u0441\u0438\u043c \u0434\u043b\u044f \u0436\u0435\u043d\u0441\u043a\u0438\u0445 \u043a\u043e\u043c\u0430\u0440\u0438\u043d\u044b\u0445 &#171;\u043f\u043e\u043b\u043e\u0432\u0438\u043d&#187; \u0432 \u043f\u0435\u0440\u0438\u043e\u0434 \u0440\u0430\u0437\u043c\u043d\u043e\u0436\u0435\u043d\u0438\u044f. \u041f\u043e\u0447\u0435\u043c\u0443 \u0438\u043c\u0435\u043d\u043d\u043e \u043f\u0440\u043e\u0442\u0438\u0432 \u043a\u043e\u043c\u0430\u0440\u0438\u043d\u044b\u0445 &#171;\u0436\u0435\u043d\u0449\u0438\u043d&#187; \u043d\u0430\u043f\u0440\u0430\u0432\u043b\u0435\u043d\u043e \u0434\u0430\u043d\u043d\u043e\u0435 \u0438\u0437\u043e\u0431\u0440\u0435\u0442\u0435\u043d\u0438\u0435? \u0414\u0430 \u043f\u043e\u0442\u043e\u043c\u0443, \u0447\u0442\u043e \u0438\u043c\u0435\u043d\u043d\u043e \u043e\u043d\u0438, \u043a\u0440\u043e\u0432\u043e\u043f\u0438\u0439\u0446\u044b, \u0438 &hellip;<\/p>\n<p class=\"read-more\"> <a class=\"\" href=\"https:\/\/velo.md\/ro\/products\/accessories\/electronics\/otpugivatel-komarov\/\"> <span class=\"screen-reader-text\">Repelent de \u021b\u00e2n\u021bari<\/span> Cite\u0219te mai mult \"<\/a><\/p>","protected":false},"featured_media":8039,"comment_status":"closed","ping_status":"open","template":"","meta":{"_uag_custom_page_level_css":"","site-sidebar-layout":"no-sidebar","site-content-layout":"plain-container","ast-global-header-display":"","ast-main-header-display":"","ast-hfb-above-header-display":"","ast-hfb-below-header-display":"","ast-hfb-mobile-header-display":"","site-post-title":"","ast-breadcrumbs-content":"","ast-featured-img":"","footer-sml-layout":"","theme-transparent-header-meta":"default","adv-header-id-meta":"","stick-header-meta":"","header-above-stick-meta":"","header-main-stick-meta":"","header-below-stick-meta":""},"product_cat":[496,623],"product_tag":[],"class_list":["post-8278","product","type-product","status-publish","has-post-thumbnail","hentry","product_cat-accessories","product_cat-electronics","top_cat_496"],"uagb_featured_image_src":{"full":["https:\/\/velo.md\/wp-content\/uploads\/2022\/10\/00060.jpg",181,209,false],"thumbnail":["https:\/\/velo.md\/wp-content\/uploads\/2022\/10\/00060-150x150.jpg",150,150,true],"medium":["https:\/\/velo.md\/wp-content\/uploads\/2022\/10\/00060.jpg",181,209,false],"medium_large":["https:\/\/velo.md\/wp-content\/uploads\/2022\/10\/00060.jpg",181,209,false],"large":["https:\/\/velo.md\/wp-content\/uploads\/2022\/10\/00060.jpg",181,209,false],"1536x1536":["https:\/\/velo.md\/wp-content\/uploads\/2022\/10\/00060.jpg",181,209,false],"2048x2048":["https:\/\/velo.md\/wp-content\/uploads\/2022\/10\/00060.jpg",181,209,false],"trp-custom-language-flag":["https:\/\/velo.md\/wp-content\/uploads\/2022\/10\/00060.jpg",10,12,false],"xl":["https:\/\/velo.md\/wp-content\/uploads\/2022\/10\/00060.jpg",181,209,false],"xxl":["https:\/\/velo.md\/wp-content\/uploads\/2022\/10\/00060.jpg",181,209,false],"xxxl":["https:\/\/velo.md\/wp-content\/uploads\/2022\/10\/00060.jpg",181,209,false],"xxxxl":["https:\/\/velo.md\/wp-content\/uploads\/2022\/10\/00060.jpg",181,209,false],"xxxxxl":["https:\/\/velo.md\/wp-content\/uploads\/2022\/10\/00060.jpg",181,209,false],"woocommerce_thumbnail":["https:\/\/velo.md\/wp-content\/uploads\/2022\/10\/00060-181x180.jpg",181,180,true],"woocommerce_single":["https:\/\/velo.md\/wp-content\/uploads\/2022\/10\/00060.jpg",181,209,false],"woocommerce_gallery_thumbnail":["https:\/\/velo.md\/wp-content\/uploads\/2022\/10\/00060-100x100.jpg",100,100,true],"variation_swatches_image_size":["https:\/\/velo.md\/wp-content\/uploads\/2022\/10\/00060-50x50.jpg",50,50,true],"variation_swatches_tooltip_size":["https:\/\/velo.md\/wp-content\/uploads\/2022\/10\/00060-100x100.jpg",100,100,true]},"uagb_author_info":{"display_name":"admin","author_link":"https:\/\/velo.md\/ro\/author\/"},"uagb_comment_info":5,"uagb_excerpt":"\u0420\u0430\u0431\u043e\u0442\u0430\u0435\u0442 \u0432 \u0440\u0430\u0434\u0438\u0443\u0441\u0435 1,5 \u043c, \u0440\u0430\u0431\u043e\u0447\u0430\u044f \u0447\u0430\u0441\u0442\u043e\u0442\u0430 10-16 \u043a\u0413\u0446, \u0440\u0435\u0433\u0443\u043b\u0438\u0440\u0443\u0435\u043c\u0430\u044f.\u041f\u0438\u0442\u0430\u043d\u0438\u0435 1xAA(\u0432 \u043a\u043e\u043c\u043f\u043b\u0435\u043a\u0442 \u043d\u0435 \u0432\u0445\u043e\u0434\u0438\u0442). \u041e\u0442\u043f\u0443\u0433\u0438\u0432\u0430\u0442\u0435\u043b\u044c \u043a\u043e\u043c\u0430\u0440\u043e\u0432 \u043f\u043e\u0441\u0442\u0440\u043e\u0435\u043d \u043d\u0430 \u044d\u0444\u0444\u0435\u043a\u0442\u0435 \u0441\u043e\u0437\u0434\u0430\u043d\u0438\u044f \u0437\u0432\u0443\u043a\u0430 \u0441 \u0447\u0430\u0441\u0442\u043e\u0442\u043e\u0439, \u0438\u043c\u0438\u0442\u0438\u0440\u0443\u044e\u0449\u0435\u0439 \u0436\u0443\u0436\u0436\u0430\u043d\u0438\u0435 \u0438 \u0437\u0432\u0443\u043a \u0442\u0440\u0435\u0432\u043e\u0433\u0438 \u043a\u043e\u043c\u0430\u0440\u0430 \u043c\u0443\u0436\u0441\u043a\u043e\u0439 \u043e\u0441\u043e\u0431\u0438, \u043a\u043e\u0442\u043e\u0440\u044b\u0439 \u043d\u0435\u0432\u044b\u043d\u043e\u0441\u0438\u043c \u0434\u043b\u044f \u0436\u0435\u043d\u0441\u043a\u0438\u0445 \u043a\u043e\u043c\u0430\u0440\u0438\u043d\u044b\u0445 &#171;\u043f\u043e\u043b\u043e\u0432\u0438\u043d&#187; \u0432 \u043f\u0435\u0440\u0438\u043e\u0434 \u0440\u0430\u0437\u043c\u043d\u043e\u0436\u0435\u043d\u0438\u044f. \u041f\u043e\u0447\u0435\u043c\u0443 \u0438\u043c\u0435\u043d\u043d\u043e \u043f\u0440\u043e\u0442\u0438\u0432 \u043a\u043e\u043c\u0430\u0440\u0438\u043d\u044b\u0445 &#171;\u0436\u0435\u043d\u0449\u0438\u043d&#187; \u043d\u0430\u043f\u0440\u0430\u0432\u043b\u0435\u043d\u043e \u0434\u0430\u043d\u043d\u043e\u0435 \u0438\u0437\u043e\u0431\u0440\u0435\u0442\u0435\u043d\u0438\u0435? \u0414\u0430 \u043f\u043e\u0442\u043e\u043c\u0443, \u0447\u0442\u043e \u0438\u043c\u0435\u043d\u043d\u043e \u043e\u043d\u0438, \u043a\u0440\u043e\u0432\u043e\u043f\u0438\u0439\u0446\u044b, \u0438&hellip;","_links":{"self":[{"href":"https:\/\/velo.md\/ro\/wp-json\/wp\/v2\/product\/8278","targetHints":{"allow":["GET"]}}],"collection":[{"href":"https:\/\/velo.md\/ro\/wp-json\/wp\/v2\/product"}],"about":[{"href":"https:\/\/velo.md\/ro\/wp-json\/wp\/v2\/types\/product"}],"replies":[{"embeddable":true,"href":"https:\/\/velo.md\/ro\/wp-json\/wp\/v2\/comments?post=8278"}],"wp:featuredmedia":[{"embeddable":true,"href":"https:\/\/velo.md\/ro\/wp-json\/wp\/v2\/media\/8039"}],"wp:attachment":[{"href":"https:\/\/velo.md\/ro\/wp-json\/wp\/v2\/media?parent=8278"}],"wp:term":[{"taxonomy":"product_cat","embeddable":true,"href":"https:\/\/velo.md\/ro\/wp-json\/wp\/v2\/product_cat?post=8278"},{"taxonomy":"product_tag","embeddable":true,"href":"https:\/\/velo.md\/ro\/wp-json\/wp\/v2\/product_tag?post=8278"}],"curies":[{"name":"wp","href":"https:\/\/api.w.org\/{rel}","templated":true}]}}