{"id":8247,"date":"2022-10-13T10:32:47","date_gmt":"2022-10-13T10:32:47","guid":{"rendered":"https:\/\/velo.md\/product\/uncategorized\/velosipednaya-signalizacziya\/"},"modified":"2025-07-13T14:53:22","modified_gmt":"2025-07-13T14:53:22","slug":"velosipednaya-signalizacziya","status":"publish","type":"product","link":"https:\/\/velo.md\/ro\/products\/accessories\/electronics\/velosipednaya-signalizacziya\/","title":{"rendered":"Semnalizarea bicicletelor"},"content":{"rendered":"<p>Un sistem de alarm\u0103 pentru a atrage aten\u021bia celorlal\u021bi \u0219i pentru a v\u0103 proteja bicicleta de intru\u0219i. Un cablu sau un lan\u021b pe biciclet\u0103 reprezint\u0103 doar jum\u0103tate din b\u0103t\u0103lie, iar \u00een combina\u021bie cu un sistem de alarm\u0103, chiar \u0219i cel mai \"experimentat\" ho\u021b de biciclete nu va dori s\u0103 se joace cu o astfel de ap\u0103rare.<\/p>\n<p>Sistemul de alarm\u0103 este ata\u0219at de cadru sau de ghidon cu ajutorul unui dispozitiv de fixare \u0219i a unei p\u0103r\u021bi speciale turnate din carcas\u0103. Acesta este activat prin men\u021binerea ap\u0103sat\u0103 a tastei 2 timp de 2 secunde, dup\u0103 5 secunde este complet activ.<br \/>\nC\u00e2nd cineva \u00eencearc\u0103 s\u0103 fac\u0103 ceva cu bicicleta dvs., alarma este declan\u0219at\u0103, alarma puternic\u0103 de 120db va speria intrusul \u0219i acesta va renun\u021ba pur \u0219i simplu la biciclet\u0103.<\/p>\n<p>Pentru deblocare, trebuie s\u0103 forma\u021bi o combina\u021bie de numere de 4 cifre. Fabricat din plastic durabil. F\u0103r\u0103 deteriorare sau ruginire din cauza contactului cu rama.<\/p>\n<p>Surs\u0103 de alimentare - \"Krona\" 9V<\/p>","protected":false},"excerpt":{"rendered":"<ul>\n<li>senzor de mi\u0219care cu 3 set\u0103ri de sensibilitate<\/li>\n<li>Blocare cu cod de 4 cifre<\/li>\n<li>volumul sirenei 120 dB<\/li>\n<li>alimentare: baterie krona de 9V (inclus\u0103)<\/li>\n<\/ul>","protected":false},"featured_media":15298,"comment_status":"closed","ping_status":"closed","template":"","meta":{"_uag_custom_page_level_css":"","site-sidebar-layout":"no-sidebar","site-content-layout":"plain-container","ast-global-header-display":"","ast-main-header-display":"","ast-hfb-above-header-display":"","ast-hfb-below-header-display":"","ast-hfb-mobile-header-display":"","site-post-title":"","ast-breadcrumbs-content":"","ast-featured-img":"","footer-sml-layout":"","theme-transparent-header-meta":"default","adv-header-id-meta":"","stick-header-meta":"","header-above-stick-meta":"","header-main-stick-meta":"","header-below-stick-meta":""},"product_cat":[496,623],"product_tag":[],"class_list":["post-8247","product","type-product","status-publish","has-post-thumbnail","hentry","product_cat-accessories","product_cat-electronics","top_cat_496"],"uagb_featured_image_src":{"full":["https:\/\/velo.md\/wp-content\/uploads\/2022\/10\/234000.jpg",1500,1500,false],"thumbnail":["https:\/\/velo.md\/wp-content\/uploads\/2022\/10\/234000-150x150.jpg",150,150,true],"medium":["https:\/\/velo.md\/wp-content\/uploads\/2022\/10\/234000-300x300.jpg",300,300,true],"medium_large":["https:\/\/velo.md\/wp-content\/uploads\/2022\/10\/234000-768x768.jpg",768,768,true],"large":["https:\/\/velo.md\/wp-content\/uploads\/2022\/10\/234000-1024x1024.jpg",1024,1024,true],"1536x1536":["https:\/\/velo.md\/wp-content\/uploads\/2022\/10\/234000.jpg",1500,1500,false],"2048x2048":["https:\/\/velo.md\/wp-content\/uploads\/2022\/10\/234000.jpg",1500,1500,false],"trp-custom-language-flag":["https:\/\/velo.md\/wp-content\/uploads\/2022\/10\/234000-12x12.jpg",12,12,true],"xl":["https:\/\/velo.md\/wp-content\/uploads\/2022\/10\/234000.jpg",1500,1500,false],"xxl":["https:\/\/velo.md\/wp-content\/uploads\/2022\/10\/234000.jpg",1500,1500,false],"xxxl":["https:\/\/velo.md\/wp-content\/uploads\/2022\/10\/234000.jpg",1500,1500,false],"xxxxl":["https:\/\/velo.md\/wp-content\/uploads\/2022\/10\/234000.jpg",1500,1500,false],"xxxxxl":["https:\/\/velo.md\/wp-content\/uploads\/2022\/10\/234000.jpg",1500,1500,false],"woocommerce_thumbnail":["https:\/\/velo.md\/wp-content\/uploads\/2022\/10\/234000-300x222.jpg",300,222,true],"woocommerce_single":["https:\/\/velo.md\/wp-content\/uploads\/2022\/10\/234000-600x600.jpg",600,600,true],"woocommerce_gallery_thumbnail":["https:\/\/velo.md\/wp-content\/uploads\/2022\/10\/234000-100x100.jpg",100,100,true],"variation_swatches_image_size":["https:\/\/velo.md\/wp-content\/uploads\/2022\/10\/234000-50x50.jpg",50,50,true],"variation_swatches_tooltip_size":["https:\/\/velo.md\/wp-content\/uploads\/2022\/10\/234000-100x100.jpg",100,100,true]},"uagb_author_info":{"display_name":"admin","author_link":"https:\/\/velo.md\/ro\/author\/"},"uagb_comment_info":4,"uagb_excerpt":"\u0434\u0430\u0442\u0447\u0438\u043a \u0434\u0432\u0438\u0436\u0435\u043d\u0438\u044f \u0441 3-\u044f \u0441\u0442\u0435\u043f\u0435\u043d\u044f\u043c\u0438 \u043d\u0430\u0441\u0442\u0440\u043e\u0439\u043a\u0438 \u0447\u0443\u0432\u0441\u0442\u0432\u0438\u0442\u0435\u043b\u044c\u043d\u043e\u0441\u0442\u0438 4-\u0445 \u0440\u0430\u0437\u0440\u044f\u0434\u043d\u044b\u0439 \u043a\u043e\u0434\u043e\u0432\u044b\u0439 \u0437\u0430\u043c\u043e\u043a \u0433\u0440\u043e\u043c\u043a\u043e\u0441\u0442\u044c \u0441\u0438\u0440\u0435\u043d\u044b 120 \u0414\u0431 \u043f\u0438\u0442\u0430\u043d\u0438\u0435: \u0431\u0430\u0442\u0430\u0440\u0435\u0439\u043a\u0430 9V \u043a\u0440\u043e\u043d\u0430 (\u0432 \u043a\u043e\u043c\u043f\u043b\u0435\u043a\u0442\u0435)","_links":{"self":[{"href":"https:\/\/velo.md\/ro\/wp-json\/wp\/v2\/product\/8247","targetHints":{"allow":["GET"]}}],"collection":[{"href":"https:\/\/velo.md\/ro\/wp-json\/wp\/v2\/product"}],"about":[{"href":"https:\/\/velo.md\/ro\/wp-json\/wp\/v2\/types\/product"}],"replies":[{"embeddable":true,"href":"https:\/\/velo.md\/ro\/wp-json\/wp\/v2\/comments?post=8247"}],"wp:featuredmedia":[{"embeddable":true,"href":"https:\/\/velo.md\/ro\/wp-json\/wp\/v2\/media\/15298"}],"wp:attachment":[{"href":"https:\/\/velo.md\/ro\/wp-json\/wp\/v2\/media?parent=8247"}],"wp:term":[{"taxonomy":"product_cat","embeddable":true,"href":"https:\/\/velo.md\/ro\/wp-json\/wp\/v2\/product_cat?post=8247"},{"taxonomy":"product_tag","embeddable":true,"href":"https:\/\/velo.md\/ro\/wp-json\/wp\/v2\/product_tag?post=8247"}],"curies":[{"name":"wp","href":"https:\/\/api.w.org\/{rel}","templated":true}]}}