{"id":7605,"date":"2022-10-06T15:21:28","date_gmt":"2022-10-06T15:21:28","guid":{"rendered":"https:\/\/velo.md\/product\/uncategorized\/kolodki-diskovye-ashima-ad0102-ce-s-w-spring\/"},"modified":"2026-03-14T08:47:02","modified_gmt":"2026-03-14T08:47:02","slug":"kolodki-diskovye-ashima-ad0102-ce-s-w-spring","status":"publish","type":"product","link":"https:\/\/velo.md\/ro\/products\/parts\/disc-pads\/kolodki-diskovye-ashima-ad0102-ce-s-w-spring\/","title":{"rendered":"Pl\u0103cu\u021be de fr\u00e2n\u0103 pe disc ASHIMA AD0102-CE-S cu arc ASHIMA AD0102-CE-S cu arc"},"content":{"rendered":"<p>-Shimano<br \/>\nDeore BR-(M375 \/ M395 \/ M415 \/ M416 \/ M416A \/ M445 \/ M446 \/ M447 \/ M465 \/ M475 \/ M485 \/ M486 \/ M495 \/ M515 \/ M515 \/ M515LA \/ M525 \/ M575 \/T615) ; Deore LX BR-T675 ; Tourney TX BR-TX805 ; Metrea BR-UR300 ; Nexave BR-(C501 \/ C601) ; BR-(MT500 \/ MT400 \/ MT200)<br \/>\n-Tektro<br \/>\nAquila MD-M500 ; Auriga HD-(M285 \/ M286 \/ M290 \/ M291 \/ M700 \/ T530 \/ T525 \/ T520 \/ E530 \/ E525 \/ E520 \/ E500) ; Draco HD-(M350 \/ M351 \/ M352) ; Orion HD-(M740 \/ M730 \/ M725 \/ M720) ; Gemini HD-(M520 \/ M521 \/ M500 \/ M501 \/ M510) ; HDC330 HD-(M330 \/ M301 \/ M300 \/ M280) ; Aries MD-M300 ; Mira MD-C400 ; Volans HD-T710 ; Vela HD-(T290 \/ T285) ; Dorado HD-E715.<br \/>\n-Promax<br \/>\nDSK-(927 \/ 926 \/ 925 \/ 923 \/ 920 \/ 915 \/ 718R)<br \/>\n-TRP<br \/>\nHylex ; HY\/RD ; Spyre SLC Spyre ; Spyke ; Dash Sport<br \/>\n-Giant<br \/>\nMPH R\u0103d\u0103cin\u0103<\/p>","protected":false},"excerpt":{"rendered":"<p>\u2022Shimano Deore BR-(M375 \/ M395 \/ M415 \/ M416 \/ M416A \/ M445 \/ M446 \/ M447 \/ M465 \/ M475 \/ M485 \/ M486 \/ M495 \/ M515 \/ M515LA \/ M525 \/ M575 \/T615) ; Deore LX BR-T675 ; Tourney TX BR-TX805 ; Metrea BR-UR300 ; Nexave BR-(C501 \/ C601) ; BR-(MT500 \/ &hellip;<\/p>\n<p class=\"read-more\"> <a class=\"\" href=\"https:\/\/velo.md\/ro\/products\/parts\/disc-pads\/kolodki-diskovye-ashima-ad0102-ce-s-w-spring\/\"> <span class=\"screen-reader-text\">Pl\u0103cu\u021be de fr\u00e2n\u0103 pe disc ASHIMA AD0102-CE-S cu arc ASHIMA AD0102-CE-S cu arc<\/span> Cite\u0219te mai mult \"<\/a><\/p>","protected":false},"featured_media":15685,"comment_status":"closed","ping_status":"closed","template":"","meta":{"_uag_custom_page_level_css":"","site-sidebar-layout":"no-sidebar","site-content-layout":"plain-container","ast-global-header-display":"","ast-main-header-display":"","ast-hfb-above-header-display":"","ast-hfb-below-header-display":"","ast-hfb-mobile-header-display":"","site-post-title":"","ast-breadcrumbs-content":"","ast-featured-img":"","footer-sml-layout":"","theme-transparent-header-meta":"default","adv-header-id-meta":"","stick-header-meta":"","header-above-stick-meta":"","header-main-stick-meta":"","header-below-stick-meta":""},"product_cat":[326,617],"product_tag":[],"class_list":["post-7605","product","type-product","status-publish","has-post-thumbnail","hentry","product_cat-parts","product_cat-disc-pads","top_cat_326"],"uagb_featured_image_src":{"full":["https:\/\/velo.md\/wp-content\/uploads\/2022\/10\/0102.jpg",500,375,false],"thumbnail":["https:\/\/velo.md\/wp-content\/uploads\/2022\/10\/0102-150x150.jpg",150,150,true],"medium":["https:\/\/velo.md\/wp-content\/uploads\/2022\/10\/0102-300x225.jpg",300,225,true],"medium_large":["https:\/\/velo.md\/wp-content\/uploads\/2022\/10\/0102.jpg",500,375,false],"large":["https:\/\/velo.md\/wp-content\/uploads\/2022\/10\/0102.jpg",500,375,false],"1536x1536":["https:\/\/velo.md\/wp-content\/uploads\/2022\/10\/0102.jpg",500,375,false],"2048x2048":["https:\/\/velo.md\/wp-content\/uploads\/2022\/10\/0102.jpg",500,375,false],"trp-custom-language-flag":["https:\/\/velo.md\/wp-content\/uploads\/2022\/10\/0102-16x12.jpg",16,12,true],"xl":["https:\/\/velo.md\/wp-content\/uploads\/2022\/10\/0102.jpg",500,375,false],"xxl":["https:\/\/velo.md\/wp-content\/uploads\/2022\/10\/0102.jpg",500,375,false],"xxxl":["https:\/\/velo.md\/wp-content\/uploads\/2022\/10\/0102.jpg",500,375,false],"xxxxl":["https:\/\/velo.md\/wp-content\/uploads\/2022\/10\/0102.jpg",500,375,false],"xxxxxl":["https:\/\/velo.md\/wp-content\/uploads\/2022\/10\/0102.jpg",500,375,false],"woocommerce_thumbnail":["https:\/\/velo.md\/wp-content\/uploads\/2022\/10\/0102-300x222.jpg",300,222,true],"woocommerce_single":["https:\/\/velo.md\/wp-content\/uploads\/2022\/10\/0102.jpg",500,375,false],"woocommerce_gallery_thumbnail":["https:\/\/velo.md\/wp-content\/uploads\/2022\/10\/0102-100x100.jpg",100,100,true],"variation_swatches_image_size":["https:\/\/velo.md\/wp-content\/uploads\/2022\/10\/0102-50x50.jpg",50,50,true],"variation_swatches_tooltip_size":["https:\/\/velo.md\/wp-content\/uploads\/2022\/10\/0102-100x100.jpg",100,100,true]},"uagb_author_info":{"display_name":"admin","author_link":"https:\/\/velo.md\/ro\/author\/"},"uagb_comment_info":4,"uagb_excerpt":"\u2022Shimano Deore BR-(M375 \/ M395 \/ M415 \/ M416 \/ M416A \/ M445 \/ M446 \/ M447 \/ M465 \/ M475 \/ M485 \/ M486 \/ M495 \/ M515 \/ M515LA \/ M525 \/ M575 \/T615) ; Deore LX BR-T675 ; Tourney TX BR-TX805 ; Metrea BR-UR300 ; Nexave BR-(C501 \/ C601) ; BR-(MT500 \/&hellip;","_links":{"self":[{"href":"https:\/\/velo.md\/ro\/wp-json\/wp\/v2\/product\/7605","targetHints":{"allow":["GET"]}}],"collection":[{"href":"https:\/\/velo.md\/ro\/wp-json\/wp\/v2\/product"}],"about":[{"href":"https:\/\/velo.md\/ro\/wp-json\/wp\/v2\/types\/product"}],"replies":[{"embeddable":true,"href":"https:\/\/velo.md\/ro\/wp-json\/wp\/v2\/comments?post=7605"}],"wp:featuredmedia":[{"embeddable":true,"href":"https:\/\/velo.md\/ro\/wp-json\/wp\/v2\/media\/15685"}],"wp:attachment":[{"href":"https:\/\/velo.md\/ro\/wp-json\/wp\/v2\/media?parent=7605"}],"wp:term":[{"taxonomy":"product_cat","embeddable":true,"href":"https:\/\/velo.md\/ro\/wp-json\/wp\/v2\/product_cat?post=7605"},{"taxonomy":"product_tag","embeddable":true,"href":"https:\/\/velo.md\/ro\/wp-json\/wp\/v2\/product_tag?post=7605"}],"curies":[{"name":"wp","href":"https:\/\/api.w.org\/{rel}","templated":true}]}}