{"id":6507,"date":"2022-06-30T19:23:26","date_gmt":"2022-06-30T19:23:26","guid":{"rendered":"https:\/\/velo.md\/product\/uncategorized\/adapter-ashima-au31\/"},"modified":"2025-08-02T11:07:30","modified_gmt":"2025-08-02T11:07:30","slug":"adapter-ashima-au31","status":"publish","type":"product","link":"https:\/\/velo.md\/ro\/products\/parts\/brakes\/adapter-ashima-au31\/","title":{"rendered":"Adaptor ASHIMA AU31"},"content":{"rendered":"<p>Transform\u0103 etrierul de montare a st\u00e2lpului \u00een furc\u0103 de montare a st\u00e2lpului; potrivit pentru F:OD- 180mm<\/p>","protected":false},"excerpt":{"rendered":"<p>PM-PM 180<\/p>","protected":false},"featured_media":6509,"comment_status":"closed","ping_status":"open","template":"","meta":{"_uag_custom_page_level_css":"","site-sidebar-layout":"no-sidebar","site-content-layout":"plain-container","ast-global-header-display":"","ast-main-header-display":"","ast-hfb-above-header-display":"","ast-hfb-below-header-display":"","ast-hfb-mobile-header-display":"","site-post-title":"","ast-breadcrumbs-content":"","ast-featured-img":"","footer-sml-layout":"","theme-transparent-header-meta":"default","adv-header-id-meta":"","stick-header-meta":"","header-above-stick-meta":"","header-main-stick-meta":"","header-below-stick-meta":""},"product_cat":[326,486],"product_tag":[],"class_list":["post-6507","product","type-product","status-publish","has-post-thumbnail","hentry","product_cat-parts","product_cat-brakes","top_cat_326"],"uagb_featured_image_src":{"full":["https:\/\/velo.md\/wp-content\/uploads\/2022\/06\/au31_760x1024.jpg",760,1024,false],"thumbnail":["https:\/\/velo.md\/wp-content\/uploads\/2022\/06\/au31_760x1024-150x150.jpg",150,150,true],"medium":["https:\/\/velo.md\/wp-content\/uploads\/2022\/06\/au31_760x1024-223x300.jpg",223,300,true],"medium_large":["https:\/\/velo.md\/wp-content\/uploads\/2022\/06\/au31_760x1024.jpg",760,1024,false],"large":["https:\/\/velo.md\/wp-content\/uploads\/2022\/06\/au31_760x1024.jpg",760,1024,false],"1536x1536":["https:\/\/velo.md\/wp-content\/uploads\/2022\/06\/au31_760x1024.jpg",760,1024,false],"2048x2048":["https:\/\/velo.md\/wp-content\/uploads\/2022\/06\/au31_760x1024.jpg",760,1024,false],"trp-custom-language-flag":["https:\/\/velo.md\/wp-content\/uploads\/2022\/06\/au31_760x1024.jpg",9,12,false],"xl":["https:\/\/velo.md\/wp-content\/uploads\/2022\/06\/au31_760x1024.jpg",760,1024,false],"xxl":["https:\/\/velo.md\/wp-content\/uploads\/2022\/06\/au31_760x1024.jpg",760,1024,false],"xxxl":["https:\/\/velo.md\/wp-content\/uploads\/2022\/06\/au31_760x1024.jpg",760,1024,false],"xxxxl":["https:\/\/velo.md\/wp-content\/uploads\/2022\/06\/au31_760x1024.jpg",760,1024,false],"xxxxxl":["https:\/\/velo.md\/wp-content\/uploads\/2022\/06\/au31_760x1024.jpg",760,1024,false],"woocommerce_thumbnail":["https:\/\/velo.md\/wp-content\/uploads\/2022\/06\/au31_760x1024-300x222.jpg",300,222,true],"woocommerce_single":["https:\/\/velo.md\/wp-content\/uploads\/2022\/06\/au31_760x1024-600x808.jpg",600,808,true],"woocommerce_gallery_thumbnail":["https:\/\/velo.md\/wp-content\/uploads\/2022\/06\/au31_760x1024-100x100.jpg",100,100,true],"variation_swatches_image_size":["https:\/\/velo.md\/wp-content\/uploads\/2022\/06\/au31_760x1024.jpg",37,50,false],"variation_swatches_tooltip_size":["https:\/\/velo.md\/wp-content\/uploads\/2022\/06\/au31_760x1024.jpg",74,100,false]},"uagb_author_info":{"display_name":"admin","author_link":"https:\/\/velo.md\/ro\/author\/"},"uagb_comment_info":6,"uagb_excerpt":"PM-PM 180","_links":{"self":[{"href":"https:\/\/velo.md\/ro\/wp-json\/wp\/v2\/product\/6507","targetHints":{"allow":["GET"]}}],"collection":[{"href":"https:\/\/velo.md\/ro\/wp-json\/wp\/v2\/product"}],"about":[{"href":"https:\/\/velo.md\/ro\/wp-json\/wp\/v2\/types\/product"}],"replies":[{"embeddable":true,"href":"https:\/\/velo.md\/ro\/wp-json\/wp\/v2\/comments?post=6507"}],"wp:featuredmedia":[{"embeddable":true,"href":"https:\/\/velo.md\/ro\/wp-json\/wp\/v2\/media\/6509"}],"wp:attachment":[{"href":"https:\/\/velo.md\/ro\/wp-json\/wp\/v2\/media?parent=6507"}],"wp:term":[{"taxonomy":"product_cat","embeddable":true,"href":"https:\/\/velo.md\/ro\/wp-json\/wp\/v2\/product_cat?post=6507"},{"taxonomy":"product_tag","embeddable":true,"href":"https:\/\/velo.md\/ro\/wp-json\/wp\/v2\/product_tag?post=6507"}],"curies":[{"name":"wp","href":"https:\/\/api.w.org\/{rel}","templated":true}]}}