{"id":4677,"date":"2022-06-24T19:27:01","date_gmt":"2022-06-24T19:27:01","guid":{"rendered":"https:\/\/velo.md\/product\/uncategorized\/vtulka-perednyaya-aco-helium-disc-15mm-f-32\/"},"modified":"2025-07-25T09:15:15","modified_gmt":"2025-07-25T09:15:15","slug":"vtulka-perednyaya-aco-helium-disc-15mm-f-32","status":"publish","type":"product","link":"https:\/\/velo.md\/ro\/products\/parts\/hubs\/vtulka-perednyaya-aco-helium-disc-15mm-f-32\/","title":{"rendered":"Butuc fa\u021b\u0103 ACO-Helium Disc 15mm F 32"},"content":{"rendered":"","protected":false},"excerpt":{"rendered":"<p>Corp butuc: o singur\u0103 bucat\u0103 AL6061T6; g\u0103uri: 14G x 32 g\u0103uri; pentru ax de 15mm; rulment S&amp;S Prom 2 buc\u0103\u021bi (st\u00e2nga \u0219i dreapta), greutate 150g. OLD 100mm.<\/p>","protected":false},"featured_media":4678,"comment_status":"closed","ping_status":"closed","template":"","meta":{"_uag_custom_page_level_css":"","site-sidebar-layout":"no-sidebar","site-content-layout":"plain-container","ast-global-header-display":"","ast-main-header-display":"","ast-hfb-above-header-display":"","ast-hfb-below-header-display":"","ast-hfb-mobile-header-display":"","site-post-title":"","ast-breadcrumbs-content":"","ast-featured-img":"","footer-sml-layout":"","theme-transparent-header-meta":"default","adv-header-id-meta":"","stick-header-meta":"","header-above-stick-meta":"","header-main-stick-meta":"","header-below-stick-meta":""},"product_cat":[326,372],"product_tag":[],"class_list":["post-4677","product","type-product","status-publish","has-post-thumbnail","hentry","product_cat-parts","product_cat-hubs","top_cat_326"],"uagb_featured_image_src":{"full":["https:\/\/velo.md\/wp-content\/uploads\/2022\/06\/23410130_1024x768.jpg",1024,768,false],"thumbnail":["https:\/\/velo.md\/wp-content\/uploads\/2022\/06\/23410130_1024x768-150x150.jpg",150,150,true],"medium":["https:\/\/velo.md\/wp-content\/uploads\/2022\/06\/23410130_1024x768-300x225.jpg",300,225,true],"medium_large":["https:\/\/velo.md\/wp-content\/uploads\/2022\/06\/23410130_1024x768-768x576.jpg",768,576,true],"large":["https:\/\/velo.md\/wp-content\/uploads\/2022\/06\/23410130_1024x768.jpg",1024,768,false],"1536x1536":["https:\/\/velo.md\/wp-content\/uploads\/2022\/06\/23410130_1024x768.jpg",1024,768,false],"2048x2048":["https:\/\/velo.md\/wp-content\/uploads\/2022\/06\/23410130_1024x768.jpg",1024,768,false],"trp-custom-language-flag":["https:\/\/velo.md\/wp-content\/uploads\/2022\/06\/23410130_1024x768.jpg",16,12,false],"xl":["https:\/\/velo.md\/wp-content\/uploads\/2022\/06\/23410130_1024x768.jpg",1024,768,false],"xxl":["https:\/\/velo.md\/wp-content\/uploads\/2022\/06\/23410130_1024x768.jpg",1024,768,false],"xxxl":["https:\/\/velo.md\/wp-content\/uploads\/2022\/06\/23410130_1024x768.jpg",1024,768,false],"xxxxl":["https:\/\/velo.md\/wp-content\/uploads\/2022\/06\/23410130_1024x768.jpg",1024,768,false],"xxxxxl":["https:\/\/velo.md\/wp-content\/uploads\/2022\/06\/23410130_1024x768.jpg",1024,768,false],"woocommerce_thumbnail":["https:\/\/velo.md\/wp-content\/uploads\/2022\/06\/23410130_1024x768-300x222.jpg",300,222,true],"woocommerce_single":["https:\/\/velo.md\/wp-content\/uploads\/2022\/06\/23410130_1024x768-600x450.jpg",600,450,true],"woocommerce_gallery_thumbnail":["https:\/\/velo.md\/wp-content\/uploads\/2022\/06\/23410130_1024x768-100x100.jpg",100,100,true],"variation_swatches_image_size":["https:\/\/velo.md\/wp-content\/uploads\/2022\/06\/23410130_1024x768.jpg",50,38,false],"variation_swatches_tooltip_size":["https:\/\/velo.md\/wp-content\/uploads\/2022\/06\/23410130_1024x768.jpg",100,75,false]},"uagb_author_info":{"display_name":"admin","author_link":"https:\/\/velo.md\/ro\/author\/"},"uagb_comment_info":3,"uagb_excerpt":"\u041a\u043e\u0440\u043f\u0443\u0441 \u0432\u0442\u0443\u043b\u043a\u0438: \u043e\u0434\u043d\u0430 \u0434\u0435\u0442\u0430\u043b\u044c AL6061T6; \u041e\u0442\u0432\u0435\u0440\u0441\u0442\u0438\u044f: 14G x 32 \u043e\u0442\u0432\u0435\u0440\u0441\u0442\u0438\u044f; \u0434\u043b\u044f \u043e\u0441\u0438 15 \u043c\u043c; \u041f\u0440\u043e\u043c\u043f\u043e\u0434\u0448\u0438\u043f\u043d\u0438\u043a S&amp;S 2 \u0448\u0442. (\u041b\u0435\u0432\u0430\u044f \u0438 \u043f\u0440\u0430\u0432\u0430\u044f \u0441\u0442\u043e\u0440\u043e\u043d\u0430), \u0432\u0435\u0441 150\u0433. OLD 100mm.","_links":{"self":[{"href":"https:\/\/velo.md\/ro\/wp-json\/wp\/v2\/product\/4677","targetHints":{"allow":["GET"]}}],"collection":[{"href":"https:\/\/velo.md\/ro\/wp-json\/wp\/v2\/product"}],"about":[{"href":"https:\/\/velo.md\/ro\/wp-json\/wp\/v2\/types\/product"}],"replies":[{"embeddable":true,"href":"https:\/\/velo.md\/ro\/wp-json\/wp\/v2\/comments?post=4677"}],"wp:featuredmedia":[{"embeddable":true,"href":"https:\/\/velo.md\/ro\/wp-json\/wp\/v2\/media\/4678"}],"wp:attachment":[{"href":"https:\/\/velo.md\/ro\/wp-json\/wp\/v2\/media?parent=4677"}],"wp:term":[{"taxonomy":"product_cat","embeddable":true,"href":"https:\/\/velo.md\/ro\/wp-json\/wp\/v2\/product_cat?post=4677"},{"taxonomy":"product_tag","embeddable":true,"href":"https:\/\/velo.md\/ro\/wp-json\/wp\/v2\/product_tag?post=4677"}],"curies":[{"name":"wp","href":"https:\/\/api.w.org\/{rel}","templated":true}]}}