{"id":16450,"date":"2025-05-23T12:26:15","date_gmt":"2025-05-23T12:26:15","guid":{"rendered":"https:\/\/velo.md\/?post_type=product&#038;p=16450"},"modified":"2025-07-13T14:50:52","modified_gmt":"2025-07-13T14:50:52","slug":"rezinka-dlya-bagazhnika-aes-501-black","status":"publish","type":"product","link":"https:\/\/velo.md\/ro\/products\/accessories\/baskets\/rezinka-dlya-bagazhnika-aes-501-black\/","title":{"rendered":"Curele de boot AES-501 (negru)"},"content":{"rendered":"","protected":false},"excerpt":{"rendered":"<div class=\"bigdescr\">\n<p>Benzi de cauciuc cu suporturi universale pentru rafturi de biciclete de la faimosul produc\u0103tor ceh AUTHOR, model AES-501. Concepute pentru fixarea rucsacurilor, gen\u021bilor \u0219i a altor \u00eenc\u0103rc\u0103turi pe suportul pentru biciclete. \u00centindere elastic\u0103 autor \u00een trei straturi, se potrive\u0219te tuturor tipurilor de suporturi pentru biciclete<\/p>\n<\/div>\n<div class=\"clearfix\"><\/div>","protected":false},"featured_media":16452,"comment_status":"closed","ping_status":"closed","template":"","meta":{"_uag_custom_page_level_css":"","site-sidebar-layout":"no-sidebar","site-content-layout":"plain-container","ast-global-header-display":"","ast-main-header-display":"","ast-hfb-above-header-display":"","ast-hfb-below-header-display":"","ast-hfb-mobile-header-display":"","site-post-title":"","ast-breadcrumbs-content":"","ast-featured-img":"","footer-sml-layout":"","theme-transparent-header-meta":"default","adv-header-id-meta":"","stick-header-meta":"","header-above-stick-meta":"","header-main-stick-meta":"","header-below-stick-meta":""},"product_cat":[496,639],"product_tag":[],"class_list":["post-16450","product","type-product","status-publish","has-post-thumbnail","hentry","product_cat-accessories","product_cat-baskets","top_cat_496"],"uagb_featured_image_src":{"full":["https:\/\/velo.md\/wp-content\/uploads\/2025\/05\/15210003.jpg",1200,900,false],"thumbnail":["https:\/\/velo.md\/wp-content\/uploads\/2025\/05\/15210003-150x150.jpg",150,150,true],"medium":["https:\/\/velo.md\/wp-content\/uploads\/2025\/05\/15210003-300x225.jpg",300,225,true],"medium_large":["https:\/\/velo.md\/wp-content\/uploads\/2025\/05\/15210003-768x576.jpg",768,576,true],"large":["https:\/\/velo.md\/wp-content\/uploads\/2025\/05\/15210003-1024x768.jpg",1024,768,true],"1536x1536":["https:\/\/velo.md\/wp-content\/uploads\/2025\/05\/15210003.jpg",1200,900,false],"2048x2048":["https:\/\/velo.md\/wp-content\/uploads\/2025\/05\/15210003.jpg",1200,900,false],"trp-custom-language-flag":["https:\/\/velo.md\/wp-content\/uploads\/2025\/05\/15210003-16x12.jpg",16,12,true],"xl":["https:\/\/velo.md\/wp-content\/uploads\/2025\/05\/15210003.jpg",1200,900,false],"xxl":["https:\/\/velo.md\/wp-content\/uploads\/2025\/05\/15210003.jpg",1200,900,false],"xxxl":["https:\/\/velo.md\/wp-content\/uploads\/2025\/05\/15210003.jpg",1200,900,false],"xxxxl":["https:\/\/velo.md\/wp-content\/uploads\/2025\/05\/15210003.jpg",1200,900,false],"xxxxxl":["https:\/\/velo.md\/wp-content\/uploads\/2025\/05\/15210003.jpg",1200,900,false],"woocommerce_thumbnail":["https:\/\/velo.md\/wp-content\/uploads\/2025\/05\/15210003-300x222.jpg",300,222,true],"woocommerce_single":["https:\/\/velo.md\/wp-content\/uploads\/2025\/05\/15210003-600x450.jpg",600,450,true],"woocommerce_gallery_thumbnail":["https:\/\/velo.md\/wp-content\/uploads\/2025\/05\/15210003-100x100.jpg",100,100,true],"variation_swatches_image_size":["https:\/\/velo.md\/wp-content\/uploads\/2025\/05\/15210003-50x50.jpg",50,50,true],"variation_swatches_tooltip_size":["https:\/\/velo.md\/wp-content\/uploads\/2025\/05\/15210003-100x100.jpg",100,100,true]},"uagb_author_info":{"display_name":"admin","author_link":"https:\/\/velo.md\/ro\/author\/"},"uagb_comment_info":2,"uagb_excerpt":"\u0420\u0435\u0437\u0438\u043d\u043a\u0438 \u0441 \u0443\u043d\u0438\u0432\u0435\u0440\u0441\u0430\u043b\u044c\u043d\u044b\u043c\u0438 \u043a\u0440\u0435\u043f\u043b\u0435\u043d\u0438\u044f\u043c\u0438 \u043d\u0430 \u0432\u0435\u043b\u043e\u0441\u0438\u043f\u0435\u0434\u043d\u044b\u0439 \u0431\u0430\u0433\u0430\u0436\u043d\u0438\u043a \u043e\u0442 \u0438\u0437\u0432\u0435\u0441\u0442\u043d\u043e\u0433\u043e \u0447\u0435\u0448\u0441\u043a\u043e\u0433\u043e \u043f\u0440\u043e\u0438\u0437\u0432\u043e\u0434\u0438\u0442\u0435\u043b\u044f AUTHOR, \u043c\u043e\u0434\u0435\u043b\u0438 AES-501. \u041f\u0440\u0435\u0434\u043d\u0430\u0437\u043d\u0430\u0447\u0435\u043d\u044b \u0434\u043b\u044f \u0437\u0430\u043a\u0440\u0435\u043f\u043b\u0435\u043d\u0438\u044f \u0440\u044e\u043a\u0437\u0430\u043a\u043e\u0432, \u0441\u0443\u043c\u043e\u043a \u0438 \u0434\u0440\u0443\u0433\u0438\u0445 \u0433\u0440\u0443\u0437\u043e\u0432 \u043d\u0430 \u0431\u0430\u0433\u0430\u0436\u043d\u0438\u043a\u0435 \u0432\u0435\u043b\u043e\u0441\u0438\u043f\u0435\u0434\u0430. \u0422\u0440\u0435\u0445\u0441\u043b\u043e\u0439\u043d\u0430\u044f \u044d\u043b\u0430\u0441\u0442\u0438\u0447\u043d\u0430\u044f \u0440\u0430\u0441\u0442\u044f\u0436\u043a\u0430 Author, \u043f\u043e\u0434\u0445\u043e\u0434\u0438\u0442 \u043a\u043e \u0432\u0441\u0435\u043c \u0442\u0438\u043f\u0430\u043c \u0431\u0430\u0433\u0430\u0436\u043d\u0438\u043a\u043e\u0432","_links":{"self":[{"href":"https:\/\/velo.md\/ro\/wp-json\/wp\/v2\/product\/16450","targetHints":{"allow":["GET"]}}],"collection":[{"href":"https:\/\/velo.md\/ro\/wp-json\/wp\/v2\/product"}],"about":[{"href":"https:\/\/velo.md\/ro\/wp-json\/wp\/v2\/types\/product"}],"replies":[{"embeddable":true,"href":"https:\/\/velo.md\/ro\/wp-json\/wp\/v2\/comments?post=16450"}],"wp:featuredmedia":[{"embeddable":true,"href":"https:\/\/velo.md\/ro\/wp-json\/wp\/v2\/media\/16452"}],"wp:attachment":[{"href":"https:\/\/velo.md\/ro\/wp-json\/wp\/v2\/media?parent=16450"}],"wp:term":[{"taxonomy":"product_cat","embeddable":true,"href":"https:\/\/velo.md\/ro\/wp-json\/wp\/v2\/product_cat?post=16450"},{"taxonomy":"product_tag","embeddable":true,"href":"https:\/\/velo.md\/ro\/wp-json\/wp\/v2\/product_tag?post=16450"}],"curies":[{"name":"wp","href":"https:\/\/api.w.org\/{rel}","templated":true}]}}