{"id":16435,"date":"2025-05-23T11:59:02","date_gmt":"2025-05-23T11:59:02","guid":{"rendered":"https:\/\/velo.md\/?post_type=product&#038;p=16435"},"modified":"2025-07-13T14:50:52","modified_gmt":"2025-07-13T14:50:52","slug":"sumka-na-bagazhnik-a-n441-x9","status":"publish","type":"product","link":"https:\/\/velo.md\/ro\/products\/accessories\/bags\/sumka-na-bagazhnik-a-n441-x9\/","title":{"rendered":"Geant\u0103 pentru bocanci A-N441 X9"},"content":{"rendered":"","protected":false},"excerpt":{"rendered":"<p>Geant\u0103 pentru cizme A-N441 X9, cu pere\u021bi consolida\u021bi, practic\u0103, pentru transportul diferitelor lucruri \u00een c\u0103l\u0103torii lungi, universal \u0219i u\u0219or de ata\u0219at la toate tipurile de cizme, volum variabil, buzunare pentru obiecte mici, h\u0103r\u021bi \u0219i flacoane, material hidrofug de \u00eenalt\u0103 calitate, V=15\/20L, 33x15x18cm, 595g, curea de um\u0103r, elemente reflectorizante, negru<\/p>","protected":false},"featured_media":16436,"comment_status":"closed","ping_status":"closed","template":"","meta":{"_uag_custom_page_level_css":"","site-sidebar-layout":"no-sidebar","site-content-layout":"plain-container","ast-global-header-display":"","ast-main-header-display":"","ast-hfb-above-header-display":"","ast-hfb-below-header-display":"","ast-hfb-mobile-header-display":"","site-post-title":"","ast-breadcrumbs-content":"","ast-featured-img":"","footer-sml-layout":"","theme-transparent-header-meta":"default","adv-header-id-meta":"","stick-header-meta":"","header-above-stick-meta":"","header-main-stick-meta":"","header-below-stick-meta":""},"product_cat":[496,641],"product_tag":[],"class_list":["post-16435","product","type-product","status-publish","has-post-thumbnail","hentry","product_cat-accessories","product_cat-bags","top_cat_496"],"uagb_featured_image_src":{"full":["https:\/\/velo.md\/wp-content\/uploads\/2025\/05\/15000007_foto_1.jpg",1200,900,false],"thumbnail":["https:\/\/velo.md\/wp-content\/uploads\/2025\/05\/15000007_foto_1-150x150.jpg",150,150,true],"medium":["https:\/\/velo.md\/wp-content\/uploads\/2025\/05\/15000007_foto_1-300x225.jpg",300,225,true],"medium_large":["https:\/\/velo.md\/wp-content\/uploads\/2025\/05\/15000007_foto_1-768x576.jpg",768,576,true],"large":["https:\/\/velo.md\/wp-content\/uploads\/2025\/05\/15000007_foto_1-1024x768.jpg",1024,768,true],"1536x1536":["https:\/\/velo.md\/wp-content\/uploads\/2025\/05\/15000007_foto_1.jpg",1200,900,false],"2048x2048":["https:\/\/velo.md\/wp-content\/uploads\/2025\/05\/15000007_foto_1.jpg",1200,900,false],"trp-custom-language-flag":["https:\/\/velo.md\/wp-content\/uploads\/2025\/05\/15000007_foto_1-16x12.jpg",16,12,true],"xl":["https:\/\/velo.md\/wp-content\/uploads\/2025\/05\/15000007_foto_1.jpg",1200,900,false],"xxl":["https:\/\/velo.md\/wp-content\/uploads\/2025\/05\/15000007_foto_1.jpg",1200,900,false],"xxxl":["https:\/\/velo.md\/wp-content\/uploads\/2025\/05\/15000007_foto_1.jpg",1200,900,false],"xxxxl":["https:\/\/velo.md\/wp-content\/uploads\/2025\/05\/15000007_foto_1.jpg",1200,900,false],"xxxxxl":["https:\/\/velo.md\/wp-content\/uploads\/2025\/05\/15000007_foto_1.jpg",1200,900,false],"woocommerce_thumbnail":["https:\/\/velo.md\/wp-content\/uploads\/2025\/05\/15000007_foto_1-300x222.jpg",300,222,true],"woocommerce_single":["https:\/\/velo.md\/wp-content\/uploads\/2025\/05\/15000007_foto_1-600x450.jpg",600,450,true],"woocommerce_gallery_thumbnail":["https:\/\/velo.md\/wp-content\/uploads\/2025\/05\/15000007_foto_1-100x100.jpg",100,100,true],"variation_swatches_image_size":["https:\/\/velo.md\/wp-content\/uploads\/2025\/05\/15000007_foto_1-50x50.jpg",50,50,true],"variation_swatches_tooltip_size":["https:\/\/velo.md\/wp-content\/uploads\/2025\/05\/15000007_foto_1-100x100.jpg",100,100,true]},"uagb_author_info":{"display_name":"admin","author_link":"https:\/\/velo.md\/ro\/author\/"},"uagb_comment_info":2,"uagb_excerpt":"\u0421\u0443\u043c\u043a\u0430 \u043d\u0430 \u0431\u0430\u0433\u0430\u0436\u043d\u0438\u043a A-N441 X9, \u0441 \u0443\u043a\u0440\u0435\u043f\u043b\u0435\u043d\u043d\u044b\u043c\u0438 \u0441\u0442\u0435\u043d\u043a\u0430\u043c\u0438, \u043f\u0440\u0430\u043a\u0442\u0438\u0447\u043d\u0430\u044f, \u0434\u043b\u044f \u043f\u0435\u0440\u0435\u0432\u043e\u0437\u043a\u0438 \u0440\u0430\u0437\u043b\u0438\u0447\u043d\u044b\u0445 \u0432\u0435\u0449\u0435\u0439 \u0432 \u0434\u043b\u0438\u0442\u0435\u043b\u044c\u043d\u044b\u0445 \u043f\u043e\u0435\u0437\u0434\u043a\u0430\u0445, \u0443\u043d\u0438\u0432\u0435\u0440\u0441\u0430\u043b\u044c\u043d\u043e\u0435 \u0438 \u043b\u0435\u0433\u043a\u043e\u0435 \u043a\u0440\u0435\u043f\u043b\u0435\u043d\u0438\u0435 \u043d\u0430 \u0432\u0441\u0435 \u0442\u0438\u043f\u044b \u0431\u0430\u0433\u0430\u0436\u043d\u0438\u043a\u043e\u0432, \u0438\u0437\u043c\u0435\u043d\u044f\u0435\u043c\u044b\u0439 \u043e\u0431\u044a\u0435\u043c, \u043a\u0430\u0440\u043c\u0430\u043d\u044b \u0434\u043b\u044f \u043c\u0435\u043b\u043a\u0438\u0445 \u043f\u0440\u0435\u0434\u043c\u0435\u0442\u043e\u0432, \u043a\u0430\u0440\u0442\u044b \u0438 \u0444\u043b\u044f\u0433\u0438, \u0432\u044b\u0441\u043e\u043a\u043e\u043a\u0430\u0447\u0435\u0441\u0442\u0432\u0435\u043d\u043d\u044b\u0439 \u0432\u043e\u0434\u043e\u043e\u0442\u0442\u0430\u043b\u043a\u0438\u0432\u0430\u044e\u0449\u0438\u0439 \u043c\u0430\u0442\u0435\u0440\u0438\u0430\u043b, V=15\/20\u043b, 33\u044515\u044518\u0441\u043c, 595\u0433, \u043f\u043b\u0435\u0447\u0435\u0432\u043e\u0439 \u0440\u0435\u043c\u0435\u043d\u044c, \u0441\u0432\u0435\u0442\u043e\u043e\u0442\u0440\u0430\u0436\u0430\u044e\u0449\u0438\u0435 \u044d\u043b\u0435\u043c\u0435\u043d\u0442\u044b, \u0447\u0435\u0440\u043d\u0430\u044f","_links":{"self":[{"href":"https:\/\/velo.md\/ro\/wp-json\/wp\/v2\/product\/16435","targetHints":{"allow":["GET"]}}],"collection":[{"href":"https:\/\/velo.md\/ro\/wp-json\/wp\/v2\/product"}],"about":[{"href":"https:\/\/velo.md\/ro\/wp-json\/wp\/v2\/types\/product"}],"replies":[{"embeddable":true,"href":"https:\/\/velo.md\/ro\/wp-json\/wp\/v2\/comments?post=16435"}],"wp:featuredmedia":[{"embeddable":true,"href":"https:\/\/velo.md\/ro\/wp-json\/wp\/v2\/media\/16436"}],"wp:attachment":[{"href":"https:\/\/velo.md\/ro\/wp-json\/wp\/v2\/media?parent=16435"}],"wp:term":[{"taxonomy":"product_cat","embeddable":true,"href":"https:\/\/velo.md\/ro\/wp-json\/wp\/v2\/product_cat?post=16435"},{"taxonomy":"product_tag","embeddable":true,"href":"https:\/\/velo.md\/ro\/wp-json\/wp\/v2\/product_tag?post=16435"}],"curies":[{"name":"wp","href":"https:\/\/api.w.org\/{rel}","templated":true}]}}