{"id":16418,"date":"2025-05-22T16:10:26","date_gmt":"2025-05-22T16:10:26","guid":{"rendered":"https:\/\/velo.md\/?post_type=product&#038;p=16418"},"modified":"2025-07-13T14:50:52","modified_gmt":"2025-07-13T14:50:52","slug":"fara-proxima-1500-lm-hb-22-38-mm-usb-alloy","status":"publish","type":"product","link":"https:\/\/velo.md\/ro\/products\/accessories\/headlights\/fara-proxima-1500-lm-hb-22-38-mm-usb-alloy\/","title":{"rendered":"Lamp\u0103 frontal\u0103 PROXIMA 1500 lm \/ HB 22-38 mm USB Alloy"},"content":{"rendered":"<p>Cip LED 3 buc CREE XP-G3 LED.<br \/>\nTemperatura de culoare a LED-urilor: Mod faz\u0103 lung\u0103 5500K \/ Mod faz\u0103 scurt\u0103 4000K.<br \/>\n6 moduri de iluminare \u0219i vizibilitate lateral\u0103 excelent\u0103.<br \/>\n0-100% Monitor LCD de \u00eenc\u0103rcare \/ \u00eenc\u0103rcare a bateriei.<br \/>\nModel 21700 Baterie litiu-ion de mare capacitate 3.7V \/ 4800 mAh cu plac\u0103 de protec\u021bie.<br \/>\nTimp de \u00eenc\u0103rcare aproximativ 6 ore (\u00eenc\u0103rc\u0103tor 5V\/1.5A) - utiliza\u021bi cablul original.<br \/>\nPerioada recomandat\u0103 de desc\u0103rcare \/ \u00eenc\u0103rcare este de cel pu\u021bin o dat\u0103 \/ 6 luni.<br \/>\nCablu de \u00eenc\u0103rcare inclus (USB-A\/Micro-C).<br \/>\nIPX65 Rezistent la praf - previne p\u0103trunderea prafului. Protejeaz\u0103 \u00eempotriva jeturilor de ap\u0103 de joas\u0103 presiune din orice direc\u021bie, precum \u0219i \u00eempotriva condensului \u0219i stropilor de ap\u0103.<br \/>\nMod sigur - C\u00e2nd bateria este desc\u0103rcat\u0103, lanterna trece automat \u00een modul sigur de 50 de lumeni pentru \u00eenc\u0103 30 de minute.<br \/>\nComutator inteligent cu memorie - ap\u0103sa\u021bi 1 secund\u0103 pentru a opri \u00een orice mod de iluminare (porni\u021bi \u00een acela\u0219i mod). Activarea modului super luminos de 1000 lm prin ap\u0103sarea dubl\u0103 a butonului de alimentare.<br \/>\nAdaptor pentru suporturi GoPro standard (inclus).<br \/>\nSuport pentru profile rotunde cu un diametru de 25 mm - 32 mm.<br \/>\nPort USB-A \u00eencorporat cu func\u021bie paverbank pentru re\u00eenc\u0103rcarea dispozitivelor electronice \u00een timpul deplas\u0103rii.<br \/>\nSuport pentru montarea pe casc\u0103.<br \/>\nDimensiuni 115mm x 33mm x 40mm \/ greutate 226g cu suport.<\/p>","protected":false},"excerpt":{"rendered":"<p>AUTHOR PROXIMA 1500 lm cu func\u021bie powerbank este mai mult dec\u00e2t o simpl\u0103 lantern\u0103 pentru biciclete. Aceast\u0103 lantern\u0103 re\u00eenc\u0103rcabil\u0103 este proiectat\u0103 pentru o eficien\u021b\u0103 \u0219i o durat\u0103 de func\u021bionare impresionante. Dou\u0103 moduri de fascicul pentru vizibilitate optim\u0103 chiar \u0219i \u00een cele mai dificile condi\u021bii. Modul high beam utilizeaz\u0103 un singur LED CREE XP-G3 cu o culoare Arctic White 5500K \u0219i o lentil\u0103 de focalizare cu raz\u0103 lung\u0103 de ac\u021biune. Modul low beam utilizeaz\u0103 dou\u0103 LED-uri CREE XP-G3 de culoare alb rece 4000K \u0219i o lentil\u0103 de difuzie care difuzeaz\u0103 fasciculul de lumin\u0103 pentru o vizibilitate perfect\u0103 la distan\u021be lungi \u0219i scurte\/medii. Carcasa din aluminiu \u0219i construc\u021bia impermeabil\u0103 asigur\u0103 durabilitatea. Cu \u0219ase moduri unice de func\u021bionare, inclusiv bli\u021bul cu lumin\u0103 de zi, PROXIMA 1500 lm ofer\u0103 op\u021biuni de iluminare personalizate pentru siguran\u021b\u0103 \u0219i confort sporite. O caracteristic\u0103 foarte practic\u0103 este monitorul LCD de \u00eenc\u0103rcare a bateriei integrat \u00een carcasa din aliaj u\u0219or, care v\u0103 ajut\u0103 s\u0103 fi\u021bi mereu la curent cu \u00eenc\u0103rcarea bateriei.<\/p>","protected":false},"featured_media":16420,"comment_status":"closed","ping_status":"closed","template":"","meta":{"_uag_custom_page_level_css":"","site-sidebar-layout":"no-sidebar","site-content-layout":"plain-container","ast-global-header-display":"","ast-main-header-display":"","ast-hfb-above-header-display":"","ast-hfb-below-header-display":"","ast-hfb-mobile-header-display":"","site-post-title":"","ast-breadcrumbs-content":"","ast-featured-img":"","footer-sml-layout":"","theme-transparent-header-meta":"default","adv-header-id-meta":"","stick-header-meta":"","header-above-stick-meta":"","header-main-stick-meta":"","header-below-stick-meta":""},"product_cat":[496,643],"product_tag":[],"class_list":["post-16418","product","type-product","status-publish","has-post-thumbnail","hentry","product_cat-accessories","product_cat-headlights","top_cat_496"],"uagb_featured_image_src":{"full":["https:\/\/velo.md\/wp-content\/uploads\/2025\/05\/12002372.jpg",1200,900,false],"thumbnail":["https:\/\/velo.md\/wp-content\/uploads\/2025\/05\/12002372-150x150.jpg",150,150,true],"medium":["https:\/\/velo.md\/wp-content\/uploads\/2025\/05\/12002372-300x225.jpg",300,225,true],"medium_large":["https:\/\/velo.md\/wp-content\/uploads\/2025\/05\/12002372-768x576.jpg",768,576,true],"large":["https:\/\/velo.md\/wp-content\/uploads\/2025\/05\/12002372-1024x768.jpg",1024,768,true],"1536x1536":["https:\/\/velo.md\/wp-content\/uploads\/2025\/05\/12002372.jpg",1200,900,false],"2048x2048":["https:\/\/velo.md\/wp-content\/uploads\/2025\/05\/12002372.jpg",1200,900,false],"trp-custom-language-flag":["https:\/\/velo.md\/wp-content\/uploads\/2025\/05\/12002372-16x12.jpg",16,12,true],"xl":["https:\/\/velo.md\/wp-content\/uploads\/2025\/05\/12002372.jpg",1200,900,false],"xxl":["https:\/\/velo.md\/wp-content\/uploads\/2025\/05\/12002372.jpg",1200,900,false],"xxxl":["https:\/\/velo.md\/wp-content\/uploads\/2025\/05\/12002372.jpg",1200,900,false],"xxxxl":["https:\/\/velo.md\/wp-content\/uploads\/2025\/05\/12002372.jpg",1200,900,false],"xxxxxl":["https:\/\/velo.md\/wp-content\/uploads\/2025\/05\/12002372.jpg",1200,900,false],"woocommerce_thumbnail":["https:\/\/velo.md\/wp-content\/uploads\/2025\/05\/12002372-300x222.jpg",300,222,true],"woocommerce_single":["https:\/\/velo.md\/wp-content\/uploads\/2025\/05\/12002372-600x450.jpg",600,450,true],"woocommerce_gallery_thumbnail":["https:\/\/velo.md\/wp-content\/uploads\/2025\/05\/12002372-100x100.jpg",100,100,true],"variation_swatches_image_size":["https:\/\/velo.md\/wp-content\/uploads\/2025\/05\/12002372-50x50.jpg",50,50,true],"variation_swatches_tooltip_size":["https:\/\/velo.md\/wp-content\/uploads\/2025\/05\/12002372-100x100.jpg",100,100,true]},"uagb_author_info":{"display_name":"admin","author_link":"https:\/\/velo.md\/ro\/author\/"},"uagb_comment_info":2,"uagb_excerpt":"AUTHOR PROXIMA 1500 lm \u0441 \u0444\u0443\u043d\u043a\u0446\u0438\u0435\u0439 powerbank - \u044d\u0442\u043e \u0431\u043e\u043b\u044c\u0448\u0435, \u0447\u0435\u043c \u043f\u0440\u043e\u0441\u0442\u043e \u0432\u0435\u043b\u043e\u0441\u0438\u043f\u0435\u0434\u043d\u044b\u0439 \u0444\u043e\u043d\u0430\u0440\u044c. \u042d\u0442\u043e\u0442 \u043f\u0435\u0440\u0435\u0437\u0430\u0440\u044f\u0436\u0430\u0435\u043c\u044b\u0439 \u0444\u043e\u043d\u0430\u0440\u044c \u0440\u0430\u0437\u0440\u0430\u0431\u043e\u0442\u0430\u043d \u0434\u043b\u044f \u0432\u043f\u0435\u0447\u0430\u0442\u043b\u044f\u044e\u0449\u0435\u0439 \u044d\u0444\u0444\u0435\u043a\u0442\u0438\u0432\u043d\u043e\u0441\u0442\u0438 \u0438 \u043f\u0440\u043e\u0434\u043e\u043b\u0436\u0438\u0442\u0435\u043b\u044c\u043d\u043e\u0441\u0442\u0438 \u0440\u0430\u0431\u043e\u0442\u044b. \u0414\u0432\u0430 \u0440\u0435\u0436\u0438\u043c\u0430 \u043b\u0443\u0447\u0430 \u0434\u043b\u044f \u043e\u043f\u0442\u0438\u043c\u0430\u043b\u044c\u043d\u043e\u0439 \u0432\u0438\u0434\u0438\u043c\u043e\u0441\u0442\u0438 \u0434\u0430\u0436\u0435 \u0432 \u0441\u0430\u043c\u044b\u0445 \u0441\u043b\u043e\u0436\u043d\u044b\u0445 \u0443\u0441\u043b\u043e\u0432\u0438\u044f\u0445. \u0412 \u0440\u0435\u0436\u0438\u043c\u0435 \u0434\u0430\u043b\u044c\u043d\u0435\u0433\u043e \u0441\u0432\u0435\u0442\u0430 \u0438\u0441\u043f\u043e\u043b\u044c\u0437\u0443\u0435\u0442\u0441\u044f \u043e\u0434\u0438\u043d \u0441\u0432\u0435\u0442\u043e\u0434\u0438\u043e\u0434 CREE XP-G3 \u0441 \u0430\u0440\u043a\u0442\u0438\u0447\u0435\u0441\u043a\u0438\u043c \u0431\u0435\u043b\u044b\u043c \u0446\u0432\u0435\u0442\u043e\u043c 5500K \u0438 \u043b\u0438\u043d\u0437\u043e\u0439 \u0441 \u0434\u0430\u043b\u044c\u043d\u0435\u0439 \u0444\u043e\u043a\u0443\u0441\u0438\u0440\u043e\u0432\u043a\u043e\u0439. \u0412&hellip;","_links":{"self":[{"href":"https:\/\/velo.md\/ro\/wp-json\/wp\/v2\/product\/16418","targetHints":{"allow":["GET"]}}],"collection":[{"href":"https:\/\/velo.md\/ro\/wp-json\/wp\/v2\/product"}],"about":[{"href":"https:\/\/velo.md\/ro\/wp-json\/wp\/v2\/types\/product"}],"replies":[{"embeddable":true,"href":"https:\/\/velo.md\/ro\/wp-json\/wp\/v2\/comments?post=16418"}],"wp:featuredmedia":[{"embeddable":true,"href":"https:\/\/velo.md\/ro\/wp-json\/wp\/v2\/media\/16420"}],"wp:attachment":[{"href":"https:\/\/velo.md\/ro\/wp-json\/wp\/v2\/media?parent=16418"}],"wp:term":[{"taxonomy":"product_cat","embeddable":true,"href":"https:\/\/velo.md\/ro\/wp-json\/wp\/v2\/product_cat?post=16418"},{"taxonomy":"product_tag","embeddable":true,"href":"https:\/\/velo.md\/ro\/wp-json\/wp\/v2\/product_tag?post=16418"}],"curies":[{"name":"wp","href":"https:\/\/api.w.org\/{rel}","templated":true}]}}