{"id":16415,"date":"2025-05-22T15:59:56","date_gmt":"2025-05-22T15:59:56","guid":{"rendered":"https:\/\/velo.md\/?post_type=product&#038;p=16415"},"modified":"2025-05-29T10:15:48","modified_gmt":"2025-05-29T10:15:48","slug":"ochki-author-zx8-sbright-orange-65-bluerevo-13-yellow-neon-green","status":"publish","type":"product","link":"https:\/\/velo.md\/ro\/products\/equipment\/glasses\/ochki-author-zx8-sbright-orange-65-bluerevo-13-yellow-neon-green\/","title":{"rendered":"Autor ZX8 S!BRIGHT Orange 65 &amp; ochelari BlueRevo 13 (galben-neon\/verde)"},"content":{"rendered":"<p>- 2 lentile din policarbonat incasabil, u\u0219or de schimbat, care sunt incasabile. Lentile cu reflexie solar\u0103 cu suprafa\u021b\u0103 Revo Blue - filtru de categoria 3 \u0219i SIBRIGHT portocaliu transparent cu suprafa\u021b\u0103 Revo - filtru de categoria 1.<\/p>\n<p>- Au un cadru practic indestructibil, fabricat din policarbonat termoplastic, un material din nailon u\u0219or \u0219i durabil, rezistent la deteriorarea chimic\u0103 \u0219i la razele UV.<\/p>\n<p>- Pernu\u021be de nas \u0219i pernu\u021be pentru urechi anti-alunecare: cu c\u00e2t transpiri mai mult, cu at\u00e2t mai mult pernu\u021bele din cauciuc hidrofil previn alunecarea.<\/p>\n<p>- Ochelarii de protec\u021bie ofer\u0103 protec\u021bie pentru ochi 100% \u00eempotriva radia\u021biilor UV \u0219i sunt \u00een conformitate cu Regulamentul european (UE) 2016\/425 \u00een conformitate cu EN ISO 12312-1: 2013\/A1: 2015.<\/p>\n<p>- Greutate 31g.<\/p>","protected":false},"excerpt":{"rendered":"<p>Ochelarii de soare AUTHOR ZX8 cu lentile interschimbabile ofer\u0103 cea mai \u00eenalt\u0103 calitate. Proiecta\u021bi pentru durabilitate \u0219i confort. Ace\u0219tia includ lentile interschimbabile suplimentare pentru a v\u0103 oferi claritate optic\u0103 zi \u0219i noapte, o hus\u0103 de cur\u0103\u021bare din microfibr\u0103 \u0219i o cutie cu fermoar cu fante externe pentru depozitarea lentilelor nefolosite.<\/p>","protected":false},"featured_media":16416,"comment_status":"closed","ping_status":"closed","template":"","meta":{"_uag_custom_page_level_css":"","site-sidebar-layout":"no-sidebar","site-content-layout":"plain-container","ast-global-header-display":"","ast-main-header-display":"","ast-hfb-above-header-display":"","ast-hfb-below-header-display":"","ast-hfb-mobile-header-display":"","site-post-title":"","ast-breadcrumbs-content":"","ast-featured-img":"","footer-sml-layout":"","theme-transparent-header-meta":"default","adv-header-id-meta":"","stick-header-meta":"","header-above-stick-meta":"","header-main-stick-meta":"","header-below-stick-meta":""},"product_cat":[502,510],"product_tag":[],"class_list":["post-16415","product","type-product","status-publish","has-post-thumbnail","hentry","product_cat-equipment","product_cat-glasses","top_cat_502"],"uagb_featured_image_src":{"full":["https:\/\/velo.md\/wp-content\/uploads\/2025\/05\/09201603.jpg",1200,900,false],"thumbnail":["https:\/\/velo.md\/wp-content\/uploads\/2025\/05\/09201603-150x150.jpg",150,150,true],"medium":["https:\/\/velo.md\/wp-content\/uploads\/2025\/05\/09201603-300x225.jpg",300,225,true],"medium_large":["https:\/\/velo.md\/wp-content\/uploads\/2025\/05\/09201603-768x576.jpg",768,576,true],"large":["https:\/\/velo.md\/wp-content\/uploads\/2025\/05\/09201603-1024x768.jpg",1024,768,true],"1536x1536":["https:\/\/velo.md\/wp-content\/uploads\/2025\/05\/09201603.jpg",1200,900,false],"2048x2048":["https:\/\/velo.md\/wp-content\/uploads\/2025\/05\/09201603.jpg",1200,900,false],"trp-custom-language-flag":["https:\/\/velo.md\/wp-content\/uploads\/2025\/05\/09201603-16x12.jpg",16,12,true],"xl":["https:\/\/velo.md\/wp-content\/uploads\/2025\/05\/09201603.jpg",1200,900,false],"xxl":["https:\/\/velo.md\/wp-content\/uploads\/2025\/05\/09201603.jpg",1200,900,false],"xxxl":["https:\/\/velo.md\/wp-content\/uploads\/2025\/05\/09201603.jpg",1200,900,false],"xxxxl":["https:\/\/velo.md\/wp-content\/uploads\/2025\/05\/09201603.jpg",1200,900,false],"xxxxxl":["https:\/\/velo.md\/wp-content\/uploads\/2025\/05\/09201603.jpg",1200,900,false],"woocommerce_thumbnail":["https:\/\/velo.md\/wp-content\/uploads\/2025\/05\/09201603-300x222.jpg",300,222,true],"woocommerce_single":["https:\/\/velo.md\/wp-content\/uploads\/2025\/05\/09201603-600x450.jpg",600,450,true],"woocommerce_gallery_thumbnail":["https:\/\/velo.md\/wp-content\/uploads\/2025\/05\/09201603-100x100.jpg",100,100,true],"variation_swatches_image_size":["https:\/\/velo.md\/wp-content\/uploads\/2025\/05\/09201603-50x50.jpg",50,50,true],"variation_swatches_tooltip_size":["https:\/\/velo.md\/wp-content\/uploads\/2025\/05\/09201603-100x100.jpg",100,100,true]},"uagb_author_info":{"display_name":"admin","author_link":"https:\/\/velo.md\/ro\/author\/"},"uagb_comment_info":1,"uagb_excerpt":"\u0421\u043e\u043b\u043d\u0446\u0435\u0437\u0430\u0449\u0438\u0442\u043d\u044b\u0435 \u043e\u0447\u043a\u0438 AUTHOR ZX8 \u0441\u043e \u0441\u043c\u0435\u043d\u043d\u044b\u043c\u0438 \u043b\u0438\u043d\u0437\u0430\u043c\u0438 \u043f\u0440\u0435\u0434\u043b\u0430\u0433\u0430\u044e\u0442 \u0432\u044b\u0441\u043e\u0447\u0430\u0439\u0448\u0435\u0435 \u043a\u0430\u0447\u0435\u0441\u0442\u0432\u043e. \u0420\u0430\u0437\u0440\u0430\u0431\u043e\u0442\u0430\u043d\u044b \u0434\u043b\u044f \u0434\u043e\u043b\u0433\u043e\u0432\u0435\u0447\u043d\u043e\u0441\u0442\u0438 \u0438 \u043a\u043e\u043c\u0444\u043e\u0440\u0442\u0430. \u041e\u043d\u0438 \u0432\u043a\u043b\u044e\u0447\u0430\u044e\u0442 \u0434\u043e\u043f\u043e\u043b\u043d\u0438\u0442\u0435\u043b\u044c\u043d\u044b\u0435 \u0441\u043c\u0435\u043d\u043d\u044b\u0435 \u043b\u0438\u043d\u0437\u044b, \u0447\u0442\u043e\u0431\u044b \u043e\u0431\u0435\u0441\u043f\u0435\u0447\u0438\u0442\u044c \u0432\u0430\u043c \u043e\u043f\u0442\u0438\u0447\u0435\u0441\u043a\u0443\u044e \u0447\u0435\u0442\u043a\u043e\u0441\u0442\u044c \u0434\u043d\u0435\u043c \u0438 \u043d\u043e\u0447\u044c\u044e, \u043c\u0435\u0448\u043e\u0447\u0435\u043a \u0434\u043b\u044f \u043e\u0447\u0438\u0441\u0442\u043a\u0438 \u0438\u0437 \u043c\u0438\u043a\u0440\u043e\u0432\u043e\u043b\u043e\u043a\u043d\u0430 \u0438 \u043a\u043e\u0440\u043e\u0431\u043a\u0443 \u043d\u0430 \u043c\u043e\u043b\u043d\u0438\u0438 \u0441 \u0432\u043d\u0435\u0448\u043d\u0438\u043c\u0438 \u043f\u0440\u043e\u0440\u0435\u0437\u044f\u043c\u0438 \u0434\u043b\u044f \u0445\u0440\u0430\u043d\u0435\u043d\u0438\u044f \u043d\u0435\u0438\u0441\u043f\u043e\u043b\u044c\u0437\u043e\u0432\u0430\u043d\u043d\u043e\u0439 \u043b\u0438\u043d\u0437\u044b.","_links":{"self":[{"href":"https:\/\/velo.md\/ro\/wp-json\/wp\/v2\/product\/16415","targetHints":{"allow":["GET"]}}],"collection":[{"href":"https:\/\/velo.md\/ro\/wp-json\/wp\/v2\/product"}],"about":[{"href":"https:\/\/velo.md\/ro\/wp-json\/wp\/v2\/types\/product"}],"replies":[{"embeddable":true,"href":"https:\/\/velo.md\/ro\/wp-json\/wp\/v2\/comments?post=16415"}],"wp:featuredmedia":[{"embeddable":true,"href":"https:\/\/velo.md\/ro\/wp-json\/wp\/v2\/media\/16416"}],"wp:attachment":[{"href":"https:\/\/velo.md\/ro\/wp-json\/wp\/v2\/media?parent=16415"}],"wp:term":[{"taxonomy":"product_cat","embeddable":true,"href":"https:\/\/velo.md\/ro\/wp-json\/wp\/v2\/product_cat?post=16415"},{"taxonomy":"product_tag","embeddable":true,"href":"https:\/\/velo.md\/ro\/wp-json\/wp\/v2\/product_tag?post=16415"}],"curies":[{"name":"wp","href":"https:\/\/api.w.org\/{rel}","templated":true}]}}