{"id":16408,"date":"2025-05-22T15:54:02","date_gmt":"2025-05-22T15:54:02","guid":{"rendered":"https:\/\/velo.md\/?post_type=product&#038;p=16408"},"modified":"2025-05-29T10:18:48","modified_gmt":"2025-05-29T10:18:48","slug":"ochki-author-zephyr-blue-revo-13-white-matt","status":"publish","type":"product","link":"https:\/\/velo.md\/ro\/products\/equipment\/glasses\/ochki-author-zephyr-blue-revo-13-white-matt\/","title":{"rendered":"Author Zephyr Blue Revo 13 ochelari de protec\u021bie (alb-mat)"},"content":{"rendered":"<p>- Lentile din policarbonat incasabil. Lentile ro\u0219ii reversibile cu reflexie solar\u0103 - filtru de categoria 3 (transmisie a luminii aprox. 12%).<\/p>\n<p>- Au un cadru practic indestructibil fabricat din trilamid\u0103 TR90, care este un material de nailon u\u0219or \u0219i durabil, rezistent la deterior\u0103ri chimice \u0219i UV.<\/p>\n<p>- Tampoane pentru nas \u0219i pernu\u021be pentru urechi antiderapante - cu c\u00e2t transpiri mai mult, cu at\u00e2t mai mult\u0103 aderen\u021b\u0103 ob\u021bii de la cauciucul hidrofil al tampoanelor pentru nas \u0219i al pernu\u021belor pentru urechi.<\/p>\n<p>- Este inclus\u0103 o pung\u0103 de cur\u0103\u021bare din microfibr\u0103.<\/p>\n<p>- Ochelarii de soare AUTHOR Zephyr ofer\u0103 protec\u021bie ocular\u0103 100% \u00eempotriva radia\u021biilor UV \u0219i respect\u0103 Regulamentul European (UE) 2016\/425 \u00een conformitate cu EN ISO 12312-1: 2013\/A1: 2015.<\/p>\n<p>Greutate 31g<\/p>","protected":false},"excerpt":{"rendered":"<p>Ochelarii de soare AUTHOR Zephyr Blue Revo ofer\u0103 cea mai \u00eenalt\u0103 calitate. Proiecta\u021bi pentru durabilitate \u0219i confort. Forma special\u0103 ofer\u0103 protec\u021bie superioar\u0103 \u00eempotriva razelor UV \u0219i a v\u00e2ntului. Lentilele din policarbonat cu suprafa\u021b\u0103 Blue Revo fac imaginea mai clar\u0103.<\/p>","protected":false},"featured_media":16409,"comment_status":"closed","ping_status":"closed","template":"","meta":{"_uag_custom_page_level_css":"","site-sidebar-layout":"no-sidebar","site-content-layout":"plain-container","ast-global-header-display":"","ast-main-header-display":"","ast-hfb-above-header-display":"","ast-hfb-below-header-display":"","ast-hfb-mobile-header-display":"","site-post-title":"","ast-breadcrumbs-content":"","ast-featured-img":"","footer-sml-layout":"","theme-transparent-header-meta":"default","adv-header-id-meta":"","stick-header-meta":"","header-above-stick-meta":"","header-main-stick-meta":"","header-below-stick-meta":""},"product_cat":[502,510],"product_tag":[],"class_list":["post-16408","product","type-product","status-publish","has-post-thumbnail","hentry","product_cat-equipment","product_cat-glasses","top_cat_502"],"uagb_featured_image_src":{"full":["https:\/\/velo.md\/wp-content\/uploads\/2025\/05\/09201506.jpg",1200,900,false],"thumbnail":["https:\/\/velo.md\/wp-content\/uploads\/2025\/05\/09201506-150x150.jpg",150,150,true],"medium":["https:\/\/velo.md\/wp-content\/uploads\/2025\/05\/09201506-300x225.jpg",300,225,true],"medium_large":["https:\/\/velo.md\/wp-content\/uploads\/2025\/05\/09201506-768x576.jpg",768,576,true],"large":["https:\/\/velo.md\/wp-content\/uploads\/2025\/05\/09201506-1024x768.jpg",1024,768,true],"1536x1536":["https:\/\/velo.md\/wp-content\/uploads\/2025\/05\/09201506.jpg",1200,900,false],"2048x2048":["https:\/\/velo.md\/wp-content\/uploads\/2025\/05\/09201506.jpg",1200,900,false],"trp-custom-language-flag":["https:\/\/velo.md\/wp-content\/uploads\/2025\/05\/09201506-16x12.jpg",16,12,true],"xl":["https:\/\/velo.md\/wp-content\/uploads\/2025\/05\/09201506.jpg",1200,900,false],"xxl":["https:\/\/velo.md\/wp-content\/uploads\/2025\/05\/09201506.jpg",1200,900,false],"xxxl":["https:\/\/velo.md\/wp-content\/uploads\/2025\/05\/09201506.jpg",1200,900,false],"xxxxl":["https:\/\/velo.md\/wp-content\/uploads\/2025\/05\/09201506.jpg",1200,900,false],"xxxxxl":["https:\/\/velo.md\/wp-content\/uploads\/2025\/05\/09201506.jpg",1200,900,false],"woocommerce_thumbnail":["https:\/\/velo.md\/wp-content\/uploads\/2025\/05\/09201506-300x222.jpg",300,222,true],"woocommerce_single":["https:\/\/velo.md\/wp-content\/uploads\/2025\/05\/09201506-600x450.jpg",600,450,true],"woocommerce_gallery_thumbnail":["https:\/\/velo.md\/wp-content\/uploads\/2025\/05\/09201506-100x100.jpg",100,100,true],"variation_swatches_image_size":["https:\/\/velo.md\/wp-content\/uploads\/2025\/05\/09201506-50x50.jpg",50,50,true],"variation_swatches_tooltip_size":["https:\/\/velo.md\/wp-content\/uploads\/2025\/05\/09201506-100x100.jpg",100,100,true]},"uagb_author_info":{"display_name":"admin","author_link":"https:\/\/velo.md\/ro\/author\/"},"uagb_comment_info":1,"uagb_excerpt":"\u0421\u043e\u043b\u043d\u0446\u0435\u0437\u0430\u0449\u0438\u0442\u043d\u044b\u0435 \u043e\u0447\u043a\u0438 AUTHOR Zephyr Blue Revo \u043f\u0440\u0435\u0434\u043b\u0430\u0433\u0430\u044e\u0442 \u0432\u044b\u0441\u043e\u0447\u0430\u0439\u0448\u0435\u0435 \u043a\u0430\u0447\u0435\u0441\u0442\u0432\u043e. \u0420\u0430\u0437\u0440\u0430\u0431\u043e\u0442\u0430\u043d\u044b \u0434\u043b\u044f \u0434\u043e\u043b\u0433\u043e\u0432\u0435\u0447\u043d\u043e\u0441\u0442\u0438 \u0438 \u043a\u043e\u043c\u0444\u043e\u0440\u0442\u0430. \u0421\u043f\u0435\u0446\u0438\u0430\u043b\u044c\u043d\u0430\u044f \u0444\u043e\u0440\u043c\u0430 \u043e\u0431\u0435\u0441\u043f\u0435\u0447\u0438\u0432\u0430\u0435\u0442 \u043f\u0440\u0435\u0432\u043e\u0441\u0445\u043e\u0434\u043d\u0443\u044e \u0437\u0430\u0449\u0438\u0442\u0443 \u043e\u0442 \u0443\u043b\u044c\u0442\u0440\u0430\u0444\u0438\u043e\u043b\u0435\u0442\u0430 \u0438 \u0432\u0435\u0442\u0440\u0430. \u041f\u043e\u043b\u0438\u043a\u0430\u0440\u0431\u043e\u043d\u0430\u0442\u043d\u0430\u044f \u043b\u0438\u043d\u0437\u0430 \u0441 \u043f\u043e\u0432\u0435\u0440\u0445\u043d\u043e\u0441\u0442\u044c\u044e Blue Revo \u0434\u0435\u043b\u0430\u0435\u0442 \u0438\u0437\u043e\u0431\u0440\u0430\u0436\u0435\u043d\u0438\u0435 \u0431\u043e\u043b\u0435\u0435 \u0447\u0435\u0442\u043a\u0438\u043c.","_links":{"self":[{"href":"https:\/\/velo.md\/ro\/wp-json\/wp\/v2\/product\/16408","targetHints":{"allow":["GET"]}}],"collection":[{"href":"https:\/\/velo.md\/ro\/wp-json\/wp\/v2\/product"}],"about":[{"href":"https:\/\/velo.md\/ro\/wp-json\/wp\/v2\/types\/product"}],"replies":[{"embeddable":true,"href":"https:\/\/velo.md\/ro\/wp-json\/wp\/v2\/comments?post=16408"}],"wp:featuredmedia":[{"embeddable":true,"href":"https:\/\/velo.md\/ro\/wp-json\/wp\/v2\/media\/16409"}],"wp:attachment":[{"href":"https:\/\/velo.md\/ro\/wp-json\/wp\/v2\/media?parent=16408"}],"wp:term":[{"taxonomy":"product_cat","embeddable":true,"href":"https:\/\/velo.md\/ro\/wp-json\/wp\/v2\/product_cat?post=16408"},{"taxonomy":"product_tag","embeddable":true,"href":"https:\/\/velo.md\/ro\/wp-json\/wp\/v2\/product_tag?post=16408"}],"curies":[{"name":"wp","href":"https:\/\/api.w.org\/{rel}","templated":true}]}}