{"id":16403,"date":"2025-05-22T15:48:21","date_gmt":"2025-05-22T15:48:21","guid":{"rendered":"https:\/\/velo.md\/?post_type=product&#038;p=16403"},"modified":"2025-05-29T10:19:33","modified_gmt":"2025-05-29T10:19:33","slug":"ochki-author-zephyr-polarized-30-5-grey-matt","status":"publish","type":"product","link":"https:\/\/velo.md\/ro\/products\/equipment\/glasses\/ochki-author-zephyr-polarized-30-5-grey-matt\/","title":{"rendered":"Author Zephyr Polarized 30.5 ochelari de protec\u021bie (gri-mat)"},"content":{"rendered":"<p>Lentilele din policarbonat rezistent la impact POLARIZED 30,5 sunt un filtru de lumin\u0103 de categoria 2 (transmisie a luminii 30,5%). Au un cadru practic indestructibil fabricat din trilamid\u0103 TR90, un material de nailon u\u0219or \u0219i durabil, rezistent la deterior\u0103ri chimice \u0219i UV. Tampoane pentru nas \u0219i urechi \u00een form\u0103 de A - cu c\u00e2t transpira\u021bi mai mult, cu at\u00e2t tampoanele pentru nas \u0219i urechi sunt mai aderente - tampoane din cauciuc hidrofil pentru a preveni alunecarea.<\/p>\n<p>Ochelarii de soare AUTHOR Zephyr POLARIZED 30.5 ofer\u0103 protec\u021bie UV 100% pentru ochi \u0219i respect\u0103 Regulamentul European (UE) 2016\/425 \u00een conformitate cu EN ISO 12312-1:2013\/A1:2015.<\/p>\n<p>Lentilele polarizante cu filtru 2 \u0219i nuan\u021b\u0103 gri deschis (transmisie a luminii 30.5%) ofer\u0103 o vedere mai clar\u0103, contrast crescut \u0219i distorsiuni minime ale culorilor, reducerea str\u0103lucirii \u0219i a reflexiilor, reducerea tensiunii oculare.<\/p>\n<p>Include o pung\u0103 de cur\u0103\u021bare din microfibr\u0103.<\/p>\n<p>Greutate 31g.<\/p>","protected":false},"excerpt":{"rendered":"<p>Ochelarii de soare AUTHOR Zephyr POLARIZED 30.5 sunt de cea mai \u00eenalt\u0103 calitate. Concepu\u021bi pentru durabilitate \u0219i confort. Forma special\u0103 ofer\u0103 o protec\u021bie excelent\u0103 \u00eempotriva razelor UV \u0219i a v\u00e2ntului. Lentilele polarizate 30.5 nu numai c\u0103 reduc str\u0103lucirea, dar, de asemenea, fac imaginile mai clare \u0219i mai clare, \u00eembun\u0103t\u0103\u021bind claritatea vizual\u0103 \u0219i confortul.<\/p>","protected":false},"featured_media":16405,"comment_status":"closed","ping_status":"closed","template":"","meta":{"_uag_custom_page_level_css":"","site-sidebar-layout":"no-sidebar","site-content-layout":"plain-container","ast-global-header-display":"","ast-main-header-display":"","ast-hfb-above-header-display":"","ast-hfb-below-header-display":"","ast-hfb-mobile-header-display":"","site-post-title":"","ast-breadcrumbs-content":"","ast-featured-img":"","footer-sml-layout":"","theme-transparent-header-meta":"default","adv-header-id-meta":"","stick-header-meta":"","header-above-stick-meta":"","header-main-stick-meta":"","header-below-stick-meta":""},"product_cat":[502,510],"product_tag":[],"class_list":["post-16403","product","type-product","status-publish","has-post-thumbnail","hentry","product_cat-equipment","product_cat-glasses","top_cat_502"],"uagb_featured_image_src":{"full":["https:\/\/velo.md\/wp-content\/uploads\/2025\/05\/09201503_a.jpg",1200,900,false],"thumbnail":["https:\/\/velo.md\/wp-content\/uploads\/2025\/05\/09201503_a-150x150.jpg",150,150,true],"medium":["https:\/\/velo.md\/wp-content\/uploads\/2025\/05\/09201503_a-300x225.jpg",300,225,true],"medium_large":["https:\/\/velo.md\/wp-content\/uploads\/2025\/05\/09201503_a-768x576.jpg",768,576,true],"large":["https:\/\/velo.md\/wp-content\/uploads\/2025\/05\/09201503_a-1024x768.jpg",1024,768,true],"1536x1536":["https:\/\/velo.md\/wp-content\/uploads\/2025\/05\/09201503_a.jpg",1200,900,false],"2048x2048":["https:\/\/velo.md\/wp-content\/uploads\/2025\/05\/09201503_a.jpg",1200,900,false],"trp-custom-language-flag":["https:\/\/velo.md\/wp-content\/uploads\/2025\/05\/09201503_a-16x12.jpg",16,12,true],"xl":["https:\/\/velo.md\/wp-content\/uploads\/2025\/05\/09201503_a.jpg",1200,900,false],"xxl":["https:\/\/velo.md\/wp-content\/uploads\/2025\/05\/09201503_a.jpg",1200,900,false],"xxxl":["https:\/\/velo.md\/wp-content\/uploads\/2025\/05\/09201503_a.jpg",1200,900,false],"xxxxl":["https:\/\/velo.md\/wp-content\/uploads\/2025\/05\/09201503_a.jpg",1200,900,false],"xxxxxl":["https:\/\/velo.md\/wp-content\/uploads\/2025\/05\/09201503_a.jpg",1200,900,false],"woocommerce_thumbnail":["https:\/\/velo.md\/wp-content\/uploads\/2025\/05\/09201503_a-300x222.jpg",300,222,true],"woocommerce_single":["https:\/\/velo.md\/wp-content\/uploads\/2025\/05\/09201503_a-600x450.jpg",600,450,true],"woocommerce_gallery_thumbnail":["https:\/\/velo.md\/wp-content\/uploads\/2025\/05\/09201503_a-100x100.jpg",100,100,true],"variation_swatches_image_size":["https:\/\/velo.md\/wp-content\/uploads\/2025\/05\/09201503_a-50x50.jpg",50,50,true],"variation_swatches_tooltip_size":["https:\/\/velo.md\/wp-content\/uploads\/2025\/05\/09201503_a-100x100.jpg",100,100,true]},"uagb_author_info":{"display_name":"admin","author_link":"https:\/\/velo.md\/ro\/author\/"},"uagb_comment_info":1,"uagb_excerpt":"\u0421\u043e\u043b\u043d\u0446\u0435\u0437\u0430\u0449\u0438\u0442\u043d\u044b\u0435 \u043e\u0447\u043a\u0438 AUTHOR Zephyr POLARIZED 30.5 \u043e\u0431\u043b\u0430\u0434\u0430\u044e\u0442 \u0432\u044b\u0441\u043e\u0447\u0430\u0439\u0448\u0438\u043c \u043a\u0430\u0447\u0435\u0441\u0442\u0432\u043e\u043c. \u0420\u0430\u0437\u0440\u0430\u0431\u043e\u0442\u0430\u043d\u044b \u0434\u043b\u044f \u0434\u043e\u043b\u0433\u043e\u0432\u0435\u0447\u043d\u043e\u0441\u0442\u0438 \u0438 \u043a\u043e\u043c\u0444\u043e\u0440\u0442\u0430. \u0421\u043f\u0435\u0446\u0438\u0430\u043b\u044c\u043d\u0430\u044f \u0444\u043e\u0440\u043c\u0430 \u043e\u0431\u0435\u0441\u043f\u0435\u0447\u0438\u0432\u0430\u0435\u0442 \u043f\u0440\u0435\u0432\u043e\u0441\u0445\u043e\u0434\u043d\u0443\u044e \u0437\u0430\u0449\u0438\u0442\u0443 \u043e\u0442 \u0443\u043b\u044c\u0442\u0440\u0430\u0444\u0438\u043e\u043b\u0435\u0442\u0430 \u0438 \u0432\u0435\u0442\u0440\u0430. \u041b\u0438\u043d\u0437\u0430 \u043f\u043e\u043b\u044f\u0440\u0438\u0449\u043e\u0432\u0430\u043d\u043d\u0430\u044f 30,5 \u043d\u0435 \u0442\u043e\u043b\u044c\u043a\u043e \u0443\u043c\u0435\u043d\u044c\u0448\u0430\u044e\u0442 \u0431\u043b\u0438\u043a\u0438, \u043d\u043e \u0438 \u0434\u0435\u043b\u0430\u0435\u0442 \u0438\u0437\u043e\u0431\u0440\u0430\u0436\u0435\u043d\u0438\u044f \u0431\u043e\u043b\u0435\u0435 \u0440\u0435\u0437\u043a\u0438\u043c\u0438 \u0438 \u0447\u0435\u0442\u043a\u0438\u043c\u0438, \u043f\u043e\u0432\u044b\u0448\u0430\u044f \u0432\u0438\u0437\u0443\u0430\u043b\u044c\u043d\u0443\u044e \u044f\u0441\u043d\u043e\u0441\u0442\u044c \u0438 \u043a\u043e\u043c\u0444\u043e\u0440\u0442.","_links":{"self":[{"href":"https:\/\/velo.md\/ro\/wp-json\/wp\/v2\/product\/16403","targetHints":{"allow":["GET"]}}],"collection":[{"href":"https:\/\/velo.md\/ro\/wp-json\/wp\/v2\/product"}],"about":[{"href":"https:\/\/velo.md\/ro\/wp-json\/wp\/v2\/types\/product"}],"replies":[{"embeddable":true,"href":"https:\/\/velo.md\/ro\/wp-json\/wp\/v2\/comments?post=16403"}],"wp:featuredmedia":[{"embeddable":true,"href":"https:\/\/velo.md\/ro\/wp-json\/wp\/v2\/media\/16405"}],"wp:attachment":[{"href":"https:\/\/velo.md\/ro\/wp-json\/wp\/v2\/media?parent=16403"}],"wp:term":[{"taxonomy":"product_cat","embeddable":true,"href":"https:\/\/velo.md\/ro\/wp-json\/wp\/v2\/product_cat?post=16403"},{"taxonomy":"product_tag","embeddable":true,"href":"https:\/\/velo.md\/ro\/wp-json\/wp\/v2\/product_tag?post=16403"}],"curies":[{"name":"wp","href":"https:\/\/api.w.org\/{rel}","templated":true}]}}