{"id":16394,"date":"2025-05-22T15:39:13","date_gmt":"2025-05-22T15:39:13","guid":{"rendered":"https:\/\/velo.md\/?post_type=product&#038;p=16394"},"modified":"2025-05-29T10:22:14","modified_gmt":"2025-05-29T10:22:14","slug":"ochki-author-shadow-photochromic-grey-matt","status":"publish","type":"product","link":"https:\/\/velo.md\/ro\/products\/equipment\/glasses\/ochki-author-shadow-photochromic-grey-matt\/","title":{"rendered":"Author Shadow Ochelari fotocromatici (gri-mat)"},"content":{"rendered":"<ul>\n<li>Au un cadru practic indestructibil fabricat din policarbonat termoplastic, care este un material de nailon u\u0219or \u0219i durabil, rezistent la substan\u021be chimice \u0219i radia\u021bii UV.<\/li>\n<li>Pernu\u021be din cauciuc hidrofil pentru nas \u0219i urechi (tampoane pentru urechi) - cu c\u00e2t transpiri mai mult, cu at\u00e2t r\u0103m\u00e2n mai bine fixate \u0219i nu alunec\u0103 de pe fa\u021b\u0103.<\/li>\n<li>Lentile din policarbonat fotocromatic incasabil, filtru solar de la 0 la 2.<\/li>\n<li>Hus\u0103 de cur\u0103\u021bare din microfibr\u0103 \u0219i carcas\u0103 cu fermoar \u0219i carabinier\u0103.<\/li>\n<li>\u00a0Ochelarii de soare de la Author ofer\u0103 protec\u021bie UV 100% pentru ochii dvs. \u0219i respect\u0103 Regulamentul European (UE) 2016\/425 \u00een conformitate cu EN ISO 12312-1: 2013 \/ A1: 2015.<\/li>\n<\/ul>\n<p>Greutate 33 grame.<\/p>","protected":false},"excerpt":{"rendered":"<p>Ochelarii de soare AUTHOR Shadow prezint\u0103 cea mai \u00eenalt\u0103 calitate \u0219i un nou stil de ram\u0103. Proiectate pentru durabilitate \u0219i confort. Echipate cu lentile fotocromatice (autocolorante) VarioPlus. Gama de culori a filtrului solar este 0-2 (de la transparent la culoare \u00eenchis\u0103), iar timpul de atenuare este de aproximativ c\u00e2teva secunde.<\/p>","protected":false},"featured_media":16395,"comment_status":"closed","ping_status":"closed","template":"","meta":{"_uag_custom_page_level_css":"","site-sidebar-layout":"no-sidebar","site-content-layout":"plain-container","ast-global-header-display":"","ast-main-header-display":"","ast-hfb-above-header-display":"","ast-hfb-below-header-display":"","ast-hfb-mobile-header-display":"","site-post-title":"","ast-breadcrumbs-content":"","ast-featured-img":"","footer-sml-layout":"","theme-transparent-header-meta":"default","adv-header-id-meta":"","stick-header-meta":"","header-above-stick-meta":"","header-main-stick-meta":"","header-below-stick-meta":""},"product_cat":[502,510],"product_tag":[],"class_list":["post-16394","product","type-product","status-publish","has-post-thumbnail","hentry","product_cat-equipment","product_cat-glasses","top_cat_502"],"uagb_featured_image_src":{"full":["https:\/\/velo.md\/wp-content\/uploads\/2025\/05\/09201320.jpg",1200,900,false],"thumbnail":["https:\/\/velo.md\/wp-content\/uploads\/2025\/05\/09201320-150x150.jpg",150,150,true],"medium":["https:\/\/velo.md\/wp-content\/uploads\/2025\/05\/09201320-300x225.jpg",300,225,true],"medium_large":["https:\/\/velo.md\/wp-content\/uploads\/2025\/05\/09201320-768x576.jpg",768,576,true],"large":["https:\/\/velo.md\/wp-content\/uploads\/2025\/05\/09201320-1024x768.jpg",1024,768,true],"1536x1536":["https:\/\/velo.md\/wp-content\/uploads\/2025\/05\/09201320.jpg",1200,900,false],"2048x2048":["https:\/\/velo.md\/wp-content\/uploads\/2025\/05\/09201320.jpg",1200,900,false],"trp-custom-language-flag":["https:\/\/velo.md\/wp-content\/uploads\/2025\/05\/09201320-16x12.jpg",16,12,true],"xl":["https:\/\/velo.md\/wp-content\/uploads\/2025\/05\/09201320.jpg",1200,900,false],"xxl":["https:\/\/velo.md\/wp-content\/uploads\/2025\/05\/09201320.jpg",1200,900,false],"xxxl":["https:\/\/velo.md\/wp-content\/uploads\/2025\/05\/09201320.jpg",1200,900,false],"xxxxl":["https:\/\/velo.md\/wp-content\/uploads\/2025\/05\/09201320.jpg",1200,900,false],"xxxxxl":["https:\/\/velo.md\/wp-content\/uploads\/2025\/05\/09201320.jpg",1200,900,false],"woocommerce_thumbnail":["https:\/\/velo.md\/wp-content\/uploads\/2025\/05\/09201320-300x222.jpg",300,222,true],"woocommerce_single":["https:\/\/velo.md\/wp-content\/uploads\/2025\/05\/09201320-600x450.jpg",600,450,true],"woocommerce_gallery_thumbnail":["https:\/\/velo.md\/wp-content\/uploads\/2025\/05\/09201320-100x100.jpg",100,100,true],"variation_swatches_image_size":["https:\/\/velo.md\/wp-content\/uploads\/2025\/05\/09201320-50x50.jpg",50,50,true],"variation_swatches_tooltip_size":["https:\/\/velo.md\/wp-content\/uploads\/2025\/05\/09201320-100x100.jpg",100,100,true]},"uagb_author_info":{"display_name":"admin","author_link":"https:\/\/velo.md\/ro\/author\/"},"uagb_comment_info":1,"uagb_excerpt":"\u0421\u043e\u043b\u043d\u0446\u0435\u0437\u0430\u0449\u0438\u0442\u043d\u044b\u0435 \u043e\u0447\u043a\u0438 AUTHOR Shadow \u043e\u0442\u043b\u0438\u0447\u0430\u044e\u0442\u0441\u044f \u0432\u044b\u0441\u043e\u0447\u0430\u0439\u0448\u0438\u043c \u043a\u0430\u0447\u0435\u0441\u0442\u0432\u043e\u043c \u0438 \u043d\u043e\u0432\u044b\u043c \u0441\u0442\u0438\u043b\u0435\u043c \u043e\u043f\u0440\u0430\u0432\u044b. \u0420\u0430\u0437\u0440\u0430\u0431\u043e\u0442\u0430\u043d\u044b \u0434\u043b\u044f \u0434\u043e\u043b\u0433\u043e\u0432\u0435\u0447\u043d\u043e\u0441\u0442\u0438 \u0438 \u043a\u043e\u043c\u0444\u043e\u0440\u0442\u0430. \u041e\u0431\u043e\u0440\u0443\u0434\u043e\u0432\u0430\u043d\u044b \u0444\u043e\u0442\u043e\u0445\u0440\u043e\u043c\u0430\u0442\u0438\u0447\u0435\u0441\u043a\u0438\u043c\u0438 (\u0441\u0430\u043c\u043e\u043e\u043a\u0440\u0430\u0448\u0438\u0432\u0430\u044e\u0449\u0438\u0435\u0441\u044f\u043c\u0438) \u043b\u0438\u043d\u0437\u0430\u043c\u0438 VarioPlus. \u0426\u0432\u0435\u0442\u043e\u0432\u043e\u0439 \u0434\u0438\u0430\u043f\u0430\u0437\u043e\u043d \u0441\u043e\u043b\u043d\u0435\u0447\u043d\u043e\u0433\u043e \u0444\u0438\u043b\u044c\u0442\u0440\u0430 \u0441\u043e\u0441\u0442\u0430\u0432\u043b\u044f\u0435\u0442 0\u20132 (\u043e\u0442 \u043f\u0440\u043e\u0437\u0440\u0430\u0447\u043d\u043e\u0433\u043e \u0434\u043e \u0442\u0435\u043c\u043d\u043e\u0433\u043e \u0446\u0432\u0435\u0442\u0430), \u0432\u0440\u0435\u043c\u044f \u0437\u0430\u0442\u0435\u043c\u043d\u0435\u043d\u0438\u044f \u0441\u043e\u0441\u0442\u0430\u0432\u043b\u044f\u0435\u0442 \u043f\u043e\u0440\u044f\u0434\u043a\u0430 \u043d\u0435\u0441\u043a\u043e\u043b\u044c\u043a\u0438\u0445 \u0441\u0435\u043a\u0443\u043d\u0434.","_links":{"self":[{"href":"https:\/\/velo.md\/ro\/wp-json\/wp\/v2\/product\/16394","targetHints":{"allow":["GET"]}}],"collection":[{"href":"https:\/\/velo.md\/ro\/wp-json\/wp\/v2\/product"}],"about":[{"href":"https:\/\/velo.md\/ro\/wp-json\/wp\/v2\/types\/product"}],"replies":[{"embeddable":true,"href":"https:\/\/velo.md\/ro\/wp-json\/wp\/v2\/comments?post=16394"}],"wp:featuredmedia":[{"embeddable":true,"href":"https:\/\/velo.md\/ro\/wp-json\/wp\/v2\/media\/16395"}],"wp:attachment":[{"href":"https:\/\/velo.md\/ro\/wp-json\/wp\/v2\/media?parent=16394"}],"wp:term":[{"taxonomy":"product_cat","embeddable":true,"href":"https:\/\/velo.md\/ro\/wp-json\/wp\/v2\/product_cat?post=16394"},{"taxonomy":"product_tag","embeddable":true,"href":"https:\/\/velo.md\/ro\/wp-json\/wp\/v2\/product_tag?post=16394"}],"curies":[{"name":"wp","href":"https:\/\/api.w.org\/{rel}","templated":true}]}}