{"id":16390,"date":"2025-05-22T15:37:08","date_gmt":"2025-05-22T15:37:08","guid":{"rendered":"https:\/\/velo.md\/?post_type=product&#038;p=16390"},"modified":"2025-05-29T10:22:50","modified_gmt":"2025-05-29T10:22:50","slug":"ochki-author-shadow-sbright-orange-65","status":"publish","type":"product","link":"https:\/\/velo.md\/ro\/products\/equipment\/glasses\/ochki-author-shadow-sbright-orange-65\/","title":{"rendered":"Author Shadow S!BRIGHT Orange 65 ochelari de protec\u021bie"},"content":{"rendered":"<p>Lentile: polarizate, categoria 1 (transmisie a luminii 65%), policarbonat<br \/>\nCadru: Trilamide TR90<br \/>\nGreutate: 33g<br \/>\nCuloare: negru<\/p>","protected":false},"excerpt":{"rendered":"<p>Ochelarii de soare Shadow S!BRIGHT Orange 65 sunt un produs de \u00eenalt\u0103 calitate conceput pentru a v\u0103 oferi confort \u0219i protec\u021bie pentru ochi \u00een timpul activit\u0103\u021bilor \u00een aer liber. Sunt ideali pentru bicicli\u0219ti, sportivi \u0219i entuzia\u0219ti ai activit\u0103\u021bilor \u00een aer liber.<\/p>\n<p>Lentile polarizate: reduc str\u0103lucirea \u0219i reflexiile pentru o vedere mai clar\u0103 \u0219i mai confortabil\u0103.<br \/>\nProtec\u021bie UV: 100% protec\u021bie \u00eempotriva razelor UV d\u0103un\u0103toare.<br \/>\nConstruc\u021bie durabil\u0103: Cadrul este fabricat din trilamid\u0103 TR90, un material u\u0219or \u0219i durabil care este rezistent la deterior\u0103ri.<br \/>\nPotrivire confortabil\u0103: Forma ergonomic\u0103 \u0219i pl\u0103cu\u021bele de nas moi asigur\u0103 o potrivire sigur\u0103 pe fa\u021b\u0103.<\/p>","protected":false},"featured_media":16391,"comment_status":"closed","ping_status":"closed","template":"","meta":{"_uag_custom_page_level_css":"","site-sidebar-layout":"no-sidebar","site-content-layout":"plain-container","ast-global-header-display":"","ast-main-header-display":"","ast-hfb-above-header-display":"","ast-hfb-below-header-display":"","ast-hfb-mobile-header-display":"","site-post-title":"","ast-breadcrumbs-content":"","ast-featured-img":"","footer-sml-layout":"","theme-transparent-header-meta":"default","adv-header-id-meta":"","stick-header-meta":"","header-above-stick-meta":"","header-main-stick-meta":"","header-below-stick-meta":""},"product_cat":[502,510],"product_tag":[],"class_list":["post-16390","product","type-product","status-publish","has-post-thumbnail","hentry","product_cat-equipment","product_cat-glasses","top_cat_502"],"uagb_featured_image_src":{"full":["https:\/\/velo.md\/wp-content\/uploads\/2025\/05\/09201305.jpg",1200,900,false],"thumbnail":["https:\/\/velo.md\/wp-content\/uploads\/2025\/05\/09201305-150x150.jpg",150,150,true],"medium":["https:\/\/velo.md\/wp-content\/uploads\/2025\/05\/09201305-300x225.jpg",300,225,true],"medium_large":["https:\/\/velo.md\/wp-content\/uploads\/2025\/05\/09201305-768x576.jpg",768,576,true],"large":["https:\/\/velo.md\/wp-content\/uploads\/2025\/05\/09201305-1024x768.jpg",1024,768,true],"1536x1536":["https:\/\/velo.md\/wp-content\/uploads\/2025\/05\/09201305.jpg",1200,900,false],"2048x2048":["https:\/\/velo.md\/wp-content\/uploads\/2025\/05\/09201305.jpg",1200,900,false],"trp-custom-language-flag":["https:\/\/velo.md\/wp-content\/uploads\/2025\/05\/09201305-16x12.jpg",16,12,true],"xl":["https:\/\/velo.md\/wp-content\/uploads\/2025\/05\/09201305.jpg",1200,900,false],"xxl":["https:\/\/velo.md\/wp-content\/uploads\/2025\/05\/09201305.jpg",1200,900,false],"xxxl":["https:\/\/velo.md\/wp-content\/uploads\/2025\/05\/09201305.jpg",1200,900,false],"xxxxl":["https:\/\/velo.md\/wp-content\/uploads\/2025\/05\/09201305.jpg",1200,900,false],"xxxxxl":["https:\/\/velo.md\/wp-content\/uploads\/2025\/05\/09201305.jpg",1200,900,false],"woocommerce_thumbnail":["https:\/\/velo.md\/wp-content\/uploads\/2025\/05\/09201305-300x222.jpg",300,222,true],"woocommerce_single":["https:\/\/velo.md\/wp-content\/uploads\/2025\/05\/09201305-600x450.jpg",600,450,true],"woocommerce_gallery_thumbnail":["https:\/\/velo.md\/wp-content\/uploads\/2025\/05\/09201305-100x100.jpg",100,100,true],"variation_swatches_image_size":["https:\/\/velo.md\/wp-content\/uploads\/2025\/05\/09201305-50x50.jpg",50,50,true],"variation_swatches_tooltip_size":["https:\/\/velo.md\/wp-content\/uploads\/2025\/05\/09201305-100x100.jpg",100,100,true]},"uagb_author_info":{"display_name":"admin","author_link":"https:\/\/velo.md\/ro\/author\/"},"uagb_comment_info":1,"uagb_excerpt":"\u0421\u043e\u043b\u043d\u0446\u0435\u0437\u0430\u0449\u0438\u0442\u043d\u044b\u0435 \u043e\u0447\u043a\u0438 Shadow S!BRIGHT Orange 65 \u2013 \u044d\u0442\u043e \u0432\u044b\u0441\u043e\u043a\u043e\u043a\u0430\u0447\u0435\u0441\u0442\u0432\u0435\u043d\u043d\u044b\u0439 \u043f\u0440\u043e\u0434\u0443\u043a\u0442, \u0440\u0430\u0437\u0440\u0430\u0431\u043e\u0442\u0430\u043d\u043d\u044b\u0439 \u0434\u043b\u044f \u043e\u0431\u0435\u0441\u043f\u0435\u0447\u0435\u043d\u0438\u044f \u043a\u043e\u043c\u0444\u043e\u0440\u0442\u0430 \u0438 \u0437\u0430\u0449\u0438\u0442\u044b \u0432\u0430\u0448\u0438\u0445 \u0433\u043b\u0430\u0437 \u0432\u043e \u0432\u0440\u0435\u043c\u044f \u0430\u043a\u0442\u0438\u0432\u043d\u043e\u0433\u043e \u043e\u0442\u0434\u044b\u0445\u0430. \u041e\u043d\u0438 \u0438\u0434\u0435\u0430\u043b\u044c\u043d\u043e \u043f\u043e\u0434\u0445\u043e\u0434\u044f\u0442 \u0434\u043b\u044f \u0432\u0435\u043b\u043e\u0441\u0438\u043f\u0435\u0434\u0438\u0441\u0442\u043e\u0432, \u0441\u043f\u043e\u0440\u0442\u0441\u043c\u0435\u043d\u043e\u0432 \u0438 \u043b\u044e\u0431\u0438\u0442\u0435\u043b\u0435\u0439 \u0430\u043a\u0442\u0438\u0432\u043d\u043e\u0433\u043e \u043e\u0431\u0440\u0430\u0437\u0430 \u0436\u0438\u0437\u043d\u0438. \u041f\u043e\u043b\u044f\u0440\u0438\u0437\u043e\u0432\u0430\u043d\u043d\u044b\u0435 \u043b\u0438\u043d\u0437\u044b: \u0423\u043c\u0435\u043d\u044c\u0448\u0430\u044e\u0442 \u0431\u043b\u0438\u043a\u0438 \u0438 \u043e\u0442\u0440\u0430\u0436\u0435\u043d\u0438\u044f, \u043e\u0431\u0435\u0441\u043f\u0435\u0447\u0438\u0432\u0430\u044f \u0431\u043e\u043b\u0435\u0435 \u0447\u0435\u0442\u043a\u043e\u0435 \u0438 \u043a\u043e\u043c\u0444\u043e\u0440\u0442\u043d\u043e\u0435 \u0437\u0440\u0435\u043d\u0438\u0435. \u0417\u0430\u0449\u0438\u0442\u0430 \u043e\u0442 \u0443\u043b\u044c\u0442\u0440\u0430\u0444\u0438\u043e\u043b\u0435\u0442\u043e\u0432\u043e\u0433\u043e \u0438\u0437\u043b\u0443\u0447\u0435\u043d\u0438\u044f: 100% \u0437\u0430\u0449\u0438\u0442\u0430 \u043e\u0442 \u0432\u0440\u0435\u0434\u043d\u044b\u0445 UV-\u043b\u0443\u0447\u0435\u0439. \u041f\u0440\u043e\u0447\u043d\u0430\u044f&hellip;","_links":{"self":[{"href":"https:\/\/velo.md\/ro\/wp-json\/wp\/v2\/product\/16390","targetHints":{"allow":["GET"]}}],"collection":[{"href":"https:\/\/velo.md\/ro\/wp-json\/wp\/v2\/product"}],"about":[{"href":"https:\/\/velo.md\/ro\/wp-json\/wp\/v2\/types\/product"}],"replies":[{"embeddable":true,"href":"https:\/\/velo.md\/ro\/wp-json\/wp\/v2\/comments?post=16390"}],"wp:featuredmedia":[{"embeddable":true,"href":"https:\/\/velo.md\/ro\/wp-json\/wp\/v2\/media\/16391"}],"wp:attachment":[{"href":"https:\/\/velo.md\/ro\/wp-json\/wp\/v2\/media?parent=16390"}],"wp:term":[{"taxonomy":"product_cat","embeddable":true,"href":"https:\/\/velo.md\/ro\/wp-json\/wp\/v2\/product_cat?post=16390"},{"taxonomy":"product_tag","embeddable":true,"href":"https:\/\/velo.md\/ro\/wp-json\/wp\/v2\/product_tag?post=16390"}],"curies":[{"name":"wp","href":"https:\/\/api.w.org\/{rel}","templated":true}]}}