{"id":16118,"date":"2025-02-26T12:13:28","date_gmt":"2025-02-26T12:13:28","guid":{"rendered":"https:\/\/velo.md\/?post_type=product&#038;p=16118"},"modified":"2025-07-13T14:50:54","modified_gmt":"2025-07-13T14:50:54","slug":"kreplenie-dlya-smartfona-m-wave-alu","status":"publish","type":"product","link":"https:\/\/velo.md\/ro\/products\/accessories\/bags\/kreplenie-dlya-smartfona-m-wave-alu\/","title":{"rendered":"Suport pentru smartphone M-WAVE Alu"},"content":{"rendered":"","protected":false},"excerpt":{"rendered":"<p class=\"\" data-start=\"133\" data-end=\"283\">Un suport pentru smartphone sigur \u0219i confortabil pentru ghidonul bicicletei. Ideal pentru ciclism, p\u0103str\u00e2nd telefonul la \u00eendem\u00e2n\u0103 \u0219i vizibil \u00een orice moment. Convenabil pentru navigare, urm\u0103rirea traseului sau ascultarea muzicii pe drum.<\/p>\n<p class=\"\" data-start=\"285\" data-end=\"302\"><strong data-start=\"285\" data-end=\"302\">Beneficii:<\/strong><\/p>\n<ul data-start=\"303\" data-end=\"918\">\n<li class=\"\" data-start=\"303\" data-end=\"415\">\n<p class=\"\" data-start=\"305\" data-end=\"415\"><strong data-start=\"305\" data-end=\"350\">Carcas\u0103 robust\u0103 din aluminiu<\/strong> - durabil \u0219i fiabil chiar \u0219i \u00een condi\u021bii de utilizare intensiv\u0103.<\/p>\n<\/li>\n<li class=\"\" data-start=\"416\" data-end=\"504\">\n<p class=\"\" data-start=\"418\" data-end=\"504\"><strong data-start=\"418\" data-end=\"463\">Potrivit pentru ghidon cu un diametru de 22,2-31,8 mm<\/strong> - compatibil cu majoritatea bicicletelor.<\/p>\n<\/li>\n<li class=\"\" data-start=\"505\" data-end=\"600\">\n<p class=\"\" data-start=\"507\" data-end=\"600\"><strong data-start=\"507\" data-end=\"556\">Compatibil cu smartphone-uri cu l\u0103\u021bimea de 60-95 mm<\/strong> - solu\u021bie universal\u0103 pentru diferite modele.<\/p>\n<\/li>\n<li class=\"\" data-start=\"601\" data-end=\"706\">\n<p class=\"\" data-start=\"603\" data-end=\"706\"><strong data-start=\"603\" data-end=\"631\">\u00centoarcerea platformei cu 90\u00b0<\/strong> - este convenabil s\u0103 utiliza\u021bi telefonul \u00eentr-o pozi\u021bie orizontal\u0103 sau vertical\u0103.<\/p>\n<\/li>\n<li class=\"\" data-start=\"707\" data-end=\"758\">\n<p class=\"\" data-start=\"709\" data-end=\"758\"><strong data-start=\"709\" data-end=\"737\">Greutate redus\u0103 - doar 100 g<\/strong> - nu \u00eengreuneaz\u0103 volanul.<\/p>\n<\/li>\n<li class=\"\" data-start=\"759\" data-end=\"851\">\n<p class=\"\" data-start=\"761\" data-end=\"851\"><strong data-start=\"761\" data-end=\"809\">Suport glisant cu reglare cu \u0219urub<\/strong> - fixarea rapid\u0103 \u0219i sigur\u0103 a dispozitivului.<\/p>\n<\/li>\n<\/ul>\n<p class=\"\" data-start=\"920\" data-end=\"978\"><strong data-start=\"920\" data-end=\"929\">Culoare:<\/strong> negru<br data-start=\"936\" data-end=\"939\" \/><strong data-start=\"939\" data-end=\"952\">Material:<\/strong> aluminiu<br data-start=\"961\" data-end=\"964\" \/><strong data-start=\"964\" data-end=\"972\">Greutate:<\/strong> 100 \u0433<\/p>","protected":false},"featured_media":16119,"comment_status":"closed","ping_status":"closed","template":"","meta":{"_uag_custom_page_level_css":"","site-sidebar-layout":"no-sidebar","site-content-layout":"plain-container","ast-global-header-display":"","ast-main-header-display":"","ast-hfb-above-header-display":"","ast-hfb-below-header-display":"","ast-hfb-mobile-header-display":"","site-post-title":"","ast-breadcrumbs-content":"","ast-featured-img":"","footer-sml-layout":"","theme-transparent-header-meta":"default","adv-header-id-meta":"","stick-header-meta":"","header-above-stick-meta":"","header-main-stick-meta":"","header-below-stick-meta":""},"product_cat":[496,641],"product_tag":[],"class_list":["post-16118","product","type-product","status-publish","has-post-thumbnail","hentry","product_cat-accessories","product_cat-bags","top_cat_496"],"uagb_featured_image_src":{"full":["https:\/\/velo.md\/wp-content\/uploads\/2025\/02\/122584.jpg",1500,1500,false],"thumbnail":["https:\/\/velo.md\/wp-content\/uploads\/2025\/02\/122584-150x150.jpg",150,150,true],"medium":["https:\/\/velo.md\/wp-content\/uploads\/2025\/02\/122584-300x300.jpg",300,300,true],"medium_large":["https:\/\/velo.md\/wp-content\/uploads\/2025\/02\/122584-768x768.jpg",768,768,true],"large":["https:\/\/velo.md\/wp-content\/uploads\/2025\/02\/122584-1024x1024.jpg",1024,1024,true],"1536x1536":["https:\/\/velo.md\/wp-content\/uploads\/2025\/02\/122584.jpg",1500,1500,false],"2048x2048":["https:\/\/velo.md\/wp-content\/uploads\/2025\/02\/122584.jpg",1500,1500,false],"trp-custom-language-flag":["https:\/\/velo.md\/wp-content\/uploads\/2025\/02\/122584-12x12.jpg",12,12,true],"xl":["https:\/\/velo.md\/wp-content\/uploads\/2025\/02\/122584.jpg",1500,1500,false],"xxl":["https:\/\/velo.md\/wp-content\/uploads\/2025\/02\/122584.jpg",1500,1500,false],"xxxl":["https:\/\/velo.md\/wp-content\/uploads\/2025\/02\/122584.jpg",1500,1500,false],"xxxxl":["https:\/\/velo.md\/wp-content\/uploads\/2025\/02\/122584.jpg",1500,1500,false],"xxxxxl":["https:\/\/velo.md\/wp-content\/uploads\/2025\/02\/122584.jpg",1500,1500,false],"woocommerce_thumbnail":["https:\/\/velo.md\/wp-content\/uploads\/2025\/02\/122584-300x222.jpg",300,222,true],"woocommerce_single":["https:\/\/velo.md\/wp-content\/uploads\/2025\/02\/122584-600x600.jpg",600,600,true],"woocommerce_gallery_thumbnail":["https:\/\/velo.md\/wp-content\/uploads\/2025\/02\/122584-100x100.jpg",100,100,true],"variation_swatches_image_size":["https:\/\/velo.md\/wp-content\/uploads\/2025\/02\/122584-50x50.jpg",50,50,true],"variation_swatches_tooltip_size":["https:\/\/velo.md\/wp-content\/uploads\/2025\/02\/122584-100x100.jpg",100,100,true]},"uagb_author_info":{"display_name":"admin","author_link":"https:\/\/velo.md\/ro\/author\/"},"uagb_comment_info":3,"uagb_excerpt":"\u041d\u0430\u0434\u0451\u0436\u043d\u043e\u0435 \u0438 \u0443\u0434\u043e\u0431\u043d\u043e\u0435 \u043a\u0440\u0435\u043f\u043b\u0435\u043d\u0438\u0435 \u0434\u043b\u044f \u0441\u043c\u0430\u0440\u0442\u0444\u043e\u043d\u0430 \u043d\u0430 \u0440\u0443\u043b\u044c \u0432\u0435\u043b\u043e\u0441\u0438\u043f\u0435\u0434\u0430. \u0418\u0434\u0435\u0430\u043b\u044c\u043d\u043e \u043f\u043e\u0434\u0445\u043e\u0434\u0438\u0442 \u0434\u043b\u044f \u0432\u0435\u043b\u043e\u043f\u043e\u0435\u0437\u0434\u043e\u043a, \u043f\u043e\u0437\u0432\u043e\u043b\u044f\u044f \u0434\u0435\u0440\u0436\u0430\u0442\u044c \u0442\u0435\u043b\u0435\u0444\u043e\u043d \u043f\u043e\u0434 \u0440\u0443\u043a\u043e\u0439 \u0438 \u0432\u0441\u0435\u0433\u0434\u0430 \u043d\u0430 \u0432\u0438\u0434\u0443. \u0423\u0434\u043e\u0431\u043d\u043e \u0434\u043b\u044f \u043d\u0430\u0432\u0438\u0433\u0430\u0446\u0438\u0438, \u043e\u0442\u0441\u043b\u0435\u0436\u0438\u0432\u0430\u043d\u0438\u044f \u043c\u0430\u0440\u0448\u0440\u0443\u0442\u0430 \u0438\u043b\u0438 \u043f\u0440\u043e\u0441\u043b\u0443\u0448\u0438\u0432\u0430\u043d\u0438\u044f \u043c\u0443\u0437\u044b\u043a\u0438 \u0432 \u0434\u043e\u0440\u043e\u0433\u0435. \u041f\u0440\u0435\u0438\u043c\u0443\u0449\u0435\u0441\u0442\u0432\u0430: \u041f\u0440\u043e\u0447\u043d\u044b\u0439 \u043a\u043e\u0440\u043f\u0443\u0441 \u0438\u0437 \u0430\u043b\u044e\u043c\u0438\u043d\u0438\u044f \u2014 \u0434\u043e\u043b\u0433\u043e\u0432\u0435\u0447\u043d\u043e\u0441\u0442\u044c \u0438 \u043d\u0430\u0434\u0451\u0436\u043d\u043e\u0441\u0442\u044c \u0434\u0430\u0436\u0435 \u043f\u0440\u0438 \u0438\u043d\u0442\u0435\u043d\u0441\u0438\u0432\u043d\u043e\u043c \u0438\u0441\u043f\u043e\u043b\u044c\u0437\u043e\u0432\u0430\u043d\u0438\u0438. \u041f\u043e\u0434\u0445\u043e\u0434\u0438\u0442 \u0434\u043b\u044f \u0440\u0443\u043b\u0435\u0439 \u0434\u0438\u0430\u043c\u0435\u0442\u0440\u043e\u043c 22,2\u201331,8 \u043c\u043c \u2014 \u0441\u043e\u0432\u043c\u0435\u0441\u0442\u0438\u043c\u043e \u0441 \u0431\u043e\u043b\u044c\u0448\u0438\u043d\u0441\u0442\u0432\u043e\u043c&hellip;","_links":{"self":[{"href":"https:\/\/velo.md\/ro\/wp-json\/wp\/v2\/product\/16118","targetHints":{"allow":["GET"]}}],"collection":[{"href":"https:\/\/velo.md\/ro\/wp-json\/wp\/v2\/product"}],"about":[{"href":"https:\/\/velo.md\/ro\/wp-json\/wp\/v2\/types\/product"}],"replies":[{"embeddable":true,"href":"https:\/\/velo.md\/ro\/wp-json\/wp\/v2\/comments?post=16118"}],"wp:featuredmedia":[{"embeddable":true,"href":"https:\/\/velo.md\/ro\/wp-json\/wp\/v2\/media\/16119"}],"wp:attachment":[{"href":"https:\/\/velo.md\/ro\/wp-json\/wp\/v2\/media?parent=16118"}],"wp:term":[{"taxonomy":"product_cat","embeddable":true,"href":"https:\/\/velo.md\/ro\/wp-json\/wp\/v2\/product_cat?post=16118"},{"taxonomy":"product_tag","embeddable":true,"href":"https:\/\/velo.md\/ro\/wp-json\/wp\/v2\/product_tag?post=16118"}],"curies":[{"name":"wp","href":"https:\/\/api.w.org\/{rel}","templated":true}]}}