{"id":16093,"date":"2025-02-26T11:04:14","date_gmt":"2025-02-26T11:04:14","guid":{"rendered":"https:\/\/velo.md\/?post_type=product&#038;p=16093"},"modified":"2025-07-13T14:50:54","modified_gmt":"2025-07-13T14:50:54","slug":"velosipednoe-maslo-dlya-czepi-kmc","status":"publish","type":"product","link":"https:\/\/velo.md\/ro\/products\/accessories\/lubes-care\/velosipednoe-maslo-dlya-czepi-kmc\/","title":{"rendered":"Ulei pentru lan\u021b de biciclet\u0103 KMC"},"content":{"rendered":"<ul>\n<li><strong>Formul\u0103 pe baz\u0103 de cear\u0103:<\/strong>\u00a0Ofer\u0103 lubrifiere curat\u0103, reduce acumularea de murd\u0103rie \u0219i asigur\u0103 o rulare lin\u0103.<\/li>\n<li><strong>Pentru lan\u021buri de biciclete:<\/strong>\u00a0Conceput special pentru toate tipurile de lan\u021buri de biciclete pentru a le \u00eembun\u0103t\u0103\u021bi performan\u021ba \u0219i durabilitatea.<\/li>\n<li><strong>Fiabilitatea m\u0103rcii:<\/strong>\u00a0Produc\u0103tor: KMC, un produc\u0103tor de \u00eencredere de produse pentru \u00eengrijirea bicicletelor care ofer\u0103 calitate \u0219i performan\u021b\u0103.<\/li>\n<li><strong>Optim pentru medii solicitante:<\/strong>\u00a0Men\u021bine performan\u021ba \u0219i cur\u0103\u021benia lan\u021bului \u00eentr-o varietate de condi\u021bii de rulare.<\/li>\n<\/ul>","protected":false},"excerpt":{"rendered":"<p>Lubrifiantul pentru lan\u021b KMC Go Wax by Squirt este o alegere excelent\u0103 pentru bicicli\u0219tii pasiona\u021bi \u0219i entuzia\u0219tii care apreciaz\u0103 o deplasare eficient\u0103 \u0219i lin\u0103. Acest lubrifiant pe baz\u0103 de cear\u0103 este special formulat pentru a men\u021bine lan\u021burile de biciclete \u00een condi\u021bii optime, prelungindu-le durata de via\u021b\u0103 \u0219i reduc\u00e2nd uzura. Produsul este ideal at\u00e2t pentru cicli\u0219tii obi\u0219nui\u021bi, c\u00e2t \u0219i pentru cei de competi\u021bie, deoarece men\u021bine lan\u021bul curat \u0219i productiv chiar \u0219i \u00een condi\u021bii dificile.<\/p>\n<p>150 ml<\/p>","protected":false},"featured_media":16097,"comment_status":"closed","ping_status":"closed","template":"","meta":{"_uag_custom_page_level_css":"","site-sidebar-layout":"no-sidebar","site-content-layout":"plain-container","ast-global-header-display":"","ast-main-header-display":"","ast-hfb-above-header-display":"","ast-hfb-below-header-display":"","ast-hfb-mobile-header-display":"","site-post-title":"","ast-breadcrumbs-content":"","ast-featured-img":"","footer-sml-layout":"","theme-transparent-header-meta":"default","adv-header-id-meta":"","stick-header-meta":"","header-above-stick-meta":"","header-main-stick-meta":"","header-below-stick-meta":""},"product_cat":[496,500],"product_tag":[],"class_list":["post-16093","product","type-product","status-publish","has-post-thumbnail","hentry","product_cat-accessories","product_cat-lubes-care","top_cat_496"],"uagb_featured_image_src":{"full":["https:\/\/velo.md\/wp-content\/uploads\/2025\/02\/883098.jpg",1500,1500,false],"thumbnail":["https:\/\/velo.md\/wp-content\/uploads\/2025\/02\/883098-150x150.jpg",150,150,true],"medium":["https:\/\/velo.md\/wp-content\/uploads\/2025\/02\/883098-300x300.jpg",300,300,true],"medium_large":["https:\/\/velo.md\/wp-content\/uploads\/2025\/02\/883098-768x768.jpg",768,768,true],"large":["https:\/\/velo.md\/wp-content\/uploads\/2025\/02\/883098-1024x1024.jpg",1024,1024,true],"1536x1536":["https:\/\/velo.md\/wp-content\/uploads\/2025\/02\/883098.jpg",1500,1500,false],"2048x2048":["https:\/\/velo.md\/wp-content\/uploads\/2025\/02\/883098.jpg",1500,1500,false],"trp-custom-language-flag":["https:\/\/velo.md\/wp-content\/uploads\/2025\/02\/883098-12x12.jpg",12,12,true],"xl":["https:\/\/velo.md\/wp-content\/uploads\/2025\/02\/883098.jpg",1500,1500,false],"xxl":["https:\/\/velo.md\/wp-content\/uploads\/2025\/02\/883098.jpg",1500,1500,false],"xxxl":["https:\/\/velo.md\/wp-content\/uploads\/2025\/02\/883098.jpg",1500,1500,false],"xxxxl":["https:\/\/velo.md\/wp-content\/uploads\/2025\/02\/883098.jpg",1500,1500,false],"xxxxxl":["https:\/\/velo.md\/wp-content\/uploads\/2025\/02\/883098.jpg",1500,1500,false],"woocommerce_thumbnail":["https:\/\/velo.md\/wp-content\/uploads\/2025\/02\/883098-300x222.jpg",300,222,true],"woocommerce_single":["https:\/\/velo.md\/wp-content\/uploads\/2025\/02\/883098-600x600.jpg",600,600,true],"woocommerce_gallery_thumbnail":["https:\/\/velo.md\/wp-content\/uploads\/2025\/02\/883098-100x100.jpg",100,100,true],"variation_swatches_image_size":["https:\/\/velo.md\/wp-content\/uploads\/2025\/02\/883098-50x50.jpg",50,50,true],"variation_swatches_tooltip_size":["https:\/\/velo.md\/wp-content\/uploads\/2025\/02\/883098-100x100.jpg",100,100,true]},"uagb_author_info":{"display_name":"admin","author_link":"https:\/\/velo.md\/ro\/author\/"},"uagb_comment_info":2,"uagb_excerpt":"\u0426\u0435\u043f\u043d\u0430\u044f \u0441\u043c\u0430\u0437\u043a\u0430 \"KMC Go Wax by Squirt\" \u2014 \u043e\u0442\u043b\u0438\u0447\u043d\u044b\u0439 \u0432\u044b\u0431\u043e\u0440 \u0434\u043b\u044f \u0443\u0432\u043b\u0435\u0447\u0435\u043d\u043d\u044b\u0445 \u0432\u0435\u043b\u043e\u0441\u0438\u043f\u0435\u0434\u0438\u0441\u0442\u043e\u0432 \u0438 \u044d\u043d\u0442\u0443\u0437\u0438\u0430\u0441\u0442\u043e\u0432, \u043a\u043e\u0442\u043e\u0440\u044b\u0435 \u0446\u0435\u043d\u044f\u0442 \u044d\u0444\u0444\u0435\u043a\u0442\u0438\u0432\u043d\u0443\u044e \u0438 \u043f\u043b\u0430\u0432\u043d\u0443\u044e \u0435\u0437\u0434\u0443. \u042d\u0442\u0430 \u0441\u043c\u0430\u0437\u043a\u0430 \u043d\u0430 \u043e\u0441\u043d\u043e\u0432\u0435 \u0432\u043e\u0441\u043a\u0430 \u0441\u043f\u0435\u0446\u0438\u0430\u043b\u044c\u043d\u043e \u0440\u0430\u0437\u0440\u0430\u0431\u043e\u0442\u0430\u043d\u0430 \u0434\u043b\u044f \u043f\u043e\u0434\u0434\u0435\u0440\u0436\u0430\u043d\u0438\u044f \u043e\u043f\u0442\u0438\u043c\u0430\u043b\u044c\u043d\u043e\u0433\u043e \u0441\u043e\u0441\u0442\u043e\u044f\u043d\u0438\u044f \u0432\u0435\u043b\u043e\u0441\u0438\u043f\u0435\u0434\u043d\u044b\u0445 \u0446\u0435\u043f\u0435\u0439, \u043f\u0440\u043e\u0434\u043b\u0435\u0432\u0430\u0435\u0442 \u0438\u0445 \u0441\u0440\u043e\u043a \u0441\u043b\u0443\u0436\u0431\u044b \u0438 \u0441\u043d\u0438\u0436\u0430\u0435\u0442 \u0438\u0437\u043d\u043e\u0441. \u041f\u0440\u043e\u0434\u0443\u043a\u0442 \u0438\u0434\u0435\u0430\u043b\u044c\u043d\u043e \u043f\u043e\u0434\u0445\u043e\u0434\u0438\u0442 \u043a\u0430\u043a \u0434\u043b\u044f \u043e\u0431\u044b\u0447\u043d\u044b\u0445 \u0432\u0435\u043b\u043e\u0441\u0438\u043f\u0435\u0434\u0438\u0441\u0442\u043e\u0432, \u0442\u0430\u043a \u0438 \u0434\u043b\u044f \u0443\u0447\u0430\u0441\u0442\u043d\u0438\u043a\u043e\u0432 \u0441\u043e\u0440\u0435\u0432\u043d\u043e\u0432\u0430\u043d\u0438\u0439, \u0442\u0430\u043a \u043a\u0430\u043a&hellip;","_links":{"self":[{"href":"https:\/\/velo.md\/ro\/wp-json\/wp\/v2\/product\/16093","targetHints":{"allow":["GET"]}}],"collection":[{"href":"https:\/\/velo.md\/ro\/wp-json\/wp\/v2\/product"}],"about":[{"href":"https:\/\/velo.md\/ro\/wp-json\/wp\/v2\/types\/product"}],"replies":[{"embeddable":true,"href":"https:\/\/velo.md\/ro\/wp-json\/wp\/v2\/comments?post=16093"}],"wp:featuredmedia":[{"embeddable":true,"href":"https:\/\/velo.md\/ro\/wp-json\/wp\/v2\/media\/16097"}],"wp:attachment":[{"href":"https:\/\/velo.md\/ro\/wp-json\/wp\/v2\/media?parent=16093"}],"wp:term":[{"taxonomy":"product_cat","embeddable":true,"href":"https:\/\/velo.md\/ro\/wp-json\/wp\/v2\/product_cat?post=16093"},{"taxonomy":"product_tag","embeddable":true,"href":"https:\/\/velo.md\/ro\/wp-json\/wp\/v2\/product_tag?post=16093"}],"curies":[{"name":"wp","href":"https:\/\/api.w.org\/{rel}","templated":true}]}}