{"id":16092,"date":"2025-02-26T11:04:11","date_gmt":"2025-02-26T11:04:11","guid":{"rendered":"https:\/\/velo.md\/?post_type=product&#038;p=16092"},"modified":"2025-07-13T14:50:54","modified_gmt":"2025-07-13T14:50:54","slug":"velosipednoe-maslo-dlya-czepi-motul-dry-lube","status":"publish","type":"product","link":"https:\/\/velo.md\/ro\/products\/accessories\/lubes-care\/velosipednoe-maslo-dlya-czepi-motul-dry-lube\/","title":{"rendered":"MOTUL \"DRY LUBE\" Ulei pentru lan\u021b de biciclet\u0103"},"content":{"rendered":"<p>MOTUL\u00ae Chain Lube Dry este un lubrifiant pe baz\u0103 organic\u0103 care utilizeaz\u0103 un \u021bi\u021bei reduc\u0103tor nefosilizat \u00eent\u0103rit cu un ulei de baz\u0103 ester pentru a oferi propriet\u0103\u021bi anti-uzur\u0103. Tehnologia ester are o polaritate optimizat\u0103 pentru o aderen\u021b\u0103 maxim\u0103 pe lan\u021b. Acest lucru reduce coeficientul de frecare \u0219i pierderea de putere pentru o func\u021bionare lin\u0103, precum \u0219i reducerea func\u021bion\u0103rii zgomotoase \u00een toate condi\u021biile. MOTUL\u00ae Chain Lube Dry este special formulat cu componente biodegradabile \u0219i \u00eembog\u0103\u021bit cu nitruri de bor pentru a oferi propriet\u0103\u021bi antiuzur\u0103 excelente pentru a proteja angrenajele \u0219i lan\u021bul de uzur\u0103 \u0219i pentru a le prelungi durata de via\u021b\u0103. Ofer\u0103 protec\u021bie \u00eempotriva apei \u0219i coroziunii.<br \/>\nNu d\u0103uneaz\u0103 produselor tehnice din cauciuc.<br \/>\nSticla este fabricat\u0103 din plastic reciclat 100% \u0219i este reciclabil\u0103.<\/p>","protected":false},"excerpt":{"rendered":"<p>MOTUL\u00ae Chain Lube Dry lubrifiaz\u0103 toate tipurile de lan\u021buri de biciclete montate pe biciclete de ora\u0219, de \u0219osea, de munte etc., utilizate \u00een condi\u021bii uscate \u0219i \u00eensorite.<br \/>\nFolosind tehnologia Ester, MOTUL\u00ae Chain Lube Dry ofer\u0103 propriet\u0103\u021bi superioare de lubrifiere pentru lan\u021burile de biciclete, angrenaje, manete, deraioare etc.<\/p>\n<p>Utilizate \u00een condi\u021bii uscate. Potrivit pentru biciclete conven\u021bionale \u0219i electrice.<\/p>\n<p><strong>RECOMAND\u0102RI.<\/strong><\/p>\n<p>Agita\u021bi bine MOTUL\u00ae Chain Lube Dry \u00eenainte de utilizare.<br \/>\nDup\u0103 cur\u0103\u021barea lan\u021bului, utiliza\u021bi MOTUL\u00ae Chain Lube Dry, aplic\u00e2nd produsul pe verigile interioare ale lan\u021bului, \u00eentorc\u00e2nd pedalele \u00een direc\u021bia opus\u0103.<br \/>\nMOTUL\u00ae Chain Lube Dry ader\u0103 complet dup\u0103 c\u00e2teva minute.<br \/>\n\u0218terge\u021bi excesul de produs cu o c\u00e2rp\u0103 curat\u0103.<\/p>\n<p>100ml.<\/p>","protected":false},"featured_media":16095,"comment_status":"closed","ping_status":"closed","template":"","meta":{"_uag_custom_page_level_css":"","site-sidebar-layout":"no-sidebar","site-content-layout":"plain-container","ast-global-header-display":"","ast-main-header-display":"","ast-hfb-above-header-display":"","ast-hfb-below-header-display":"","ast-hfb-mobile-header-display":"","site-post-title":"","ast-breadcrumbs-content":"","ast-featured-img":"","footer-sml-layout":"","theme-transparent-header-meta":"default","adv-header-id-meta":"","stick-header-meta":"","header-above-stick-meta":"","header-main-stick-meta":"","header-below-stick-meta":""},"product_cat":[496,500],"product_tag":[],"class_list":["post-16092","product","type-product","status-publish","has-post-thumbnail","hentry","product_cat-accessories","product_cat-lubes-care","top_cat_496"],"uagb_featured_image_src":{"full":["https:\/\/velo.md\/wp-content\/uploads\/2025\/02\/881304.jpg",1500,1500,false],"thumbnail":["https:\/\/velo.md\/wp-content\/uploads\/2025\/02\/881304-150x150.jpg",150,150,true],"medium":["https:\/\/velo.md\/wp-content\/uploads\/2025\/02\/881304-300x300.jpg",300,300,true],"medium_large":["https:\/\/velo.md\/wp-content\/uploads\/2025\/02\/881304-768x768.jpg",768,768,true],"large":["https:\/\/velo.md\/wp-content\/uploads\/2025\/02\/881304-1024x1024.jpg",1024,1024,true],"1536x1536":["https:\/\/velo.md\/wp-content\/uploads\/2025\/02\/881304.jpg",1500,1500,false],"2048x2048":["https:\/\/velo.md\/wp-content\/uploads\/2025\/02\/881304.jpg",1500,1500,false],"trp-custom-language-flag":["https:\/\/velo.md\/wp-content\/uploads\/2025\/02\/881304-12x12.jpg",12,12,true],"xl":["https:\/\/velo.md\/wp-content\/uploads\/2025\/02\/881304.jpg",1500,1500,false],"xxl":["https:\/\/velo.md\/wp-content\/uploads\/2025\/02\/881304.jpg",1500,1500,false],"xxxl":["https:\/\/velo.md\/wp-content\/uploads\/2025\/02\/881304.jpg",1500,1500,false],"xxxxl":["https:\/\/velo.md\/wp-content\/uploads\/2025\/02\/881304.jpg",1500,1500,false],"xxxxxl":["https:\/\/velo.md\/wp-content\/uploads\/2025\/02\/881304.jpg",1500,1500,false],"woocommerce_thumbnail":["https:\/\/velo.md\/wp-content\/uploads\/2025\/02\/881304-300x222.jpg",300,222,true],"woocommerce_single":["https:\/\/velo.md\/wp-content\/uploads\/2025\/02\/881304-600x600.jpg",600,600,true],"woocommerce_gallery_thumbnail":["https:\/\/velo.md\/wp-content\/uploads\/2025\/02\/881304-100x100.jpg",100,100,true],"variation_swatches_image_size":["https:\/\/velo.md\/wp-content\/uploads\/2025\/02\/881304-50x50.jpg",50,50,true],"variation_swatches_tooltip_size":["https:\/\/velo.md\/wp-content\/uploads\/2025\/02\/881304-100x100.jpg",100,100,true]},"uagb_author_info":{"display_name":"admin","author_link":"https:\/\/velo.md\/ro\/author\/"},"uagb_comment_info":2,"uagb_excerpt":"MOTUL\u00ae Chain Lube Dry \u0441\u043c\u0430\u0437\u044b\u0432\u0430\u0435\u0442 \u0432\u0441\u0435 \u0442\u0438\u043f\u044b \u0432\u0435\u043b\u043e\u0441\u0438\u043f\u0435\u0434\u043d\u044b\u0445 \u0446\u0435\u043f\u0435\u0439, \u0443\u0441\u0442\u0430\u043d\u043e\u0432\u043b\u0435\u043d\u043d\u044b\u0445 \u043d\u0430 \u0433\u043e\u0440\u043e\u0434\u0441\u043a\u0438\u0445 \u0432\u0435\u043b\u043e\u0441\u0438\u043f\u0435\u0434\u0430\u0445, \u0448\u043e\u0441\u0441\u0435\u0439\u043d\u044b\u0445 \u0432\u0435\u043b\u043e\u0441\u0438\u043f\u0435\u0434\u0430\u0445, \u0433\u043e\u0440\u043d\u044b\u0445 \u0432\u0435\u043b\u043e\u0441\u0438\u043f\u0435\u0434\u0430\u0445 \u0438 \u0442.\u043f., \u043a\u043e\u0442\u043e\u0440\u044b\u0435 \u0438\u0441\u043f\u043e\u043b\u044c\u0437\u0443\u044e\u0442\u0441\u044f \u0432 \u0441\u0443\u0445\u0438\u0445 \u0441\u043e\u043b\u043d\u0435\u0447\u043d\u044b\u0445 \u0443\u0441\u043b\u043e\u0432\u0438\u044f\u0445. \u0418\u0441\u043f\u043e\u043b\u044c\u0437\u0443\u044f \u0442\u0435\u0445\u043d\u043e\u043b\u043e\u0433\u0438\u044e Ester, MOTUL\u00ae Chain Lube Dry \u043e\u0431\u0435\u0441\u043f\u0435\u0447\u0438\u0432\u0430\u0435\u0442 \u0432\u044b\u0441\u043e\u0447\u0430\u0439\u0448\u0438\u0435 \u0441\u0432\u043e\u0439\u0441\u0442\u0432\u0430 \u0441\u043c\u0430\u0437\u043a\u0438 \u0432\u0435\u043b\u043e\u0441\u0438\u043f\u0435\u0434\u043d\u044b\u0445 \u0446\u0435\u043f\u0435\u0439, \u0448\u0435\u0441\u0442\u0435\u0440\u0435\u043d, \u0440\u044b\u0447\u0430\u0433\u043e\u0432, \u043f\u0435\u0440\u0435\u043a\u043b\u044e\u0447\u0430\u0442\u0435\u043b\u0435\u0439 \u0438 \u0442.\u0434. \u0418\u0441\u043f\u043e\u043b\u044c\u0437\u0443\u0435\u0442\u0441\u044f \u0432 \u0441\u0443\u0445\u0438\u0445 \u0443\u0441\u043b\u043e\u0432\u0438\u044f\u0445. \u041f\u043e\u0434\u0445\u043e\u0434\u0438\u0442 \u0434\u043b\u044f \u043e\u0431\u044b\u0447\u043d\u044b\u0445 \u0438 \u044d\u043b\u0435\u043a\u0442\u0440\u0438\u0447\u0435\u0441\u043a\u0438\u0445 \u0432\u0435\u043b\u043e\u0441\u0438\u043f\u0435\u0434\u043e\u0432. \u0420\u0415\u041a\u041e\u041c\u0415\u041d\u0414\u0410\u0426\u0418\u0418 \u0425\u043e\u0440\u043e\u0448\u043e&hellip;","_links":{"self":[{"href":"https:\/\/velo.md\/ro\/wp-json\/wp\/v2\/product\/16092","targetHints":{"allow":["GET"]}}],"collection":[{"href":"https:\/\/velo.md\/ro\/wp-json\/wp\/v2\/product"}],"about":[{"href":"https:\/\/velo.md\/ro\/wp-json\/wp\/v2\/types\/product"}],"replies":[{"embeddable":true,"href":"https:\/\/velo.md\/ro\/wp-json\/wp\/v2\/comments?post=16092"}],"wp:featuredmedia":[{"embeddable":true,"href":"https:\/\/velo.md\/ro\/wp-json\/wp\/v2\/media\/16095"}],"wp:attachment":[{"href":"https:\/\/velo.md\/ro\/wp-json\/wp\/v2\/media?parent=16092"}],"wp:term":[{"taxonomy":"product_cat","embeddable":true,"href":"https:\/\/velo.md\/ro\/wp-json\/wp\/v2\/product_cat?post=16092"},{"taxonomy":"product_tag","embeddable":true,"href":"https:\/\/velo.md\/ro\/wp-json\/wp\/v2\/product_tag?post=16092"}],"curies":[{"name":"wp","href":"https:\/\/api.w.org\/{rel}","templated":true}]}}