{"id":15871,"date":"2024-11-02T14:48:23","date_gmt":"2024-11-02T14:48:23","guid":{"rendered":"https:\/\/velo.md\/?post_type=product&#038;p=15871"},"modified":"2024-12-04T11:53:00","modified_gmt":"2024-12-04T11:53:00","slug":"universalnyj-kapyushon-blockrain-wb88","status":"publish","type":"product","link":"https:\/\/velo.md\/ro\/products\/equipment\/biotex\/winter\/universalnyj-kapyushon-blockrain-wb88\/","title":{"rendered":"Hota universal\u0103 BlockRain WB88"},"content":{"rendered":"","protected":false},"excerpt":{"rendered":"<p><span class=\"col-12 col-xs-12 col-md-9\"><strong>WINDBLOCK<\/strong><\/span><\/p>\n<p>Descoperi\u021bi mackintosh-ul universal Biotex: protec\u021bie complet\u0103 \u0219i versatilitate pentru orice jachet\u0103 \u0219i casc\u0103, ideal pentru orice aventur\u0103 \u00een aer liber.<\/p>","protected":false},"featured_media":15875,"comment_status":"closed","ping_status":"closed","template":"","meta":{"_uag_custom_page_level_css":"","site-sidebar-layout":"no-sidebar","site-content-layout":"plain-container","ast-global-header-display":"","ast-main-header-display":"","ast-hfb-above-header-display":"","ast-hfb-below-header-display":"","ast-hfb-mobile-header-display":"","site-post-title":"","ast-breadcrumbs-content":"","ast-featured-img":"","footer-sml-layout":"","theme-transparent-header-meta":"default","adv-header-id-meta":"","stick-header-meta":"","header-above-stick-meta":"","header-main-stick-meta":"","header-below-stick-meta":""},"product_cat":[1552,502,514],"product_tag":[],"class_list":["post-15871","product","type-product","status-publish","has-post-thumbnail","hentry","product_cat-winter","product_cat-equipment","product_cat-biotex","top_cat_502"],"uagb_featured_image_src":{"full":["https:\/\/velo.md\/wp-content\/uploads\/2024\/11\/wb88.jpg",800,800,false],"thumbnail":["https:\/\/velo.md\/wp-content\/uploads\/2024\/11\/wb88-150x150.jpg",150,150,true],"medium":["https:\/\/velo.md\/wp-content\/uploads\/2024\/11\/wb88-300x300.jpg",300,300,true],"medium_large":["https:\/\/velo.md\/wp-content\/uploads\/2024\/11\/wb88-768x768.jpg",768,768,true],"large":["https:\/\/velo.md\/wp-content\/uploads\/2024\/11\/wb88.jpg",800,800,false],"1536x1536":["https:\/\/velo.md\/wp-content\/uploads\/2024\/11\/wb88.jpg",800,800,false],"2048x2048":["https:\/\/velo.md\/wp-content\/uploads\/2024\/11\/wb88.jpg",800,800,false],"trp-custom-language-flag":["https:\/\/velo.md\/wp-content\/uploads\/2024\/11\/wb88-12x12.jpg",12,12,true],"xl":["https:\/\/velo.md\/wp-content\/uploads\/2024\/11\/wb88.jpg",800,800,false],"xxl":["https:\/\/velo.md\/wp-content\/uploads\/2024\/11\/wb88.jpg",800,800,false],"xxxl":["https:\/\/velo.md\/wp-content\/uploads\/2024\/11\/wb88.jpg",800,800,false],"xxxxl":["https:\/\/velo.md\/wp-content\/uploads\/2024\/11\/wb88.jpg",800,800,false],"xxxxxl":["https:\/\/velo.md\/wp-content\/uploads\/2024\/11\/wb88.jpg",800,800,false],"woocommerce_thumbnail":["https:\/\/velo.md\/wp-content\/uploads\/2024\/11\/wb88-300x222.jpg",300,222,true],"woocommerce_single":["https:\/\/velo.md\/wp-content\/uploads\/2024\/11\/wb88-600x600.jpg",600,600,true],"woocommerce_gallery_thumbnail":["https:\/\/velo.md\/wp-content\/uploads\/2024\/11\/wb88-100x100.jpg",100,100,true],"variation_swatches_image_size":["https:\/\/velo.md\/wp-content\/uploads\/2024\/11\/wb88-50x50.jpg",50,50,true],"variation_swatches_tooltip_size":["https:\/\/velo.md\/wp-content\/uploads\/2024\/11\/wb88-100x100.jpg",100,100,true]},"uagb_author_info":{"display_name":"admin","author_link":"https:\/\/velo.md\/ro\/author\/"},"uagb_comment_info":2,"uagb_excerpt":"WINDBLOCK \u041e\u0442\u043a\u0440\u043e\u0439\u0442\u0435 \u0434\u043b\u044f \u0441\u0435\u0431\u044f \u0443\u043d\u0438\u0432\u0435\u0440\u0441\u0430\u043b\u044c\u043d\u044b\u0439 \u0434\u043e\u0436\u0434\u0435\u0432\u0438\u043a Biotex: \u043f\u043e\u043b\u043d\u0430\u044f \u0437\u0430\u0449\u0438\u0442\u0430 \u0438 \u0443\u043d\u0438\u0432\u0435\u0440\u0441\u0430\u043b\u044c\u043d\u043e\u0441\u0442\u044c \u0434\u043b\u044f \u043b\u044e\u0431\u043e\u0439 \u043a\u0443\u0440\u0442\u043a\u0438 \u0438 \u0448\u043b\u0435\u043c\u0430, \u0438\u0434\u0435\u0430\u043b\u044c\u043d\u044b\u0439 \u0432\u0430\u0440\u0438\u0430\u043d\u0442 \u0434\u043b\u044f \u043b\u044e\u0431\u044b\u0445 \u043f\u0440\u0438\u043a\u043b\u044e\u0447\u0435\u043d\u0438\u0439 \u043d\u0430 \u0441\u0432\u0435\u0436\u0435\u043c \u0432\u043e\u0437\u0434\u0443\u0445\u0435.","_links":{"self":[{"href":"https:\/\/velo.md\/ro\/wp-json\/wp\/v2\/product\/15871","targetHints":{"allow":["GET"]}}],"collection":[{"href":"https:\/\/velo.md\/ro\/wp-json\/wp\/v2\/product"}],"about":[{"href":"https:\/\/velo.md\/ro\/wp-json\/wp\/v2\/types\/product"}],"replies":[{"embeddable":true,"href":"https:\/\/velo.md\/ro\/wp-json\/wp\/v2\/comments?post=15871"}],"wp:featuredmedia":[{"embeddable":true,"href":"https:\/\/velo.md\/ro\/wp-json\/wp\/v2\/media\/15875"}],"wp:attachment":[{"href":"https:\/\/velo.md\/ro\/wp-json\/wp\/v2\/media?parent=15871"}],"wp:term":[{"taxonomy":"product_cat","embeddable":true,"href":"https:\/\/velo.md\/ro\/wp-json\/wp\/v2\/product_cat?post=15871"},{"taxonomy":"product_tag","embeddable":true,"href":"https:\/\/velo.md\/ro\/wp-json\/wp\/v2\/product_tag?post=15871"}],"curies":[{"name":"wp","href":"https:\/\/api.w.org\/{rel}","templated":true}]}}