{"id":15864,"date":"2024-11-02T14:43:15","date_gmt":"2024-11-02T14:43:15","guid":{"rendered":"https:\/\/velo.md\/?post_type=product&#038;p=15864"},"modified":"2024-12-04T11:53:00","modified_gmt":"2024-12-04T11:53:00","slug":"kurtka-imbottita-2-in-1-wb21","status":"publish","type":"product","link":"https:\/\/velo.md\/ro\/products\/equipment\/biotex\/winter\/kurtka-imbottita-2-in-1-wb21\/","title":{"rendered":"Jachet\u0103 c\u0103ptu\u0219it\u0103 2 \u00een 1 WB21"},"content":{"rendered":"<p>Jacheta c\u0103ptu\u0219it\u0103 2 \u00een 1 reprezint\u0103 o inova\u021bie \u00een lumea hainelor sportive tehnice. Conceput\u0103 pentru a maximiza versatilitatea \u0219i confortul, aceast\u0103 jachet\u0103 este fabricat\u0103 \u00een \u00eentregime din \u021bes\u0103turi reciclate, av\u00e2nd \u00een vedere mediul \u00eenconjur\u0103tor, f\u0103r\u0103 a compromite performan\u021ba.<\/p>\n<p>Caracteristici principale:<\/p>\n<ul>\n<li>\u021aes\u0103tur\u0103 rezistent\u0103 la v\u00e2nt pentru protec\u021bie \u00eempotriva intemperiilor.<\/li>\n<li>Tratament hidrofug pentru a v\u0103 men\u021bine uscat chiar \u0219i \u00een ploaie.<\/li>\n<li>Dou\u0103 buzunare laterale practice cu fermoar pentru depozitarea obiectelor personale.<\/li>\n<li>M\u00e2neci cu croial\u0103 Raglan pentru libertate maxim\u0103 de mi\u0219care \u00een orice activitate fizic\u0103, inclusiv alergare sau cross-country.<\/li>\n<li>M\u00e2necile deta\u0219abile transform\u0103 jacheta \u00eentr-o vest\u0103 practic\u0103.<\/li>\n<\/ul>\n<p>Jacheta c\u0103ptu\u0219it\u0103 2 \u00een 1 este perfect\u0103 pentru cei care iubesc activit\u0103\u021bile \u00een aer liber, fie c\u0103 este vorba de ciclism, drume\u021bii sau doar plimb\u0103rile zilnice.Versatilitatea sa o face u\u0219or adaptabil\u0103 la diferite condi\u021bii meteorologice \u0219i activit\u0103\u021bi.<\/p>","protected":false},"excerpt":{"rendered":"<p><span class=\"col-12 col-xs-12 col-md-9\"><strong>WINDBLOCK<\/strong><\/span><\/p>\n<p>Jachet\u0103 2 \u00een 1 cu c\u0103ptu\u0219eal\u0103, ideal\u0103 pentru activit\u0103\u021bi \u00een aer liber. Jacheta rezistent\u0103 la v\u00e2nt \u0219i hidrofug\u0103 poate fi u\u0219or transformat\u0103 \u00een vest\u0103 datorit\u0103 m\u00e2necilor deta\u0219abile. Ideal\u0103 at\u00e2t pentru ciclism, c\u00e2t \u0219i pentru utilizarea zilnic\u0103.<\/p>","protected":false},"featured_media":15868,"comment_status":"closed","ping_status":"closed","template":"","meta":{"_uag_custom_page_level_css":"","site-sidebar-layout":"no-sidebar","site-content-layout":"plain-container","ast-global-header-display":"","ast-main-header-display":"","ast-hfb-above-header-display":"","ast-hfb-below-header-display":"","ast-hfb-mobile-header-display":"","site-post-title":"","ast-breadcrumbs-content":"","ast-featured-img":"","footer-sml-layout":"","theme-transparent-header-meta":"default","adv-header-id-meta":"","stick-header-meta":"","header-above-stick-meta":"","header-main-stick-meta":"","header-below-stick-meta":""},"product_cat":[1552,502,514],"product_tag":[],"class_list":["post-15864","product","type-product","status-publish","has-post-thumbnail","hentry","product_cat-winter","product_cat-equipment","product_cat-biotex","top_cat_502"],"uagb_featured_image_src":{"full":["https:\/\/velo.md\/wp-content\/uploads\/2024\/11\/wb21.jpg",800,800,false],"thumbnail":["https:\/\/velo.md\/wp-content\/uploads\/2024\/11\/wb21-150x150.jpg",150,150,true],"medium":["https:\/\/velo.md\/wp-content\/uploads\/2024\/11\/wb21-300x300.jpg",300,300,true],"medium_large":["https:\/\/velo.md\/wp-content\/uploads\/2024\/11\/wb21-768x768.jpg",768,768,true],"large":["https:\/\/velo.md\/wp-content\/uploads\/2024\/11\/wb21.jpg",800,800,false],"1536x1536":["https:\/\/velo.md\/wp-content\/uploads\/2024\/11\/wb21.jpg",800,800,false],"2048x2048":["https:\/\/velo.md\/wp-content\/uploads\/2024\/11\/wb21.jpg",800,800,false],"trp-custom-language-flag":["https:\/\/velo.md\/wp-content\/uploads\/2024\/11\/wb21-12x12.jpg",12,12,true],"xl":["https:\/\/velo.md\/wp-content\/uploads\/2024\/11\/wb21.jpg",800,800,false],"xxl":["https:\/\/velo.md\/wp-content\/uploads\/2024\/11\/wb21.jpg",800,800,false],"xxxl":["https:\/\/velo.md\/wp-content\/uploads\/2024\/11\/wb21.jpg",800,800,false],"xxxxl":["https:\/\/velo.md\/wp-content\/uploads\/2024\/11\/wb21.jpg",800,800,false],"xxxxxl":["https:\/\/velo.md\/wp-content\/uploads\/2024\/11\/wb21.jpg",800,800,false],"woocommerce_thumbnail":["https:\/\/velo.md\/wp-content\/uploads\/2024\/11\/wb21-300x222.jpg",300,222,true],"woocommerce_single":["https:\/\/velo.md\/wp-content\/uploads\/2024\/11\/wb21-600x600.jpg",600,600,true],"woocommerce_gallery_thumbnail":["https:\/\/velo.md\/wp-content\/uploads\/2024\/11\/wb21-100x100.jpg",100,100,true],"variation_swatches_image_size":["https:\/\/velo.md\/wp-content\/uploads\/2024\/11\/wb21-50x50.jpg",50,50,true],"variation_swatches_tooltip_size":["https:\/\/velo.md\/wp-content\/uploads\/2024\/11\/wb21-100x100.jpg",100,100,true]},"uagb_author_info":{"display_name":"admin","author_link":"https:\/\/velo.md\/ro\/author\/"},"uagb_comment_info":2,"uagb_excerpt":"WINDBLOCK 2-\u0432-1 \u043a\u0443\u0440\u0442\u043a\u0430 \u0441 \u043f\u043e\u0434\u043a\u043b\u0430\u0434\u043a\u043e\u0439, \u0438\u0434\u0435\u0430\u043b\u044c\u043d\u043e\u0435 \u0440\u0435\u0448\u0435\u043d\u0438\u0435 \u0434\u043b\u044f \u0430\u043a\u0442\u0438\u0432\u043d\u043e\u0433\u043e \u043e\u0442\u0434\u044b\u0445\u0430. \u0412\u0435\u0442\u0440\u043e\u0437\u0430\u0449\u0438\u0442\u043d\u0430\u044f \u0438 \u0432\u043e\u0434\u043e\u043e\u0442\u0442\u0430\u043b\u043a\u0438\u0432\u0430\u044e\u0449\u0430\u044f \u043a\u0443\u0440\u0442\u043a\u0430 \u043b\u0435\u0433\u043a\u043e \u0442\u0440\u0430\u043d\u0441\u0444\u043e\u0440\u043c\u0438\u0440\u0443\u0435\u0442\u0441\u044f \u0432 \u0436\u0438\u043b\u0435\u0442 \u0431\u043b\u0430\u0433\u043e\u0434\u0430\u0440\u044f \u0441\u044a\u0435\u043c\u043d\u044b\u043c \u0440\u0443\u043a\u0430\u0432\u0430\u043c. \u0418\u0434\u0435\u0430\u043b\u044c\u043d\u043e \u043f\u043e\u0434\u0445\u043e\u0434\u0438\u0442 \u043a\u0430\u043a \u0438 \u0434\u043b\u044f \u0435\u0437\u0434\u044b \u043d\u0430 \u0432\u0435\u043b\u043e\u0441\u0438\u043f\u0435\u0434\u0435, \u0442\u0430\u043a \u0438 \u0434\u043b\u044f \u043f\u043e\u0432\u0441\u0435\u0434\u043d\u0435\u0432\u043d\u043e\u0433\u043e \u0438\u0441\u043f\u043e\u043b\u044c\u0437\u043e\u0432\u0430\u043d\u0438\u044f.","_links":{"self":[{"href":"https:\/\/velo.md\/ro\/wp-json\/wp\/v2\/product\/15864","targetHints":{"allow":["GET"]}}],"collection":[{"href":"https:\/\/velo.md\/ro\/wp-json\/wp\/v2\/product"}],"about":[{"href":"https:\/\/velo.md\/ro\/wp-json\/wp\/v2\/types\/product"}],"replies":[{"embeddable":true,"href":"https:\/\/velo.md\/ro\/wp-json\/wp\/v2\/comments?post=15864"}],"wp:featuredmedia":[{"embeddable":true,"href":"https:\/\/velo.md\/ro\/wp-json\/wp\/v2\/media\/15868"}],"wp:attachment":[{"href":"https:\/\/velo.md\/ro\/wp-json\/wp\/v2\/media?parent=15864"}],"wp:term":[{"taxonomy":"product_cat","embeddable":true,"href":"https:\/\/velo.md\/ro\/wp-json\/wp\/v2\/product_cat?post=15864"},{"taxonomy":"product_tag","embeddable":true,"href":"https:\/\/velo.md\/ro\/wp-json\/wp\/v2\/product_tag?post=15864"}],"curies":[{"name":"wp","href":"https:\/\/api.w.org\/{rel}","templated":true}]}}