{"id":15856,"date":"2024-11-02T14:38:44","date_gmt":"2024-11-02T14:38:44","guid":{"rendered":"https:\/\/velo.md\/?post_type=product&#038;p=15856"},"modified":"2024-12-04T11:53:00","modified_gmt":"2024-12-04T11:53:00","slug":"kurtka-termica-iex-wb9","status":"publish","type":"product","link":"https:\/\/velo.md\/ro\/products\/equipment\/biotex\/winter\/kurtka-termica-iex-wb9\/","title":{"rendered":"Jachet\u0103 IEX Thermal WB9"},"content":{"rendered":"","protected":false},"excerpt":{"rendered":"<p><span class=\"col-12 col-xs-12 col-md-9\"><strong>WINDJACKET -5\u00b0 &gt; +15\u00b0C<\/strong><\/span><\/p>\n<p>Jacheta termic\u0103 rezistent\u0103 la v\u00e2nt IEX, confec\u021bionat\u0103 din \u021bes\u0103tur\u0103 hidrofug\u0103, a fost conceput\u0103 pentru a proteja corpul de frig \u0219i v\u00e2nt \u00een timpul activit\u0103\u021bilor sportive. Jacheta termic\u0103 este foarte confortabil\u0103 \u0219i practic\u0103 datorit\u0103 fermoarului Cam-lock integrat \u0219i a celor 3 buzunare cu inser\u021bii de ventila\u021bie. M\u00e2necile au o \u00eencheietur\u0103 reglabil\u0103 la \u00eencheietura m\u00e2inii cu Velcro pentru \u00eembr\u0103carea u\u0219oar\u0103 a m\u0103nu\u0219ilor de iarn\u0103.<\/p>","protected":false},"featured_media":15860,"comment_status":"closed","ping_status":"closed","template":"","meta":{"_uag_custom_page_level_css":"","site-sidebar-layout":"no-sidebar","site-content-layout":"plain-container","ast-global-header-display":"","ast-main-header-display":"","ast-hfb-above-header-display":"","ast-hfb-below-header-display":"","ast-hfb-mobile-header-display":"","site-post-title":"","ast-breadcrumbs-content":"","ast-featured-img":"","footer-sml-layout":"","theme-transparent-header-meta":"default","adv-header-id-meta":"","stick-header-meta":"","header-above-stick-meta":"","header-main-stick-meta":"","header-below-stick-meta":""},"product_cat":[1552,502,514],"product_tag":[],"class_list":["post-15856","product","type-product","status-publish","has-post-thumbnail","hentry","product_cat-winter","product_cat-equipment","product_cat-biotex","top_cat_502"],"uagb_featured_image_src":{"full":["https:\/\/velo.md\/wp-content\/uploads\/2024\/11\/wb9.jpg",800,800,false],"thumbnail":["https:\/\/velo.md\/wp-content\/uploads\/2024\/11\/wb9-150x150.jpg",150,150,true],"medium":["https:\/\/velo.md\/wp-content\/uploads\/2024\/11\/wb9-300x300.jpg",300,300,true],"medium_large":["https:\/\/velo.md\/wp-content\/uploads\/2024\/11\/wb9-768x768.jpg",768,768,true],"large":["https:\/\/velo.md\/wp-content\/uploads\/2024\/11\/wb9.jpg",800,800,false],"1536x1536":["https:\/\/velo.md\/wp-content\/uploads\/2024\/11\/wb9.jpg",800,800,false],"2048x2048":["https:\/\/velo.md\/wp-content\/uploads\/2024\/11\/wb9.jpg",800,800,false],"trp-custom-language-flag":["https:\/\/velo.md\/wp-content\/uploads\/2024\/11\/wb9-12x12.jpg",12,12,true],"xl":["https:\/\/velo.md\/wp-content\/uploads\/2024\/11\/wb9.jpg",800,800,false],"xxl":["https:\/\/velo.md\/wp-content\/uploads\/2024\/11\/wb9.jpg",800,800,false],"xxxl":["https:\/\/velo.md\/wp-content\/uploads\/2024\/11\/wb9.jpg",800,800,false],"xxxxl":["https:\/\/velo.md\/wp-content\/uploads\/2024\/11\/wb9.jpg",800,800,false],"xxxxxl":["https:\/\/velo.md\/wp-content\/uploads\/2024\/11\/wb9.jpg",800,800,false],"woocommerce_thumbnail":["https:\/\/velo.md\/wp-content\/uploads\/2024\/11\/wb9-300x222.jpg",300,222,true],"woocommerce_single":["https:\/\/velo.md\/wp-content\/uploads\/2024\/11\/wb9-600x600.jpg",600,600,true],"woocommerce_gallery_thumbnail":["https:\/\/velo.md\/wp-content\/uploads\/2024\/11\/wb9-100x100.jpg",100,100,true],"variation_swatches_image_size":["https:\/\/velo.md\/wp-content\/uploads\/2024\/11\/wb9-50x50.jpg",50,50,true],"variation_swatches_tooltip_size":["https:\/\/velo.md\/wp-content\/uploads\/2024\/11\/wb9-100x100.jpg",100,100,true]},"uagb_author_info":{"display_name":"admin","author_link":"https:\/\/velo.md\/ro\/author\/"},"uagb_comment_info":2,"uagb_excerpt":"WINDJACKET -5\u00b0 &gt; +15\u00b0C \u0412\u0435\u0442\u0440\u043e\u0437\u0430\u0449\u0438\u0442\u043d\u0430\u044f \u0442\u0435\u0440\u043c\u043e\u043a\u0443\u0440\u0442\u043a\u0430 IEX \u0438\u0437 \u0432\u043e\u0434\u043e\u043e\u0442\u0442\u0430\u043b\u043a\u0438\u0432\u0430\u044e\u0449\u0435\u0439 \u0442\u043a\u0430\u043d\u0438, \u0431\u044b\u043b\u0430 \u0440\u0430\u0437\u0440\u0430\u0431\u043e\u0442\u0430\u043d\u0430 \u0434\u043b\u044f \u0437\u0430\u0449\u0438\u0442\u044b \u0442\u0435\u043b\u0430 \u043e\u0442 \u0445\u043e\u043b\u043e\u0434\u0430 \u0438 \u0432\u0435\u0442\u0440\u0430 \u0432\u043e \u0432\u0440\u0435\u043c\u044f \u0437\u0430\u043d\u044f\u0442\u0438\u0439 \u0441\u043f\u043e\u0440\u0442\u043e\u043c. \u0422\u0435\u0440\u043c\u043e\u043a\u0443\u0440\u0442\u043a\u0430 \u043e\u0447\u0435\u043d\u044c \u0443\u0434\u043e\u0431\u043d\u0430 \u0438 \u043f\u0440\u0430\u043a\u0442\u0438\u0447\u043d\u0430 \u0431\u043b\u0430\u0433\u043e\u0434\u0430\u0440\u044f \u0432\u0441\u0442\u0440\u043e\u0435\u043d\u043d\u043e\u0439 \u043c\u043e\u043b\u043d\u0438\u0438 Cam-lock \u0438 3 \u043a\u0430\u0440\u043c\u0430\u043d\u0430\u043c \u0441 \u0432\u0435\u043d\u0442\u0438\u043b\u044f\u0446\u0438\u043e\u043d\u043d\u044b\u043c\u0438 \u0432\u0441\u0442\u0430\u0432\u043a\u0430\u043c\u0438. \u0420\u0443\u043a\u0430\u0432\u0430 \u043e\u0441\u043d\u0430\u0449\u0435\u043d\u044b \u0440\u0435\u0433\u0443\u043b\u0438\u0440\u0443\u0435\u043c\u043e\u0439 \u0437\u0430\u0441\u0442\u0435\u0436\u043a\u043e\u0439 \u043d\u0430 \u0437\u0430\u043f\u044f\u0441\u0442\u044c\u0435 \u0441 \u043b\u0438\u043f\u0443\u0447\u043a\u043e\u0439 \u0434\u043b\u044f \u043e\u0431\u043b\u0435\u0433\u0447\u0435\u043d\u0438\u044f \u043d\u0430\u0434\u0435\u0432\u0430\u043d\u0438\u044f \u0437\u0438\u043c\u043d\u0438\u0445 \u043f\u0435\u0440\u0447\u0430\u0442\u043e\u043a.","_links":{"self":[{"href":"https:\/\/velo.md\/ro\/wp-json\/wp\/v2\/product\/15856","targetHints":{"allow":["GET"]}}],"collection":[{"href":"https:\/\/velo.md\/ro\/wp-json\/wp\/v2\/product"}],"about":[{"href":"https:\/\/velo.md\/ro\/wp-json\/wp\/v2\/types\/product"}],"replies":[{"embeddable":true,"href":"https:\/\/velo.md\/ro\/wp-json\/wp\/v2\/comments?post=15856"}],"wp:featuredmedia":[{"embeddable":true,"href":"https:\/\/velo.md\/ro\/wp-json\/wp\/v2\/media\/15860"}],"wp:attachment":[{"href":"https:\/\/velo.md\/ro\/wp-json\/wp\/v2\/media?parent=15856"}],"wp:term":[{"taxonomy":"product_cat","embeddable":true,"href":"https:\/\/velo.md\/ro\/wp-json\/wp\/v2\/product_cat?post=15856"},{"taxonomy":"product_tag","embeddable":true,"href":"https:\/\/velo.md\/ro\/wp-json\/wp\/v2\/product_tag?post=15856"}],"curies":[{"name":"wp","href":"https:\/\/api.w.org\/{rel}","templated":true}]}}