{"id":15841,"date":"2024-11-02T14:25:33","date_gmt":"2024-11-02T14:25:33","guid":{"rendered":"https:\/\/velo.md\/?post_type=product&#038;p=15841"},"modified":"2024-12-04T11:53:00","modified_gmt":"2024-12-04T11:53:00","slug":"shtany-s-pampersom-ingamba-ig1","status":"publish","type":"product","link":"https:\/\/velo.md\/ro\/products\/equipment\/biotex\/winter\/shtany-s-pampersom-ingamba-ig1\/","title":{"rendered":"Pantaloni pentru scutece INGAMBA IG1"},"content":{"rendered":"<p>Colan\u021bii INGAMBA cu c\u0103ptu\u0219eal\u0103 suplimentar\u0103 sunt confec\u021biona\u021bi din material termo- \u0219i respirabil. Concepu\u021bi pentru zilele \u00een care temperatura este deosebit de sc\u0103zut\u0103, pantalonii tip salopet\u0103 \u00eenvelesc corpul, men\u021bin\u00e2nd o temperatur\u0103 corporal\u0103 constant\u0103 \u0219i elimin\u00e2nd transpira\u021bia: pielea r\u0103m\u00e2ne uscat\u0103 \u0219i ave\u021bi o senza\u021bie constant\u0103 de c\u0103ldur\u0103. Protec\u021bia suplimentar\u0103 este asigurat\u0103 de un strat dublu rezistent la v\u00e2nt pe tibii, care le protejeaz\u0103 \u0219i \u00een caz de ploaie. Jambierele INGAMBA cu c\u0103ptu\u0219eal\u0103 suplimentar\u0103 sunt realizate din \u021bes\u0103turi \u0219i grosimi diferite pentru a asigura confort \u0219i respirabilitate maxime, precum \u0219i o libertate de mi\u0219care excelent\u0103 pentru bicicli\u0219ti \u0219i pasiona\u021bii de mountain biking. C\u0103ptu\u0219eala este incredibil de elastic\u0103 \u0219i previne abraziunile cauzate de marginile exterioare proeminente.<\/p>","protected":false},"excerpt":{"rendered":"<p><span class=\"col-12 col-xs-12 col-md-9\"><strong>POWERFLEX CALD -5\u00b0 &gt; +10\u00b0C<\/strong><\/span><\/p>\n<p>Ace\u0219ti pantaloni pampers sunt realiza\u021bi din material Thermolite, care poate garanta o izolare termic\u0103 ridicat\u0103, precum \u0219i u\u0219urin\u021b\u0103 \u0219i respirabilitate. INGAMBA sunt ideali pentru ciclism la temperaturi foarte sc\u0103zute, dar men\u021bin corpul cald \u0219i uscat.<\/p>","protected":false},"featured_media":15845,"comment_status":"closed","ping_status":"closed","template":"","meta":{"_uag_custom_page_level_css":"","site-sidebar-layout":"no-sidebar","site-content-layout":"plain-container","ast-global-header-display":"","ast-main-header-display":"","ast-hfb-above-header-display":"","ast-hfb-below-header-display":"","ast-hfb-mobile-header-display":"","site-post-title":"","ast-breadcrumbs-content":"","ast-featured-img":"","footer-sml-layout":"","theme-transparent-header-meta":"default","adv-header-id-meta":"","stick-header-meta":"","header-above-stick-meta":"","header-main-stick-meta":"","header-below-stick-meta":""},"product_cat":[1552,502,514],"product_tag":[],"class_list":["post-15841","product","type-product","status-publish","has-post-thumbnail","hentry","product_cat-winter","product_cat-equipment","product_cat-biotex","top_cat_502"],"uagb_featured_image_src":{"full":["https:\/\/velo.md\/wp-content\/uploads\/2024\/11\/ig1.jpg",800,800,false],"thumbnail":["https:\/\/velo.md\/wp-content\/uploads\/2024\/11\/ig1-150x150.jpg",150,150,true],"medium":["https:\/\/velo.md\/wp-content\/uploads\/2024\/11\/ig1-300x300.jpg",300,300,true],"medium_large":["https:\/\/velo.md\/wp-content\/uploads\/2024\/11\/ig1-768x768.jpg",768,768,true],"large":["https:\/\/velo.md\/wp-content\/uploads\/2024\/11\/ig1.jpg",800,800,false],"1536x1536":["https:\/\/velo.md\/wp-content\/uploads\/2024\/11\/ig1.jpg",800,800,false],"2048x2048":["https:\/\/velo.md\/wp-content\/uploads\/2024\/11\/ig1.jpg",800,800,false],"trp-custom-language-flag":["https:\/\/velo.md\/wp-content\/uploads\/2024\/11\/ig1-12x12.jpg",12,12,true],"xl":["https:\/\/velo.md\/wp-content\/uploads\/2024\/11\/ig1.jpg",800,800,false],"xxl":["https:\/\/velo.md\/wp-content\/uploads\/2024\/11\/ig1.jpg",800,800,false],"xxxl":["https:\/\/velo.md\/wp-content\/uploads\/2024\/11\/ig1.jpg",800,800,false],"xxxxl":["https:\/\/velo.md\/wp-content\/uploads\/2024\/11\/ig1.jpg",800,800,false],"xxxxxl":["https:\/\/velo.md\/wp-content\/uploads\/2024\/11\/ig1.jpg",800,800,false],"woocommerce_thumbnail":["https:\/\/velo.md\/wp-content\/uploads\/2024\/11\/ig1-300x222.jpg",300,222,true],"woocommerce_single":["https:\/\/velo.md\/wp-content\/uploads\/2024\/11\/ig1-600x600.jpg",600,600,true],"woocommerce_gallery_thumbnail":["https:\/\/velo.md\/wp-content\/uploads\/2024\/11\/ig1-100x100.jpg",100,100,true],"variation_swatches_image_size":["https:\/\/velo.md\/wp-content\/uploads\/2024\/11\/ig1-50x50.jpg",50,50,true],"variation_swatches_tooltip_size":["https:\/\/velo.md\/wp-content\/uploads\/2024\/11\/ig1-100x100.jpg",100,100,true]},"uagb_author_info":{"display_name":"admin","author_link":"https:\/\/velo.md\/ro\/author\/"},"uagb_comment_info":2,"uagb_excerpt":"POWERFLEX WARM -5\u00b0 &gt; +10\u00b0C \u042d\u0442\u0438 \u0448\u0442\u0430\u043d\u044b \u0441 \u043f\u0430\u043c\u043f\u0435\u0440\u0441\u043e\u043c \u0438\u0437\u0433\u043e\u0442\u043e\u0432\u043b\u0435\u043d\u044b \u0438\u0437 \u043c\u0430\u0442\u0435\u0440\u0438\u0430\u043b\u0430 Thermolite, \u043a\u043e\u0442\u043e\u0440\u044b\u0439 \u043c\u043e\u0436\u0435\u0442 \u0433\u0430\u0440\u0430\u043d\u0442\u0438\u0440\u043e\u0432\u0430\u0442\u044c \u0432\u044b\u0441\u043e\u043a\u0443\u044e \u0442\u0435\u043f\u043b\u043e\u0438\u0437\u043e\u043b\u044f\u0446\u0438\u044e, \u0430 \u0442\u0430\u043a\u0436\u0435 \u043b\u0435\u0433\u043a\u043e\u0441\u0442\u044c \u0438 \u0432\u043e\u0437\u0434\u0443\u0445\u043e\u043f\u0440\u043e\u043d\u0438\u0446\u0430\u0435\u043c\u043e\u0441\u0442\u044c. INGAMBA \u0438\u0434\u0435\u0430\u043b\u044c\u043d\u043e \u043f\u043e\u0434\u0445\u043e\u0434\u044f\u0442 \u0434\u043b\u044f \u0435\u0437\u0434\u044b \u043d\u0430 \u0432\u0435\u043b\u043e\u0441\u0438\u043f\u0435\u0434\u0435 \u043f\u0440\u0438 \u043e\u0447\u0435\u043d\u044c \u043d\u0438\u0437\u043a\u0438\u0445 \u0442\u0435\u043c\u043f\u0435\u0440\u0430\u0442\u0443\u0440\u0430\u0445, \u043d\u043e \u0441\u043e\u0445\u0440\u0430\u043d\u044f\u044e\u0442 \u0442\u0435\u043b\u043e \u0432 \u0442\u0435\u043f\u043b\u0435 \u0438 \u0441\u0443\u0445\u043e\u0441\u0442\u0438.","_links":{"self":[{"href":"https:\/\/velo.md\/ro\/wp-json\/wp\/v2\/product\/15841","targetHints":{"allow":["GET"]}}],"collection":[{"href":"https:\/\/velo.md\/ro\/wp-json\/wp\/v2\/product"}],"about":[{"href":"https:\/\/velo.md\/ro\/wp-json\/wp\/v2\/types\/product"}],"replies":[{"embeddable":true,"href":"https:\/\/velo.md\/ro\/wp-json\/wp\/v2\/comments?post=15841"}],"wp:featuredmedia":[{"embeddable":true,"href":"https:\/\/velo.md\/ro\/wp-json\/wp\/v2\/media\/15845"}],"wp:attachment":[{"href":"https:\/\/velo.md\/ro\/wp-json\/wp\/v2\/media?parent=15841"}],"wp:term":[{"taxonomy":"product_cat","embeddable":true,"href":"https:\/\/velo.md\/ro\/wp-json\/wp\/v2\/product_cat?post=15841"},{"taxonomy":"product_tag","embeddable":true,"href":"https:\/\/velo.md\/ro\/wp-json\/wp\/v2\/product_tag?post=15841"}],"curies":[{"name":"wp","href":"https:\/\/api.w.org\/{rel}","templated":true}]}}