{"id":15832,"date":"2024-11-02T14:18:05","date_gmt":"2024-11-02T14:18:05","guid":{"rendered":"https:\/\/velo.md\/?post_type=product&#038;p=15832"},"modified":"2024-12-04T11:53:00","modified_gmt":"2024-12-04T11:53:00","slug":"perchatki-extrawinter-2613","status":"publish","type":"product","link":"https:\/\/velo.md\/ro\/products\/equipment\/biotex\/winter\/perchatki-extrawinter-2613\/","title":{"rendered":"M\u0103nu\u0219i Extrawinter 2613"},"content":{"rendered":"","protected":false},"excerpt":{"rendered":"<div class=\"woocommerce-product-details__short-description\">\n<p><span class=\"col-12 col-xs-12 col-md-9\"><strong>CALD+ -20\u00b0 &gt; +10\u00b0C<\/strong><\/span><\/p>\n<p>M\u0103nu\u0219ile Extrawinter sunt foarte u\u0219oare, calde \u0219i ofer\u0103 o protec\u021bie excep\u021bional\u0103 \u00eempotriva frigului. Sunt fabricate dintr-un strat dublu pentru un plus de c\u0103ldur\u0103, iar datorit\u0103 cataramei reglabile de la \u00eencheietura m\u00e2inii beneficia\u021bi de protec\u021bie complet\u0103. palma are un model de silicon pentru a v\u0103 oferi o aderen\u021b\u0103 bun\u0103 pe ghidon, \u00een timp ce pe spate \u021bes\u0103tura termic\u0103 a fost \u00eembun\u0103t\u0103\u021bit\u0103 cu protec\u021bie \u00eempotriva v\u00e2ntului \u0219i a ploii. Degetul ar\u0103t\u0103tor are o fil\u0103 tactil\u0103 pentru utilizarea smartphone-urilor f\u0103r\u0103 a scoate m\u0103nu\u0219a.<\/p>\n<\/div>\n<div class=\"tinv-wraper woocommerce tinv-wishlist tinvwl-after-add-to-cart\" data-tinvwl_product_id=\"15813\"><\/div>\n<p><span class=\"col-12 col-xs-12 col-md-9\"><strong>\u00a0<\/strong><\/span><\/p>","protected":false},"featured_media":15836,"comment_status":"closed","ping_status":"closed","template":"","meta":{"_uag_custom_page_level_css":"","site-sidebar-layout":"no-sidebar","site-content-layout":"plain-container","ast-global-header-display":"","ast-main-header-display":"","ast-hfb-above-header-display":"","ast-hfb-below-header-display":"","ast-hfb-mobile-header-display":"","site-post-title":"","ast-breadcrumbs-content":"","ast-featured-img":"","footer-sml-layout":"","theme-transparent-header-meta":"default","adv-header-id-meta":"","stick-header-meta":"","header-above-stick-meta":"","header-main-stick-meta":"","header-below-stick-meta":""},"product_cat":[1552,502,514],"product_tag":[],"class_list":["post-15832","product","type-product","status-publish","has-post-thumbnail","hentry","product_cat-winter","product_cat-equipment","product_cat-biotex","top_cat_502"],"uagb_featured_image_src":{"full":["https:\/\/velo.md\/wp-content\/uploads\/2024\/11\/2613.jpg",800,800,false],"thumbnail":["https:\/\/velo.md\/wp-content\/uploads\/2024\/11\/2613-150x150.jpg",150,150,true],"medium":["https:\/\/velo.md\/wp-content\/uploads\/2024\/11\/2613-300x300.jpg",300,300,true],"medium_large":["https:\/\/velo.md\/wp-content\/uploads\/2024\/11\/2613-768x768.jpg",768,768,true],"large":["https:\/\/velo.md\/wp-content\/uploads\/2024\/11\/2613.jpg",800,800,false],"1536x1536":["https:\/\/velo.md\/wp-content\/uploads\/2024\/11\/2613.jpg",800,800,false],"2048x2048":["https:\/\/velo.md\/wp-content\/uploads\/2024\/11\/2613.jpg",800,800,false],"trp-custom-language-flag":["https:\/\/velo.md\/wp-content\/uploads\/2024\/11\/2613-12x12.jpg",12,12,true],"xl":["https:\/\/velo.md\/wp-content\/uploads\/2024\/11\/2613.jpg",800,800,false],"xxl":["https:\/\/velo.md\/wp-content\/uploads\/2024\/11\/2613.jpg",800,800,false],"xxxl":["https:\/\/velo.md\/wp-content\/uploads\/2024\/11\/2613.jpg",800,800,false],"xxxxl":["https:\/\/velo.md\/wp-content\/uploads\/2024\/11\/2613.jpg",800,800,false],"xxxxxl":["https:\/\/velo.md\/wp-content\/uploads\/2024\/11\/2613.jpg",800,800,false],"woocommerce_thumbnail":["https:\/\/velo.md\/wp-content\/uploads\/2024\/11\/2613-300x222.jpg",300,222,true],"woocommerce_single":["https:\/\/velo.md\/wp-content\/uploads\/2024\/11\/2613-600x600.jpg",600,600,true],"woocommerce_gallery_thumbnail":["https:\/\/velo.md\/wp-content\/uploads\/2024\/11\/2613-100x100.jpg",100,100,true],"variation_swatches_image_size":["https:\/\/velo.md\/wp-content\/uploads\/2024\/11\/2613-50x50.jpg",50,50,true],"variation_swatches_tooltip_size":["https:\/\/velo.md\/wp-content\/uploads\/2024\/11\/2613-100x100.jpg",100,100,true]},"uagb_author_info":{"display_name":"admin","author_link":"https:\/\/velo.md\/ro\/author\/"},"uagb_comment_info":2,"uagb_excerpt":"WARM+\u00a0 -20\u00b0 &gt; +10\u00b0C \u041f\u0435\u0440\u0447\u0430\u0442\u043a\u0438 Extrawinter \u043e\u0447\u0435\u043d\u044c \u043b\u0435\u0433\u043a\u0438\u0435, \u0442\u0435\u043f\u043b\u044b\u0435 \u0438 \u043e\u0431\u0435\u0441\u043f\u0435\u0447\u0438\u0432\u0430\u044e\u0442 \u0438\u0441\u043a\u043b\u044e\u0447\u0438\u0442\u0435\u043b\u044c\u043d\u0443\u044e \u0437\u0430\u0449\u0438\u0442\u0443 \u043e\u0442 \u0445\u043e\u043b\u043e\u0434\u0430. \u041e\u043d\u0438 \u0441\u0434\u0435\u043b\u0430\u043d\u044b \u0438\u0437 \u0434\u0432\u043e\u0439\u043d\u043e\u0433\u043e \u0441\u043b\u043e\u044f \u0434\u043b\u044f \u0434\u043e\u043f\u043e\u043b\u043d\u0438\u0442\u0435\u043b\u044c\u043d\u043e\u0433\u043e \u0442\u0435\u043f\u043b\u0430, \u0430 \u0431\u043b\u0430\u0433\u043e\u0434\u0430\u0440\u044f \u0440\u0435\u0433\u0443\u043b\u0438\u0440\u0443\u0435\u043c\u043e\u0439 \u0437\u0430\u0441\u0442\u0435\u0436\u043a\u0435 \u043d\u0430 \u0437\u0430\u043f\u044f\u0441\u0442\u044c\u0435 \u0432\u044b \u043f\u043e\u043b\u0443\u0447\u0430\u0435\u0442\u0435 \u043f\u043e\u043b\u043d\u0443\u044e \u0437\u0430\u0449\u0438\u0442\u0443.\u041d\u0430 \u043b\u0430\u0434\u043e\u043d\u0438 \u0435\u0441\u0442\u044c \u0441\u0438\u043b\u0438\u043a\u043e\u043d\u043e\u0432\u044b\u0439 \u0440\u0438\u0441\u0443\u043d\u043e\u043a, \u0447\u0442\u043e\u0431\u044b \u043e\u0431\u0435\u0441\u043f\u0435\u0447\u0438\u0442\u044c \u0445\u043e\u0440\u043e\u0448\u0435\u0435 \u0441\u0446\u0435\u043f\u043b\u0435\u043d\u0438\u0435 \u0441 \u0440\u0443\u043b\u0435\u043c, \u0432 \u0442\u043e \u0432\u0440\u0435\u043c\u044f \u043a\u0430\u043a \u043d\u0430 \u0442\u044b\u043b\u044c\u043d\u043e\u0439 \u0441\u0442\u043e\u0440\u043e\u043d\u0435 \u0442\u0435\u0440\u043c\u043e\u0442\u043a\u0430\u043d\u044c \u0431\u044b\u043b\u0430 \u0443\u043b\u0443\u0447\u0448\u0435\u043d\u0430 \u0437\u0430\u0449\u0438\u0442\u043e\u0439 \u043e\u0442&hellip;","_links":{"self":[{"href":"https:\/\/velo.md\/ro\/wp-json\/wp\/v2\/product\/15832","targetHints":{"allow":["GET"]}}],"collection":[{"href":"https:\/\/velo.md\/ro\/wp-json\/wp\/v2\/product"}],"about":[{"href":"https:\/\/velo.md\/ro\/wp-json\/wp\/v2\/types\/product"}],"replies":[{"embeddable":true,"href":"https:\/\/velo.md\/ro\/wp-json\/wp\/v2\/comments?post=15832"}],"wp:featuredmedia":[{"embeddable":true,"href":"https:\/\/velo.md\/ro\/wp-json\/wp\/v2\/media\/15836"}],"wp:attachment":[{"href":"https:\/\/velo.md\/ro\/wp-json\/wp\/v2\/media?parent=15832"}],"wp:term":[{"taxonomy":"product_cat","embeddable":true,"href":"https:\/\/velo.md\/ro\/wp-json\/wp\/v2\/product_cat?post=15832"},{"taxonomy":"product_tag","embeddable":true,"href":"https:\/\/velo.md\/ro\/wp-json\/wp\/v2\/product_tag?post=15832"}],"curies":[{"name":"wp","href":"https:\/\/api.w.org\/{rel}","templated":true}]}}