{"id":15821,"date":"2024-11-02T14:02:52","date_gmt":"2024-11-02T14:02:52","guid":{"rendered":"https:\/\/velo.md\/?post_type=product&#038;p=15821"},"modified":"2024-12-04T11:53:00","modified_gmt":"2024-12-04T11:53:00","slug":"podshlemnik-limitless-2032","status":"publish","type":"product","link":"https:\/\/velo.md\/ro\/products\/equipment\/biotex\/winter\/podshlemnik-limitless-2032\/","title":{"rendered":"Casca Limitless 2032"},"content":{"rendered":"","protected":false},"excerpt":{"rendered":"<p><span class=\"col-12 col-xs-12 col-md-9\"><strong>CALD -20\u00b0 &gt; +10\u00b0C<\/strong><\/span><\/p>\n<p>Casca este f\u0103r\u0103 cus\u0103turi, moale \u0219i sub\u021bire, f\u0103r\u0103 cus\u0103turi. Protec\u021bie excelent\u0103 \u00eempotriva frigului.<\/p>","protected":false},"featured_media":15822,"comment_status":"closed","ping_status":"closed","template":"","meta":{"_uag_custom_page_level_css":"","site-sidebar-layout":"no-sidebar","site-content-layout":"plain-container","ast-global-header-display":"","ast-main-header-display":"","ast-hfb-above-header-display":"","ast-hfb-below-header-display":"","ast-hfb-mobile-header-display":"","site-post-title":"","ast-breadcrumbs-content":"","ast-featured-img":"","footer-sml-layout":"","theme-transparent-header-meta":"default","adv-header-id-meta":"","stick-header-meta":"","header-above-stick-meta":"","header-main-stick-meta":"","header-below-stick-meta":""},"product_cat":[1552,502,514],"product_tag":[],"class_list":["post-15821","product","type-product","status-publish","has-post-thumbnail","hentry","product_cat-winter","product_cat-equipment","product_cat-biotex","top_cat_502"],"uagb_featured_image_src":{"full":["https:\/\/velo.md\/wp-content\/uploads\/2024\/11\/2032.jpg",800,800,false],"thumbnail":["https:\/\/velo.md\/wp-content\/uploads\/2024\/11\/2032-150x150.jpg",150,150,true],"medium":["https:\/\/velo.md\/wp-content\/uploads\/2024\/11\/2032-300x300.jpg",300,300,true],"medium_large":["https:\/\/velo.md\/wp-content\/uploads\/2024\/11\/2032-768x768.jpg",768,768,true],"large":["https:\/\/velo.md\/wp-content\/uploads\/2024\/11\/2032.jpg",800,800,false],"1536x1536":["https:\/\/velo.md\/wp-content\/uploads\/2024\/11\/2032.jpg",800,800,false],"2048x2048":["https:\/\/velo.md\/wp-content\/uploads\/2024\/11\/2032.jpg",800,800,false],"trp-custom-language-flag":["https:\/\/velo.md\/wp-content\/uploads\/2024\/11\/2032-12x12.jpg",12,12,true],"xl":["https:\/\/velo.md\/wp-content\/uploads\/2024\/11\/2032.jpg",800,800,false],"xxl":["https:\/\/velo.md\/wp-content\/uploads\/2024\/11\/2032.jpg",800,800,false],"xxxl":["https:\/\/velo.md\/wp-content\/uploads\/2024\/11\/2032.jpg",800,800,false],"xxxxl":["https:\/\/velo.md\/wp-content\/uploads\/2024\/11\/2032.jpg",800,800,false],"xxxxxl":["https:\/\/velo.md\/wp-content\/uploads\/2024\/11\/2032.jpg",800,800,false],"woocommerce_thumbnail":["https:\/\/velo.md\/wp-content\/uploads\/2024\/11\/2032-300x222.jpg",300,222,true],"woocommerce_single":["https:\/\/velo.md\/wp-content\/uploads\/2024\/11\/2032-600x600.jpg",600,600,true],"woocommerce_gallery_thumbnail":["https:\/\/velo.md\/wp-content\/uploads\/2024\/11\/2032-100x100.jpg",100,100,true],"variation_swatches_image_size":["https:\/\/velo.md\/wp-content\/uploads\/2024\/11\/2032-50x50.jpg",50,50,true],"variation_swatches_tooltip_size":["https:\/\/velo.md\/wp-content\/uploads\/2024\/11\/2032-100x100.jpg",100,100,true]},"uagb_author_info":{"display_name":"admin","author_link":"https:\/\/velo.md\/ro\/author\/"},"uagb_comment_info":2,"uagb_excerpt":"WARM\u00a0 -20\u00b0 &gt; +10\u00b0C \u041f\u043e\u0434\u0448\u043b\u0435\u043c\u043d\u0438\u043a \u0431\u0435\u0441\u0448\u043e\u0432\u043d\u044b\u0439, \u043c\u044f\u0433\u043a\u0438\u0439 \u0438 \u0442\u043e\u043d\u043a\u0438\u0439, \u0431\u0435\u0437 \u0448\u0432\u043e\u0432. \u041e\u0442\u043b\u0438\u0447\u043d\u0430\u044f \u0437\u0430\u0449\u0438\u0442\u0430 \u043e\u0442 \u0445\u043e\u043b\u043e\u0434\u0430.","_links":{"self":[{"href":"https:\/\/velo.md\/ro\/wp-json\/wp\/v2\/product\/15821","targetHints":{"allow":["GET"]}}],"collection":[{"href":"https:\/\/velo.md\/ro\/wp-json\/wp\/v2\/product"}],"about":[{"href":"https:\/\/velo.md\/ro\/wp-json\/wp\/v2\/types\/product"}],"replies":[{"embeddable":true,"href":"https:\/\/velo.md\/ro\/wp-json\/wp\/v2\/comments?post=15821"}],"wp:featuredmedia":[{"embeddable":true,"href":"https:\/\/velo.md\/ro\/wp-json\/wp\/v2\/media\/15822"}],"wp:attachment":[{"href":"https:\/\/velo.md\/ro\/wp-json\/wp\/v2\/media?parent=15821"}],"wp:term":[{"taxonomy":"product_cat","embeddable":true,"href":"https:\/\/velo.md\/ro\/wp-json\/wp\/v2\/product_cat?post=15821"},{"taxonomy":"product_tag","embeddable":true,"href":"https:\/\/velo.md\/ro\/wp-json\/wp\/v2\/product_tag?post=15821"}],"curies":[{"name":"wp","href":"https:\/\/api.w.org\/{rel}","templated":true}]}}