{"id":15817,"date":"2024-11-02T13:57:18","date_gmt":"2024-11-02T13:57:18","guid":{"rendered":"https:\/\/velo.md\/?post_type=product&#038;p=15817"},"modified":"2024-12-08T13:13:13","modified_gmt":"2024-12-08T13:13:13","slug":"balaklava-limitless-2022","status":"publish","type":"product","link":"https:\/\/velo.md\/ro\/products\/equipment\/biotex\/winter\/balaklava-limitless-2022\/","title":{"rendered":"Balaclava Limitless 2022"},"content":{"rendered":"","protected":false},"excerpt":{"rendered":"<p><span class=\"col-12 col-xs-12 col-md-9\"><strong>CALD+ -20\u00b0 &gt; +10\u00b0C<\/strong><\/span><\/p>\n<p><span class=\"HwtZe\" lang=\"ru\"><span class=\"jCAhz ChMk0b\"><span class=\"ryNqvb\">Balaclava termic\u0103 f\u0103r\u0103 cus\u0103turi, u\u0219oar\u0103 \u0219i confortabil\u0103.<\/span><\/span> <span class=\"jCAhz ChMk0b\"><span class=\"ryNqvb\">Micro plasa de pe gur\u0103 \u0219i nas previne aburirea ochelarilor pe care \u00eei purta\u021bi.<\/span><\/span> <span class=\"jCAhz ChMk0b\"><span class=\"ryNqvb\">Balaclava este respirabil\u0103 \u0219i absoarbe transpira\u021bia, astfel \u00eenc\u00e2t capul \u0219i g\u00e2tul s\u0103 r\u0103m\u00e2n\u0103 mereu calde \u0219i uscate.<\/span><\/span> <span class=\"jCAhz ChMk0b\"><span class=\"ryNqvb\">Balaclava perfect\u0103 pentru bicicli\u0219ti, motocicli\u0219ti \u0219i toate sporturile de iarn\u0103<\/span><\/span><\/span><\/p>","protected":false},"featured_media":15818,"comment_status":"closed","ping_status":"closed","template":"","meta":{"_uag_custom_page_level_css":"","site-sidebar-layout":"no-sidebar","site-content-layout":"plain-container","ast-global-header-display":"","ast-main-header-display":"","ast-hfb-above-header-display":"","ast-hfb-below-header-display":"","ast-hfb-mobile-header-display":"","site-post-title":"","ast-breadcrumbs-content":"","ast-featured-img":"","footer-sml-layout":"","theme-transparent-header-meta":"default","adv-header-id-meta":"","stick-header-meta":"","header-above-stick-meta":"","header-main-stick-meta":"","header-below-stick-meta":""},"product_cat":[1552,502,514],"product_tag":[],"class_list":["post-15817","product","type-product","status-publish","has-post-thumbnail","hentry","product_cat-winter","product_cat-equipment","product_cat-biotex","top_cat_502"],"uagb_featured_image_src":{"full":["https:\/\/velo.md\/wp-content\/uploads\/2024\/11\/2022.jpg",800,800,false],"thumbnail":["https:\/\/velo.md\/wp-content\/uploads\/2024\/11\/2022-150x150.jpg",150,150,true],"medium":["https:\/\/velo.md\/wp-content\/uploads\/2024\/11\/2022-300x300.jpg",300,300,true],"medium_large":["https:\/\/velo.md\/wp-content\/uploads\/2024\/11\/2022-768x768.jpg",768,768,true],"large":["https:\/\/velo.md\/wp-content\/uploads\/2024\/11\/2022.jpg",800,800,false],"1536x1536":["https:\/\/velo.md\/wp-content\/uploads\/2024\/11\/2022.jpg",800,800,false],"2048x2048":["https:\/\/velo.md\/wp-content\/uploads\/2024\/11\/2022.jpg",800,800,false],"trp-custom-language-flag":["https:\/\/velo.md\/wp-content\/uploads\/2024\/11\/2022-12x12.jpg",12,12,true],"xl":["https:\/\/velo.md\/wp-content\/uploads\/2024\/11\/2022.jpg",800,800,false],"xxl":["https:\/\/velo.md\/wp-content\/uploads\/2024\/11\/2022.jpg",800,800,false],"xxxl":["https:\/\/velo.md\/wp-content\/uploads\/2024\/11\/2022.jpg",800,800,false],"xxxxl":["https:\/\/velo.md\/wp-content\/uploads\/2024\/11\/2022.jpg",800,800,false],"xxxxxl":["https:\/\/velo.md\/wp-content\/uploads\/2024\/11\/2022.jpg",800,800,false],"woocommerce_thumbnail":["https:\/\/velo.md\/wp-content\/uploads\/2024\/11\/2022-300x222.jpg",300,222,true],"woocommerce_single":["https:\/\/velo.md\/wp-content\/uploads\/2024\/11\/2022-600x600.jpg",600,600,true],"woocommerce_gallery_thumbnail":["https:\/\/velo.md\/wp-content\/uploads\/2024\/11\/2022-100x100.jpg",100,100,true],"variation_swatches_image_size":["https:\/\/velo.md\/wp-content\/uploads\/2024\/11\/2022-50x50.jpg",50,50,true],"variation_swatches_tooltip_size":["https:\/\/velo.md\/wp-content\/uploads\/2024\/11\/2022-100x100.jpg",100,100,true]},"uagb_author_info":{"display_name":"admin","author_link":"https:\/\/velo.md\/ro\/author\/"},"uagb_comment_info":2,"uagb_excerpt":"WARM+\u00a0 -20\u00b0 &gt; +10\u00b0C \u0411\u0435\u0441\u0448\u043e\u0432\u043d\u0430\u044f, \u043b\u0435\u0433\u043a\u0430\u044f \u0438 \u0443\u0434\u043e\u0431\u043d\u0430\u044f \u0442\u0435\u0440\u043c\u043e\u0431\u0430\u043b\u0430\u043a\u043b\u0430\u0432\u0430. \u041c\u0438\u043a\u0440\u043e\u0441\u0435\u0442\u043a\u0430 \u043d\u0430 \u0440\u0442\u0443 \u0438 \u043d\u043e\u0441\u0443 \u043f\u0440\u0435\u0434\u043e\u0442\u0432\u0440\u0430\u0449\u0430\u0435\u0442 \u0437\u0430\u043f\u043e\u0442\u0435\u0432\u0430\u043d\u0438\u0435 \u043e\u0447\u043a\u043e\u0432, \u043a\u043e\u0442\u043e\u0440\u044b\u0435 \u0432\u044b \u043c\u043e\u0436\u0435\u0442\u0435 \u043d\u043e\u0441\u0438\u0442\u044c. \u0411\u0430\u043b\u0430\u043a\u043b\u0430\u0432\u0430 \u0434\u044b\u0448\u0430\u0449\u0430\u044f \u0438 \u0432\u043f\u0438\u0442\u044b\u0432\u0430\u0435\u0442 \u043f\u043e\u0442, \u0442\u0430\u043a\u0438\u043c \u043e\u0431\u0440\u0430\u0437\u043e\u043c \u0432\u0430\u0448\u0430 \u0433\u043e\u043b\u043e\u0432\u0430 \u0438 \u0448\u0435\u044f \u0432\u0441\u0435\u0433\u0434\u0430 \u043e\u0441\u0442\u0430\u044e\u0442\u0441\u044f \u0442\u0435\u043f\u043b\u044b\u043c\u0438 \u0438 \u0441\u0443\u0445\u0438\u043c\u0438. \u0418\u0434\u0435\u0430\u043b\u044c\u043d\u0430\u044f \u0431\u0430\u043b\u0430\u043a\u043b\u0430\u0432\u0430 \u0434\u043b\u044f \u0432\u0435\u043b\u043e\u0441\u0438\u043f\u0435\u0434\u0438\u0441\u0442\u043e\u0432, \u043c\u043e\u0442\u043e\u0446\u0438\u043a\u043b\u0438\u0441\u0442\u043e\u0432 \u0438 \u043b\u044e\u0431\u044b\u0445 \u0437\u0438\u043c\u043d\u0438\u0445 \u0432\u0438\u0434\u043e\u0432 \u0441\u043f\u043e\u0440\u0442\u0430","_links":{"self":[{"href":"https:\/\/velo.md\/ro\/wp-json\/wp\/v2\/product\/15817","targetHints":{"allow":["GET"]}}],"collection":[{"href":"https:\/\/velo.md\/ro\/wp-json\/wp\/v2\/product"}],"about":[{"href":"https:\/\/velo.md\/ro\/wp-json\/wp\/v2\/types\/product"}],"replies":[{"embeddable":true,"href":"https:\/\/velo.md\/ro\/wp-json\/wp\/v2\/comments?post=15817"}],"wp:featuredmedia":[{"embeddable":true,"href":"https:\/\/velo.md\/ro\/wp-json\/wp\/v2\/media\/15818"}],"wp:attachment":[{"href":"https:\/\/velo.md\/ro\/wp-json\/wp\/v2\/media?parent=15817"}],"wp:term":[{"taxonomy":"product_cat","embeddable":true,"href":"https:\/\/velo.md\/ro\/wp-json\/wp\/v2\/product_cat?post=15817"},{"taxonomy":"product_tag","embeddable":true,"href":"https:\/\/velo.md\/ro\/wp-json\/wp\/v2\/product_tag?post=15817"}],"curies":[{"name":"wp","href":"https:\/\/api.w.org\/{rel}","templated":true}]}}