{"id":15577,"date":"2024-08-20T11:07:30","date_gmt":"2024-08-20T11:07:30","guid":{"rendered":"https:\/\/velo.md\/?post_type=product&#038;p=15577"},"modified":"2025-07-13T14:50:56","modified_gmt":"2025-07-13T14:50:56","slug":"fara-armytek-prime-c2-pro-magnet-usb","status":"publish","type":"product","link":"https:\/\/velo.md\/ro\/products\/accessories\/headlights_armytek\/fara-armytek-prime-c2-pro-magnet-usb\/","title":{"rendered":"Armytek Prime C2 Pro Magnet USB Lamp\u0103 frontal\u0103 alb\u0103"},"content":{"rendered":"<p>Prime C2 Pro este un model versatil de zi cu zi, cu un corp durabil, buton lateral convenabil \u0219i un unghi de iluminare confortabil de 120\u00b0.<\/p>\n<p>Potrivit at\u00e2t pentru utilizarea de zi cu zi, c\u00e2t \u0219i pentru utilizarea profesional\u0103: pe drume\u021bii, ciclism, camping, munc\u0103 de serviciu \u0219i munc\u0103 de securitate.<\/p>\n<p>Noul Prime C2 Pro are o putere impresionant\u0103 de 2400 lumeni \u0219i unghiuri de iluminare mai largi dec\u00e2t versiunea anterioar\u0103. Lanterna a primit, de asemenea, beneficii suplimentare de design pentru confort maxim \u00een utilizarea de zi cu zi: lungimea corpului a fost redus\u0103 \u0219i a fost ad\u0103ugat\u0103 o lunet\u0103 de \u0219oc. Lanterna este prev\u0103zut\u0103 cu o baterie de mare capacitate 18650 Li-Ion 3500 mAh, care poate fi \u00eenc\u0103rcat\u0103 prin intermediul unui cablu USB magnetic proprietar.<\/p>\n<p>Clema deta\u0219abil\u0103 fixeaz\u0103 lanterna pe o curea de rucsac sau \u00een buzunar, \u00een timp ce magnetul din capacul din spate v\u0103 permite s\u0103 o fixa\u021bi pe suprafe\u021be metalice. O margine de lovire din o\u021bel, o hus\u0103 robust\u0103 inclus\u0103 \u0219i filtre de culoare op\u021bionale v\u0103 ajut\u0103 s\u0103 aborda\u021bi cu succes orice sarcin\u0103 specializat\u0103. Prime C2 Pro este, de asemenea, compatibil cu suportul de biciclet\u0103 ABM-01 \u0219i poate fi utilizat ca lamp\u0103 frontal\u0103 pentru biciclet\u0103.<\/p>","protected":false},"excerpt":{"rendered":"<ul>\n<li>Electronica puternic\u0103 ofer\u0103 o putere impresionant\u0103 de 2400 lumeni \u0219i un record de 6,5 luni de func\u021bionare \u00een modul Firefly. Luminozitate constant\u0103 chiar \u0219i la temperaturi sc\u0103zute \u0219i atunci c\u00e2nd bateria nu este \u00eenc\u0103rcat\u0103 complet.<\/li>\n<li>Afi\u0219are multicolor\u0103 a temperaturii, a nivelului de \u00eenc\u0103rcare \u0219i a st\u0103rii, cu op\u021biunea de dezactivare a acesteia din urm\u0103.<\/li>\n<li>Fasciculul larg confortabil al sistemului optic complet modernizat, obiectivul TIR este protejat de zg\u00e2rieturi prin sticl\u0103 c\u0103lit\u0103 cu un strat de clarificare.<\/li>\n<li>Tehnologia inovatoare permite utilizarea oric\u0103ror baterii Li-Ion 18650 cu un curent de desc\u0103rcare de 10A \u0219i ofer\u0103 protec\u021bie complet\u0103 \u00eempotriva scurtcircuitelor, chiar dac\u0103 portul magnetic intr\u0103 \u00een contact cu obiecte metalice.<\/li>\n<li>Protec\u021bie activ\u0103 \u00een timp real \u00eempotriva supra\u00eenc\u0103lzirii peste +58 \u00b0C.<\/li>\n<li>Complet protejat\u0103 \u00eempotriva apei, murd\u0103riei \u0219i prafului conform standardului IP68 - lanterna continu\u0103 s\u0103 func\u021bioneze chiar \u0219i la o ad\u00e2ncime de 10 metri. Rezist\u0103 la c\u0103deri de la o \u00een\u0103l\u021bime de p\u00e2n\u0103 la 10 metri.<\/li>\n<li>Port magnetic robust \u0219i rezistent la ap\u0103.<\/li>\n<\/ul>","protected":false},"featured_media":15578,"comment_status":"closed","ping_status":"closed","template":"","meta":{"_uag_custom_page_level_css":"","site-sidebar-layout":"no-sidebar","site-content-layout":"plain-container","ast-global-header-display":"","ast-main-header-display":"","ast-hfb-above-header-display":"","ast-hfb-below-header-display":"","ast-hfb-mobile-header-display":"","site-post-title":"","ast-breadcrumbs-content":"","ast-featured-img":"","footer-sml-layout":"","theme-transparent-header-meta":"default","adv-header-id-meta":"","stick-header-meta":"","header-above-stick-meta":"","header-main-stick-meta":"","header-below-stick-meta":""},"product_cat":[1550,496],"product_tag":[],"class_list":["post-15577","product","type-product","status-publish","has-post-thumbnail","hentry","product_cat-headlights_armytek","product_cat-accessories","top_cat_496"],"uagb_featured_image_src":{"full":["https:\/\/velo.md\/wp-content\/uploads\/2024\/08\/main_prime_c2_pro_se9s-oz_rv1g-pz.jpg",979,801,false],"thumbnail":["https:\/\/velo.md\/wp-content\/uploads\/2024\/08\/main_prime_c2_pro_se9s-oz_rv1g-pz-150x150.jpg",150,150,true],"medium":["https:\/\/velo.md\/wp-content\/uploads\/2024\/08\/main_prime_c2_pro_se9s-oz_rv1g-pz-300x245.jpg",300,245,true],"medium_large":["https:\/\/velo.md\/wp-content\/uploads\/2024\/08\/main_prime_c2_pro_se9s-oz_rv1g-pz-768x628.jpg",768,628,true],"large":["https:\/\/velo.md\/wp-content\/uploads\/2024\/08\/main_prime_c2_pro_se9s-oz_rv1g-pz.jpg",979,801,false],"1536x1536":["https:\/\/velo.md\/wp-content\/uploads\/2024\/08\/main_prime_c2_pro_se9s-oz_rv1g-pz.jpg",979,801,false],"2048x2048":["https:\/\/velo.md\/wp-content\/uploads\/2024\/08\/main_prime_c2_pro_se9s-oz_rv1g-pz.jpg",979,801,false],"trp-custom-language-flag":["https:\/\/velo.md\/wp-content\/uploads\/2024\/08\/main_prime_c2_pro_se9s-oz_rv1g-pz-15x12.jpg",15,12,true],"xl":["https:\/\/velo.md\/wp-content\/uploads\/2024\/08\/main_prime_c2_pro_se9s-oz_rv1g-pz.jpg",979,801,false],"xxl":["https:\/\/velo.md\/wp-content\/uploads\/2024\/08\/main_prime_c2_pro_se9s-oz_rv1g-pz.jpg",979,801,false],"xxxl":["https:\/\/velo.md\/wp-content\/uploads\/2024\/08\/main_prime_c2_pro_se9s-oz_rv1g-pz.jpg",979,801,false],"xxxxl":["https:\/\/velo.md\/wp-content\/uploads\/2024\/08\/main_prime_c2_pro_se9s-oz_rv1g-pz.jpg",979,801,false],"xxxxxl":["https:\/\/velo.md\/wp-content\/uploads\/2024\/08\/main_prime_c2_pro_se9s-oz_rv1g-pz.jpg",979,801,false],"woocommerce_thumbnail":["https:\/\/velo.md\/wp-content\/uploads\/2024\/08\/main_prime_c2_pro_se9s-oz_rv1g-pz-300x222.jpg",300,222,true],"woocommerce_single":["https:\/\/velo.md\/wp-content\/uploads\/2024\/08\/main_prime_c2_pro_se9s-oz_rv1g-pz-600x491.jpg",600,491,true],"woocommerce_gallery_thumbnail":["https:\/\/velo.md\/wp-content\/uploads\/2024\/08\/main_prime_c2_pro_se9s-oz_rv1g-pz-100x100.jpg",100,100,true],"variation_swatches_image_size":["https:\/\/velo.md\/wp-content\/uploads\/2024\/08\/main_prime_c2_pro_se9s-oz_rv1g-pz-50x50.jpg",50,50,true],"variation_swatches_tooltip_size":["https:\/\/velo.md\/wp-content\/uploads\/2024\/08\/main_prime_c2_pro_se9s-oz_rv1g-pz-100x100.jpg",100,100,true]},"uagb_author_info":{"display_name":"admin","author_link":"https:\/\/velo.md\/ro\/author\/"},"uagb_comment_info":4,"uagb_excerpt":"\u041c\u043e\u0449\u043d\u0430\u044f \u044d\u043b\u0435\u043a\u0442\u0440\u043e\u043d\u0438\u043a\u0430 \u043e\u0431\u0435\u0441\u043f\u0435\u0447\u0438\u0432\u0430\u0435\u0442 \u0432\u043f\u0435\u0447\u0430\u0442\u043b\u044f\u044e\u0449\u0438\u0439 \u0441\u0432\u0435\u0442\u043e\u0432\u043e\u0439 \u043f\u043e\u0442\u043e\u043a \u0432 2400 \u043b\u044e\u043c\u0435\u043d \u0438 \u0440\u0435\u043a\u043e\u0440\u0434\u043d\u044b\u0435 6.5 \u043c\u0435\u0441\u044f\u0446\u0435\u0432 \u0440\u0430\u0431\u043e\u0442\u044b \u0432 \u0440\u0435\u0436\u0438\u043c\u0435 \u0421\u0432\u0435\u0442\u043b\u044f\u0447\u043e\u043a. \u041f\u043e\u0441\u0442\u043e\u044f\u043d\u043d\u0430\u044f \u044f\u0440\u043a\u043e\u0441\u0442\u044c \u0441\u0432\u0435\u0442\u0430 \u0434\u0430\u0436\u0435 \u043f\u0440\u0438 \u043d\u0438\u0437\u043a\u0438\u0445 \u0442\u0435\u043c\u043f\u0435\u0440\u0430\u0442\u0443\u0440\u0430\u0445 \u0438 \u043d\u0435 \u043f\u043e\u043b\u043d\u043e\u0441\u0442\u044c\u044e \u0437\u0430\u0440\u044f\u0436\u0435\u043d\u043d\u043e\u043c \u0430\u043a\u043a\u0443\u043c\u0443\u043b\u044f\u0442\u043e\u0440\u0435. \u041c\u043d\u043e\u0433\u043e\u0446\u0432\u0435\u0442\u043d\u0430\u044f \u0438\u043d\u0434\u0438\u043a\u0430\u0446\u0438\u044f \u0442\u0435\u043c\u043f\u0435\u0440\u0430\u0442\u0443\u0440\u044b, \u0443\u0440\u043e\u0432\u043d\u044f \u0437\u0430\u0440\u044f\u0434\u0430 \u0438 \u0441\u043e\u0441\u0442\u043e\u044f\u043d\u0438\u044f \u0441 \u0432\u043e\u0437\u043c\u043e\u0436\u043d\u043e\u0441\u0442\u044c\u044e \u043e\u0442\u043a\u043b\u044e\u0447\u0435\u043d\u0438\u044f \u043f\u043e\u0441\u043b\u0435\u0434\u043d\u0435\u0439. \u041a\u043e\u043c\u0444\u043e\u0440\u0442\u043d\u044b\u0439 \u0448\u0438\u0440\u043e\u043a\u0438\u0439 \u043b\u0443\u0447 \u043f\u043e\u043b\u043d\u043e\u0441\u0442\u044c\u044e \u043e\u0431\u043d\u043e\u0432\u043b\u0435\u043d\u043d\u043e\u0439 \u043e\u043f\u0442\u0438\u0447\u0435\u0441\u043a\u043e\u0439 \u0441\u0438\u0441\u0442\u0435\u043c\u044b, TIR-\u043b\u0438\u043d\u0437\u0430 \u0437\u0430\u0449\u0438\u0449\u0435\u043d\u0430 \u043e\u0442 \u0446\u0430\u0440\u0430\u043f\u0438\u043d \u0437\u0430\u043a\u0430\u043b\u0435\u043d\u043d\u044b\u043c \u0441\u0442\u0435\u043a\u043b\u043e\u043c \u0441 \u043f\u0440\u043e\u0441\u0432\u0435\u0442\u043b\u044f\u044e\u0449\u0438\u043c&hellip;","_links":{"self":[{"href":"https:\/\/velo.md\/ro\/wp-json\/wp\/v2\/product\/15577","targetHints":{"allow":["GET"]}}],"collection":[{"href":"https:\/\/velo.md\/ro\/wp-json\/wp\/v2\/product"}],"about":[{"href":"https:\/\/velo.md\/ro\/wp-json\/wp\/v2\/types\/product"}],"replies":[{"embeddable":true,"href":"https:\/\/velo.md\/ro\/wp-json\/wp\/v2\/comments?post=15577"}],"wp:featuredmedia":[{"embeddable":true,"href":"https:\/\/velo.md\/ro\/wp-json\/wp\/v2\/media\/15578"}],"wp:attachment":[{"href":"https:\/\/velo.md\/ro\/wp-json\/wp\/v2\/media?parent=15577"}],"wp:term":[{"taxonomy":"product_cat","embeddable":true,"href":"https:\/\/velo.md\/ro\/wp-json\/wp\/v2\/product_cat?post=15577"},{"taxonomy":"product_tag","embeddable":true,"href":"https:\/\/velo.md\/ro\/wp-json\/wp\/v2\/product_tag?post=15577"}],"curies":[{"name":"wp","href":"https:\/\/api.w.org\/{rel}","templated":true}]}}