{"id":15252,"date":"2024-06-29T09:59:37","date_gmt":"2024-06-29T09:59:37","guid":{"rendered":"https:\/\/velo.md\/?post_type=product&#038;p=15252"},"modified":"2025-07-13T14:50:57","modified_gmt":"2025-07-13T14:50:57","slug":"sumka-na-ramu-m-wave-kopirovat","status":"publish","type":"product","link":"https:\/\/velo.md\/ro\/products\/accessories\/bags\/sumka-na-ramu-m-wave-kopirovat\/","title":{"rendered":"Geant\u0103 pentru cadru M-Wave Rotterdam Top XL SC"},"content":{"rendered":"","protected":false},"excerpt":{"rendered":"<p>Geant\u0103 pentru cadru M-Wave. Fixare universal\u0103 pe partea din fa\u021b\u0103 a cadrului. Un compartiment, buzunar intern transparent pentru telefon mobil de p\u00e2n\u0103 la 6\u2033.<br \/>\nVolum 2 Litri.<\/p>","protected":false},"featured_media":15255,"comment_status":"closed","ping_status":"closed","template":"","meta":{"_uag_custom_page_level_css":"","site-sidebar-layout":"no-sidebar","site-content-layout":"plain-container","ast-global-header-display":"","ast-main-header-display":"","ast-hfb-above-header-display":"","ast-hfb-below-header-display":"","ast-hfb-mobile-header-display":"","site-post-title":"","ast-breadcrumbs-content":"","ast-featured-img":"","footer-sml-layout":"","theme-transparent-header-meta":"default","adv-header-id-meta":"","stick-header-meta":"","header-above-stick-meta":"","header-main-stick-meta":"","header-below-stick-meta":""},"product_cat":[496,641],"product_tag":[],"class_list":["post-15252","product","type-product","status-publish","has-post-thumbnail","hentry","product_cat-accessories","product_cat-bags","top_cat_496"],"uagb_featured_image_src":{"full":["https:\/\/velo.md\/wp-content\/uploads\/2024\/06\/122215.jpg",1500,1500,false],"thumbnail":["https:\/\/velo.md\/wp-content\/uploads\/2024\/06\/122215-150x150.jpg",150,150,true],"medium":["https:\/\/velo.md\/wp-content\/uploads\/2024\/06\/122215-300x300.jpg",300,300,true],"medium_large":["https:\/\/velo.md\/wp-content\/uploads\/2024\/06\/122215-768x768.jpg",768,768,true],"large":["https:\/\/velo.md\/wp-content\/uploads\/2024\/06\/122215-1024x1024.jpg",1024,1024,true],"1536x1536":["https:\/\/velo.md\/wp-content\/uploads\/2024\/06\/122215.jpg",1500,1500,false],"2048x2048":["https:\/\/velo.md\/wp-content\/uploads\/2024\/06\/122215.jpg",1500,1500,false],"trp-custom-language-flag":["https:\/\/velo.md\/wp-content\/uploads\/2024\/06\/122215-12x12.jpg",12,12,true],"xl":["https:\/\/velo.md\/wp-content\/uploads\/2024\/06\/122215.jpg",1500,1500,false],"xxl":["https:\/\/velo.md\/wp-content\/uploads\/2024\/06\/122215.jpg",1500,1500,false],"xxxl":["https:\/\/velo.md\/wp-content\/uploads\/2024\/06\/122215.jpg",1500,1500,false],"xxxxl":["https:\/\/velo.md\/wp-content\/uploads\/2024\/06\/122215.jpg",1500,1500,false],"xxxxxl":["https:\/\/velo.md\/wp-content\/uploads\/2024\/06\/122215.jpg",1500,1500,false],"woocommerce_thumbnail":["https:\/\/velo.md\/wp-content\/uploads\/2024\/06\/122215-300x222.jpg",300,222,true],"woocommerce_single":["https:\/\/velo.md\/wp-content\/uploads\/2024\/06\/122215-600x600.jpg",600,600,true],"woocommerce_gallery_thumbnail":["https:\/\/velo.md\/wp-content\/uploads\/2024\/06\/122215-100x100.jpg",100,100,true],"variation_swatches_image_size":["https:\/\/velo.md\/wp-content\/uploads\/2024\/06\/122215-50x50.jpg",50,50,true],"variation_swatches_tooltip_size":["https:\/\/velo.md\/wp-content\/uploads\/2024\/06\/122215-100x100.jpg",100,100,true]},"uagb_author_info":{"display_name":"admin","author_link":"https:\/\/velo.md\/ro\/author\/"},"uagb_comment_info":4,"uagb_excerpt":"\u0421\u0443\u043c\u043a\u0430 \u043d\u0430 \u0440\u0430\u043c\u0443 M-Wave. \u0423\u043d\u0438\u0432\u0435\u0440\u0441\u0430\u043b\u044c\u043d\u043e\u0435 \u043a\u0440\u0435\u043f\u043b\u0435\u043d\u0438\u0435 \u043d\u0430 \u043f\u0435\u0440\u0435\u0434\u043d\u044e\u044e \u0447\u0430\u0441\u0442\u044c \u0440\u0430\u043c\u044b. \u041e\u0434\u043d\u043e \u043e\u0442\u0434\u0435\u043b\u0435\u043d\u0438\u0435, \u0432\u043d\u0443\u0442\u0440\u0435\u043d\u043d\u0438\u0439 \u043f\u0440\u043e\u0437\u0440\u0430\u0447\u043d\u044b\u0439 \u043a\u0430\u0440\u043c\u0430\u043d \u0434\u043b\u044f \u043c\u043e\u0431\u0438\u043b\u044c\u043d\u043e\u0433\u043e \u0442\u0435\u043b\u0435\u0444\u043e\u043d\u0430 \u0434\u043e 6\". \u041e\u0431\u044a\u0435\u043c 2 \u041b\u0438\u0442\u0440\u0430.","_links":{"self":[{"href":"https:\/\/velo.md\/ro\/wp-json\/wp\/v2\/product\/15252","targetHints":{"allow":["GET"]}}],"collection":[{"href":"https:\/\/velo.md\/ro\/wp-json\/wp\/v2\/product"}],"about":[{"href":"https:\/\/velo.md\/ro\/wp-json\/wp\/v2\/types\/product"}],"replies":[{"embeddable":true,"href":"https:\/\/velo.md\/ro\/wp-json\/wp\/v2\/comments?post=15252"}],"wp:featuredmedia":[{"embeddable":true,"href":"https:\/\/velo.md\/ro\/wp-json\/wp\/v2\/media\/15255"}],"wp:attachment":[{"href":"https:\/\/velo.md\/ro\/wp-json\/wp\/v2\/media?parent=15252"}],"wp:term":[{"taxonomy":"product_cat","embeddable":true,"href":"https:\/\/velo.md\/ro\/wp-json\/wp\/v2\/product_cat?post=15252"},{"taxonomy":"product_tag","embeddable":true,"href":"https:\/\/velo.md\/ro\/wp-json\/wp\/v2\/product_tag?post=15252"}],"curies":[{"name":"wp","href":"https:\/\/api.w.org\/{rel}","templated":true}]}}