{"id":14820,"date":"2024-03-29T19:32:07","date_gmt":"2024-03-29T19:32:07","guid":{"rendered":"https:\/\/velo.md\/?post_type=product&#038;p=14820"},"modified":"2026-03-07T11:36:40","modified_gmt":"2026-03-07T11:36:40","slug":"nabor-sveta-spark-al-w-r","status":"publish","type":"product","link":"https:\/\/velo.md\/ro\/products\/accessories\/headlights\/nabor-sveta-spark-al-w-r\/","title":{"rendered":"\u041a\u043e\u043c\u043f\u043b\u0435\u043a\u0442 \u0441\u0432\u0435\u0442\u0430 Spark AL W &#038; R"},"content":{"rendered":"","protected":false},"excerpt":{"rendered":"<p>Autor SPARK AL Set lantern\u0103 cu LED-uri cu carcas\u0103 din aluminiu negru<\/p>\n<ul>\n<li>Lumina de la LED-ul de 5 lm este vizibil\u0103 p\u00e2n\u0103 la 500 de metri \u0219i la o l\u0103\u021bime de 240 de grade.<\/li>\n<li>\u00a03 moduri de iluminare diferite: constant (20 de ore), stroboscopic (50 de ore) \u0219i pulsatoriu (150 de ore).<\/li>\n<li>Curea de reten\u021bie universal\u0103 din silicon cu diametrul de 15-35 mm<\/li>\n<li>Alimentat de 2 baterii CR2032 (incluse).<\/li>\n<\/ul>","protected":false},"featured_media":14821,"comment_status":"closed","ping_status":"closed","template":"","meta":{"_uag_custom_page_level_css":"","site-sidebar-layout":"no-sidebar","site-content-layout":"plain-container","ast-global-header-display":"","ast-main-header-display":"","ast-hfb-above-header-display":"","ast-hfb-below-header-display":"","ast-hfb-mobile-header-display":"","site-post-title":"","ast-breadcrumbs-content":"","ast-featured-img":"","footer-sml-layout":"","theme-transparent-header-meta":"default","adv-header-id-meta":"","stick-header-meta":"","header-above-stick-meta":"","header-main-stick-meta":"","header-below-stick-meta":""},"product_cat":[496,643],"product_tag":[],"class_list":["post-14820","product","type-product","status-publish","has-post-thumbnail","hentry","product_cat-accessories","product_cat-headlights","top_cat_496"],"uagb_featured_image_src":{"full":["https:\/\/velo.md\/wp-content\/uploads\/2024\/03\/12040130.jpg",1200,900,false],"thumbnail":["https:\/\/velo.md\/wp-content\/uploads\/2024\/03\/12040130-150x150.jpg",150,150,true],"medium":["https:\/\/velo.md\/wp-content\/uploads\/2024\/03\/12040130-300x225.jpg",300,225,true],"medium_large":["https:\/\/velo.md\/wp-content\/uploads\/2024\/03\/12040130-768x576.jpg",768,576,true],"large":["https:\/\/velo.md\/wp-content\/uploads\/2024\/03\/12040130-1024x768.jpg",1024,768,true],"1536x1536":["https:\/\/velo.md\/wp-content\/uploads\/2024\/03\/12040130.jpg",1200,900,false],"2048x2048":["https:\/\/velo.md\/wp-content\/uploads\/2024\/03\/12040130.jpg",1200,900,false],"trp-custom-language-flag":["https:\/\/velo.md\/wp-content\/uploads\/2024\/03\/12040130-16x12.jpg",16,12,true],"xl":["https:\/\/velo.md\/wp-content\/uploads\/2024\/03\/12040130.jpg",1200,900,false],"xxl":["https:\/\/velo.md\/wp-content\/uploads\/2024\/03\/12040130.jpg",1200,900,false],"xxxl":["https:\/\/velo.md\/wp-content\/uploads\/2024\/03\/12040130.jpg",1200,900,false],"xxxxl":["https:\/\/velo.md\/wp-content\/uploads\/2024\/03\/12040130.jpg",1200,900,false],"xxxxxl":["https:\/\/velo.md\/wp-content\/uploads\/2024\/03\/12040130.jpg",1200,900,false],"woocommerce_thumbnail":["https:\/\/velo.md\/wp-content\/uploads\/2024\/03\/12040130-300x222.jpg",300,222,true],"woocommerce_single":["https:\/\/velo.md\/wp-content\/uploads\/2024\/03\/12040130-600x450.jpg",600,450,true],"woocommerce_gallery_thumbnail":["https:\/\/velo.md\/wp-content\/uploads\/2024\/03\/12040130-100x100.jpg",100,100,true],"variation_swatches_image_size":["https:\/\/velo.md\/wp-content\/uploads\/2024\/03\/12040130-50x50.jpg",50,50,true],"variation_swatches_tooltip_size":["https:\/\/velo.md\/wp-content\/uploads\/2024\/03\/12040130-100x100.jpg",100,100,true]},"uagb_author_info":{"display_name":"admin","author_link":"https:\/\/velo.md\/ro\/author\/"},"uagb_comment_info":3,"uagb_excerpt":"\u041d\u0430\u0431\u043e\u0440 \u0441\u0432\u0435\u0442\u043e\u0434\u0438\u043e\u0434\u043d\u044b\u0445 \u0444\u043e\u043d\u0430\u0440\u0435\u0439 Author SPARK AL \u0447\u0435\u0440\u043d\u044b\u0439 \u0430\u043b\u044e\u043c\u0438\u043d\u0438\u0435\u0432\u044b\u0439 \u043a\u043e\u0440\u043f\u0443\u0441 \u0421\u0432\u0435\u0442 \u0441 5 lm LED \u0432\u0438\u0434\u0435\u043d \u0434\u043e 500 \u043c \u0438 \u0448\u0438\u0440\u0438\u043d\u043e\u0439 240 \u0433\u0440\u0430\u0434\u0443\u0441\u043e\u0432. \u00a03 \u0440\u0430\u0437\u043b\u0438\u0447\u043d\u044b\u0445 \u0440\u0435\u0436\u0438\u043c\u0430\u043c\u0438 \u043e\u0441\u0432\u0435\u0449\u0435\u043d\u0438\u044f: \u043f\u043e\u0441\u0442\u043e\u044f\u043d\u043d\u044b\u0439 (20 \u0447\u0430\u0441\u043e\u0432), \u0441\u0442\u0440\u043e\u0431\u043e\u0441\u043a\u043e\u043f\u0438\u0447\u0435\u0441\u043a\u0438\u0439 (50 \u0447\u0430\u0441\u043e\u0432) \u0438 \u0438\u043c\u043f\u0443\u043b\u044c\u0441\u043d\u044b\u0439 (150 \u0447\u0430\u0441\u043e\u0432). \u0423\u043d\u0438\u0432\u0435\u0440\u0441\u0430\u043b\u044c\u043d\u044b\u0439 \u0441\u0438\u043b\u0438\u043a\u043e\u043d\u043e\u0432\u044b\u0439 \u0440\u0435\u043c\u0435\u0448\u043e\u043a \u0434\u043b\u044f \u0444\u0438\u043a\u0441\u0430\u0446\u0438\u0438 \u0434\u0438\u0430\u043c\u0435\u0442\u0440\u043e\u043c 15\u201335 \u043c\u043c \u0420\u0430\u0431\u043e\u0442\u0430\u0435\u0442 \u043d\u0430 2 \u0431\u0430\u0442\u0430\u0440\u0435\u0439\u043a\u0438 \u0442\u0438\u043f\u0430 CR2032 (\u0432 \u043a\u043e\u043c\u043f\u043b\u0435\u043a\u0442\u0435).","_links":{"self":[{"href":"https:\/\/velo.md\/ro\/wp-json\/wp\/v2\/product\/14820","targetHints":{"allow":["GET"]}}],"collection":[{"href":"https:\/\/velo.md\/ro\/wp-json\/wp\/v2\/product"}],"about":[{"href":"https:\/\/velo.md\/ro\/wp-json\/wp\/v2\/types\/product"}],"replies":[{"embeddable":true,"href":"https:\/\/velo.md\/ro\/wp-json\/wp\/v2\/comments?post=14820"}],"wp:featuredmedia":[{"embeddable":true,"href":"https:\/\/velo.md\/ro\/wp-json\/wp\/v2\/media\/14821"}],"wp:attachment":[{"href":"https:\/\/velo.md\/ro\/wp-json\/wp\/v2\/media?parent=14820"}],"wp:term":[{"taxonomy":"product_cat","embeddable":true,"href":"https:\/\/velo.md\/ro\/wp-json\/wp\/v2\/product_cat?post=14820"},{"taxonomy":"product_tag","embeddable":true,"href":"https:\/\/velo.md\/ro\/wp-json\/wp\/v2\/product_tag?post=14820"}],"curies":[{"name":"wp","href":"https:\/\/api.w.org\/{rel}","templated":true}]}}