{"id":14816,"date":"2024-03-29T19:26:57","date_gmt":"2024-03-29T19:26:57","guid":{"rendered":"https:\/\/velo.md\/?post_type=product&#038;p=14816"},"modified":"2025-07-13T14:51:00","modified_gmt":"2025-07-13T14:51:00","slug":"fara-zadnyaya-cubus-brake-usb-cobled-70-lm-alloy","status":"publish","type":"product","link":"https:\/\/velo.md\/ro\/products\/accessories\/headlights\/fara-zadnyaya-cubus-brake-usb-cobled-70-lm-alloy\/","title":{"rendered":"Cubus\/Brake USB CobLed 70 lm Lamp\u0103 spate din aliaj"},"content":{"rendered":"<p>\u270520 LED-uri COB - 50 lm \u0219i un LED COB.<br \/>\nLED ro\u0219u XP-E.<br \/>\n\u2705 Noua tehnologie optic\u0103 a lentilelor ofer\u0103 o vizibilitate lateral\u0103 excelent\u0103.<br \/>\n\u2705 SENSOR DE FR\u00c2NARE AUTOMAT\u0102 - de \u00eendat\u0103 ce reduce\u021bi viteza, toate LED-urile se vor aprinde timp de 3 secunde la puterea 100%, dup\u0103 aceast\u0103 perioad\u0103 LED-urile vor reveni la modul ini\u021bial.<br \/>\n\u2705 Rezisten\u021b\u0103 la praf IPX65 - previne p\u0103trunderea prafului. Protejeaz\u0103 \u00eempotriva jeturilor de ap\u0103 de joas\u0103 presiune din orice direc\u021bie, precum \u0219i \u00eempotriva condensului \u0219i a jeturilor de ap\u0103.<br \/>\n\u2705 Comutator de memorie inteligent - 1 secund\u0103 de ap\u0103sare pentru a opri \u00een orice mod de iluminare (porni\u021bi \u00een acela\u0219i mod). Dublu clic - comuta\u021bi \u00eentre modul intermitent \u0219i cel constant.<br \/>\n\u2705Modul \"Safe Ride Home\" - Atunci c\u00e2nd bateria este desc\u0103rcat\u0103, lumina va trece automat la modul sigur de 50 de lumeni pentru \u00eenc\u0103 20 de minute.<br \/>\n\u2705 Indicatorul de \u00eenc\u0103rcare a bateriei \u0219i indicatorul de \u00eenc\u0103rcare sunt \u00eencorporate \u00een comutator. Capacitatea bateriei: indicator verde - capacitate 20-100 %, indicator ro\u0219u - capacitate 1-20 %. \u00cenc\u0103rcare: Indicator ro\u0219u constant = \u00eenc\u0103rcare, indicator verde constant = \u00eenc\u0103rcare complet\u0103.<br \/>\n-Kitul include un cablu de \u00eenc\u0103rcare USB 2.0 A \/ Micro C.<\/p>\n<p>Dimensiuni 38 \u00d7 29 \u00d7 30 mm, greutate 21 g.<\/p>","protected":false},"excerpt":{"rendered":"<p>Lampa spate AUTHOR CUBUS 70 lm cu senzor de fr\u00e2nare \u0219i o nou\u0103 tehnologie optic\u0103 a lentilelor este clar vizibil\u0103 la un unghi larg, at\u00e2t ziua c\u00e2t \u0219i noaptea. Cu ajutorul func\u021biei automate \"Safe Ride Home\", ve\u021bi avea la dispozi\u021bie 20 de minute pentru a v\u0103 \u00eentoarce \u00een siguran\u021b\u0103. Tehnologia COB LED de \u00eenalt\u0103 calitate, combinat\u0103 cu alte caracteristici, ofer\u0103 un nou nivel de siguran\u021b\u0103.<\/p>","protected":false},"featured_media":14817,"comment_status":"closed","ping_status":"closed","template":"","meta":{"_uag_custom_page_level_css":"","site-sidebar-layout":"no-sidebar","site-content-layout":"plain-container","ast-global-header-display":"","ast-main-header-display":"","ast-hfb-above-header-display":"","ast-hfb-below-header-display":"","ast-hfb-mobile-header-display":"","site-post-title":"","ast-breadcrumbs-content":"","ast-featured-img":"","footer-sml-layout":"","theme-transparent-header-meta":"default","adv-header-id-meta":"","stick-header-meta":"","header-above-stick-meta":"","header-main-stick-meta":"","header-below-stick-meta":""},"product_cat":[496,643],"product_tag":[],"class_list":["post-14816","product","type-product","status-publish","has-post-thumbnail","hentry","product_cat-accessories","product_cat-headlights","top_cat_496"],"uagb_featured_image_src":{"full":["https:\/\/velo.md\/wp-content\/uploads\/2024\/03\/12039993.jpg",1200,900,false],"thumbnail":["https:\/\/velo.md\/wp-content\/uploads\/2024\/03\/12039993-150x150.jpg",150,150,true],"medium":["https:\/\/velo.md\/wp-content\/uploads\/2024\/03\/12039993-300x225.jpg",300,225,true],"medium_large":["https:\/\/velo.md\/wp-content\/uploads\/2024\/03\/12039993-768x576.jpg",768,576,true],"large":["https:\/\/velo.md\/wp-content\/uploads\/2024\/03\/12039993-1024x768.jpg",1024,768,true],"1536x1536":["https:\/\/velo.md\/wp-content\/uploads\/2024\/03\/12039993.jpg",1200,900,false],"2048x2048":["https:\/\/velo.md\/wp-content\/uploads\/2024\/03\/12039993.jpg",1200,900,false],"trp-custom-language-flag":["https:\/\/velo.md\/wp-content\/uploads\/2024\/03\/12039993-16x12.jpg",16,12,true],"xl":["https:\/\/velo.md\/wp-content\/uploads\/2024\/03\/12039993.jpg",1200,900,false],"xxl":["https:\/\/velo.md\/wp-content\/uploads\/2024\/03\/12039993.jpg",1200,900,false],"xxxl":["https:\/\/velo.md\/wp-content\/uploads\/2024\/03\/12039993.jpg",1200,900,false],"xxxxl":["https:\/\/velo.md\/wp-content\/uploads\/2024\/03\/12039993.jpg",1200,900,false],"xxxxxl":["https:\/\/velo.md\/wp-content\/uploads\/2024\/03\/12039993.jpg",1200,900,false],"woocommerce_thumbnail":["https:\/\/velo.md\/wp-content\/uploads\/2024\/03\/12039993-300x222.jpg",300,222,true],"woocommerce_single":["https:\/\/velo.md\/wp-content\/uploads\/2024\/03\/12039993-600x450.jpg",600,450,true],"woocommerce_gallery_thumbnail":["https:\/\/velo.md\/wp-content\/uploads\/2024\/03\/12039993-100x100.jpg",100,100,true],"variation_swatches_image_size":["https:\/\/velo.md\/wp-content\/uploads\/2024\/03\/12039993-50x50.jpg",50,50,true],"variation_swatches_tooltip_size":["https:\/\/velo.md\/wp-content\/uploads\/2024\/03\/12039993-100x100.jpg",100,100,true]},"uagb_author_info":{"display_name":"admin","author_link":"https:\/\/velo.md\/ro\/author\/"},"uagb_comment_info":3,"uagb_excerpt":"\u0417\u0430\u0434\u043d\u044f\u044f \u0444\u0430\u0440\u0430 AUTHOR CUBUS 70 lm \u0441 \u0434\u0430\u0442\u0447\u0438\u043a\u043e\u043c \u0442\u043e\u0440\u043c\u043e\u0436\u0435\u043d\u0438\u044f \u0438 \u043d\u043e\u0432\u043e\u0439 \u0442\u0435\u0445\u043d\u043e\u043b\u043e\u0433\u0438\u0435\u0439 \u043e\u043f\u0442\u0438\u0447\u0435\u0441\u043a\u0438\u0445 \u043b\u0438\u043d\u0437 \u0445\u043e\u0440\u043e\u0448\u043e \u0432\u0438\u0434\u0435\u043d \u043f\u043e\u0434 \u0448\u0438\u0440\u043e\u043a\u0438\u043c \u0443\u0433\u043b\u043e\u043c \u0434\u043d\u0435\u043c \u0438 \u043d\u043e\u0447\u044c\u044e. \u0421 \u0430\u0432\u0442\u043e\u043c\u0430\u0442\u0438\u0447\u0435\u0441\u043a\u043e\u0439 \u0444\u0443\u043d\u043a\u0446\u0438\u0435\u0439 \"\u0411\u0435\u0437\u043e\u043f\u0430\u0441\u043d\u0430\u044f \u043f\u043e\u0435\u0437\u0434\u043a\u0430 \u0434\u043e\u043c\u043e\u0439\" \u0443 \u0432\u0430\u0441 \u0431\u0443\u0434\u0435\u0442 20 \u043c\u0438\u043d\u0443\u0442 \u043d\u0430 \u0431\u0435\u0437\u043e\u043f\u0430\u0441\u043d\u0443\u044e \u043f\u043e\u0435\u0437\u0434\u043a\u0443 \u043e\u0431\u0440\u0430\u0442\u043d\u043e. \u0412\u044b\u0441\u043e\u043a\u043e\u043a\u0430\u0447\u0435\u0441\u0442\u0432\u0435\u043d\u043d\u0430\u044f \u0442\u0435\u0445\u043d\u043e\u043b\u043e\u0433\u0438\u044f COB LED \u0432 \u0441\u043e\u0447\u0435\u0442\u0430\u043d\u0438\u0438 \u0441 \u0434\u0440\u0443\u0433\u0438\u043c\u0438 \u0444\u0443\u043d\u043a\u0446\u0438\u044f\u043c\u0438 \u043e\u0431\u0435\u0441\u043f\u0435\u0447\u0438\u0432\u0430\u0435\u0442 \u043d\u043e\u0432\u044b\u0439 \u0443\u0440\u043e\u0432\u0435\u043d\u044c \u0431\u0435\u0437\u043e\u043f\u0430\u0441\u043d\u043e\u0441\u0442\u0438.","_links":{"self":[{"href":"https:\/\/velo.md\/ro\/wp-json\/wp\/v2\/product\/14816","targetHints":{"allow":["GET"]}}],"collection":[{"href":"https:\/\/velo.md\/ro\/wp-json\/wp\/v2\/product"}],"about":[{"href":"https:\/\/velo.md\/ro\/wp-json\/wp\/v2\/types\/product"}],"replies":[{"embeddable":true,"href":"https:\/\/velo.md\/ro\/wp-json\/wp\/v2\/comments?post=14816"}],"wp:featuredmedia":[{"embeddable":true,"href":"https:\/\/velo.md\/ro\/wp-json\/wp\/v2\/media\/14817"}],"wp:attachment":[{"href":"https:\/\/velo.md\/ro\/wp-json\/wp\/v2\/media?parent=14816"}],"wp:term":[{"taxonomy":"product_cat","embeddable":true,"href":"https:\/\/velo.md\/ro\/wp-json\/wp\/v2\/product_cat?post=14816"},{"taxonomy":"product_tag","embeddable":true,"href":"https:\/\/velo.md\/ro\/wp-json\/wp\/v2\/product_tag?post=14816"}],"curies":[{"name":"wp","href":"https:\/\/api.w.org\/{rel}","templated":true}]}}