{"id":14783,"date":"2024-03-29T18:43:37","date_gmt":"2024-03-29T18:43:37","guid":{"rendered":"https:\/\/velo.md\/?post_type=product&#038;p=14783"},"modified":"2025-05-22T16:02:35","modified_gmt":"2025-05-22T16:02:35","slug":"ochki-author-zephyr-photochromic-hd-green-71-12-grey-matt","status":"publish","type":"product","link":"https:\/\/velo.md\/ro\/products\/equipment\/glasses\/ochki-author-zephyr-photochromic-hd-green-71-12-grey-matt\/","title":{"rendered":"Ochelari de protec\u021bie Zephyr Photochromic HD Green 71-12 (gri-mat) de autor"},"content":{"rendered":"<p>- Lentile incasabile din policarbonat. Gama de culori a filtrelor solare 1 - 3 (HC VISION verde 70% - S10 DARK GREY 12%), viteza de atenuare este de c\u00e2teva secunde.<\/p>\n<p>- Au un cadru practic indestructibil, fabricat din trilamid\u0103 TR90, un material din nailon u\u0219or \u0219i durabil, rezistent la deteriorarea chimic\u0103 \u0219i UV<\/p>\n<p>- Pernu\u021be de nas \u0219i pernu\u021be pentru urechi anti-alunecare - cu c\u00e2t transpiri mai mult, cu at\u00e2t mai mult\u0103 aderen\u021b\u0103 vei ob\u021bine de la cauciucul hidrofilic al pernu\u021belor de nas \u0219i al pernu\u021belor pentru urechi.<\/p>\n<p>- Geant\u0103 de cur\u0103\u021bare din microfibre inclus\u0103- Ochelarii de soare AUTHOR Zephyr ofer\u0103 100% protec\u021bie UV pentru ochi \u0219i sunt \u00een conformitate cu Regulamentul European (UE) 2016\/425, conform EN ISO 12312-1: 2013\/A1:2015. - Greutate 31g<\/p>","protected":false},"excerpt":{"rendered":"<p>Ochelarii de soare AUTHOR Zephyr Phtochromatic AUTHOR ofer\u0103 cea mai \u00eenalt\u0103 calitate. Proiecta\u021bi pentru durabilitate \u0219i confort. Modelat special pentru o protec\u021bie superioar\u0103 \u00eempotriva razelor UV \u0219i a v\u00e2ntului. Lentile fotocromatice (autocolora\u021bie) cu filtru verde HC VISION.<\/p>","protected":false},"featured_media":14784,"comment_status":"closed","ping_status":"closed","template":"","meta":{"_uag_custom_page_level_css":"","site-sidebar-layout":"no-sidebar","site-content-layout":"plain-container","ast-global-header-display":"","ast-main-header-display":"","ast-hfb-above-header-display":"","ast-hfb-below-header-display":"","ast-hfb-mobile-header-display":"","site-post-title":"","ast-breadcrumbs-content":"","ast-featured-img":"","footer-sml-layout":"","theme-transparent-header-meta":"default","adv-header-id-meta":"","stick-header-meta":"","header-above-stick-meta":"","header-main-stick-meta":"","header-below-stick-meta":""},"product_cat":[502,510],"product_tag":[],"class_list":["post-14783","product","type-product","status-publish","has-post-thumbnail","hentry","product_cat-equipment","product_cat-glasses","top_cat_502"],"uagb_featured_image_src":{"full":["https:\/\/velo.md\/wp-content\/uploads\/2024\/03\/09201504.jpg",1200,900,false],"thumbnail":["https:\/\/velo.md\/wp-content\/uploads\/2024\/03\/09201504-150x150.jpg",150,150,true],"medium":["https:\/\/velo.md\/wp-content\/uploads\/2024\/03\/09201504-300x225.jpg",300,225,true],"medium_large":["https:\/\/velo.md\/wp-content\/uploads\/2024\/03\/09201504-768x576.jpg",768,576,true],"large":["https:\/\/velo.md\/wp-content\/uploads\/2024\/03\/09201504-1024x768.jpg",1024,768,true],"1536x1536":["https:\/\/velo.md\/wp-content\/uploads\/2024\/03\/09201504.jpg",1200,900,false],"2048x2048":["https:\/\/velo.md\/wp-content\/uploads\/2024\/03\/09201504.jpg",1200,900,false],"trp-custom-language-flag":["https:\/\/velo.md\/wp-content\/uploads\/2024\/03\/09201504-16x12.jpg",16,12,true],"xl":["https:\/\/velo.md\/wp-content\/uploads\/2024\/03\/09201504.jpg",1200,900,false],"xxl":["https:\/\/velo.md\/wp-content\/uploads\/2024\/03\/09201504.jpg",1200,900,false],"xxxl":["https:\/\/velo.md\/wp-content\/uploads\/2024\/03\/09201504.jpg",1200,900,false],"xxxxl":["https:\/\/velo.md\/wp-content\/uploads\/2024\/03\/09201504.jpg",1200,900,false],"xxxxxl":["https:\/\/velo.md\/wp-content\/uploads\/2024\/03\/09201504.jpg",1200,900,false],"woocommerce_thumbnail":["https:\/\/velo.md\/wp-content\/uploads\/2024\/03\/09201504-300x222.jpg",300,222,true],"woocommerce_single":["https:\/\/velo.md\/wp-content\/uploads\/2024\/03\/09201504-600x450.jpg",600,450,true],"woocommerce_gallery_thumbnail":["https:\/\/velo.md\/wp-content\/uploads\/2024\/03\/09201504-100x100.jpg",100,100,true],"variation_swatches_image_size":["https:\/\/velo.md\/wp-content\/uploads\/2024\/03\/09201504-50x50.jpg",50,50,true],"variation_swatches_tooltip_size":["https:\/\/velo.md\/wp-content\/uploads\/2024\/03\/09201504-100x100.jpg",100,100,true]},"uagb_author_info":{"display_name":"admin","author_link":"https:\/\/velo.md\/ro\/author\/"},"uagb_comment_info":2,"uagb_excerpt":"\u0421\u043e\u043b\u043d\u0446\u0435\u0437\u0430\u0449\u0438\u0442\u043d\u044b\u0435 \u043e\u0447\u043a\u0438 AUTHOR Zephyr Phtochromatic \u043f\u0440\u0435\u0434\u043b\u0430\u0433\u0430\u044e\u0442 \u0432\u044b\u0441\u043e\u0447\u0430\u0439\u0448\u0435\u0435 \u043a\u0430\u0447\u0435\u0441\u0442\u0432\u043e. \u0420\u0430\u0437\u0440\u0430\u0431\u043e\u0442\u0430\u043d\u044b \u0434\u043b\u044f \u0434\u043e\u043b\u0433\u043e\u0432\u0435\u0447\u043d\u043e\u0441\u0442\u0438 \u0438 \u043a\u043e\u043c\u0444\u043e\u0440\u0442\u0430. \u0421\u043f\u0435\u0446\u0438\u0430\u043b\u044c\u043d\u0430\u044f \u0444\u043e\u0440\u043c\u0430 \u043e\u0431\u0435\u0441\u043f\u0435\u0447\u0438\u0432\u0430\u0435\u0442 \u043f\u0440\u0435\u0432\u043e\u0441\u0445\u043e\u0434\u043d\u0443\u044e \u0437\u0430\u0449\u0438\u0442\u0443 \u043e\u0442 \u0443\u043b\u044c\u0442\u0440\u0430\u0444\u0438\u043e\u043b\u0435\u0442\u0430 \u0438 \u0432\u0435\u0442\u0440\u0430. \u0424\u043e\u0442\u043e\u0445\u0440\u043e\u043c\u0430\u0442\u0438\u0447\u0435\u0441\u043a\u0430\u044f (\u0441\u0430\u043c\u043e\u043e\u043a\u0440\u0430\u0448\u0438\u0432\u0430\u044e\u0449\u0430\u044f\u0441\u044f) \u043b\u0438\u043d\u0437\u0430 \u0441 \u0437\u0435\u043b\u0435\u043d\u044b\u043c \u0444\u0438\u043b\u044c\u0442\u0440\u043e\u043c HC VISION","_links":{"self":[{"href":"https:\/\/velo.md\/ro\/wp-json\/wp\/v2\/product\/14783","targetHints":{"allow":["GET"]}}],"collection":[{"href":"https:\/\/velo.md\/ro\/wp-json\/wp\/v2\/product"}],"about":[{"href":"https:\/\/velo.md\/ro\/wp-json\/wp\/v2\/types\/product"}],"replies":[{"embeddable":true,"href":"https:\/\/velo.md\/ro\/wp-json\/wp\/v2\/comments?post=14783"}],"wp:featuredmedia":[{"embeddable":true,"href":"https:\/\/velo.md\/ro\/wp-json\/wp\/v2\/media\/14784"}],"wp:attachment":[{"href":"https:\/\/velo.md\/ro\/wp-json\/wp\/v2\/media?parent=14783"}],"wp:term":[{"taxonomy":"product_cat","embeddable":true,"href":"https:\/\/velo.md\/ro\/wp-json\/wp\/v2\/product_cat?post=14783"},{"taxonomy":"product_tag","embeddable":true,"href":"https:\/\/velo.md\/ro\/wp-json\/wp\/v2\/product_tag?post=14783"}],"curies":[{"name":"wp","href":"https:\/\/api.w.org\/{rel}","templated":true}]}}