{"id":14780,"date":"2024-03-29T18:33:40","date_gmt":"2024-03-29T18:33:40","guid":{"rendered":"https:\/\/velo.md\/?post_type=product&#038;p=14780"},"modified":"2025-05-22T16:02:35","modified_gmt":"2025-05-22T16:02:35","slug":"ochki-author-combe-white-matt","status":"publish","type":"product","link":"https:\/\/velo.md\/ro\/products\/equipment\/glasses\/ochki-author-combe-white-matt\/","title":{"rendered":"Autor Ochelari de protec\u021bie Combe (alb-mat)"},"content":{"rendered":"<p>- Lentile din policarbonat rezistente la impact cu efect Revo - filtru categoria 3.<\/p>\n<p>- Au un cadru practic indestructibil fabricat din policarbonat termoplastic, care este un material de nailon u\u0219or \u0219i durabil, rezistent la deterior\u0103ri chimice \u0219i UV.<\/p>\n<p>- Tampoane pentru nas \u0219i urechi \u00een form\u0103 de A - cu c\u00e2t transpiri mai mult, cu at\u00e2t mai aderente sunt tampoanele pentru nas \u0219i urechi din cauciuc hidrofil pentru a preveni alunecarea.<\/p>\n<p>- Ochelarii de soare de autor ofer\u0103 protec\u021bie UV pentru ochi 100% \u0219i respect\u0103 Regulamentul European (UE) 2016\/425 \u00een conformitate cu EN ISO 12312-1:2013\/A1:2015.<\/p>\n<p>- Greutate 31g.<\/p>","protected":false},"excerpt":{"rendered":"<p>Ochelarii de soare AUTHOR COMBE sunt caracteriza\u021bi de cea mai \u00eenalt\u0103 calitate. Concepu\u021bi pentru durabilitate \u0219i confort. Lentilele din policarbonat cu efect Revo ofer\u0103 claritate optic\u0103. Include o pung\u0103 de cur\u0103\u021bare din microfibr\u0103.<\/p>","protected":false},"featured_media":14781,"comment_status":"closed","ping_status":"closed","template":"","meta":{"_uag_custom_page_level_css":"","site-sidebar-layout":"no-sidebar","site-content-layout":"plain-container","ast-global-header-display":"","ast-main-header-display":"","ast-hfb-above-header-display":"","ast-hfb-below-header-display":"","ast-hfb-mobile-header-display":"","site-post-title":"","ast-breadcrumbs-content":"","ast-featured-img":"","footer-sml-layout":"","theme-transparent-header-meta":"default","adv-header-id-meta":"","stick-header-meta":"","header-above-stick-meta":"","header-main-stick-meta":"","header-below-stick-meta":""},"product_cat":[502,510],"product_tag":[],"class_list":["post-14780","product","type-product","status-publish","has-post-thumbnail","hentry","product_cat-equipment","product_cat-glasses","top_cat_502"],"uagb_featured_image_src":{"full":["https:\/\/velo.md\/wp-content\/uploads\/2024\/03\/09201211_b.jpg",1200,900,false],"thumbnail":["https:\/\/velo.md\/wp-content\/uploads\/2024\/03\/09201211_b-150x150.jpg",150,150,true],"medium":["https:\/\/velo.md\/wp-content\/uploads\/2024\/03\/09201211_b-300x225.jpg",300,225,true],"medium_large":["https:\/\/velo.md\/wp-content\/uploads\/2024\/03\/09201211_b-768x576.jpg",768,576,true],"large":["https:\/\/velo.md\/wp-content\/uploads\/2024\/03\/09201211_b-1024x768.jpg",1024,768,true],"1536x1536":["https:\/\/velo.md\/wp-content\/uploads\/2024\/03\/09201211_b.jpg",1200,900,false],"2048x2048":["https:\/\/velo.md\/wp-content\/uploads\/2024\/03\/09201211_b.jpg",1200,900,false],"trp-custom-language-flag":["https:\/\/velo.md\/wp-content\/uploads\/2024\/03\/09201211_b-16x12.jpg",16,12,true],"xl":["https:\/\/velo.md\/wp-content\/uploads\/2024\/03\/09201211_b.jpg",1200,900,false],"xxl":["https:\/\/velo.md\/wp-content\/uploads\/2024\/03\/09201211_b.jpg",1200,900,false],"xxxl":["https:\/\/velo.md\/wp-content\/uploads\/2024\/03\/09201211_b.jpg",1200,900,false],"xxxxl":["https:\/\/velo.md\/wp-content\/uploads\/2024\/03\/09201211_b.jpg",1200,900,false],"xxxxxl":["https:\/\/velo.md\/wp-content\/uploads\/2024\/03\/09201211_b.jpg",1200,900,false],"woocommerce_thumbnail":["https:\/\/velo.md\/wp-content\/uploads\/2024\/03\/09201211_b-300x222.jpg",300,222,true],"woocommerce_single":["https:\/\/velo.md\/wp-content\/uploads\/2024\/03\/09201211_b-600x450.jpg",600,450,true],"woocommerce_gallery_thumbnail":["https:\/\/velo.md\/wp-content\/uploads\/2024\/03\/09201211_b-100x100.jpg",100,100,true],"variation_swatches_image_size":["https:\/\/velo.md\/wp-content\/uploads\/2024\/03\/09201211_b-50x50.jpg",50,50,true],"variation_swatches_tooltip_size":["https:\/\/velo.md\/wp-content\/uploads\/2024\/03\/09201211_b-100x100.jpg",100,100,true]},"uagb_author_info":{"display_name":"admin","author_link":"https:\/\/velo.md\/ro\/author\/"},"uagb_comment_info":2,"uagb_excerpt":"\u0421\u043e\u043b\u043d\u0446\u0435\u0437\u0430\u0449\u0438\u0442\u043d\u044b\u0435 \u043e\u0447\u043a\u0438 AUTHOR COMBE \u043e\u0442\u043b\u0438\u0447\u0430\u044e\u0442\u0441\u044f \u0432\u044b\u0441\u043e\u0447\u0430\u0439\u0448\u0438\u043c \u043a\u0430\u0447\u0435\u0441\u0442\u0432\u043e\u043c. \u0420\u0430\u0437\u0440\u0430\u0431\u043e\u0442\u0430\u043d\u044b \u0434\u043b\u044f \u0434\u043e\u043b\u0433\u043e\u0432\u0435\u0447\u043d\u043e\u0441\u0442\u0438 \u0438 \u043a\u043e\u043c\u0444\u043e\u0440\u0442\u0430. \u041b\u0438\u043d\u0437\u044b \u0438\u0437 \u043f\u043e\u043b\u0438\u043a\u0430\u0440\u0431\u043e\u043d\u0430\u0442\u0430 \u0441 \u044d\u0444\u0444\u0435\u043a\u0442\u043e\u043c Revo \u043e\u0431\u0435\u0441\u043f\u0435\u0447\u0438\u0432\u0430\u044e\u0442 \u043e\u043f\u0442\u0438\u0447\u0435\u0441\u043a\u0443\u044e \u043f\u0440\u043e\u0437\u0440\u0430\u0447\u043d\u043e\u0441\u0442\u044c. \u0412 \u043a\u043e\u043c\u043f\u043b\u0435\u043a\u0442 \u0432\u0445\u043e\u0434\u0438\u0442 \u043c\u0435\u0448\u043e\u0447\u0435\u043a \u0434\u043b\u044f \u043e\u0447\u0438\u0441\u0442\u043a\u0438 \u0438\u0437 \u043c\u0438\u043a\u0440\u043e\u0444\u0438\u0431\u0440\u044b.","_links":{"self":[{"href":"https:\/\/velo.md\/ro\/wp-json\/wp\/v2\/product\/14780","targetHints":{"allow":["GET"]}}],"collection":[{"href":"https:\/\/velo.md\/ro\/wp-json\/wp\/v2\/product"}],"about":[{"href":"https:\/\/velo.md\/ro\/wp-json\/wp\/v2\/types\/product"}],"replies":[{"embeddable":true,"href":"https:\/\/velo.md\/ro\/wp-json\/wp\/v2\/comments?post=14780"}],"wp:featuredmedia":[{"embeddable":true,"href":"https:\/\/velo.md\/ro\/wp-json\/wp\/v2\/media\/14781"}],"wp:attachment":[{"href":"https:\/\/velo.md\/ro\/wp-json\/wp\/v2\/media?parent=14780"}],"wp:term":[{"taxonomy":"product_cat","embeddable":true,"href":"https:\/\/velo.md\/ro\/wp-json\/wp\/v2\/product_cat?post=14780"},{"taxonomy":"product_tag","embeddable":true,"href":"https:\/\/velo.md\/ro\/wp-json\/wp\/v2\/product_tag?post=14780"}],"curies":[{"name":"wp","href":"https:\/\/api.w.org\/{rel}","templated":true}]}}