{"id":14736,"date":"2024-03-27T11:39:55","date_gmt":"2024-03-27T11:39:55","guid":{"rendered":"https:\/\/velo.md\/?post_type=product&#038;p=14736"},"modified":"2025-07-13T14:51:01","modified_gmt":"2025-07-13T14:51:01","slug":"zamok-acl-79-memory-silicone-12x600mm-pink","status":"publish","type":"product","link":"https:\/\/velo.md\/ro\/products\/accessories\/locks\/zamok-acl-79-memory-silicone-12x600mm-pink\/","title":{"rendered":"\u00cencuietoare ACL-79 Memory SILICONE 12x600mm (roz)"},"content":{"rendered":"","protected":false},"excerpt":{"rendered":"<p>Lac\u0103tul Author ACL-79 este un lac\u0103t cu cod, cu o carcas\u0103 de blocare din silicon care se \u00eendoaie \u0219i \u00ee\u0219i p\u0103streaz\u0103 forma atunci c\u00e2nd este \u00eendoit, permi\u021b\u00e2nd ca lac\u0103tul s\u0103 fie fixat \u00een jurul oric\u0103rei p\u0103r\u021bi a bicicletei. \u00cen interior se afl\u0103 un cablu de s\u00e2rm\u0103 cu un miez d.. 4,5 mm.<\/p>\n<p>Lungime: 600 mm.<br \/>\nGreutate: 227g.<\/p>","protected":false},"featured_media":14737,"comment_status":"closed","ping_status":"closed","template":"","meta":{"_uag_custom_page_level_css":"","site-sidebar-layout":"no-sidebar","site-content-layout":"plain-container","ast-global-header-display":"","ast-main-header-display":"","ast-hfb-above-header-display":"","ast-hfb-below-header-display":"","ast-hfb-mobile-header-display":"","site-post-title":"","ast-breadcrumbs-content":"","ast-featured-img":"","footer-sml-layout":"","theme-transparent-header-meta":"default","adv-header-id-meta":"","stick-header-meta":"","header-above-stick-meta":"","header-main-stick-meta":"","header-below-stick-meta":""},"product_cat":[496,637],"product_tag":[],"class_list":["post-14736","product","type-product","status-publish","has-post-thumbnail","hentry","product_cat-accessories","product_cat-locks","top_cat_496"],"uagb_featured_image_src":{"full":["https:\/\/velo.md\/wp-content\/uploads\/2024\/03\/17062019_a.jpg",1200,900,false],"thumbnail":["https:\/\/velo.md\/wp-content\/uploads\/2024\/03\/17062019_a-150x150.jpg",150,150,true],"medium":["https:\/\/velo.md\/wp-content\/uploads\/2024\/03\/17062019_a-300x225.jpg",300,225,true],"medium_large":["https:\/\/velo.md\/wp-content\/uploads\/2024\/03\/17062019_a-768x576.jpg",768,576,true],"large":["https:\/\/velo.md\/wp-content\/uploads\/2024\/03\/17062019_a-1024x768.jpg",1024,768,true],"1536x1536":["https:\/\/velo.md\/wp-content\/uploads\/2024\/03\/17062019_a.jpg",1200,900,false],"2048x2048":["https:\/\/velo.md\/wp-content\/uploads\/2024\/03\/17062019_a.jpg",1200,900,false],"trp-custom-language-flag":["https:\/\/velo.md\/wp-content\/uploads\/2024\/03\/17062019_a-16x12.jpg",16,12,true],"xl":["https:\/\/velo.md\/wp-content\/uploads\/2024\/03\/17062019_a.jpg",1200,900,false],"xxl":["https:\/\/velo.md\/wp-content\/uploads\/2024\/03\/17062019_a.jpg",1200,900,false],"xxxl":["https:\/\/velo.md\/wp-content\/uploads\/2024\/03\/17062019_a.jpg",1200,900,false],"xxxxl":["https:\/\/velo.md\/wp-content\/uploads\/2024\/03\/17062019_a.jpg",1200,900,false],"xxxxxl":["https:\/\/velo.md\/wp-content\/uploads\/2024\/03\/17062019_a.jpg",1200,900,false],"woocommerce_thumbnail":["https:\/\/velo.md\/wp-content\/uploads\/2024\/03\/17062019_a-300x222.jpg",300,222,true],"woocommerce_single":["https:\/\/velo.md\/wp-content\/uploads\/2024\/03\/17062019_a-600x450.jpg",600,450,true],"woocommerce_gallery_thumbnail":["https:\/\/velo.md\/wp-content\/uploads\/2024\/03\/17062019_a-100x100.jpg",100,100,true],"variation_swatches_image_size":["https:\/\/velo.md\/wp-content\/uploads\/2024\/03\/17062019_a-50x50.jpg",50,50,true],"variation_swatches_tooltip_size":["https:\/\/velo.md\/wp-content\/uploads\/2024\/03\/17062019_a-100x100.jpg",100,100,true]},"uagb_author_info":{"display_name":"admin","author_link":"https:\/\/velo.md\/ro\/author\/"},"uagb_comment_info":4,"uagb_excerpt":"\u0417\u0430\u043c\u043e\u043a Author ACL-79 \u043a\u043e\u0434\u043e\u0432\u044b\u0439, \u0441 \u0437\u0430\u043f\u043e\u043c\u0438\u043d\u0430\u044e\u0449\u0435\u0439, \u0441\u0438\u043b\u0438\u043a\u043e\u043d\u043e\u0432\u043e\u0439 \u043e\u0431\u043e\u043b\u043e\u0447\u043a\u043e\u0439 \u043a\u043e\u0442\u043e\u0440\u0430\u044f \u0433\u043d\u0435\u0442\u0441\u044f \u0438 \u0441\u043e\u0445\u0440\u0430\u043d\u044f\u0435\u0442 \u0441\u0432\u043e\u044e \u0444\u043e\u0440\u043c\u0443 \u0432 \u0438\u0437\u043e\u0433\u043d\u0443\u0442\u043e\u043c \u0432\u0438\u0434\u0435,\u043f\u043e\u0437\u0432\u043e\u043b\u044f\u044f \u0437\u0430\u043a\u0440\u0435\u043f\u0438\u0442\u044c \u0437\u0430\u043c\u043e\u043a \u0432\u043e\u043a\u0440\u0443\u0433 \u043b\u044e\u0431\u043e\u0439 \u0447\u0430\u0441\u0442\u0438 \u0432\u0435\u043b\u043e\u0441\u0438\u043f\u0435\u0434\u0430. \u0412\u043d\u0443\u0442\u0440\u0438 \u043f\u0440\u043e\u0432\u043e\u043b\u043e\u0447\u043d\u044b\u0439 \u0442\u0440\u043e\u0441 \u0441 \u0441\u0435\u0440\u0434\u0435\u0447\u043d\u0438\u043a\u043e\u043c d. 4,5mm. \u0414\u043b\u0438\u043d\u043d\u0430: 600 \u043c\u043c. \u0412\u0435\u0441: 227 \u0433\u0440.","_links":{"self":[{"href":"https:\/\/velo.md\/ro\/wp-json\/wp\/v2\/product\/14736","targetHints":{"allow":["GET"]}}],"collection":[{"href":"https:\/\/velo.md\/ro\/wp-json\/wp\/v2\/product"}],"about":[{"href":"https:\/\/velo.md\/ro\/wp-json\/wp\/v2\/types\/product"}],"replies":[{"embeddable":true,"href":"https:\/\/velo.md\/ro\/wp-json\/wp\/v2\/comments?post=14736"}],"wp:featuredmedia":[{"embeddable":true,"href":"https:\/\/velo.md\/ro\/wp-json\/wp\/v2\/media\/14737"}],"wp:attachment":[{"href":"https:\/\/velo.md\/ro\/wp-json\/wp\/v2\/media?parent=14736"}],"wp:term":[{"taxonomy":"product_cat","embeddable":true,"href":"https:\/\/velo.md\/ro\/wp-json\/wp\/v2\/product_cat?post=14736"},{"taxonomy":"product_tag","embeddable":true,"href":"https:\/\/velo.md\/ro\/wp-json\/wp\/v2\/product_tag?post=14736"}],"curies":[{"name":"wp","href":"https:\/\/api.w.org\/{rel}","templated":true}]}}