{"id":14631,"date":"2023-12-28T12:34:28","date_gmt":"2023-12-28T12:34:28","guid":{"rendered":"https:\/\/velo.md\/?post_type=product&#038;p=14631"},"modified":"2025-07-13T14:51:03","modified_gmt":"2025-07-13T14:51:03","slug":"flyagoderzhatel-tacx-deva-green-flyaga-shiva-05l","status":"publish","type":"product","link":"https:\/\/velo.md\/ro\/products\/accessories\/flasks\/flyagoderzhatel-tacx-deva-green-flyaga-shiva-05l\/","title":{"rendered":"Suport pentru flacon TACX Deva verde + flacon Shiva 0,5l"},"content":{"rendered":"","protected":false},"excerpt":{"rendered":"<div><strong>Tacx Deva Flask Holder <\/strong>este un suport pentru butelie din carbon care c\u00e2nt\u0103re\u0219te 35 de grame. 40% este fabricat din carbon, forma optim\u0103 a suportului pentru butelie v\u0103 permite s\u0103 nu v\u0103 face\u021bi griji c\u0103 butelia zboar\u0103 \u00een timp ce pedala\u021bi pe pavele sau pe drumuri proaste. Disponibil \u00eentr-o varietate de culori. Suportul pentru butelie este disponibil \u00een culorile alb \u0219i negru<\/div>\n<div><\/div>\n<p>Fibra de poliamid\u0103\/carbon\/glass - 35g<\/p>","protected":false},"featured_media":9417,"comment_status":"closed","ping_status":"closed","template":"","meta":{"_uag_custom_page_level_css":"","site-sidebar-layout":"no-sidebar","site-content-layout":"plain-container","ast-global-header-display":"","ast-main-header-display":"","ast-hfb-above-header-display":"","ast-hfb-below-header-display":"","ast-hfb-mobile-header-display":"","site-post-title":"","ast-breadcrumbs-content":"","ast-featured-img":"","footer-sml-layout":"","theme-transparent-header-meta":"default","adv-header-id-meta":"","stick-header-meta":"","header-above-stick-meta":"","header-main-stick-meta":"","header-below-stick-meta":""},"product_cat":[496,645],"product_tag":[],"class_list":["post-14631","product","type-product","status-publish","has-post-thumbnail","hentry","product_cat-accessories","product_cat-flasks","top_cat_496"],"uagb_featured_image_src":{"full":["https:\/\/velo.md\/wp-content\/uploads\/2022\/10\/14000517_1024x768.jpg",1024,768,false],"thumbnail":["https:\/\/velo.md\/wp-content\/uploads\/2022\/10\/14000517_1024x768-150x150.jpg",150,150,true],"medium":["https:\/\/velo.md\/wp-content\/uploads\/2022\/10\/14000517_1024x768-300x225.jpg",300,225,true],"medium_large":["https:\/\/velo.md\/wp-content\/uploads\/2022\/10\/14000517_1024x768-768x576.jpg",768,576,true],"large":["https:\/\/velo.md\/wp-content\/uploads\/2022\/10\/14000517_1024x768.jpg",1024,768,false],"1536x1536":["https:\/\/velo.md\/wp-content\/uploads\/2022\/10\/14000517_1024x768.jpg",1024,768,false],"2048x2048":["https:\/\/velo.md\/wp-content\/uploads\/2022\/10\/14000517_1024x768.jpg",1024,768,false],"trp-custom-language-flag":["https:\/\/velo.md\/wp-content\/uploads\/2022\/10\/14000517_1024x768.jpg",16,12,false],"xl":["https:\/\/velo.md\/wp-content\/uploads\/2022\/10\/14000517_1024x768.jpg",1024,768,false],"xxl":["https:\/\/velo.md\/wp-content\/uploads\/2022\/10\/14000517_1024x768.jpg",1024,768,false],"xxxl":["https:\/\/velo.md\/wp-content\/uploads\/2022\/10\/14000517_1024x768.jpg",1024,768,false],"xxxxl":["https:\/\/velo.md\/wp-content\/uploads\/2022\/10\/14000517_1024x768.jpg",1024,768,false],"xxxxxl":["https:\/\/velo.md\/wp-content\/uploads\/2022\/10\/14000517_1024x768.jpg",1024,768,false],"woocommerce_thumbnail":["https:\/\/velo.md\/wp-content\/uploads\/2022\/10\/14000517_1024x768-300x222.jpg",300,222,true],"woocommerce_single":["https:\/\/velo.md\/wp-content\/uploads\/2022\/10\/14000517_1024x768-600x450.jpg",600,450,true],"woocommerce_gallery_thumbnail":["https:\/\/velo.md\/wp-content\/uploads\/2022\/10\/14000517_1024x768-100x100.jpg",100,100,true],"variation_swatches_image_size":["https:\/\/velo.md\/wp-content\/uploads\/2022\/10\/14000517_1024x768-50x50.jpg",50,50,true],"variation_swatches_tooltip_size":["https:\/\/velo.md\/wp-content\/uploads\/2022\/10\/14000517_1024x768-100x100.jpg",100,100,true]},"uagb_author_info":{"display_name":"admin","author_link":"https:\/\/velo.md\/ro\/author\/"},"uagb_comment_info":3,"uagb_excerpt":"\u0424\u043b\u044f\u0433\u043e\u0434\u0435\u0440\u0436\u0430\u0442\u0435\u043b\u044c Tacx Deva \u044d\u0442\u043e \u043a\u0430\u0440\u0431\u043e\u043d\u043e\u0432\u044b\u0439 \u0444\u043b\u044f\u0433\u043e\u0434\u0435\u0440\u0436\u0430\u0442\u0435\u043b\u044c \u0432\u0435\u0441\u043e\u043c 35 \u0433\u0440\u0430\u043c\u043c. \u041d\u0430 40% \u0441\u0434\u0435\u043b\u0430\u043d \u0438\u0437 \u043a\u0430\u0440\u0431\u043e\u043d\u0430, \u043e\u043f\u0442\u0438\u043c\u0430\u043b\u044c\u043d\u0430\u044f \u0444\u043e\u0440\u043c\u0430 \u0444\u043b\u044f\u0433\u043e\u0434\u0435\u0440\u0436\u0430\u0442\u0435\u043b\u044f \u043f\u043e\u0437\u0432\u043e\u043b\u044f\u0435\u0442 \u0412\u0430\u043c \u043d\u0435 \u043f\u0435\u0440\u0435\u0436\u0438\u0432\u0430\u0442\u044c, \u0447\u0442\u043e \u0432\u043e \u0432\u0440\u0435\u043c\u044f \u043a\u0430\u0442\u0430\u043d\u0438\u044f \u043f\u043e \u0431\u0440\u0443\u0441\u0447\u0430\u0442\u043a\u0435 \u0438\u043b\u0438 \u043f\u043b\u043e\u0445\u043e\u0439 \u0434\u043e\u0440\u043e\u0433\u0435 \u0444\u043b\u044f\u0433\u0430 \u0432\u044b\u043b\u0435\u0442\u0438\u0442. \u041f\u0440\u0435\u0434\u043b\u0430\u0433\u0430\u0435\u0442\u0441\u044f \u0432 \u0440\u0430\u0437\u043b\u0438\u0447\u043d\u044b\u0445 \u0446\u0432\u0435\u0442\u0430\u0445. \u0424\u043b\u044f\u0433\u043e\u0434\u0435\u0440\u0436\u0430\u0442\u0435\u043b\u044c \u0435\u0441\u0442\u044c \u0432 \u0431\u0435\u043b\u043e\u043c \u0438 \u0432 \u0447\u0435\u0440\u043d\u043e\u043c \u0446\u0432\u0435\u0442\u0435 Polyamide\/carbon\/glass fibre - 35g","_links":{"self":[{"href":"https:\/\/velo.md\/ro\/wp-json\/wp\/v2\/product\/14631","targetHints":{"allow":["GET"]}}],"collection":[{"href":"https:\/\/velo.md\/ro\/wp-json\/wp\/v2\/product"}],"about":[{"href":"https:\/\/velo.md\/ro\/wp-json\/wp\/v2\/types\/product"}],"replies":[{"embeddable":true,"href":"https:\/\/velo.md\/ro\/wp-json\/wp\/v2\/comments?post=14631"}],"wp:featuredmedia":[{"embeddable":true,"href":"https:\/\/velo.md\/ro\/wp-json\/wp\/v2\/media\/9417"}],"wp:attachment":[{"href":"https:\/\/velo.md\/ro\/wp-json\/wp\/v2\/media?parent=14631"}],"wp:term":[{"taxonomy":"product_cat","embeddable":true,"href":"https:\/\/velo.md\/ro\/wp-json\/wp\/v2\/product_cat?post=14631"},{"taxonomy":"product_tag","embeddable":true,"href":"https:\/\/velo.md\/ro\/wp-json\/wp\/v2\/product_tag?post=14631"}],"curies":[{"name":"wp","href":"https:\/\/api.w.org\/{rel}","templated":true}]}}