{"id":14148,"date":"2023-06-02T10:12:27","date_gmt":"2023-06-02T10:12:27","guid":{"rendered":"https:\/\/velo.md\/?post_type=product&#038;p=14148"},"modified":"2025-07-13T14:51:12","modified_gmt":"2025-07-13T14:51:12","slug":"kreslo-detskoe-bubbly-maxi-ff-x8-grey","status":"publish","type":"product","link":"https:\/\/velo.md\/ro\/products\/accessories\/armchairs\/kreslo-detskoe-bubbly-maxi-ff-x8-grey\/","title":{"rendered":"Scaun pentru copii Bubbly Maxi FF X8 (gri)"},"content":{"rendered":"<p>Scaun pentru copii cu suporturi reglabile pentru picioare, sistem de hamuri \u00een trei puncte conceput pentru a \u021bine copilul \u00een siguran\u021b\u0103, pernu\u021b\u0103 de scaun deta\u0219abil\u0103. Suport special pe tubul cadrului tijei de \u0219a pentru asamblarea \u0219i dezasamblarea rapid\u0103 a scaunului. Capacitatea maxim\u0103 de \u00eenc\u0103rcare a scaunului: 22 kg.<a href=\"https:\/\/youtu.be\/62pp7ZMX4tM\" data-rel=\"lightbox-video-0\" data-magnific_type=\"video\">Ghid de instalare video<\/a><\/p>","protected":false},"excerpt":{"rendered":"<p>Scaun pentru copii cu suporturi reglabile pentru picioare, sistem de hamuri \u00een trei puncte conceput pentru a \u021bine copilul \u00een siguran\u021b\u0103, pernu\u021b\u0103 de scaun deta\u0219abil\u0103. Suport special pe tubul cadrului tijei de \u0219a pentru asamblarea \u0219i dezasamblarea rapid\u0103 a scaunului. Sarcina maxim\u0103 pe scaun: 22 kg.Video de instalare<\/p>","protected":false},"featured_media":8191,"comment_status":"closed","ping_status":"closed","template":"","meta":{"_uag_custom_page_level_css":"","site-sidebar-layout":"no-sidebar","site-content-layout":"plain-container","ast-global-header-display":"","ast-main-header-display":"","ast-hfb-above-header-display":"","ast-hfb-below-header-display":"","ast-hfb-mobile-header-display":"","site-post-title":"","ast-breadcrumbs-content":"","ast-featured-img":"","footer-sml-layout":"","theme-transparent-header-meta":"default","adv-header-id-meta":"","stick-header-meta":"","header-above-stick-meta":"","header-main-stick-meta":"","header-below-stick-meta":""},"product_cat":[496,631],"product_tag":[],"class_list":["post-14148","product","type-product","status-publish","has-post-thumbnail","hentry","product_cat-accessories","product_cat-armchairs","top_cat_496"],"uagb_featured_image_src":{"full":["https:\/\/velo.md\/wp-content\/uploads\/2022\/10\/16240248_1024x768.jpg",1024,768,false],"thumbnail":["https:\/\/velo.md\/wp-content\/uploads\/2022\/10\/16240248_1024x768-150x150.jpg",150,150,true],"medium":["https:\/\/velo.md\/wp-content\/uploads\/2022\/10\/16240248_1024x768-300x225.jpg",300,225,true],"medium_large":["https:\/\/velo.md\/wp-content\/uploads\/2022\/10\/16240248_1024x768-768x576.jpg",768,576,true],"large":["https:\/\/velo.md\/wp-content\/uploads\/2022\/10\/16240248_1024x768.jpg",1024,768,false],"1536x1536":["https:\/\/velo.md\/wp-content\/uploads\/2022\/10\/16240248_1024x768.jpg",1024,768,false],"2048x2048":["https:\/\/velo.md\/wp-content\/uploads\/2022\/10\/16240248_1024x768.jpg",1024,768,false],"trp-custom-language-flag":["https:\/\/velo.md\/wp-content\/uploads\/2022\/10\/16240248_1024x768.jpg",16,12,false],"xl":["https:\/\/velo.md\/wp-content\/uploads\/2022\/10\/16240248_1024x768.jpg",1024,768,false],"xxl":["https:\/\/velo.md\/wp-content\/uploads\/2022\/10\/16240248_1024x768.jpg",1024,768,false],"xxxl":["https:\/\/velo.md\/wp-content\/uploads\/2022\/10\/16240248_1024x768.jpg",1024,768,false],"xxxxl":["https:\/\/velo.md\/wp-content\/uploads\/2022\/10\/16240248_1024x768.jpg",1024,768,false],"xxxxxl":["https:\/\/velo.md\/wp-content\/uploads\/2022\/10\/16240248_1024x768.jpg",1024,768,false],"woocommerce_thumbnail":["https:\/\/velo.md\/wp-content\/uploads\/2022\/10\/16240248_1024x768-300x222.jpg",300,222,true],"woocommerce_single":["https:\/\/velo.md\/wp-content\/uploads\/2022\/10\/16240248_1024x768-600x450.jpg",600,450,true],"woocommerce_gallery_thumbnail":["https:\/\/velo.md\/wp-content\/uploads\/2022\/10\/16240248_1024x768-100x100.jpg",100,100,true],"variation_swatches_image_size":["https:\/\/velo.md\/wp-content\/uploads\/2022\/10\/16240248_1024x768-50x50.jpg",50,50,true],"variation_swatches_tooltip_size":["https:\/\/velo.md\/wp-content\/uploads\/2022\/10\/16240248_1024x768-100x100.jpg",100,100,true]},"uagb_author_info":{"display_name":"admin","author_link":"https:\/\/velo.md\/ro\/author\/"},"uagb_comment_info":4,"uagb_excerpt":"\u0414\u0435\u0442\u0441\u043a\u043e\u0435 \u043a\u0440\u0435\u0441\u043b\u043e \u0441 \u0440\u0435\u0433\u0443\u043b\u0438\u0440\u0443\u0435\u043c\u044b\u043c\u0438 \u043e\u043f\u043e\u0440\u0430\u043c\u0438 \u0434\u043b\u044f \u043d\u043e\u0433, \u0442\u0440\u0451\u0445\u0442\u043e\u0447\u0435\u0447\u043d\u0430\u044f \u0441\u0438\u0441\u0442\u0435\u043c\u0430 \u0437\u0430\u043a\u0440\u0435\u043f\u043b\u044f\u044e\u0449\u0438\u0445 \u0440\u0435\u043c\u043d\u0435\u0439, \u043f\u0440\u0435\u0434\u043d\u0430\u0437\u043d\u0430\u0447\u0435\u043d\u043d\u044b\u0445 \u0434\u043b\u044f \u0431\u0435\u0437\u043e\u043f\u0430\u0441\u043d\u043e\u0439 \u0444\u0438\u043a\u0441\u0430\u0446\u0438\u0438 \u0440\u0435\u0431\u0451\u043d\u043a\u0430, \u0441\u044a\u0451\u043c\u043d\u0430\u044f \u043f\u0440\u043e\u043a\u043b\u0430\u0434\u043a\u0430. \u0421\u043f\u0435\u0446\u0438\u0430\u043b\u044c\u043d\u044b\u0439 \u0434\u0435\u0440\u0436\u0430\u0442\u0435\u043b\u044c \u043d\u0430 \u0442\u0440\u0443\u0431\u0443 \u0440\u0430\u043c\u044b \u043f\u043e\u0434\u0441\u0435\u0434\u0435\u043b\u044c\u043d\u043e\u0433\u043e \u0448\u0442\u044b\u0440\u044f, \u043a\u043e\u0442\u043e\u0440\u044b\u0439 \u043f\u043e\u0437\u0432\u043e\u043b\u044f\u0435\u0442 \u043f\u0440\u043e\u0432\u043e\u0434\u0438\u0442\u044c \u0431\u044b\u0441\u0442\u0440\u044b\u0439 \u043c\u043e\u043d\u0442\u0430\u0436 \u0438 \u0434\u0435\u043c\u043e\u043d\u0442\u0430\u0436 \u0434\u0435\u0442\u0441\u043a\u043e\u0433\u043e \u0441\u0435\u0434\u0435\u043d\u044c\u044f. \u041c\u0430\u043a\u0441\u0438\u043c\u0430\u043b\u044c\u043d\u0430\u044f \u043d\u0430\u0433\u0440\u0443\u0437\u043a\u0430 \u043d\u0430 \u043a\u0440\u0435\u0441\u043b\u043e: 22 \u043a\u0433.\u0412\u0438\u0434\u0435\u043e\u0438\u043d\u0441\u0442\u0440\u0443\u043a\u0446\u0438\u044f \u043f\u043e \u0443\u0441\u0442\u0430\u043d\u043e\u0432\u043a\u0435","_links":{"self":[{"href":"https:\/\/velo.md\/ro\/wp-json\/wp\/v2\/product\/14148","targetHints":{"allow":["GET"]}}],"collection":[{"href":"https:\/\/velo.md\/ro\/wp-json\/wp\/v2\/product"}],"about":[{"href":"https:\/\/velo.md\/ro\/wp-json\/wp\/v2\/types\/product"}],"replies":[{"embeddable":true,"href":"https:\/\/velo.md\/ro\/wp-json\/wp\/v2\/comments?post=14148"}],"wp:featuredmedia":[{"embeddable":true,"href":"https:\/\/velo.md\/ro\/wp-json\/wp\/v2\/media\/8191"}],"wp:attachment":[{"href":"https:\/\/velo.md\/ro\/wp-json\/wp\/v2\/media?parent=14148"}],"wp:term":[{"taxonomy":"product_cat","embeddable":true,"href":"https:\/\/velo.md\/ro\/wp-json\/wp\/v2\/product_cat?post=14148"},{"taxonomy":"product_tag","embeddable":true,"href":"https:\/\/velo.md\/ro\/wp-json\/wp\/v2\/product_tag?post=14148"}],"curies":[{"name":"wp","href":"https:\/\/api.w.org\/{rel}","templated":true}]}}