{"id":14067,"date":"2023-06-01T09:53:23","date_gmt":"2023-06-01T09:53:23","guid":{"rendered":"https:\/\/velo.md\/?post_type=product&#038;p=14067"},"modified":"2025-07-13T14:51:12","modified_gmt":"2025-07-13T14:51:12","slug":"fara-a-quantum-1000-lm-usb","status":"publish","type":"product","link":"https:\/\/velo.md\/ro\/products\/accessories\/headlights\/fara-a-quantum-1000-lm-usb\/","title":{"rendered":"Lamp\u0103 frontal\u0103 USB A-Quantum 1000 lm"},"content":{"rendered":"","protected":false},"excerpt":{"rendered":"<div>- Samsung LH-351D 10W LED<\/div>\n<div>- Lanterna are 5 moduri de iluminare diferite pentru diferite condi\u021bii de iluminare sau pentru o durat\u0103 de via\u021b\u0103 diferit\u0103 a bateriei. Putere maxim\u0103 1000 lm - 2:20 h \/ 500 lm - 4:30 h \/ 250 lm - 9:40 h) \/ intermitent 500 lm - 4:30 h \/ pornire SOS 1000 lm \/ 5:00<\/div>\n<div>- 3 LED-uri indicatoare de capacitate albastre (3 LED-uri = 100 - 70%, 2 LED-uri = 69 - 30%, 1 LED = 29 - 10%, str\u0103lucire = 10 - 0% re\u00eenc\u0103rcare).<\/div>\n<div>- Punctul culminant al lanternei este bateria VARIABIL\u0102 LI-ion 18650 3,7 V \/ 2600 mAh cu protec\u021bie PCB.<\/div>\n<div>- Perioada de desc\u0103rcare\/re\u00eenc\u0103rcare recomandat\u0103 este de cel pu\u021bin 1 dat\u0103\/6 luni.<\/div>\n<div><span style=\"font-family: Arial;\">Cablu de \u00eenc\u0103rcare inclus (USB A\/Micro C).<\/span><\/div>\n<div>- IPX65 Rezistent la praf. Protejeaz\u0103 \u00eempotriva jeturilor de ap\u0103 de joas\u0103 presiune din orice direc\u021bie, precum \u0219i \u00eempotriva condensului \u0219i a stropirii cu ap\u0103.<\/div>\n<div>- Mod sigur - C\u00e2nd bateria se descarc\u0103, lumina trece automat la modul sigur de 50 de lumeni pentru \u00eenc\u0103 40 de minute.<\/div>\n<div>- Comutator inteligent de memorie - ap\u0103sa\u021bi 1 secund\u0103 pentru a opri \u00een orice mod de iluminare (opri\u021bi \u00een acela\u0219i mod).<\/div>\n<div>- O-ring din silicon<span style=\"font-size: 16px;\">\u00a0pentru fixare este potrivit pentru toate dimensiunile de \u021bevi cu un diametru de 22-35 mm, chiar \u0219i pentru profilele necirculare.<\/span><\/div>\n<div>- Dimensiune d.30 x l. 110 mm\/greutate 140 g.<\/div>","protected":false},"featured_media":14068,"comment_status":"closed","ping_status":"closed","template":"","meta":{"_uag_custom_page_level_css":"","site-sidebar-layout":"no-sidebar","site-content-layout":"plain-container","ast-global-header-display":"","ast-main-header-display":"","ast-hfb-above-header-display":"","ast-hfb-below-header-display":"","ast-hfb-mobile-header-display":"","site-post-title":"","ast-breadcrumbs-content":"","ast-featured-img":"","footer-sml-layout":"","theme-transparent-header-meta":"default","adv-header-id-meta":"","stick-header-meta":"","header-above-stick-meta":"","header-main-stick-meta":"","header-below-stick-meta":""},"product_cat":[496,643],"product_tag":[],"class_list":["post-14067","product","type-product","status-publish","has-post-thumbnail","hentry","product_cat-accessories","product_cat-headlights","top_cat_496"],"uagb_featured_image_src":{"full":["https:\/\/velo.md\/wp-content\/uploads\/2023\/06\/12002345.jpg",1200,900,false],"thumbnail":["https:\/\/velo.md\/wp-content\/uploads\/2023\/06\/12002345-150x150.jpg",150,150,true],"medium":["https:\/\/velo.md\/wp-content\/uploads\/2023\/06\/12002345-300x225.jpg",300,225,true],"medium_large":["https:\/\/velo.md\/wp-content\/uploads\/2023\/06\/12002345-768x576.jpg",768,576,true],"large":["https:\/\/velo.md\/wp-content\/uploads\/2023\/06\/12002345-1024x768.jpg",1024,768,true],"1536x1536":["https:\/\/velo.md\/wp-content\/uploads\/2023\/06\/12002345.jpg",1200,900,false],"2048x2048":["https:\/\/velo.md\/wp-content\/uploads\/2023\/06\/12002345.jpg",1200,900,false],"trp-custom-language-flag":["https:\/\/velo.md\/wp-content\/uploads\/2023\/06\/12002345-16x12.jpg",16,12,true],"xl":["https:\/\/velo.md\/wp-content\/uploads\/2023\/06\/12002345.jpg",1200,900,false],"xxl":["https:\/\/velo.md\/wp-content\/uploads\/2023\/06\/12002345.jpg",1200,900,false],"xxxl":["https:\/\/velo.md\/wp-content\/uploads\/2023\/06\/12002345.jpg",1200,900,false],"xxxxl":["https:\/\/velo.md\/wp-content\/uploads\/2023\/06\/12002345.jpg",1200,900,false],"xxxxxl":["https:\/\/velo.md\/wp-content\/uploads\/2023\/06\/12002345.jpg",1200,900,false],"woocommerce_thumbnail":["https:\/\/velo.md\/wp-content\/uploads\/2023\/06\/12002345-300x222.jpg",300,222,true],"woocommerce_single":["https:\/\/velo.md\/wp-content\/uploads\/2023\/06\/12002345-600x450.jpg",600,450,true],"woocommerce_gallery_thumbnail":["https:\/\/velo.md\/wp-content\/uploads\/2023\/06\/12002345-100x100.jpg",100,100,true],"variation_swatches_image_size":["https:\/\/velo.md\/wp-content\/uploads\/2023\/06\/12002345-50x50.jpg",50,50,true],"variation_swatches_tooltip_size":["https:\/\/velo.md\/wp-content\/uploads\/2023\/06\/12002345-100x100.jpg",100,100,true]},"uagb_author_info":{"display_name":"admin","author_link":"https:\/\/velo.md\/ro\/author\/"},"uagb_comment_info":4,"uagb_excerpt":"\u2022 \u0421\u0432\u0435\u0442\u043e\u0434\u0438\u043e\u0434 Samsung LH-351D 10W LED \u2022 \u0424\u043e\u043d\u0430\u0440\u044c \u0438\u043c\u0435\u0435\u0442 5 \u0440\u0430\u0437\u043b\u0438\u0447\u043d\u044b\u0445 \u0440\u0435\u0436\u0438\u043c\u043e\u0432 \u043e\u0441\u0432\u0435\u0449\u0435\u043d\u0438\u044f \u0434\u043b\u044f \u0440\u0430\u0437\u043d\u044b\u0445 \u0443\u0441\u043b\u043e\u0432\u0438\u0439 \u043e\u0441\u0432\u0435\u0449\u0435\u043d\u0438\u044f \u0438\u043b\u0438 \u0440\u0430\u0437\u043d\u043e\u0433\u043e \u0432\u0440\u0435\u043c\u0435\u043d\u0438 \u0430\u0432\u0442\u043e\u043d\u043e\u043c\u043d\u043e\u0439 \u0440\u0430\u0431\u043e\u0442\u044b. \u041f\u043e\u043b\u043d\u0430\u044f \u043c\u043e\u0449\u043d\u043e\u0441\u0442\u044c 1000 \u043b\u043c \u2013 2:20 \u0447 \/ 500 \u043b\u043c \u2013 4:30 \u0447 \/ 250 \u043b\u043c \u2013 9:40 \u0447) \/ \u043c\u0438\u0433\u0430\u044e\u0449\u0438\u0439 500 \u043b\u043c \u2013 4:30 \u0447 \/ \u0432\u043a\u043b\u044e\u0447\u0435\u043d\u0438\u0435 SOS 1000 \u043b\u043c \/ 5:00&hellip;","_links":{"self":[{"href":"https:\/\/velo.md\/ro\/wp-json\/wp\/v2\/product\/14067","targetHints":{"allow":["GET"]}}],"collection":[{"href":"https:\/\/velo.md\/ro\/wp-json\/wp\/v2\/product"}],"about":[{"href":"https:\/\/velo.md\/ro\/wp-json\/wp\/v2\/types\/product"}],"replies":[{"embeddable":true,"href":"https:\/\/velo.md\/ro\/wp-json\/wp\/v2\/comments?post=14067"}],"wp:featuredmedia":[{"embeddable":true,"href":"https:\/\/velo.md\/ro\/wp-json\/wp\/v2\/media\/14068"}],"wp:attachment":[{"href":"https:\/\/velo.md\/ro\/wp-json\/wp\/v2\/media?parent=14067"}],"wp:term":[{"taxonomy":"product_cat","embeddable":true,"href":"https:\/\/velo.md\/ro\/wp-json\/wp\/v2\/product_cat?post=14067"},{"taxonomy":"product_tag","embeddable":true,"href":"https:\/\/velo.md\/ro\/wp-json\/wp\/v2\/product_tag?post=14067"}],"curies":[{"name":"wp","href":"https:\/\/api.w.org\/{rel}","templated":true}]}}