{"id":13876,"date":"2023-05-26T11:20:11","date_gmt":"2023-05-26T11:20:11","guid":{"rendered":"https:\/\/velo.md\/?post_type=product&#038;p=13876"},"modified":"2025-07-13T10:01:37","modified_gmt":"2025-07-13T10:01:37","slug":"shlem-skiff-yellow","status":"publish","type":"product","link":"https:\/\/velo.md\/ro\/products\/equipment\/helmets\/shlem-skiff-yellow\/","title":{"rendered":"Casc\u0103 galben\u0103 Skiff"},"content":{"rendered":"<p>Modelul Skiff cu sistem de fixare DialFit pentru o ajustare rapid\u0103 \u0219i precis\u0103 la dimensiunea capului atunci c\u00e2nd casca este pus\u0103, tehnologie de fabrica\u021bie \u00een matri\u021b\u0103, c\u0103ptu\u0219eal\u0103 antibacterian\u0103, 11 deschideri frontale \u0219i 3 posterioare, greutate 271 g cu vizier\u0103<\/p>","protected":false},"excerpt":{"rendered":"<p>M = 52-58 cm, L = 58-62 cm<\/p>","protected":false},"featured_media":10463,"comment_status":"closed","ping_status":"closed","template":"","meta":{"_uag_custom_page_level_css":"","site-sidebar-layout":"no-sidebar","site-content-layout":"plain-container","ast-global-header-display":"","ast-main-header-display":"","ast-hfb-above-header-display":"","ast-hfb-below-header-display":"","ast-hfb-mobile-header-display":"","site-post-title":"","ast-breadcrumbs-content":"","ast-featured-img":"","footer-sml-layout":"","theme-transparent-header-meta":"default","adv-header-id-meta":"","stick-header-meta":"","header-above-stick-meta":"","header-main-stick-meta":"","header-below-stick-meta":""},"product_cat":[502,512],"product_tag":[],"class_list":["post-13876","product","type-product","status-publish","has-post-thumbnail","hentry","product_cat-equipment","product_cat-helmets","top_cat_502"],"uagb_featured_image_src":{"full":["https:\/\/velo.md\/wp-content\/uploads\/2022\/10\/09001267_1024x768.jpg",1024,768,false],"thumbnail":["https:\/\/velo.md\/wp-content\/uploads\/2022\/10\/09001267_1024x768-150x150.jpg",150,150,true],"medium":["https:\/\/velo.md\/wp-content\/uploads\/2022\/10\/09001267_1024x768-300x225.jpg",300,225,true],"medium_large":["https:\/\/velo.md\/wp-content\/uploads\/2022\/10\/09001267_1024x768-768x576.jpg",768,576,true],"large":["https:\/\/velo.md\/wp-content\/uploads\/2022\/10\/09001267_1024x768.jpg",1024,768,false],"1536x1536":["https:\/\/velo.md\/wp-content\/uploads\/2022\/10\/09001267_1024x768.jpg",1024,768,false],"2048x2048":["https:\/\/velo.md\/wp-content\/uploads\/2022\/10\/09001267_1024x768.jpg",1024,768,false],"trp-custom-language-flag":["https:\/\/velo.md\/wp-content\/uploads\/2022\/10\/09001267_1024x768.jpg",16,12,false],"xl":["https:\/\/velo.md\/wp-content\/uploads\/2022\/10\/09001267_1024x768.jpg",1024,768,false],"xxl":["https:\/\/velo.md\/wp-content\/uploads\/2022\/10\/09001267_1024x768.jpg",1024,768,false],"xxxl":["https:\/\/velo.md\/wp-content\/uploads\/2022\/10\/09001267_1024x768.jpg",1024,768,false],"xxxxl":["https:\/\/velo.md\/wp-content\/uploads\/2022\/10\/09001267_1024x768.jpg",1024,768,false],"xxxxxl":["https:\/\/velo.md\/wp-content\/uploads\/2022\/10\/09001267_1024x768.jpg",1024,768,false],"woocommerce_thumbnail":["https:\/\/velo.md\/wp-content\/uploads\/2022\/10\/09001267_1024x768-300x222.jpg",300,222,true],"woocommerce_single":["https:\/\/velo.md\/wp-content\/uploads\/2022\/10\/09001267_1024x768-600x450.jpg",600,450,true],"woocommerce_gallery_thumbnail":["https:\/\/velo.md\/wp-content\/uploads\/2022\/10\/09001267_1024x768-100x100.jpg",100,100,true],"variation_swatches_image_size":["https:\/\/velo.md\/wp-content\/uploads\/2022\/10\/09001267_1024x768-50x50.jpg",50,50,true],"variation_swatches_tooltip_size":["https:\/\/velo.md\/wp-content\/uploads\/2022\/10\/09001267_1024x768-100x100.jpg",100,100,true]},"uagb_author_info":{"display_name":"admin","author_link":"https:\/\/velo.md\/ro\/author\/"},"uagb_comment_info":4,"uagb_excerpt":"M = 52-58 \u0441\u043c, L = 58-62 \u0441\u043c","_links":{"self":[{"href":"https:\/\/velo.md\/ro\/wp-json\/wp\/v2\/product\/13876","targetHints":{"allow":["GET"]}}],"collection":[{"href":"https:\/\/velo.md\/ro\/wp-json\/wp\/v2\/product"}],"about":[{"href":"https:\/\/velo.md\/ro\/wp-json\/wp\/v2\/types\/product"}],"replies":[{"embeddable":true,"href":"https:\/\/velo.md\/ro\/wp-json\/wp\/v2\/comments?post=13876"}],"wp:featuredmedia":[{"embeddable":true,"href":"https:\/\/velo.md\/ro\/wp-json\/wp\/v2\/media\/10463"}],"wp:attachment":[{"href":"https:\/\/velo.md\/ro\/wp-json\/wp\/v2\/media?parent=13876"}],"wp:term":[{"taxonomy":"product_cat","embeddable":true,"href":"https:\/\/velo.md\/ro\/wp-json\/wp\/v2\/product_cat?post=13876"},{"taxonomy":"product_tag","embeddable":true,"href":"https:\/\/velo.md\/ro\/wp-json\/wp\/v2\/product_tag?post=13876"}],"curies":[{"name":"wp","href":"https:\/\/api.w.org\/{rel}","templated":true}]}}