{"id":13655,"date":"2023-04-21T15:24:31","date_gmt":"2023-04-21T15:24:31","guid":{"rendered":"https:\/\/velo.md\/?post_type=product&#038;p=13655"},"modified":"2025-07-13T15:11:31","modified_gmt":"2025-07-13T15:11:31","slug":"shatun-levyj-alu-suntour-170mm-kopirovat","status":"publish","type":"product","link":"https:\/\/velo.md\/ro\/products\/parts\/crank\/shatun-levyj-alu-suntour-170mm-kopirovat\/","title":{"rendered":"Tij\u0103 de leg\u0103tur\u0103 st\u00e2nga Alu Suntour, 170mm."},"content":{"rendered":"","protected":false},"excerpt":{"rendered":"","protected":false},"featured_media":13658,"comment_status":"closed","ping_status":"closed","template":"","meta":{"_uag_custom_page_level_css":"","site-sidebar-layout":"no-sidebar","site-content-layout":"plain-container","ast-global-header-display":"","ast-main-header-display":"","ast-hfb-above-header-display":"","ast-hfb-below-header-display":"","ast-hfb-mobile-header-display":"","site-post-title":"","ast-breadcrumbs-content":"","ast-featured-img":"","footer-sml-layout":"","theme-transparent-header-meta":"default","adv-header-id-meta":"","stick-header-meta":"","header-above-stick-meta":"","header-main-stick-meta":"","header-below-stick-meta":""},"product_cat":[326,603],"product_tag":[],"class_list":["post-13655","product","type-product","status-publish","has-post-thumbnail","hentry","product_cat-parts","product_cat-crank","top_cat_326"],"uagb_featured_image_src":{"full":["https:\/\/velo.md\/wp-content\/uploads\/2023\/04\/352672.jpg",1500,1500,false],"thumbnail":["https:\/\/velo.md\/wp-content\/uploads\/2023\/04\/352672-150x150.jpg",150,150,true],"medium":["https:\/\/velo.md\/wp-content\/uploads\/2023\/04\/352672-300x300.jpg",300,300,true],"medium_large":["https:\/\/velo.md\/wp-content\/uploads\/2023\/04\/352672-768x768.jpg",768,768,true],"large":["https:\/\/velo.md\/wp-content\/uploads\/2023\/04\/352672-1024x1024.jpg",1024,1024,true],"1536x1536":["https:\/\/velo.md\/wp-content\/uploads\/2023\/04\/352672.jpg",1500,1500,false],"2048x2048":["https:\/\/velo.md\/wp-content\/uploads\/2023\/04\/352672.jpg",1500,1500,false],"trp-custom-language-flag":["https:\/\/velo.md\/wp-content\/uploads\/2023\/04\/352672-12x12.jpg",12,12,true],"xl":["https:\/\/velo.md\/wp-content\/uploads\/2023\/04\/352672.jpg",1500,1500,false],"xxl":["https:\/\/velo.md\/wp-content\/uploads\/2023\/04\/352672.jpg",1500,1500,false],"xxxl":["https:\/\/velo.md\/wp-content\/uploads\/2023\/04\/352672.jpg",1500,1500,false],"xxxxl":["https:\/\/velo.md\/wp-content\/uploads\/2023\/04\/352672.jpg",1500,1500,false],"xxxxxl":["https:\/\/velo.md\/wp-content\/uploads\/2023\/04\/352672.jpg",1500,1500,false],"woocommerce_thumbnail":["https:\/\/velo.md\/wp-content\/uploads\/2023\/04\/352672-300x222.jpg",300,222,true],"woocommerce_single":["https:\/\/velo.md\/wp-content\/uploads\/2023\/04\/352672-600x600.jpg",600,600,true],"woocommerce_gallery_thumbnail":["https:\/\/velo.md\/wp-content\/uploads\/2023\/04\/352672-100x100.jpg",100,100,true],"variation_swatches_image_size":["https:\/\/velo.md\/wp-content\/uploads\/2023\/04\/352672-50x50.jpg",50,50,true],"variation_swatches_tooltip_size":["https:\/\/velo.md\/wp-content\/uploads\/2023\/04\/352672-100x100.jpg",100,100,true]},"uagb_author_info":{"display_name":"admin","author_link":"https:\/\/velo.md\/ro\/author\/"},"uagb_comment_info":7,"uagb_excerpt":null,"_links":{"self":[{"href":"https:\/\/velo.md\/ro\/wp-json\/wp\/v2\/product\/13655","targetHints":{"allow":["GET"]}}],"collection":[{"href":"https:\/\/velo.md\/ro\/wp-json\/wp\/v2\/product"}],"about":[{"href":"https:\/\/velo.md\/ro\/wp-json\/wp\/v2\/types\/product"}],"replies":[{"embeddable":true,"href":"https:\/\/velo.md\/ro\/wp-json\/wp\/v2\/comments?post=13655"}],"wp:featuredmedia":[{"embeddable":true,"href":"https:\/\/velo.md\/ro\/wp-json\/wp\/v2\/media\/13658"}],"wp:attachment":[{"href":"https:\/\/velo.md\/ro\/wp-json\/wp\/v2\/media?parent=13655"}],"wp:term":[{"taxonomy":"product_cat","embeddable":true,"href":"https:\/\/velo.md\/ro\/wp-json\/wp\/v2\/product_cat?post=13655"},{"taxonomy":"product_tag","embeddable":true,"href":"https:\/\/velo.md\/ro\/wp-json\/wp\/v2\/product_tag?post=13655"}],"curies":[{"name":"wp","href":"https:\/\/api.w.org\/{rel}","templated":true}]}}