{"id":13121,"date":"2022-12-23T21:11:01","date_gmt":"2022-12-23T21:11:01","guid":{"rendered":"https:\/\/velo.md\/product\/uncategorized\/podarochnyj-sertifikat-250\/"},"modified":"2024-04-25T09:38:07","modified_gmt":"2024-04-25T09:38:07","slug":"podarochnyj-sertifikat-250","status":"publish","type":"product","link":"https:\/\/velo.md\/ro\/products\/giftcard\/podarochnyj-sertifikat-250\/","title":{"rendered":"Certificat cadou 250"},"content":{"rendered":"<p>Reguli de utilizare a voucherului cadou:<\/p>\n<p>- Certificatul Cadou este un card la purt\u0103tor (nu un card cu nume) \u0219i orice persoan\u0103 care prezint\u0103 Cardul Cadou poate achizi\u021biona bunuri de la AUTHOR Cycling Centre cu ajutorul acestuia.<br \/>\n- O singur\u0103 achizi\u021bie poate fi pl\u0103tit\u0103 cu mai multe tichete cadou.<br \/>\n- \u00cen cazul \u00een care valoarea bunurilor dep\u0103\u0219e\u0219te valoarea nominal\u0103 a certificatului, diferen\u021ba dintre valoarea bunurilor \u0219i valoarea nominal\u0103 a certificatului se pl\u0103te\u0219te \u00een numerar sau cu ajutorul cardurilor bancare.<br \/>\n- \u00cen cazul \u00een care valoarea achizi\u021biei este mai mic\u0103 dec\u00e2t valoarea certificatului, cump\u0103r\u0103torului nu i se va rambursa diferen\u021ba.<br \/>\n- Certificatul este valabil timp de 6 luni de la data achizi\u021biei.<br \/>\n- Certificatul cadou nu este rambursabil \u0219i nu poate fi schimbat \u00een numerar.<br \/>\n- Reducerile \u0219i cardurile de reducere nu se aplic\u0103 la achizi\u021bionarea unui voucher cadou. Cu toate acestea, atunci c\u00e2nd se schimb\u0103 un voucher cadou pentru un produs, se iau \u00een considerare cardul de reducere \u0219i reducerile valabile \u00een magazin la momentul achizi\u021biei.<br \/>\n- Voucherul cadou este valabil numai dac\u0103 este \u00eenso\u021bit de un cec.<\/p>\n<p><strong>\u00a0<\/strong><\/p>","protected":false},"excerpt":{"rendered":"<p><strong>Voucherul cadou se pl\u0103te\u0219te numai \u00een numerar.<\/strong><\/p>","protected":false},"featured_media":13246,"comment_status":"closed","ping_status":"closed","template":"","meta":{"_uag_custom_page_level_css":"","site-sidebar-layout":"no-sidebar","site-content-layout":"plain-container","ast-global-header-display":"","ast-main-header-display":"","ast-hfb-above-header-display":"","ast-hfb-below-header-display":"","ast-hfb-mobile-header-display":"","site-post-title":"","ast-breadcrumbs-content":"","ast-featured-img":"","footer-sml-layout":"","theme-transparent-header-meta":"default","adv-header-id-meta":"","stick-header-meta":"","header-above-stick-meta":"","header-main-stick-meta":"","header-below-stick-meta":""},"product_cat":[1367],"product_tag":[],"class_list":["post-13121","product","type-product","status-publish","has-post-thumbnail","hentry","product_cat-giftcard","top_cat_1367"],"uagb_featured_image_src":{"full":["https:\/\/velo.md\/wp-content\/uploads\/2022\/12\/frame-8.png",1143,690,false],"thumbnail":["https:\/\/velo.md\/wp-content\/uploads\/2022\/12\/frame-8-150x150.png",150,150,true],"medium":["https:\/\/velo.md\/wp-content\/uploads\/2022\/12\/frame-8-300x181.png",300,181,true],"medium_large":["https:\/\/velo.md\/wp-content\/uploads\/2022\/12\/frame-8-768x464.png",768,464,true],"large":["https:\/\/velo.md\/wp-content\/uploads\/2022\/12\/frame-8-1024x618.png",1024,618,true],"1536x1536":["https:\/\/velo.md\/wp-content\/uploads\/2022\/12\/frame-8.png",1143,690,false],"2048x2048":["https:\/\/velo.md\/wp-content\/uploads\/2022\/12\/frame-8.png",1143,690,false],"trp-custom-language-flag":["https:\/\/velo.md\/wp-content\/uploads\/2022\/12\/frame-8-18x12.png",18,12,true],"xl":["https:\/\/velo.md\/wp-content\/uploads\/2022\/12\/frame-8.png",1143,690,false],"xxl":["https:\/\/velo.md\/wp-content\/uploads\/2022\/12\/frame-8.png",1143,690,false],"xxxl":["https:\/\/velo.md\/wp-content\/uploads\/2022\/12\/frame-8.png",1143,690,false],"xxxxl":["https:\/\/velo.md\/wp-content\/uploads\/2022\/12\/frame-8.png",1143,690,false],"xxxxxl":["https:\/\/velo.md\/wp-content\/uploads\/2022\/12\/frame-8.png",1143,690,false],"woocommerce_thumbnail":["https:\/\/velo.md\/wp-content\/uploads\/2022\/12\/frame-8-300x222.png",300,222,true],"woocommerce_single":["https:\/\/velo.md\/wp-content\/uploads\/2022\/12\/frame-8-600x362.png",600,362,true],"woocommerce_gallery_thumbnail":["https:\/\/velo.md\/wp-content\/uploads\/2022\/12\/frame-8-100x100.png",100,100,true],"variation_swatches_image_size":["https:\/\/velo.md\/wp-content\/uploads\/2022\/12\/frame-8-50x50.png",50,50,true],"variation_swatches_tooltip_size":["https:\/\/velo.md\/wp-content\/uploads\/2022\/12\/frame-8-100x100.png",100,100,true]},"uagb_author_info":{"display_name":"admin","author_link":"https:\/\/velo.md\/ro\/author\/"},"uagb_comment_info":2,"uagb_excerpt":"\u041f\u043e\u0434\u0430\u0440\u043e\u0447\u043d\u044b\u0439 \u0441\u0435\u0440\u0442\u0438\u0444\u0438\u043a\u0430\u0442 \u043e\u043f\u043b\u0430\u0447\u0438\u0432\u0430\u0435\u0442\u0441\u044f \u0442\u043e\u043b\u044c\u043a\u043e \u043d\u0430\u043b\u0438\u0447\u043d\u044b\u043c\u0438.","_links":{"self":[{"href":"https:\/\/velo.md\/ro\/wp-json\/wp\/v2\/product\/13121","targetHints":{"allow":["GET"]}}],"collection":[{"href":"https:\/\/velo.md\/ro\/wp-json\/wp\/v2\/product"}],"about":[{"href":"https:\/\/velo.md\/ro\/wp-json\/wp\/v2\/types\/product"}],"replies":[{"embeddable":true,"href":"https:\/\/velo.md\/ro\/wp-json\/wp\/v2\/comments?post=13121"}],"wp:featuredmedia":[{"embeddable":true,"href":"https:\/\/velo.md\/ro\/wp-json\/wp\/v2\/media\/13246"}],"wp:attachment":[{"href":"https:\/\/velo.md\/ro\/wp-json\/wp\/v2\/media?parent=13121"}],"wp:term":[{"taxonomy":"product_cat","embeddable":true,"href":"https:\/\/velo.md\/ro\/wp-json\/wp\/v2\/product_cat?post=13121"},{"taxonomy":"product_tag","embeddable":true,"href":"https:\/\/velo.md\/ro\/wp-json\/wp\/v2\/product_tag?post=13121"}],"curies":[{"name":"wp","href":"https:\/\/api.w.org\/{rel}","templated":true}]}}