{"id":11539,"date":"2022-10-18T04:01:37","date_gmt":"2022-10-18T04:01:37","guid":{"rendered":"https:\/\/velo.md\/product\/uncategorized\/perchatkiundergloves-2001\/"},"modified":"2024-12-04T11:53:03","modified_gmt":"2024-12-04T11:53:03","slug":"perchatkiundergloves-2000","status":"publish","type":"product","link":"https:\/\/velo.md\/ro\/products\/equipment\/biotex\/winter\/perchatkiundergloves-2000\/","title":{"rendered":"M\u0103nu\u0219i f\u0103r\u0103 cus\u0103turi."},"content":{"rendered":"","protected":false},"excerpt":{"rendered":"<p><span class=\"col-12 col-xs-12 col-md-9\"><strong>WARM <\/strong><\/span>\u0434\u043e + 10\u00b0<\/p>\n<p>\u0412 \u0441\u043e\u0447\u0435\u0442\u0430\u043d\u0438\u0438 \u0441 \u0434\u0440\u0443\u0433\u0438\u043c\u0438 \u043f\u0435\u0440\u0447\u0430\u0442\u043a\u0430\u043c\u0438 -20 &gt; +5\u00b0C<\/p>\n<p>\u0411\u043e\u043b\u044c\u0448\u0435 \u043d\u0438\u043a\u0430\u043a\u0438\u0445 \u0445\u043e\u043b\u043e\u0434\u043d\u044b\u0445 \u043f\u0430\u043b\u044c\u0446\u0435\u0432 \u0441 \u044d\u0442\u0438\u043c\u0438 \u0431\u0435\u0441\u0448\u043e\u0432\u043d\u044b\u043c\u0438 \u0438 \u0443\u043d\u0438\u0432\u0435\u0440\u0441\u0430\u043b\u044c\u043d\u044b\u043c\u0438 \u043f\u043e\u0434\u043f\u0435\u0440\u0447\u0430\u0442\u043d\u0438\u043a\u0430\u043c\u0438, \u043a\u043e\u0442\u043e\u0440\u044b\u0435 \u0438\u0434\u0435\u0430\u043b\u044c\u043d\u043e \u043f\u043e\u0434\u0445\u043e\u0434\u044f\u0442 \u0434\u043b\u044f \u0432\u0441\u0435\u0445 \u0432\u0438\u0434\u043e\u0432 \u0441\u043f\u043e\u0440\u0442\u0430 \u043d\u0430 \u043e\u0442\u043a\u0440\u044b\u0442\u043e\u043c \u0432\u043e\u0437\u0434\u0443\u0445\u0435. \u041c\u044f\u0433\u043a\u0438\u0435 \u0438 \u0442\u043e\u043d\u043a\u0438\u0435, \u043f\u043e\u0434\u043f\u0435\u0440\u0447\u0430\u0442\u043d\u0438\u043a\u0438 \u0431\u0435\u0441\u0448\u043e\u0432\u043d\u044b\u0435 \u0438 \u043f\u043e\u0441\u043b\u0435 \u043d\u0430\u0434\u0435\u0432\u0430\u043d\u0438\u044f \u043e\u0431\u0435\u0441\u043f\u0435\u0447\u0438\u0432\u0430\u044e\u0442 \u0438\u0441\u043a\u043b\u044e\u0447\u0438\u0442\u0435\u043b\u044c\u043d\u0443\u044e \u0437\u0430\u0449\u0438\u0442\u0443 \u043e\u0442 \u0445\u043e\u043b\u043e\u0434\u0430.<\/p>","protected":false},"featured_media":15803,"comment_status":"closed","ping_status":"closed","template":"","meta":{"_uag_custom_page_level_css":"","site-sidebar-layout":"no-sidebar","site-content-layout":"plain-container","ast-global-header-display":"","ast-main-header-display":"","ast-hfb-above-header-display":"","ast-hfb-below-header-display":"","ast-hfb-mobile-header-display":"","site-post-title":"","ast-breadcrumbs-content":"","ast-featured-img":"","footer-sml-layout":"","theme-transparent-header-meta":"default","adv-header-id-meta":"","stick-header-meta":"","header-above-stick-meta":"","header-main-stick-meta":"","header-below-stick-meta":""},"product_cat":[1552,502,514],"product_tag":[],"class_list":["post-11539","product","type-product","status-publish","has-post-thumbnail","hentry","product_cat-winter","product_cat-equipment","product_cat-biotex","top_cat_502"],"uagb_featured_image_src":{"full":["https:\/\/velo.md\/wp-content\/uploads\/2022\/10\/2000.jpg",800,800,false],"thumbnail":["https:\/\/velo.md\/wp-content\/uploads\/2022\/10\/2000-150x150.jpg",150,150,true],"medium":["https:\/\/velo.md\/wp-content\/uploads\/2022\/10\/2000-300x300.jpg",300,300,true],"medium_large":["https:\/\/velo.md\/wp-content\/uploads\/2022\/10\/2000-768x768.jpg",768,768,true],"large":["https:\/\/velo.md\/wp-content\/uploads\/2022\/10\/2000.jpg",800,800,false],"1536x1536":["https:\/\/velo.md\/wp-content\/uploads\/2022\/10\/2000.jpg",800,800,false],"2048x2048":["https:\/\/velo.md\/wp-content\/uploads\/2022\/10\/2000.jpg",800,800,false],"trp-custom-language-flag":["https:\/\/velo.md\/wp-content\/uploads\/2022\/10\/2000-12x12.jpg",12,12,true],"xl":["https:\/\/velo.md\/wp-content\/uploads\/2022\/10\/2000.jpg",800,800,false],"xxl":["https:\/\/velo.md\/wp-content\/uploads\/2022\/10\/2000.jpg",800,800,false],"xxxl":["https:\/\/velo.md\/wp-content\/uploads\/2022\/10\/2000.jpg",800,800,false],"xxxxl":["https:\/\/velo.md\/wp-content\/uploads\/2022\/10\/2000.jpg",800,800,false],"xxxxxl":["https:\/\/velo.md\/wp-content\/uploads\/2022\/10\/2000.jpg",800,800,false],"woocommerce_thumbnail":["https:\/\/velo.md\/wp-content\/uploads\/2022\/10\/2000-300x222.jpg",300,222,true],"woocommerce_single":["https:\/\/velo.md\/wp-content\/uploads\/2022\/10\/2000-600x600.jpg",600,600,true],"woocommerce_gallery_thumbnail":["https:\/\/velo.md\/wp-content\/uploads\/2022\/10\/2000-100x100.jpg",100,100,true],"variation_swatches_image_size":["https:\/\/velo.md\/wp-content\/uploads\/2022\/10\/2000-50x50.jpg",50,50,true],"variation_swatches_tooltip_size":["https:\/\/velo.md\/wp-content\/uploads\/2022\/10\/2000-100x100.jpg",100,100,true]},"uagb_author_info":{"display_name":"admin","author_link":"https:\/\/velo.md\/ro\/author\/"},"uagb_comment_info":4,"uagb_excerpt":"WARM \u0434\u043e + 10\u00b0 \u0412 \u0441\u043e\u0447\u0435\u0442\u0430\u043d\u0438\u0438 \u0441 \u0434\u0440\u0443\u0433\u0438\u043c\u0438 \u043f\u0435\u0440\u0447\u0430\u0442\u043a\u0430\u043c\u0438 -20 &gt; +5\u00b0C \u0411\u043e\u043b\u044c\u0448\u0435 \u043d\u0438\u043a\u0430\u043a\u0438\u0445 \u0445\u043e\u043b\u043e\u0434\u043d\u044b\u0445 \u043f\u0430\u043b\u044c\u0446\u0435\u0432 \u0441 \u044d\u0442\u0438\u043c\u0438 \u0431\u0435\u0441\u0448\u043e\u0432\u043d\u044b\u043c\u0438 \u0438 \u0443\u043d\u0438\u0432\u0435\u0440\u0441\u0430\u043b\u044c\u043d\u044b\u043c\u0438 \u043f\u043e\u0434\u043f\u0435\u0440\u0447\u0430\u0442\u043d\u0438\u043a\u0430\u043c\u0438, \u043a\u043e\u0442\u043e\u0440\u044b\u0435 \u0438\u0434\u0435\u0430\u043b\u044c\u043d\u043e \u043f\u043e\u0434\u0445\u043e\u0434\u044f\u0442 \u0434\u043b\u044f \u0432\u0441\u0435\u0445 \u0432\u0438\u0434\u043e\u0432 \u0441\u043f\u043e\u0440\u0442\u0430 \u043d\u0430 \u043e\u0442\u043a\u0440\u044b\u0442\u043e\u043c \u0432\u043e\u0437\u0434\u0443\u0445\u0435. \u041c\u044f\u0433\u043a\u0438\u0435 \u0438 \u0442\u043e\u043d\u043a\u0438\u0435, \u043f\u043e\u0434\u043f\u0435\u0440\u0447\u0430\u0442\u043d\u0438\u043a\u0438 \u0431\u0435\u0441\u0448\u043e\u0432\u043d\u044b\u0435 \u0438 \u043f\u043e\u0441\u043b\u0435 \u043d\u0430\u0434\u0435\u0432\u0430\u043d\u0438\u044f \u043e\u0431\u0435\u0441\u043f\u0435\u0447\u0438\u0432\u0430\u044e\u0442 \u0438\u0441\u043a\u043b\u044e\u0447\u0438\u0442\u0435\u043b\u044c\u043d\u0443\u044e \u0437\u0430\u0449\u0438\u0442\u0443 \u043e\u0442 \u0445\u043e\u043b\u043e\u0434\u0430.","_links":{"self":[{"href":"https:\/\/velo.md\/ro\/wp-json\/wp\/v2\/product\/11539","targetHints":{"allow":["GET"]}}],"collection":[{"href":"https:\/\/velo.md\/ro\/wp-json\/wp\/v2\/product"}],"about":[{"href":"https:\/\/velo.md\/ro\/wp-json\/wp\/v2\/types\/product"}],"replies":[{"embeddable":true,"href":"https:\/\/velo.md\/ro\/wp-json\/wp\/v2\/comments?post=11539"}],"wp:featuredmedia":[{"embeddable":true,"href":"https:\/\/velo.md\/ro\/wp-json\/wp\/v2\/media\/15803"}],"wp:attachment":[{"href":"https:\/\/velo.md\/ro\/wp-json\/wp\/v2\/media?parent=11539"}],"wp:term":[{"taxonomy":"product_cat","embeddable":true,"href":"https:\/\/velo.md\/ro\/wp-json\/wp\/v2\/product_cat?post=11539"},{"taxonomy":"product_tag","embeddable":true,"href":"https:\/\/velo.md\/ro\/wp-json\/wp\/v2\/product_tag?post=11539"}],"curies":[{"name":"wp","href":"https:\/\/api.w.org\/{rel}","templated":true}]}}