{"id":11514,"date":"2022-10-18T03:59:50","date_gmt":"2022-10-18T03:59:50","guid":{"rendered":"https:\/\/velo.md\/product\/uncategorized\/majka-s-dlinnym-rukavom-104cl\/"},"modified":"2024-12-04T11:53:04","modified_gmt":"2024-12-04T11:53:04","slug":"majka-s-dlinnym-rukavom-182","status":"publish","type":"product","link":"https:\/\/velo.md\/ro\/products\/equipment\/biotex\/winter\/majka-s-dlinnym-rukavom-182\/","title":{"rendered":"Tricou cu m\u00e2nec\u0103 lung\u0103 Icebreak 182"},"content":{"rendered":"","protected":false},"excerpt":{"rendered":"<p><span class=\"col-12 col-xs-12 col-md-9\"><strong>BIOFLEX WARM <\/strong><\/span>p\u00e2n\u0103 la - 15\u00b0<\/p>\n<p>Lenjeria intim\u0103 termic\u0103 Icebreak cu guler stand-up este confec\u021bionat\u0103 din \u021bes\u0103tur\u0103 moale, elastic\u0103, cu o \u021bes\u0103tur\u0103 diferen\u021biat\u0103: aceasta face ca \u00eembr\u0103c\u0103mintea s\u0103 fie foarte confortabil\u0103 \u0219i garanteaz\u0103 o respirabilitate maxim\u0103. Acesta evacueaz\u0103 transpira\u021bia \u0219i umezeala de pe corp, men\u021bin\u00e2ndu-v\u0103 pl\u0103cut cald. Absen\u021ba cus\u0103turilor pe p\u0103r\u021bile laterale \u0219i croiala raglan la m\u00e2neci garanteaz\u0103 confortul, la fel ca \u0219i cus\u0103turile plate. Cu designul s\u0103u \u00eendr\u0103zne\u021b foarte impresionant, poate satisface toate gusturile \u0219i v\u0103 \u021bine de cald.<\/p>","protected":false},"featured_media":15793,"comment_status":"closed","ping_status":"closed","template":"","meta":{"_uag_custom_page_level_css":"","site-sidebar-layout":"no-sidebar","site-content-layout":"plain-container","ast-global-header-display":"","ast-main-header-display":"","ast-hfb-above-header-display":"","ast-hfb-below-header-display":"","ast-hfb-mobile-header-display":"","site-post-title":"","ast-breadcrumbs-content":"","ast-featured-img":"","footer-sml-layout":"","theme-transparent-header-meta":"default","adv-header-id-meta":"","stick-header-meta":"","header-above-stick-meta":"","header-main-stick-meta":"","header-below-stick-meta":""},"product_cat":[1552,502,514],"product_tag":[],"class_list":["post-11514","product","type-product","status-publish","has-post-thumbnail","hentry","product_cat-winter","product_cat-equipment","product_cat-biotex","top_cat_502"],"uagb_featured_image_src":{"full":["https:\/\/velo.md\/wp-content\/uploads\/2022\/10\/182.jpg",800,800,false],"thumbnail":["https:\/\/velo.md\/wp-content\/uploads\/2022\/10\/182-150x150.jpg",150,150,true],"medium":["https:\/\/velo.md\/wp-content\/uploads\/2022\/10\/182-300x300.jpg",300,300,true],"medium_large":["https:\/\/velo.md\/wp-content\/uploads\/2022\/10\/182-768x768.jpg",768,768,true],"large":["https:\/\/velo.md\/wp-content\/uploads\/2022\/10\/182.jpg",800,800,false],"1536x1536":["https:\/\/velo.md\/wp-content\/uploads\/2022\/10\/182.jpg",800,800,false],"2048x2048":["https:\/\/velo.md\/wp-content\/uploads\/2022\/10\/182.jpg",800,800,false],"trp-custom-language-flag":["https:\/\/velo.md\/wp-content\/uploads\/2022\/10\/182-12x12.jpg",12,12,true],"xl":["https:\/\/velo.md\/wp-content\/uploads\/2022\/10\/182.jpg",800,800,false],"xxl":["https:\/\/velo.md\/wp-content\/uploads\/2022\/10\/182.jpg",800,800,false],"xxxl":["https:\/\/velo.md\/wp-content\/uploads\/2022\/10\/182.jpg",800,800,false],"xxxxl":["https:\/\/velo.md\/wp-content\/uploads\/2022\/10\/182.jpg",800,800,false],"xxxxxl":["https:\/\/velo.md\/wp-content\/uploads\/2022\/10\/182.jpg",800,800,false],"woocommerce_thumbnail":["https:\/\/velo.md\/wp-content\/uploads\/2022\/10\/182-300x222.jpg",300,222,true],"woocommerce_single":["https:\/\/velo.md\/wp-content\/uploads\/2022\/10\/182-600x600.jpg",600,600,true],"woocommerce_gallery_thumbnail":["https:\/\/velo.md\/wp-content\/uploads\/2022\/10\/182-100x100.jpg",100,100,true],"variation_swatches_image_size":["https:\/\/velo.md\/wp-content\/uploads\/2022\/10\/182-50x50.jpg",50,50,true],"variation_swatches_tooltip_size":["https:\/\/velo.md\/wp-content\/uploads\/2022\/10\/182-100x100.jpg",100,100,true]},"uagb_author_info":{"display_name":"admin","author_link":"https:\/\/velo.md\/ro\/author\/"},"uagb_comment_info":3,"uagb_excerpt":"BIOFLEX WARM \u0434\u043e - 15\u00b0 \u0422\u0435\u0440\u043c\u043e\u0431\u0435\u043b\u044c\u0435 Icebreak \u0441 \u0432\u043e\u0440\u043e\u0442\u043d\u0438\u043a\u043e\u043c-\u0441\u0442\u043e\u0439\u043a\u043e\u0439 \u0438\u0437\u0433\u043e\u0442\u043e\u0432\u043b\u0435\u043d\u043e \u0438\u0437 \u043c\u044f\u0433\u043a\u043e\u0439 \u044d\u043b\u0430\u0441\u0442\u0438\u0447\u043d\u043e\u0439 \u0442\u043a\u0430\u043d\u0438 \u0441 \u0434\u0438\u0444\u0444\u0435\u0440\u0435\u043d\u0446\u0438\u0440\u043e\u0432\u0430\u043d\u043d\u044b\u043c \u043f\u0435\u0440\u0435\u043f\u043b\u0435\u0442\u0435\u043d\u0438\u0435\u043c: \u044d\u0442\u043e \u0434\u0435\u043b\u0430\u0435\u0442 \u043e\u0434\u0435\u0436\u0434\u0443 \u043e\u0447\u0435\u043d\u044c \u0443\u0434\u043e\u0431\u043d\u043e\u0439 \u0438 \u0433\u0430\u0440\u0430\u043d\u0442\u0438\u0440\u0443\u0435\u0442 \u043c\u0430\u043a\u0441\u0438\u043c\u0430\u043b\u044c\u043d\u0443\u044e \u0432\u043e\u0437\u0434\u0443\u0445\u043e\u043f\u0440\u043e\u043d\u0438\u0446\u0430\u0435\u043c\u043e\u0441\u0442\u044c. \u041e\u043d\u0430 \u0432\u044b\u0432\u043e\u0434\u0438\u0442 \u043f\u043e\u0442 \u0438 \u0432\u043b\u0430\u0433\u0443 \u043d\u0430\u0440\u0443\u0436\u0443, \u0441\u043e\u0445\u0440\u0430\u043d\u044f\u044f \u043f\u0440\u0438\u044f\u0442\u043d\u043e\u0435 \u0442\u0435\u043f\u043b\u043e \u0442\u0435\u043b\u0430. \u041e\u0442\u0441\u0443\u0442\u0441\u0442\u0432\u0438\u0435 \u0448\u0432\u043e\u0432 \u043f\u043e \u0431\u043e\u043a\u0430\u043c \u0438 \u043a\u0440\u043e\u0439 \u0440\u0435\u0433\u043b\u0430\u043d \u043d\u0430 \u0440\u0443\u043a\u0430\u0432\u0430\u0445 \u0433\u0430\u0440\u0430\u043d\u0442\u0438\u0440\u0443\u044e\u0442 \u043a\u043e\u043c\u0444\u043e\u0440\u0442, \u043a\u0430\u043a \u0438 \u043f\u043b\u043e\u0441\u043a\u0438\u0435 \u0448\u0432\u044b. \u0411\u043b\u0430\u0433\u043e\u0434\u0430\u0440\u044f \u0441\u0432\u043e\u0435\u043c\u0443 \u043e\u0447\u0435\u043d\u044c \u0432\u043f\u0435\u0447\u0430\u0442\u043b\u044f\u044e\u0449\u0435\u043c\u0443&hellip;","_links":{"self":[{"href":"https:\/\/velo.md\/ro\/wp-json\/wp\/v2\/product\/11514","targetHints":{"allow":["GET"]}}],"collection":[{"href":"https:\/\/velo.md\/ro\/wp-json\/wp\/v2\/product"}],"about":[{"href":"https:\/\/velo.md\/ro\/wp-json\/wp\/v2\/types\/product"}],"replies":[{"embeddable":true,"href":"https:\/\/velo.md\/ro\/wp-json\/wp\/v2\/comments?post=11514"}],"wp:featuredmedia":[{"embeddable":true,"href":"https:\/\/velo.md\/ro\/wp-json\/wp\/v2\/media\/15793"}],"wp:attachment":[{"href":"https:\/\/velo.md\/ro\/wp-json\/wp\/v2\/media?parent=11514"}],"wp:term":[{"taxonomy":"product_cat","embeddable":true,"href":"https:\/\/velo.md\/ro\/wp-json\/wp\/v2\/product_cat?post=11514"},{"taxonomy":"product_tag","embeddable":true,"href":"https:\/\/velo.md\/ro\/wp-json\/wp\/v2\/product_tag?post=11514"}],"curies":[{"name":"wp","href":"https:\/\/api.w.org\/{rel}","templated":true}]}}