{"id":11495,"date":"2022-10-18T03:59:50","date_gmt":"2022-10-18T03:59:50","guid":{"rendered":"https:\/\/velo.md\/product\/uncategorized\/boksery-s-pampersom-160\/"},"modified":"2024-12-04T11:53:04","modified_gmt":"2024-12-04T11:53:04","slug":"boksery-s-pampersom-160","status":"publish","type":"product","link":"https:\/\/velo.md\/ro\/products\/equipment\/biotex\/summer\/boksery-s-pampersom-160\/","title":{"rendered":"Boxeri cu scutec Seamless 160."},"content":{"rendered":"<p><span class=\"HwtZe\" lang=\"ru\"><span class=\"jCAhz ChMk0b\"><span class=\"ryNqvb\">Boxerii b\u0103rb\u0103te\u0219ti f\u0103r\u0103 cus\u0103turi cu c\u0103ptu\u0219eal\u0103 integrat\u0103 pentru cicli\u0219ti sunt o lenjerie extrem de confortabil\u0103 care ofer\u0103 o mare libertate de mi\u0219care datorit\u0103 \u021bes\u0103turii elastice.<\/span><\/span><span class=\"jCAhz ChMk0b\"><span class=\"ryNqvb\"> C\u0103ptu\u0219eala const\u0103 din <\/span><\/span><span class=\"jCAhz ChMk0b\"><span class=\"ryNqvb\">realizat dintr-o baz\u0103 sub\u021bire cu o densitate de 65 kg\/m3 \u0219i o grosime de 3 mm, garanteaz\u0103 o libertate excelent\u0103 de mi\u0219care, o elasticitate incredibil\u0103 \u0219i previne abraziunile cauzate de marginile exterioare proeminente.<\/span><\/span> <span class=\"jCAhz ChMk0b\"><span class=\"ryNqvb\">Baza c\u0103ptu\u0219elii are un efect perforat de 3 mm pentru a \u00eembun\u0103t\u0103\u021bi respirabilitatea \u0219i elasticitatea.<\/span><\/span> <span class=\"jCAhz ChMk0b\"><span class=\"ryNqvb\">Cauciucul perforat interior are o densitate de 85 kg\/m3 \u0219i o grosime de 10 mm, ceea ce garanteaz\u0103 o protec\u021bie excelent\u0103.<\/span><\/span><span class=\"jCAhz ChMk0b\"><span class=\"ryNqvb\"> \u021aes\u0103tura Borgini Silver, care este \u00een contact cu pielea, are fire de argint pentru protec\u021bie antibacterian\u0103 complet\u0103.<\/span><\/span><span class=\"jCAhz ChMk0b\"><span class=\"ryNqvb\"> Ace\u0219ti boxeri sunt realiza\u021bi cu zone de \u021bes\u0103tur\u0103 multistrat pentru a oferi o ventila\u021bie mai bun\u0103 \u00een zonele \u00een care transpira\u021bia este mai abundent\u0103.<\/span><\/span> <span class=\"jCAhz ChMk0b\"><span class=\"ryNqvb\">Absen\u021ba cus\u0103turilor spore\u0219te \u0219i mai mult confortul deja extraordinar pe care materialul elastic \u00eel ofer\u0103 boxerilor: confortul deosebit \u0219i libertatea de mi\u0219care suficient\u0103 sunt cele dou\u0103 caracteristici principale ale acestui articol de \u00eembr\u0103c\u0103minte.<\/span><\/span> <span class=\"jCAhz ChMk0b\"><span class=\"ryNqvb\">\u00cen cele din urm\u0103, ca \u00een cazul tuturor produselor Biotex, \u021bes\u0103tura din polipropilen\u0103 asigur\u0103 o absorb\u021bie eficient\u0103 a transpira\u021biei pentru a men\u021bine constant\u0103 reglarea temperaturii corpului.<\/span><\/span> <span class=\"jCAhz ChMk0b\"><span class=\"ryNqvb\">C\u0103ptu\u0219eala este foarte respirabil\u0103 \u0219i antibacterian\u0103.<\/span><\/span><\/span><\/p>","protected":false},"excerpt":{"rendered":"<p><span class=\"col-12 col-xs-12 col-md-9\">4SEZON<\/span> -20 &gt; +40\u00b0C<\/p>","protected":false},"featured_media":15797,"comment_status":"closed","ping_status":"closed","template":"","meta":{"_uag_custom_page_level_css":"","site-sidebar-layout":"no-sidebar","site-content-layout":"plain-container","ast-global-header-display":"","ast-main-header-display":"","ast-hfb-above-header-display":"","ast-hfb-below-header-display":"","ast-hfb-mobile-header-display":"","site-post-title":"","ast-breadcrumbs-content":"","ast-featured-img":"","footer-sml-layout":"","theme-transparent-header-meta":"default","adv-header-id-meta":"","stick-header-meta":"","header-above-stick-meta":"","header-main-stick-meta":"","header-below-stick-meta":""},"product_cat":[1552,1551,502,514],"product_tag":[],"class_list":["post-11495","product","type-product","status-publish","has-post-thumbnail","hentry","product_cat-winter","product_cat-summer","product_cat-equipment","product_cat-biotex","top_cat_502"],"uagb_featured_image_src":{"full":["https:\/\/velo.md\/wp-content\/uploads\/2022\/10\/160.jpg",800,800,false],"thumbnail":["https:\/\/velo.md\/wp-content\/uploads\/2022\/10\/160-150x150.jpg",150,150,true],"medium":["https:\/\/velo.md\/wp-content\/uploads\/2022\/10\/160-300x300.jpg",300,300,true],"medium_large":["https:\/\/velo.md\/wp-content\/uploads\/2022\/10\/160-768x768.jpg",768,768,true],"large":["https:\/\/velo.md\/wp-content\/uploads\/2022\/10\/160.jpg",800,800,false],"1536x1536":["https:\/\/velo.md\/wp-content\/uploads\/2022\/10\/160.jpg",800,800,false],"2048x2048":["https:\/\/velo.md\/wp-content\/uploads\/2022\/10\/160.jpg",800,800,false],"trp-custom-language-flag":["https:\/\/velo.md\/wp-content\/uploads\/2022\/10\/160-12x12.jpg",12,12,true],"xl":["https:\/\/velo.md\/wp-content\/uploads\/2022\/10\/160.jpg",800,800,false],"xxl":["https:\/\/velo.md\/wp-content\/uploads\/2022\/10\/160.jpg",800,800,false],"xxxl":["https:\/\/velo.md\/wp-content\/uploads\/2022\/10\/160.jpg",800,800,false],"xxxxl":["https:\/\/velo.md\/wp-content\/uploads\/2022\/10\/160.jpg",800,800,false],"xxxxxl":["https:\/\/velo.md\/wp-content\/uploads\/2022\/10\/160.jpg",800,800,false],"woocommerce_thumbnail":["https:\/\/velo.md\/wp-content\/uploads\/2022\/10\/160-300x222.jpg",300,222,true],"woocommerce_single":["https:\/\/velo.md\/wp-content\/uploads\/2022\/10\/160-600x600.jpg",600,600,true],"woocommerce_gallery_thumbnail":["https:\/\/velo.md\/wp-content\/uploads\/2022\/10\/160-100x100.jpg",100,100,true],"variation_swatches_image_size":["https:\/\/velo.md\/wp-content\/uploads\/2022\/10\/160-50x50.jpg",50,50,true],"variation_swatches_tooltip_size":["https:\/\/velo.md\/wp-content\/uploads\/2022\/10\/160-100x100.jpg",100,100,true]},"uagb_author_info":{"display_name":"admin","author_link":"https:\/\/velo.md\/ro\/author\/"},"uagb_comment_info":5,"uagb_excerpt":"4SEASON -20 &gt; +40\u00b0C","_links":{"self":[{"href":"https:\/\/velo.md\/ro\/wp-json\/wp\/v2\/product\/11495","targetHints":{"allow":["GET"]}}],"collection":[{"href":"https:\/\/velo.md\/ro\/wp-json\/wp\/v2\/product"}],"about":[{"href":"https:\/\/velo.md\/ro\/wp-json\/wp\/v2\/types\/product"}],"replies":[{"embeddable":true,"href":"https:\/\/velo.md\/ro\/wp-json\/wp\/v2\/comments?post=11495"}],"wp:featuredmedia":[{"embeddable":true,"href":"https:\/\/velo.md\/ro\/wp-json\/wp\/v2\/media\/15797"}],"wp:attachment":[{"href":"https:\/\/velo.md\/ro\/wp-json\/wp\/v2\/media?parent=11495"}],"wp:term":[{"taxonomy":"product_cat","embeddable":true,"href":"https:\/\/velo.md\/ro\/wp-json\/wp\/v2\/product_cat?post=11495"},{"taxonomy":"product_tag","embeddable":true,"href":"https:\/\/velo.md\/ro\/wp-json\/wp\/v2\/product_tag?post=11495"}],"curies":[{"name":"wp","href":"https:\/\/api.w.org\/{rel}","templated":true}]}}