{"id":11484,"date":"2022-10-18T03:59:50","date_gmt":"2022-10-18T03:59:50","guid":{"rendered":"https:\/\/velo.md\/product\/uncategorized\/majka-bez-rukavov-153cn\/"},"modified":"2024-12-04T11:53:03","modified_gmt":"2024-12-04T11:53:03","slug":"majka-bez-rukavov-153cn","status":"publish","type":"product","link":"https:\/\/velo.md\/ro\/products\/equipment\/biotex\/summer\/majka-bez-rukavov-153cn\/","title":{"rendered":"Tricou f\u0103r\u0103 m\u00e2neci 153CN"},"content":{"rendered":"<p>BIOFLEX - 81 -90 % Polipropilen\u0103 19-10% Elastam<\/p>","protected":false},"excerpt":{"rendered":"<p>BIOFLEX - 81 -90 % Polipropilen\u0103 19-10% Elastam<\/p>","protected":false},"featured_media":11486,"comment_status":"closed","ping_status":"closed","template":"","meta":{"_uag_custom_page_level_css":"","site-sidebar-layout":"no-sidebar","site-content-layout":"plain-container","ast-global-header-display":"","ast-main-header-display":"","ast-hfb-above-header-display":"","ast-hfb-below-header-display":"","ast-hfb-mobile-header-display":"","site-post-title":"","ast-breadcrumbs-content":"","ast-featured-img":"","footer-sml-layout":"","theme-transparent-header-meta":"default","adv-header-id-meta":"","stick-header-meta":"","header-above-stick-meta":"","header-main-stick-meta":"","header-below-stick-meta":""},"product_cat":[1551,502,514],"product_tag":[],"class_list":["post-11484","product","type-product","status-publish","has-post-thumbnail","hentry","product_cat-summer","product_cat-equipment","product_cat-biotex","top_cat_502"],"uagb_featured_image_src":{"full":["https:\/\/velo.md\/wp-content\/uploads\/2022\/10\/153cn.jpg",494,550,false],"thumbnail":["https:\/\/velo.md\/wp-content\/uploads\/2022\/10\/153cn-150x150.jpg",150,150,true],"medium":["https:\/\/velo.md\/wp-content\/uploads\/2022\/10\/153cn-269x300.jpg",269,300,true],"medium_large":["https:\/\/velo.md\/wp-content\/uploads\/2022\/10\/153cn.jpg",494,550,false],"large":["https:\/\/velo.md\/wp-content\/uploads\/2022\/10\/153cn.jpg",494,550,false],"1536x1536":["https:\/\/velo.md\/wp-content\/uploads\/2022\/10\/153cn.jpg",494,550,false],"2048x2048":["https:\/\/velo.md\/wp-content\/uploads\/2022\/10\/153cn.jpg",494,550,false],"trp-custom-language-flag":["https:\/\/velo.md\/wp-content\/uploads\/2022\/10\/153cn.jpg",11,12,false],"xl":["https:\/\/velo.md\/wp-content\/uploads\/2022\/10\/153cn.jpg",494,550,false],"xxl":["https:\/\/velo.md\/wp-content\/uploads\/2022\/10\/153cn.jpg",494,550,false],"xxxl":["https:\/\/velo.md\/wp-content\/uploads\/2022\/10\/153cn.jpg",494,550,false],"xxxxl":["https:\/\/velo.md\/wp-content\/uploads\/2022\/10\/153cn.jpg",494,550,false],"xxxxxl":["https:\/\/velo.md\/wp-content\/uploads\/2022\/10\/153cn.jpg",494,550,false],"woocommerce_thumbnail":["https:\/\/velo.md\/wp-content\/uploads\/2022\/10\/153cn-300x222.jpg",300,222,true],"woocommerce_single":["https:\/\/velo.md\/wp-content\/uploads\/2022\/10\/153cn.jpg",494,550,false],"woocommerce_gallery_thumbnail":["https:\/\/velo.md\/wp-content\/uploads\/2022\/10\/153cn-100x100.jpg",100,100,true],"variation_swatches_image_size":["https:\/\/velo.md\/wp-content\/uploads\/2022\/10\/153cn-50x50.jpg",50,50,true],"variation_swatches_tooltip_size":["https:\/\/velo.md\/wp-content\/uploads\/2022\/10\/153cn-100x100.jpg",100,100,true]},"uagb_author_info":{"display_name":"admin","author_link":"https:\/\/velo.md\/ro\/author\/"},"uagb_comment_info":4,"uagb_excerpt":"BIOFLEX &#8212; 81 -90 % Polypropylene 19-10% elastam","_links":{"self":[{"href":"https:\/\/velo.md\/ro\/wp-json\/wp\/v2\/product\/11484","targetHints":{"allow":["GET"]}}],"collection":[{"href":"https:\/\/velo.md\/ro\/wp-json\/wp\/v2\/product"}],"about":[{"href":"https:\/\/velo.md\/ro\/wp-json\/wp\/v2\/types\/product"}],"replies":[{"embeddable":true,"href":"https:\/\/velo.md\/ro\/wp-json\/wp\/v2\/comments?post=11484"}],"wp:featuredmedia":[{"embeddable":true,"href":"https:\/\/velo.md\/ro\/wp-json\/wp\/v2\/media\/11486"}],"wp:attachment":[{"href":"https:\/\/velo.md\/ro\/wp-json\/wp\/v2\/media?parent=11484"}],"wp:term":[{"taxonomy":"product_cat","embeddable":true,"href":"https:\/\/velo.md\/ro\/wp-json\/wp\/v2\/product_cat?post=11484"},{"taxonomy":"product_tag","embeddable":true,"href":"https:\/\/velo.md\/ro\/wp-json\/wp\/v2\/product_tag?post=11484"}],"curies":[{"name":"wp","href":"https:\/\/api.w.org\/{rel}","templated":true}]}}